{"id":10,"date":"2023-11-20T12:19:00","date_gmt":"2023-11-20T11:19:00","guid":{"rendered":"https:\/\/lesmeditationsdalisea.com\/?page_id=10"},"modified":"2025-08-06T19:20:27","modified_gmt":"2025-08-06T17:20:27","slug":"refund_returns","status":"publish","type":"page","link":"https:\/\/lesmeditationsdalisea.com\/index.php\/refund_returns\/","title":{"rendered":"Politique de livraison"},"content":{"rendered":"\n<h1 class=\"wp-block-heading\" id=\"h-informations-concernant-les-livraisons\">Informations concernant les livraisons<\/h1>\n\n\n\n<h3 class=\"wp-block-heading\" id=\"h-informations-generales-concernant-les-livraisons\">Informations g\u00e9n\u00e9rales concernant les livraisons<\/h3>\n\n\n\n<p>Le tableau ci-dessous liste les options, les frais et les d\u00e9lais de livraison.<\/p>\n\n\n\n<h3 class=\"wp-block-heading\" id=\"h-informations-importantes-concernant-les-livraisons-vers-d-autres-pays\">Informations importantes concernant les livraisons vers d&rsquo;autres pays<\/h3>\n\n\n\n<p>Le prix total ne comprend pas les droits de douane, les taxes et autres frais pouvant s&rsquo;appliquer sur les livraisons internationales.<\/p>\n\n\n\n<h2 class=\"wp-block-heading\" id=\"h-options-de-livraison\">Options de livraison<\/h2>\n\n\n\n<figure class=\"wp-block-table\"><table><thead><tr><th>Option<\/th><th>Prix<\/th><th>D\u00e9lai de livraison<\/th><\/tr><\/thead><tbody><tr><td>Retrait sur place (\u00e0 notre adresse)<\/td><td>0,00&nbsp;\u20ac<\/td><td>&#8211;<\/td><\/tr><tr><td>France<\/td><td>5,00\u00a0\u20ac (Mondial Relay)<br>8,00\u20ac (Colissimo)<\/td><td>1 &#8211; 3 Jours ouvr\u00e9s<\/td><\/tr><tr><td>Pays membres de l&rsquo;UE<\/td><td>8,00&nbsp;\u20ac<\/td><td>1 &#8211; 3 Jours ouvr\u00e9s<\/td><\/tr><tr><td>Pays europ\u00e9ens (hors UE)<\/td><td>8,00&nbsp;\u20ac<\/td><td>1 &#8211; 3 Jours ouvr\u00e9s<\/td><\/tr><tr><td>Monde entier<\/td><td>12,00\u00a0\u20ac (r\u00e9\u00e9valuable en fonction du poids)<\/td><td>1 &#8211; 3 Jours ouvr\u00e9s<\/td><\/tr><\/tbody><\/table><\/figure>\n\n\n\n<h2 class=\"wp-block-heading\" id=\"h-livraisons-assurees-vers\">Livraisons assur\u00e9es vers :<\/h2>\n\n\n\n<p>Afghanistan, Afrique du Sud, \u00c5land, \u00celes, Albanie, Alg\u00e9rie, Allemagne, Andorre, Angola, Anguilla, Antarctique, Antigua-et-Barbuda, Arabie saoudite, Argentine, Arm\u00e9nie, Aruba, Australie, Autriche, Azerba\u00efdjan, Bahamas, Bahre\u00efn, Bangladesh, Barbade, B\u00e9larus, Belgique, Belize, B\u00e9nin, Bermudes, Bhoutan, Birmanie, Bolivie, \u00e9tat plurinational de, Bonaire, Saint-Eustache et Saba, Bosnie-Herz\u00e9govine, Botswana, Br\u00e9sil, Brun\u00e9i Darussalam, Bulgarie, Burkina Faso, Burundi, Cambodge, Cameroun, Canada, Cap-Vert, Chili, Chine, Christmas, \u00cele, Chypre, Cocos (Keeling), \u00celes, Colombie, Comores, Cor\u00e9e, R\u00e9publique de, Cor\u00e9e, R\u00e9publique populaire d\u00e9mocratique de, Costa Rica, C\u00f4te d&rsquo;Ivoire, Croatie, Cuba, Cura\u00e7ao, Danemark, Djibouti, Dominique, \u00c9gypte, \u00c9mirats arabes unis, \u00c9quateur, \u00c9rythr\u00e9e, Espagne, Estonie, Eswatini, \u00c9tats-Unis, \u00c9thiopie, Fidji, Finlande, France, Gabon, Gambie, G\u00e9orgie, G\u00e9orgie du Sud et les \u00eeles Sandwich du Sud, Ghana, Gibraltar, Gr\u00e8ce, Grenade, Gro\u00ebnland, Guadeloupe, Guam, Guatemala, Guernesey, Guin\u00e9e, Guin\u00e9e \u00c9quatoriale, Guin\u00e9e-Bissau, Guyana, Guyane fran\u00e7aise, Ha\u00efti, Honduras, Hong Kong, Hongrie, \u00eele Bouvet, \u00cele de Man, \u00eele Norfolk, \u00eeles Ca\u00efmans, \u00eeles Cook, \u00eeles F\u00e9ro\u00e9, \u00eeles Heard-et-MacDonald, \u00celes Mariannes du Nord, \u00celes Marshall, \u00celes mineures \u00e9loign\u00e9es des \u00c9tats-Unis, \u00celes Pitcairn, \u00eeles Turques-et-Ca\u00efques, \u00celes Vierges britanniques, \u00celes Vierges, \u00c9tats-Unis, Inde, Indon\u00e9sie, Irak, Iran, R\u00e9publique islamique d&rsquo;, Irlande, Islande, Isra\u00ebl, Italie, Jama\u00efque, Japon, Jersey, Jordanie, Kazakhstan, Kenya, Kirghizistan, Kiribati, Kowe\u00eft, Lao, R\u00e9publique d\u00e9mocratique populaire, Lesotho, Lettonie, Liban, Lib\u00e9ria, Libye, Liechtenstein, Lituanie, Luxembourg, Macau, Mac\u00e9doine du Nord, Madagascar, Malaisie, Malawi, Maldives, Mali, Malouines, \u00celes (Falkland), Malte, Maroc, Martinique, Maurice, Mauritanie, Mayotte, Mexique, Micron\u00e9sie, \u00c9tats f\u00e9d\u00e9r\u00e9s de, Moldova, R\u00e9publique de, Monaco, Mongolie, Mont\u00e9n\u00e9gro, Montserrat, Mozambique, Namibie, Nauru, N\u00e9pal, Nicaragua, Niger, Nigeria, Nioue, Norv\u00e8ge, Nouvelle-Cal\u00e9donie, Nouvelle-Z\u00e9lande, Oman, Ouganda, Ouzb\u00e9kistan, Pakistan, Palaos, Palestine, \u00c9tat de, Panama, Papouasie-Nouvelle-Guin\u00e9e, Paraguay, Pays-Bas, P\u00e9rou, Philippines, Pologne, Polyn\u00e9sie fran\u00e7aise, Porto Rico, Portugal, Qatar, R\u00e9publique centrafricaine, R\u00e9publique d\u00e9mocratique du Congo, R\u00e9publique dominicaine, R\u00e9publique du Congo, R\u00e9union, \u00cele de la, Roumanie, Royaume-Uni, Russie, F\u00e9d\u00e9ration de, Rwanda, Sahara occidental, Saint-Barth\u00e9lemy, Saint-Christophe-et-Ni\u00e9v\u00e8s, Saint-Marin, Saint-Martin (partie fran\u00e7aise), Saint-Martin (partie n\u00e9erlandaise), Saint-Pierre-et-Miquelon, Saint-Si\u00e8ge (\u00e9tat de la cit\u00e9 du Vatican), Saint-Vincent-et-les-Grenadines, Sainte-H\u00e9l\u00e8ne, Ascension et Tristan da Cunha, Sainte-Lucie, Salomon, \u00celes, Salvador, Samoa, Samoa am\u00e9ricaines, Sao Tom\u00e9-et-Principe, S\u00e9n\u00e9gal, Serbie, Seychelles, Sierra Leone, Singapour, Slovaquie, Slov\u00e9nie, Somalie, Soudan, Soudan du Sud, Sri Lanka, Su\u00e8de, Suisse, Surinam, Svalbard et \u00eele Jan Mayen, Syrienne, R\u00e9publique arabe, Tadjikistan, Ta\u00efwan, province de Chine, Tanzanie, R\u00e9publique unie de, Tchad, Tch\u00e9quie, Terres australes fran\u00e7aises, Territoire britannique de l&rsquo;oc\u00e9an Indien, Tha\u00eflande, Timor oriental, Togo, Tokelau, Tonga, Trinit\u00e9-et-Tobago, Tunisie, Turkm\u00e9nistan, Turquie, Tuvalu, Ukraine, Uruguay, Vanuatu, V\u00e9n\u00e9zuela, r\u00e9publique bolivarienne du, Vi\u00eat Nam, Wallis et Futuna, Y\u00e9men, Zambie, Zimbabwe.<\/p>\n\n\n\n<h2 class=\"wp-block-heading\" id=\"h-adresse-et-instructions-pour-le-retrait-sur-place\">Adresse et instructions pour le retrait sur place<\/h2>\n\n\n\n<h3 class=\"wp-block-heading\" id=\"h-adresse-de-retrait\">Adresse de retrait<\/h3>\n\n\n\n<p>21 A RUE DE PRAGUE<\/p>\n\n\n\n<p>TERRON SUR AISNE 08400<\/p>\n\n\n\n<p>ARDENNES<\/p>\n\n\n\n<p>FR<\/p>\n\n\n\n<h3 class=\"wp-block-heading\" id=\"h-consignes-de-retrait\">Consignes de retrait<\/h3>\n\n\n\n<p>Vous recevrez une notification lorsque votre commande sera pr\u00eate \u00e0 \u00eatre retir\u00e9e. Merci de vous pr\u00e9senter avec votre num\u00e9ro de commande et votre pi\u00e8ce d&rsquo;identit\u00e9.<\/p>\n","protected":false},"excerpt":{"rendered":"<p>Informations concernant les livraisons Informations g\u00e9n\u00e9rales concernant les livraisons Le tableau ci-dessous liste les options, les frais et les d\u00e9lais de livraison. Informations importantes concernant les livraisons vers d&rsquo;autres pays [&hellip;]<\/p>\n","protected":false},"author":1,"featured_media":0,"parent":0,"menu_order":0,"comment_status":"closed","ping_status":"closed","template":"","meta":{"footnotes":""},"class_list":["post-10","page","type-page","status-publish","hentry"],"yoast_head":"<!-- This site is optimized with the Yoast SEO Premium plugin v26.4 (Yoast SEO v27.6) - https:\/\/yoast.com\/product\/yoast-seo-premium-wordpress\/ -->\n<title>Politique de livraison -<\/title>\n<meta name=\"robots\" content=\"index, follow, max-snippet:-1, max-image-preview:large, max-video-preview:-1\" \/>\n<link rel=\"canonical\" href=\"https:\/\/lesmeditationsdalisea.com\/index.php\/refund_returns\/\" \/>\n<meta property=\"og:locale\" content=\"fr_FR\" \/>\n<meta property=\"og:type\" content=\"article\" \/>\n<meta property=\"og:title\" content=\"Politique de livraison\" \/>\n<meta property=\"og:description\" content=\"Informations concernant les livraisons Informations g\u00e9n\u00e9rales concernant les livraisons Le tableau ci-dessous liste les options, les frais et les d\u00e9lais de livraison. Informations importantes concernant les livraisons vers d&rsquo;autres pays [&hellip;]\" \/>\n<meta property=\"og:url\" content=\"https:\/\/lesmeditationsdalisea.com\/index.php\/refund_returns\/\" \/>\n<meta property=\"article:publisher\" content=\"https:\/\/www.facebook.com\/lesmeditationsdalisea\/\" \/>\n<meta property=\"article:modified_time\" content=\"2025-08-06T17:20:27+00:00\" \/>\n<meta name=\"twitter:card\" content=\"summary_large_image\" \/>\n<meta name=\"twitter:label1\" content=\"Dur\u00e9e de lecture estim\u00e9e\" \/>\n\t<meta name=\"twitter:data1\" content=\"3 minutes\" \/>\n<script type=\"application\/ld+json\" class=\"yoast-schema-graph\">{\"@context\":\"https:\\\/\\\/schema.org\",\"@graph\":[{\"@type\":\"WebPage\",\"@id\":\"https:\\\/\\\/lesmeditationsdalisea.com\\\/index.php\\\/refund_returns\\\/\",\"url\":\"https:\\\/\\\/lesmeditationsdalisea.com\\\/index.php\\\/refund_returns\\\/\",\"name\":\"Politique de livraison -\",\"isPartOf\":{\"@id\":\"https:\\\/\\\/lesmeditationsdalisea.com\\\/#website\"},\"datePublished\":\"2023-11-20T11:19:00+00:00\",\"dateModified\":\"2025-08-06T17:20:27+00:00\",\"breadcrumb\":{\"@id\":\"https:\\\/\\\/lesmeditationsdalisea.com\\\/index.php\\\/refund_returns\\\/#breadcrumb\"},\"inLanguage\":\"fr-FR\",\"potentialAction\":[{\"@type\":\"ReadAction\",\"target\":[\"https:\\\/\\\/lesmeditationsdalisea.com\\\/index.php\\\/refund_returns\\\/\"]}]},{\"@type\":\"BreadcrumbList\",\"@id\":\"https:\\\/\\\/lesmeditationsdalisea.com\\\/index.php\\\/refund_returns\\\/#breadcrumb\",\"itemListElement\":[{\"@type\":\"ListItem\",\"position\":1,\"name\":\"Accueil\",\"item\":\"https:\\\/\\\/lesmeditationsdalisea.com\\\/\"},{\"@type\":\"ListItem\",\"position\":2,\"name\":\"Politique de livraison\"}]},{\"@type\":\"WebSite\",\"@id\":\"https:\\\/\\\/lesmeditationsdalisea.com\\\/#website\",\"url\":\"https:\\\/\\\/lesmeditationsdalisea.com\\\/\",\"name\":\"Les M\u00e9ditations d'Alis\u00e9a\",\"description\":\"\",\"publisher\":{\"@id\":\"https:\\\/\\\/lesmeditationsdalisea.com\\\/#organization\"},\"potentialAction\":[{\"@type\":\"SearchAction\",\"target\":{\"@type\":\"EntryPoint\",\"urlTemplate\":\"https:\\\/\\\/lesmeditationsdalisea.com\\\/?s={search_term_string}\"},\"query-input\":{\"@type\":\"PropertyValueSpecification\",\"valueRequired\":true,\"valueName\":\"search_term_string\"}}],\"inLanguage\":\"fr-FR\"},{\"@type\":\"Organization\",\"@id\":\"https:\\\/\\\/lesmeditationsdalisea.com\\\/#organization\",\"name\":\"Les M\u00e9ditations d'Alis\u00e9a\",\"alternateName\":\"La Lithoth\u00e9rapie \u00e0 prix juste!\",\"url\":\"https:\\\/\\\/lesmeditationsdalisea.com\\\/\",\"logo\":{\"@type\":\"ImageObject\",\"inLanguage\":\"fr-FR\",\"@id\":\"https:\\\/\\\/lesmeditationsdalisea.com\\\/#\\\/schema\\\/logo\\\/image\\\/\",\"url\":\"https:\\\/\\\/lesmeditationsdalisea.com\\\/wp-content\\\/uploads\\\/2023\\\/10\\\/LogoFondTransparent.png\",\"contentUrl\":\"https:\\\/\\\/lesmeditationsdalisea.com\\\/wp-content\\\/uploads\\\/2023\\\/10\\\/LogoFondTransparent.png\",\"width\":500,\"height\":353,\"caption\":\"Les M\u00e9ditations d'Alis\u00e9a\"},\"image\":{\"@id\":\"https:\\\/\\\/lesmeditationsdalisea.com\\\/#\\\/schema\\\/logo\\\/image\\\/\"},\"sameAs\":[\"https:\\\/\\\/www.facebook.com\\\/lesmeditationsdalisea\\\/\",\"https:\\\/\\\/www.instagram.com\\\/lesmeditationsdalisea\\\/\",\"https:\\\/\\\/www.tiktok.com\\\/@lesmeditationsdalisea\"]}]}<\/script>\n<!-- \/ Yoast SEO Premium plugin. -->","yoast_head_json":{"title":"Politique de livraison -","robots":{"index":"index","follow":"follow","max-snippet":"max-snippet:-1","max-image-preview":"max-image-preview:large","max-video-preview":"max-video-preview:-1"},"canonical":"https:\/\/lesmeditationsdalisea.com\/index.php\/refund_returns\/","og_locale":"fr_FR","og_type":"article","og_title":"Politique de livraison","og_description":"Informations concernant les livraisons Informations g\u00e9n\u00e9rales concernant les livraisons Le tableau ci-dessous liste les options, les frais et les d\u00e9lais de livraison. Informations importantes concernant les livraisons vers d&rsquo;autres pays [&hellip;]","og_url":"https:\/\/lesmeditationsdalisea.com\/index.php\/refund_returns\/","article_publisher":"https:\/\/www.facebook.com\/lesmeditationsdalisea\/","article_modified_time":"2025-08-06T17:20:27+00:00","twitter_card":"summary_large_image","twitter_misc":{"Dur\u00e9e de lecture estim\u00e9e":"3 minutes"},"schema":{"@context":"https:\/\/schema.org","@graph":[{"@type":"WebPage","@id":"https:\/\/lesmeditationsdalisea.com\/index.php\/refund_returns\/","url":"https:\/\/lesmeditationsdalisea.com\/index.php\/refund_returns\/","name":"Politique de livraison -","isPartOf":{"@id":"https:\/\/lesmeditationsdalisea.com\/#website"},"datePublished":"2023-11-20T11:19:00+00:00","dateModified":"2025-08-06T17:20:27+00:00","breadcrumb":{"@id":"https:\/\/lesmeditationsdalisea.com\/index.php\/refund_returns\/#breadcrumb"},"inLanguage":"fr-FR","potentialAction":[{"@type":"ReadAction","target":["https:\/\/lesmeditationsdalisea.com\/index.php\/refund_returns\/"]}]},{"@type":"BreadcrumbList","@id":"https:\/\/lesmeditationsdalisea.com\/index.php\/refund_returns\/#breadcrumb","itemListElement":[{"@type":"ListItem","position":1,"name":"Accueil","item":"https:\/\/lesmeditationsdalisea.com\/"},{"@type":"ListItem","position":2,"name":"Politique de livraison"}]},{"@type":"WebSite","@id":"https:\/\/lesmeditationsdalisea.com\/#website","url":"https:\/\/lesmeditationsdalisea.com\/","name":"Les M\u00e9ditations d'Alis\u00e9a","description":"","publisher":{"@id":"https:\/\/lesmeditationsdalisea.com\/#organization"},"potentialAction":[{"@type":"SearchAction","target":{"@type":"EntryPoint","urlTemplate":"https:\/\/lesmeditationsdalisea.com\/?s={search_term_string}"},"query-input":{"@type":"PropertyValueSpecification","valueRequired":true,"valueName":"search_term_string"}}],"inLanguage":"fr-FR"},{"@type":"Organization","@id":"https:\/\/lesmeditationsdalisea.com\/#organization","name":"Les M\u00e9ditations d'Alis\u00e9a","alternateName":"La Lithoth\u00e9rapie \u00e0 prix juste!","url":"https:\/\/lesmeditationsdalisea.com\/","logo":{"@type":"ImageObject","inLanguage":"fr-FR","@id":"https:\/\/lesmeditationsdalisea.com\/#\/schema\/logo\/image\/","url":"https:\/\/lesmeditationsdalisea.com\/wp-content\/uploads\/2023\/10\/LogoFondTransparent.png","contentUrl":"https:\/\/lesmeditationsdalisea.com\/wp-content\/uploads\/2023\/10\/LogoFondTransparent.png","width":500,"height":353,"caption":"Les M\u00e9ditations d'Alis\u00e9a"},"image":{"@id":"https:\/\/lesmeditationsdalisea.com\/#\/schema\/logo\/image\/"},"sameAs":["https:\/\/www.facebook.com\/lesmeditationsdalisea\/","https:\/\/www.instagram.com\/lesmeditationsdalisea\/","https:\/\/www.tiktok.com\/@lesmeditationsdalisea"]}]}},"_links":{"self":[{"href":"https:\/\/lesmeditationsdalisea.com\/index.php\/wp-json\/wp\/v2\/pages\/10","targetHints":{"allow":["GET"]}}],"collection":[{"href":"https:\/\/lesmeditationsdalisea.com\/index.php\/wp-json\/wp\/v2\/pages"}],"about":[{"href":"https:\/\/lesmeditationsdalisea.com\/index.php\/wp-json\/wp\/v2\/types\/page"}],"author":[{"embeddable":true,"href":"https:\/\/lesmeditationsdalisea.com\/index.php\/wp-json\/wp\/v2\/users\/1"}],"replies":[{"embeddable":true,"href":"https:\/\/lesmeditationsdalisea.com\/index.php\/wp-json\/wp\/v2\/comments?post=10"}],"version-history":[{"count":4,"href":"https:\/\/lesmeditationsdalisea.com\/index.php\/wp-json\/wp\/v2\/pages\/10\/revisions"}],"predecessor-version":[{"id":5147,"href":"https:\/\/lesmeditationsdalisea.com\/index.php\/wp-json\/wp\/v2\/pages\/10\/revisions\/5147"}],"wp:attachment":[{"href":"https:\/\/lesmeditationsdalisea.com\/index.php\/wp-json\/wp\/v2\/media?parent=10"}],"curies":[{"name":"wp","href":"https:\/\/api.w.org\/{rel}","templated":true}]}}