{"id":458,"date":"2023-11-20T12:16:14","date_gmt":"2023-11-20T11:16:14","guid":{"rendered":"https:\/\/lesmeditationsdalisea.com\/?page_id=458"},"modified":"2023-11-20T12:16:14","modified_gmt":"2023-11-20T11:16:14","slug":"mentions-legales","status":"publish","type":"page","link":"https:\/\/lesmeditationsdalisea.com\/index.php\/mentions-legales\/","title":{"rendered":"Mentions l\u00e9gales"},"content":{"rendered":"\n<p><strong>Identification<\/strong><\/p>\n\n\n\n<ul class=\"wp-block-list\">\n<li>D\u00e9nomination sociale ou raison sociale : Les m\u00e9ditations d&rsquo;Alisea ( acronyme : LMDA), Pascal Cornevin<\/li>\n\n\n\n<li>Adresse du si\u00e8ge social : 21 A RUE DE PRAGUE, 08400 TERRON SUR AISNE (Vouziers)<\/li>\n\n\n\n<li>Num\u00e9ro de t\u00e9l\u00e9phone et adresse de courrier \u00e9lectronique :&nbsp;<\/li>\n<\/ul>\n\n\n\n<p>06.42.70.54.88 \/ <strong><a href=\"mailto:lesmeditationsdalisea@gmail.com\">lesmeditationsdalisea@gmail.com<\/a><\/strong><\/p>\n\n\n\n<ul class=\"wp-block-list\">\n<li>Forme juridique de la soci\u00e9t\u00e9 : micro-entreprise<\/li>\n\n\n\n<li>Montant du capital social : 0 euros<\/li>\n\n\n\n<li>Nom du directeur ou du codirecteur de la publication : Barbara Cornevin<\/li>\n<\/ul>\n\n\n\n<p>Site h\u00e9berg\u00e9 chez HOSTINGER.<\/p>\n\n\n\n<ul class=\"wp-block-list\">\n<li>Nom, d\u00e9nomination ou raison sociale et adresse et num\u00e9ro de t\u00e9l\u00e9phone de l&rsquo;h\u00e9bergeur du site : \u00a0<\/li>\n<\/ul>\n\n\n\n<p>HOSTINGER operations, UAB<\/p>\n\n\n\n<p>\u0160vitrigailos str. 34, Vilnius 03230 Lithuania<\/p>\n\n\n\n<p>Phone: <a href=\"tel:+37064503378\">+37064503378<\/a><\/p>\n\n\n\n<p>Email: <a href=\"mailto:domains@hostinger.com\">domains@hostinger.com<\/a><\/p>\n\n\n\n<p><br><\/p>\n\n\n\n<p><strong>Activit\u00e9<\/strong><\/p>\n\n\n\n<p>Fabrication-vente de bijoux fantaisie artisanaux.<\/p>\n\n\n\n<ul class=\"wp-block-list\">\n<li>Num\u00e9ro d&rsquo;inscription au r\u00e9pertoire des m\u00e9tiers&nbsp; : RCS SEDAN 891.263.170<\/li>\n<\/ul>\n\n\n\n<p><strong>Mentions relatives \u00e0 l&rsquo;utilisation de cookies<\/strong><\/p>\n\n\n\n<p>Un cookie est un petit fichier informatique, un traceur. Il permet d&rsquo;analyser le comportement des usagers lors de la visite d&rsquo;un site internet, de la lecture d&rsquo;un courrier \u00e9lectronique, de l&rsquo;installation ou de l&rsquo;utilisation d&rsquo;un logiciel ou d&rsquo;une application mobile.<\/p>\n\n\n\n<p>Ce site internet utilise des cookies, c&rsquo;est pourquoi chaque internaute est inform\u00e9 de la finalit\u00e9 de ces cookies dans la page d&rsquo;accueil et il est demand\u00e9 leur consentement. De la m\u00eame mani\u00e8re, il est propos\u00e9 de les refuser.<\/p>\n\n\n\n<p>La dur\u00e9e de validit\u00e9 du consentement donn\u00e9 dans ce cadre est de 13 mois maximum.<br><\/p>\n\n\n\n<p><strong>Mentions relatives \u00e0 l&rsquo;utilisation de donn\u00e9es personnelles<br><\/strong><\/p>\n\n\n\n<p>La collecte des donn\u00e9es \u00e0 caract\u00e8re personnel pour les prestations propos\u00e9es par le site <strong><a href=\"https:\/\/www.lesmeditationsdalisea.com\">www.lesmeditationsdalisea.com<\/a><\/strong> ainsi que leur traitement sont effectu\u00e9s dans le respect de la loi \u00ab Informatique, Fichiers et Libert\u00e9s \u00bb du 6 janvier 1978 modifi\u00e9e et ses d\u00e9crets d\u2019application.<br><br>La collecte des donn\u00e9es \u00e0 caract\u00e8re personnel concernant les utilisateurs du site <strong><strong><a href=\"https:\/\/www.lesmeditationsdalisea.com\">www.lesmeditationsdalisea.com<\/a><\/strong><\/strong> a pour finalit\u00e9 principale l\u2019identification des utilisateurs pour la vente des bijoux propos\u00e9s sur le site.<br><br>Les donn\u00e9es r\u00e9colt\u00e9es ne sont jamais transmis \u00e0 des tiers sauf si le client a donn\u00e9 son consentement pr\u00e9alable et ce sous r\u00e9serve que les tiers se soient clairement engag\u00e9s \u00e0 respecter toutes les dispositions de la Loi du 6 janvier 1978 modifi\u00e9e.<br><br>En application de la loi, toute personne ayant transmis des donn\u00e9es \u00e0 caract\u00e8re personnel dispose d\u2019un droit d\u2019acc\u00e8s, de rectification et de suppression des donn\u00e9es ainsi que d\u2019un droit d\u2019opposition au traitement des donn\u00e9es \u00e0 caract\u00e8re personnel la concernant.<br>A tout moment, vous pouvez demander \u00e0 exercer ce droit en contactant<em> l&rsquo;\u00e9diteur du site sur l&#8217;email <\/em><strong><a href=\"mailto:lesmeditationsdalisea@gmail.com\">lesmeditationsdalisea@gmail.com<\/a><\/strong><\/p>\n","protected":false},"excerpt":{"rendered":"<p>Identification 06.42.70.54.88 \/ lesmeditationsdalisea@gmail.com Site h\u00e9berg\u00e9 chez HOSTINGER. HOSTINGER operations, UAB \u0160vitrigailos str. 34, Vilnius 03230 Lithuania Phone: +37064503378 Email: domains@hostinger.com Activit\u00e9 Fabrication-vente de bijoux fantaisie artisanaux. Mentions relatives \u00e0 [&hellip;]<\/p>\n","protected":false},"author":2,"featured_media":0,"parent":0,"menu_order":0,"comment_status":"closed","ping_status":"closed","template":"","meta":{"footnotes":""},"class_list":["post-458","page","type-page","status-publish","hentry"],"yoast_head":"<!-- This site is optimized with the Yoast SEO Premium plugin v26.4 (Yoast SEO v27.3) - https:\/\/yoast.com\/product\/yoast-seo-premium-wordpress\/ -->\n<title>Mentions l\u00e9gales -<\/title>\n<meta name=\"robots\" content=\"index, follow, max-snippet:-1, max-image-preview:large, max-video-preview:-1\" \/>\n<link rel=\"canonical\" href=\"https:\/\/lesmeditationsdalisea.com\/index.php\/mentions-legales\/\" \/>\n<meta property=\"og:locale\" content=\"fr_FR\" \/>\n<meta property=\"og:type\" content=\"article\" \/>\n<meta property=\"og:title\" content=\"Mentions l\u00e9gales\" \/>\n<meta property=\"og:description\" content=\"Identification 06.42.70.54.88 \/ lesmeditationsdalisea@gmail.com Site h\u00e9berg\u00e9 chez HOSTINGER. HOSTINGER operations, UAB \u0160vitrigailos str. 34, Vilnius 03230 Lithuania Phone: +37064503378 Email: domains@hostinger.com Activit\u00e9 Fabrication-vente de bijoux fantaisie artisanaux. Mentions relatives \u00e0 [&hellip;]\" \/>\n<meta property=\"og:url\" content=\"https:\/\/lesmeditationsdalisea.com\/index.php\/mentions-legales\/\" \/>\n<meta property=\"article:publisher\" content=\"https:\/\/www.facebook.com\/lesmeditationsdalisea\/\" \/>\n<meta name=\"twitter:card\" content=\"summary_large_image\" \/>\n<meta name=\"twitter:label1\" content=\"Dur\u00e9e de lecture estim\u00e9e\" \/>\n\t<meta name=\"twitter:data1\" content=\"2 minutes\" \/>\n<script type=\"application\/ld+json\" class=\"yoast-schema-graph\">{\"@context\":\"https:\\\/\\\/schema.org\",\"@graph\":[{\"@type\":\"WebPage\",\"@id\":\"https:\\\/\\\/lesmeditationsdalisea.com\\\/index.php\\\/mentions-legales\\\/\",\"url\":\"https:\\\/\\\/lesmeditationsdalisea.com\\\/index.php\\\/mentions-legales\\\/\",\"name\":\"Mentions l\u00e9gales -\",\"isPartOf\":{\"@id\":\"https:\\\/\\\/lesmeditationsdalisea.com\\\/#website\"},\"datePublished\":\"2023-11-20T11:16:14+00:00\",\"breadcrumb\":{\"@id\":\"https:\\\/\\\/lesmeditationsdalisea.com\\\/index.php\\\/mentions-legales\\\/#breadcrumb\"},\"inLanguage\":\"fr-FR\",\"potentialAction\":[{\"@type\":\"ReadAction\",\"target\":[\"https:\\\/\\\/lesmeditationsdalisea.com\\\/index.php\\\/mentions-legales\\\/\"]}]},{\"@type\":\"BreadcrumbList\",\"@id\":\"https:\\\/\\\/lesmeditationsdalisea.com\\\/index.php\\\/mentions-legales\\\/#breadcrumb\",\"itemListElement\":[{\"@type\":\"ListItem\",\"position\":1,\"name\":\"Accueil\",\"item\":\"https:\\\/\\\/lesmeditationsdalisea.com\\\/\"},{\"@type\":\"ListItem\",\"position\":2,\"name\":\"Mentions l\u00e9gales\"}]},{\"@type\":\"WebSite\",\"@id\":\"https:\\\/\\\/lesmeditationsdalisea.com\\\/#website\",\"url\":\"https:\\\/\\\/lesmeditationsdalisea.com\\\/\",\"name\":\"Les M\u00e9ditations d'Alis\u00e9a\",\"description\":\"\",\"publisher\":{\"@id\":\"https:\\\/\\\/lesmeditationsdalisea.com\\\/#organization\"},\"potentialAction\":[{\"@type\":\"SearchAction\",\"target\":{\"@type\":\"EntryPoint\",\"urlTemplate\":\"https:\\\/\\\/lesmeditationsdalisea.com\\\/?s={search_term_string}\"},\"query-input\":{\"@type\":\"PropertyValueSpecification\",\"valueRequired\":true,\"valueName\":\"search_term_string\"}}],\"inLanguage\":\"fr-FR\"},{\"@type\":\"Organization\",\"@id\":\"https:\\\/\\\/lesmeditationsdalisea.com\\\/#organization\",\"name\":\"Les M\u00e9ditations d'Alis\u00e9a\",\"alternateName\":\"La Lithoth\u00e9rapie \u00e0 prix juste!\",\"url\":\"https:\\\/\\\/lesmeditationsdalisea.com\\\/\",\"logo\":{\"@type\":\"ImageObject\",\"inLanguage\":\"fr-FR\",\"@id\":\"https:\\\/\\\/lesmeditationsdalisea.com\\\/#\\\/schema\\\/logo\\\/image\\\/\",\"url\":\"https:\\\/\\\/lesmeditationsdalisea.com\\\/wp-content\\\/uploads\\\/2023\\\/10\\\/LogoFondTransparent.png\",\"contentUrl\":\"https:\\\/\\\/lesmeditationsdalisea.com\\\/wp-content\\\/uploads\\\/2023\\\/10\\\/LogoFondTransparent.png\",\"width\":500,\"height\":353,\"caption\":\"Les M\u00e9ditations d'Alis\u00e9a\"},\"image\":{\"@id\":\"https:\\\/\\\/lesmeditationsdalisea.com\\\/#\\\/schema\\\/logo\\\/image\\\/\"},\"sameAs\":[\"https:\\\/\\\/www.facebook.com\\\/lesmeditationsdalisea\\\/\",\"https:\\\/\\\/www.instagram.com\\\/lesmeditationsdalisea\\\/\",\"https:\\\/\\\/www.tiktok.com\\\/@lesmeditationsdalisea\"]}]}<\/script>\n<!-- \/ Yoast SEO Premium plugin. -->","yoast_head_json":{"title":"Mentions l\u00e9gales -","robots":{"index":"index","follow":"follow","max-snippet":"max-snippet:-1","max-image-preview":"max-image-preview:large","max-video-preview":"max-video-preview:-1"},"canonical":"https:\/\/lesmeditationsdalisea.com\/index.php\/mentions-legales\/","og_locale":"fr_FR","og_type":"article","og_title":"Mentions l\u00e9gales","og_description":"Identification 06.42.70.54.88 \/ lesmeditationsdalisea@gmail.com Site h\u00e9berg\u00e9 chez HOSTINGER. HOSTINGER operations, UAB \u0160vitrigailos str. 34, Vilnius 03230 Lithuania Phone: +37064503378 Email: domains@hostinger.com Activit\u00e9 Fabrication-vente de bijoux fantaisie artisanaux. Mentions relatives \u00e0 [&hellip;]","og_url":"https:\/\/lesmeditationsdalisea.com\/index.php\/mentions-legales\/","article_publisher":"https:\/\/www.facebook.com\/lesmeditationsdalisea\/","twitter_card":"summary_large_image","twitter_misc":{"Dur\u00e9e de lecture estim\u00e9e":"2 minutes"},"schema":{"@context":"https:\/\/schema.org","@graph":[{"@type":"WebPage","@id":"https:\/\/lesmeditationsdalisea.com\/index.php\/mentions-legales\/","url":"https:\/\/lesmeditationsdalisea.com\/index.php\/mentions-legales\/","name":"Mentions l\u00e9gales -","isPartOf":{"@id":"https:\/\/lesmeditationsdalisea.com\/#website"},"datePublished":"2023-11-20T11:16:14+00:00","breadcrumb":{"@id":"https:\/\/lesmeditationsdalisea.com\/index.php\/mentions-legales\/#breadcrumb"},"inLanguage":"fr-FR","potentialAction":[{"@type":"ReadAction","target":["https:\/\/lesmeditationsdalisea.com\/index.php\/mentions-legales\/"]}]},{"@type":"BreadcrumbList","@id":"https:\/\/lesmeditationsdalisea.com\/index.php\/mentions-legales\/#breadcrumb","itemListElement":[{"@type":"ListItem","position":1,"name":"Accueil","item":"https:\/\/lesmeditationsdalisea.com\/"},{"@type":"ListItem","position":2,"name":"Mentions l\u00e9gales"}]},{"@type":"WebSite","@id":"https:\/\/lesmeditationsdalisea.com\/#website","url":"https:\/\/lesmeditationsdalisea.com\/","name":"Les M\u00e9ditations d'Alis\u00e9a","description":"","publisher":{"@id":"https:\/\/lesmeditationsdalisea.com\/#organization"},"potentialAction":[{"@type":"SearchAction","target":{"@type":"EntryPoint","urlTemplate":"https:\/\/lesmeditationsdalisea.com\/?s={search_term_string}"},"query-input":{"@type":"PropertyValueSpecification","valueRequired":true,"valueName":"search_term_string"}}],"inLanguage":"fr-FR"},{"@type":"Organization","@id":"https:\/\/lesmeditationsdalisea.com\/#organization","name":"Les M\u00e9ditations d'Alis\u00e9a","alternateName":"La Lithoth\u00e9rapie \u00e0 prix juste!","url":"https:\/\/lesmeditationsdalisea.com\/","logo":{"@type":"ImageObject","inLanguage":"fr-FR","@id":"https:\/\/lesmeditationsdalisea.com\/#\/schema\/logo\/image\/","url":"https:\/\/lesmeditationsdalisea.com\/wp-content\/uploads\/2023\/10\/LogoFondTransparent.png","contentUrl":"https:\/\/lesmeditationsdalisea.com\/wp-content\/uploads\/2023\/10\/LogoFondTransparent.png","width":500,"height":353,"caption":"Les M\u00e9ditations d'Alis\u00e9a"},"image":{"@id":"https:\/\/lesmeditationsdalisea.com\/#\/schema\/logo\/image\/"},"sameAs":["https:\/\/www.facebook.com\/lesmeditationsdalisea\/","https:\/\/www.instagram.com\/lesmeditationsdalisea\/","https:\/\/www.tiktok.com\/@lesmeditationsdalisea"]}]}},"_links":{"self":[{"href":"https:\/\/lesmeditationsdalisea.com\/index.php\/wp-json\/wp\/v2\/pages\/458","targetHints":{"allow":["GET"]}}],"collection":[{"href":"https:\/\/lesmeditationsdalisea.com\/index.php\/wp-json\/wp\/v2\/pages"}],"about":[{"href":"https:\/\/lesmeditationsdalisea.com\/index.php\/wp-json\/wp\/v2\/types\/page"}],"author":[{"embeddable":true,"href":"https:\/\/lesmeditationsdalisea.com\/index.php\/wp-json\/wp\/v2\/users\/2"}],"replies":[{"embeddable":true,"href":"https:\/\/lesmeditationsdalisea.com\/index.php\/wp-json\/wp\/v2\/comments?post=458"}],"version-history":[{"count":2,"href":"https:\/\/lesmeditationsdalisea.com\/index.php\/wp-json\/wp\/v2\/pages\/458\/revisions"}],"predecessor-version":[{"id":460,"href":"https:\/\/lesmeditationsdalisea.com\/index.php\/wp-json\/wp\/v2\/pages\/458\/revisions\/460"}],"wp:attachment":[{"href":"https:\/\/lesmeditationsdalisea.com\/index.php\/wp-json\/wp\/v2\/media?parent=458"}],"curies":[{"name":"wp","href":"https:\/\/api.w.org\/{rel}","templated":true}]}}