{"id":469,"date":"2023-11-20T12:23:46","date_gmt":"2023-11-20T11:23:46","guid":{"rendered":"https:\/\/lesmeditationsdalisea.com\/?page_id=469"},"modified":"2026-01-09T15:00:22","modified_gmt":"2026-01-09T14:00:22","slug":"politique-de-retractation","status":"publish","type":"page","link":"https:\/\/lesmeditationsdalisea.com\/index.php\/politique-de-retractation\/","title":{"rendered":"Politique de r\u00e9tractation &amp; retours"},"content":{"rendered":"\n<h1 class=\"wp-block-heading\" id=\"h-information-sur-votre-droit-de-retractation-et-retour\">Information sur votre droit de r\u00e9tractation et retour<\/h1>\n\n\n\n<h3 class=\"wp-block-heading\" id=\"h-1-droit-de-retractation\">1. Droit de r\u00e9tractation <\/h3>\n\n\n\n<p>Vous avez le droit de vous r\u00e9tracter du pr\u00e9sent contrat ou de retourner un produit sans donner de motif dans un d\u00e9lai de 14 jours.<\/p>\n\n\n\n<h3 class=\"wp-block-heading\" id=\"h-2-delai-de-la-retractation\">2. D\u00e9lai de la r\u00e9tractation<\/h3>\n\n\n\n<p>Le d\u00e9lai de r\u00e9tractation expire 14 jours apr\u00e8s le jour o\u00f9 vous-m\u00eame, ou un tiers autre que le transporteur et d\u00e9sign\u00e9\u0301 par vous, prenez physiquement possession du bien.&nbsp;<\/p>\n\n\n\n<h3 class=\"wp-block-heading\" id=\"h-3-notification-de-la-retractation\">3. Notification de la r\u00e9tractation<\/h3>\n\n\n\n<p>Pour exercer votre droit de r\u00e9tractation\/retour, vous devez nous notifier (Les M\u00e9ditations d&rsquo;Alisea, 21 A RUE DE PRAGUE, 08400 VOUZIERS &#8211; FRANCE, 06.42.70.54.88 &#8211; lesmeditationsdalisea@gmail.com ) de votre d\u00e9cision de r\u00e9tractation du pr\u00e9sent contrat ou retour de produit au moyen d\u2019une d\u00e9claration exprimant clairement votre volont\u00e9 d\u2019exercer votre droit (par courrier \u00e9lectronique \u00e0 lesmeditationsdalisea@gmail.com). <\/p>\n\n\n\n<h3 class=\"wp-block-heading\" id=\"h-4-respect-du-delai-de-retractation\">4. Respect du d\u00e9lai de r\u00e9tractation<\/h3>\n\n\n\n<p>Pour que le d\u00e9lai de r\u00e9tractation soit respect\u00e9\u0301, il suffit que vous transmettiez votre d\u00e9claration relative \u00e0 l\u2019exercice du droit de r\u00e9tractation\/ retour dans un d\u00e9lai de 14 jours \u00e0 compter de la r\u00e9ception du produit, le cachet du service de livraison faisant foi.<\/p>\n\n\n\n<h3 class=\"wp-block-heading\" id=\"h-5-effet-de-la-retractation\">5. Effet de la r\u00e9tractation<\/h3>\n\n\n\n<p>En cas de r\u00e9tractation ou retour de produit, nous vous rembourserons la valeur du produit \u00e0 condition que celui-ci soit retourn\u00e9 soigneusement emball\u00e9 et qu&rsquo;il n&rsquo;ai aucune marque d&rsquo;usure ou d&rsquo;utilisation. En cas d&rsquo;utilisation du produit, de d\u00e9faillance ou de marque d&rsquo;utilisation, le remboursement ne pourra avoir lieu. Votre remboursement sera effectu\u00e9 au plus tard 7 jours apr\u00e8s la r\u00e9ception de la marchandise. Nous proc\u00e9derons au remboursement en utilisant le m\u00eame moyen de paiement que celui utilis\u00e9\u0301 pour la transaction initiale, sauf si nous en convenons express\u00e9ment diff\u00e9remment avec vous. <\/p>\n\n\n\n<p>Les frais de livraison pour la r\u00e9tractation ou le retour d&rsquo;un produit est pris en charge par Les M\u00e9ditations d&rsquo;Alisea dans le cas o\u00f9 vous vous \u00eates acquitt\u00e9 des frais d&rsquo;envoi lors de votre commande. Dans le cas o\u00f9 vous avez b\u00e9n\u00e9fici\u00e9 d&rsquo;une livraison gratuite sur la boutique en ligne (remise automatiquement appliqu\u00e9e au del\u00e0 de 60\u20ac d&rsquo;achats), ceux-ci devront \u00eatre acquitt\u00e9s par vos soins, et une deuxi\u00e8me livraison gratuite ne saurait \u00eatre appliqu\u00e9e. <\/p>\n\n\n\n<h3 class=\"wp-block-heading\" id=\"h-6-remboursement\">6. Remboursement<\/h3>\n\n\n\n<p>Nous pouvons diff\u00e9rer le remboursement jusqu\u2019\u00e0 ce que nous ayons re\u00e7u le bien ou jusqu\u2019\u00e0 ce que vous ayez fourni une preuve d\u2019exp\u00e9dition du bien, la date retenue \u00e9tant celle du premier de ces faits.&nbsp;<\/p>\n\n\n\n<h3 class=\"wp-block-heading\" id=\"h-7-retour-de-la-marchandise\">7. Retour de la marchandise<\/h3>\n\n\n\n<p>Vous devrez nous renvoyer ou nous rendre le bien achet\u00e9 sur le site <strong><a href=\"https:\/\/www.lesmeditationsdalisea.com\">www.lesmeditationsdalisea.com<\/a><\/strong> sans retard excessif et, en tout \u00e9tat de cause, au plus tard 14 jours apr\u00e8s nous avoir communiqu\u00e9 votre d\u00e9cision de r\u00e9tractation\/retour du produit Ce d\u00e9lai est r\u00e9put\u00e9 respect\u00e9 si vous renvoyez le bien avant l\u2019expiration du d\u00e9lai de quatorze jours.<\/p>\n\n\n\n<h3 class=\"wp-block-heading\" id=\"h-8-couts-de-renvoi\">8. Co\u00fbts de renvoi<\/h3>\n\n\n\n<p>Vous devrez prendre en charge les frais directs de renvoi du bien.<\/p>\n\n\n\n<h3 class=\"wp-block-heading\" id=\"h-9-compensation-en-cas-de-depreciation-de-la-marchandise\">9. Compensation en cas de d\u00e9pr\u00e9ciation de la marchandise<\/h3>\n\n\n\n<p>Votre responsabilit\u00e9 n\u2019est engag\u00e9e qu\u2019\u00e0 l\u2019\u00e9gard de la d\u00e9pr\u00e9ciation du bien r\u00e9sultant de manipulations autres que celles n\u00e9cessaires pour \u00e9tablir la nature, les caract\u00e9ristiques et le bon fonctionnement de ce bien.<\/p>\n\n\n\n<p><\/p>\n","protected":false},"excerpt":{"rendered":"<p>Information sur votre droit de r\u00e9tractation et retour 1. Droit de r\u00e9tractation Vous avez le droit de vous r\u00e9tracter du pr\u00e9sent contrat ou de retourner un produit sans donner de [&hellip;]<\/p>\n","protected":false},"author":2,"featured_media":0,"parent":0,"menu_order":0,"comment_status":"closed","ping_status":"closed","template":"","meta":{"footnotes":""},"class_list":["post-469","page","type-page","status-publish","hentry"],"yoast_head":"<!-- This site is optimized with the Yoast SEO Premium plugin v26.4 (Yoast SEO v27.4) - https:\/\/yoast.com\/product\/yoast-seo-premium-wordpress\/ -->\n<title>Politique de r\u00e9tractation &amp; retours -<\/title>\n<meta name=\"robots\" content=\"index, follow, max-snippet:-1, max-image-preview:large, max-video-preview:-1\" \/>\n<link rel=\"canonical\" href=\"https:\/\/lesmeditationsdalisea.com\/index.php\/politique-de-retractation\/\" \/>\n<meta property=\"og:locale\" content=\"fr_FR\" \/>\n<meta property=\"og:type\" content=\"article\" \/>\n<meta property=\"og:title\" content=\"Politique de r\u00e9tractation &amp; retours\" \/>\n<meta property=\"og:description\" content=\"Information sur votre droit de r\u00e9tractation et retour 1. Droit de r\u00e9tractation Vous avez le droit de vous r\u00e9tracter du pr\u00e9sent contrat ou de retourner un produit sans donner de [&hellip;]\" \/>\n<meta property=\"og:url\" content=\"https:\/\/lesmeditationsdalisea.com\/index.php\/politique-de-retractation\/\" \/>\n<meta property=\"article:publisher\" content=\"https:\/\/www.facebook.com\/lesmeditationsdalisea\/\" \/>\n<meta property=\"article:modified_time\" content=\"2026-01-09T14:00:22+00:00\" \/>\n<meta name=\"twitter:card\" content=\"summary_large_image\" \/>\n<meta name=\"twitter:label1\" content=\"Dur\u00e9e de lecture estim\u00e9e\" \/>\n\t<meta name=\"twitter:data1\" content=\"3 minutes\" \/>\n<script type=\"application\/ld+json\" class=\"yoast-schema-graph\">{\"@context\":\"https:\\\/\\\/schema.org\",\"@graph\":[{\"@type\":\"WebPage\",\"@id\":\"https:\\\/\\\/lesmeditationsdalisea.com\\\/index.php\\\/politique-de-retractation\\\/\",\"url\":\"https:\\\/\\\/lesmeditationsdalisea.com\\\/index.php\\\/politique-de-retractation\\\/\",\"name\":\"Politique de r\u00e9tractation &amp; retours -\",\"isPartOf\":{\"@id\":\"https:\\\/\\\/lesmeditationsdalisea.com\\\/#website\"},\"datePublished\":\"2023-11-20T11:23:46+00:00\",\"dateModified\":\"2026-01-09T14:00:22+00:00\",\"breadcrumb\":{\"@id\":\"https:\\\/\\\/lesmeditationsdalisea.com\\\/index.php\\\/politique-de-retractation\\\/#breadcrumb\"},\"inLanguage\":\"fr-FR\",\"potentialAction\":[{\"@type\":\"ReadAction\",\"target\":[\"https:\\\/\\\/lesmeditationsdalisea.com\\\/index.php\\\/politique-de-retractation\\\/\"]}]},{\"@type\":\"BreadcrumbList\",\"@id\":\"https:\\\/\\\/lesmeditationsdalisea.com\\\/index.php\\\/politique-de-retractation\\\/#breadcrumb\",\"itemListElement\":[{\"@type\":\"ListItem\",\"position\":1,\"name\":\"Accueil\",\"item\":\"https:\\\/\\\/lesmeditationsdalisea.com\\\/\"},{\"@type\":\"ListItem\",\"position\":2,\"name\":\"Politique de r\u00e9tractation &amp; retours\"}]},{\"@type\":\"WebSite\",\"@id\":\"https:\\\/\\\/lesmeditationsdalisea.com\\\/#website\",\"url\":\"https:\\\/\\\/lesmeditationsdalisea.com\\\/\",\"name\":\"Les M\u00e9ditations d'Alis\u00e9a\",\"description\":\"\",\"publisher\":{\"@id\":\"https:\\\/\\\/lesmeditationsdalisea.com\\\/#organization\"},\"potentialAction\":[{\"@type\":\"SearchAction\",\"target\":{\"@type\":\"EntryPoint\",\"urlTemplate\":\"https:\\\/\\\/lesmeditationsdalisea.com\\\/?s={search_term_string}\"},\"query-input\":{\"@type\":\"PropertyValueSpecification\",\"valueRequired\":true,\"valueName\":\"search_term_string\"}}],\"inLanguage\":\"fr-FR\"},{\"@type\":\"Organization\",\"@id\":\"https:\\\/\\\/lesmeditationsdalisea.com\\\/#organization\",\"name\":\"Les M\u00e9ditations d'Alis\u00e9a\",\"alternateName\":\"La Lithoth\u00e9rapie \u00e0 prix juste!\",\"url\":\"https:\\\/\\\/lesmeditationsdalisea.com\\\/\",\"logo\":{\"@type\":\"ImageObject\",\"inLanguage\":\"fr-FR\",\"@id\":\"https:\\\/\\\/lesmeditationsdalisea.com\\\/#\\\/schema\\\/logo\\\/image\\\/\",\"url\":\"https:\\\/\\\/lesmeditationsdalisea.com\\\/wp-content\\\/uploads\\\/2023\\\/10\\\/LogoFondTransparent.png\",\"contentUrl\":\"https:\\\/\\\/lesmeditationsdalisea.com\\\/wp-content\\\/uploads\\\/2023\\\/10\\\/LogoFondTransparent.png\",\"width\":500,\"height\":353,\"caption\":\"Les M\u00e9ditations d'Alis\u00e9a\"},\"image\":{\"@id\":\"https:\\\/\\\/lesmeditationsdalisea.com\\\/#\\\/schema\\\/logo\\\/image\\\/\"},\"sameAs\":[\"https:\\\/\\\/www.facebook.com\\\/lesmeditationsdalisea\\\/\",\"https:\\\/\\\/www.instagram.com\\\/lesmeditationsdalisea\\\/\",\"https:\\\/\\\/www.tiktok.com\\\/@lesmeditationsdalisea\"]}]}<\/script>\n<!-- \/ Yoast SEO Premium plugin. -->","yoast_head_json":{"title":"Politique de r\u00e9tractation &amp; retours -","robots":{"index":"index","follow":"follow","max-snippet":"max-snippet:-1","max-image-preview":"max-image-preview:large","max-video-preview":"max-video-preview:-1"},"canonical":"https:\/\/lesmeditationsdalisea.com\/index.php\/politique-de-retractation\/","og_locale":"fr_FR","og_type":"article","og_title":"Politique de r\u00e9tractation &amp; retours","og_description":"Information sur votre droit de r\u00e9tractation et retour 1. Droit de r\u00e9tractation Vous avez le droit de vous r\u00e9tracter du pr\u00e9sent contrat ou de retourner un produit sans donner de [&hellip;]","og_url":"https:\/\/lesmeditationsdalisea.com\/index.php\/politique-de-retractation\/","article_publisher":"https:\/\/www.facebook.com\/lesmeditationsdalisea\/","article_modified_time":"2026-01-09T14:00:22+00:00","twitter_card":"summary_large_image","twitter_misc":{"Dur\u00e9e de lecture estim\u00e9e":"3 minutes"},"schema":{"@context":"https:\/\/schema.org","@graph":[{"@type":"WebPage","@id":"https:\/\/lesmeditationsdalisea.com\/index.php\/politique-de-retractation\/","url":"https:\/\/lesmeditationsdalisea.com\/index.php\/politique-de-retractation\/","name":"Politique de r\u00e9tractation &amp; retours -","isPartOf":{"@id":"https:\/\/lesmeditationsdalisea.com\/#website"},"datePublished":"2023-11-20T11:23:46+00:00","dateModified":"2026-01-09T14:00:22+00:00","breadcrumb":{"@id":"https:\/\/lesmeditationsdalisea.com\/index.php\/politique-de-retractation\/#breadcrumb"},"inLanguage":"fr-FR","potentialAction":[{"@type":"ReadAction","target":["https:\/\/lesmeditationsdalisea.com\/index.php\/politique-de-retractation\/"]}]},{"@type":"BreadcrumbList","@id":"https:\/\/lesmeditationsdalisea.com\/index.php\/politique-de-retractation\/#breadcrumb","itemListElement":[{"@type":"ListItem","position":1,"name":"Accueil","item":"https:\/\/lesmeditationsdalisea.com\/"},{"@type":"ListItem","position":2,"name":"Politique de r\u00e9tractation &amp; retours"}]},{"@type":"WebSite","@id":"https:\/\/lesmeditationsdalisea.com\/#website","url":"https:\/\/lesmeditationsdalisea.com\/","name":"Les M\u00e9ditations d'Alis\u00e9a","description":"","publisher":{"@id":"https:\/\/lesmeditationsdalisea.com\/#organization"},"potentialAction":[{"@type":"SearchAction","target":{"@type":"EntryPoint","urlTemplate":"https:\/\/lesmeditationsdalisea.com\/?s={search_term_string}"},"query-input":{"@type":"PropertyValueSpecification","valueRequired":true,"valueName":"search_term_string"}}],"inLanguage":"fr-FR"},{"@type":"Organization","@id":"https:\/\/lesmeditationsdalisea.com\/#organization","name":"Les M\u00e9ditations d'Alis\u00e9a","alternateName":"La Lithoth\u00e9rapie \u00e0 prix juste!","url":"https:\/\/lesmeditationsdalisea.com\/","logo":{"@type":"ImageObject","inLanguage":"fr-FR","@id":"https:\/\/lesmeditationsdalisea.com\/#\/schema\/logo\/image\/","url":"https:\/\/lesmeditationsdalisea.com\/wp-content\/uploads\/2023\/10\/LogoFondTransparent.png","contentUrl":"https:\/\/lesmeditationsdalisea.com\/wp-content\/uploads\/2023\/10\/LogoFondTransparent.png","width":500,"height":353,"caption":"Les M\u00e9ditations d'Alis\u00e9a"},"image":{"@id":"https:\/\/lesmeditationsdalisea.com\/#\/schema\/logo\/image\/"},"sameAs":["https:\/\/www.facebook.com\/lesmeditationsdalisea\/","https:\/\/www.instagram.com\/lesmeditationsdalisea\/","https:\/\/www.tiktok.com\/@lesmeditationsdalisea"]}]}},"_links":{"self":[{"href":"https:\/\/lesmeditationsdalisea.com\/index.php\/wp-json\/wp\/v2\/pages\/469","targetHints":{"allow":["GET"]}}],"collection":[{"href":"https:\/\/lesmeditationsdalisea.com\/index.php\/wp-json\/wp\/v2\/pages"}],"about":[{"href":"https:\/\/lesmeditationsdalisea.com\/index.php\/wp-json\/wp\/v2\/types\/page"}],"author":[{"embeddable":true,"href":"https:\/\/lesmeditationsdalisea.com\/index.php\/wp-json\/wp\/v2\/users\/2"}],"replies":[{"embeddable":true,"href":"https:\/\/lesmeditationsdalisea.com\/index.php\/wp-json\/wp\/v2\/comments?post=469"}],"version-history":[{"count":3,"href":"https:\/\/lesmeditationsdalisea.com\/index.php\/wp-json\/wp\/v2\/pages\/469\/revisions"}],"predecessor-version":[{"id":5852,"href":"https:\/\/lesmeditationsdalisea.com\/index.php\/wp-json\/wp\/v2\/pages\/469\/revisions\/5852"}],"wp:attachment":[{"href":"https:\/\/lesmeditationsdalisea.com\/index.php\/wp-json\/wp\/v2\/media?parent=469"}],"curies":[{"name":"wp","href":"https:\/\/api.w.org\/{rel}","templated":true}]}}