{"id":471,"date":"2023-11-20T12:25:07","date_gmt":"2023-11-20T11:25:07","guid":{"rendered":"https:\/\/lesmeditationsdalisea.com\/?page_id=471"},"modified":"2023-11-20T12:25:08","modified_gmt":"2023-11-20T11:25:08","slug":"conditions-generales-de-vente","status":"publish","type":"page","link":"https:\/\/lesmeditationsdalisea.com\/index.php\/conditions-generales-de-vente\/","title":{"rendered":"Conditions g\u00e9n\u00e9rales de vente"},"content":{"rendered":"\n<p><strong>Pr\u00e9ambule<\/strong><\/p>\n\n\n\n<p>Les pr\u00e9sentes Conditions G\u00e9n\u00e9rales de Vente (ci-apr\u00e8s les \u00ab\u00a0CGV\u00a0\u00bb) s&rsquo;appliquent \u00e0 toutes les ventes de Produits r\u00e9alis\u00e9es par l&rsquo;interm\u00e9diaire du Service entre le <strong>Lmda-bijoux<\/strong> et l&rsquo;Acheteur. Elles ont vocation \u00e0 r\u00e9gir les relations entre <strong>Lmda-bijoux<\/strong> et les Acheteurs de Produits.&nbsp;<\/p>\n\n\n\n<p><strong>1. Conclusion du contrat de vente entre l&rsquo;acheteur et le vendeur<\/strong><\/p>\n\n\n\n<ol class=\"wp-block-list\">\n<li>Les Produits sont pr\u00e9sent\u00e9s sur le Site avec un descriptif mettant l&rsquo;Acheteur en mesure de conna\u00eetre leurs caract\u00e9ristiques essentielles, leur prix et le d\u00e9lai de livraison du Produit.<\/li>\n\n\n\n<li>L&rsquo;Acheteur s\u00e9lectionne le ou les Produits qu&rsquo;il souhaite acheter.<\/li>\n\n\n\n<li>Il confirme son choix de Produit(s) et prend connaissance et accepte les pr\u00e9sentes CGV par un clic de validation.<\/li>\n<\/ol>\n\n\n\n<p>4. L&rsquo;Acheteur re\u00e7oit un email de confirmation de l\u2019enregistrement de sa commande.<br>5. <strong>Lmda-bijoux<\/strong> est inform\u00e9 qu&rsquo;un ou plusieurs des Produits qu&rsquo;il a mis en ligne a fait l&rsquo;objet d&rsquo;une commande.<br>6. <strong>Lmda-bijoux<\/strong> s&rsquo;engage \u00e0 confirmer la ou les commande(s) de l&rsquo;Acheteur dans un d\u00e9lai de 2 jours ouvr\u00e9s suivant l&rsquo;information re\u00e7ue telle que vis\u00e9e au point 5). En l&rsquo;absence de confirmation de la commande dans le d\u00e9lai vis\u00e9 au point 6), le contrat conclu entre l&rsquo;Acheteur et <strong>Lmda-bijoux<\/strong> est automatiquement annul\u00e9 et chacune des parties est lib\u00e9r\u00e9e de ses obligations. En particulier, l&rsquo;Acheteur est assur\u00e9 que son compte bancaire sera recr\u00e9dit\u00e9. Les offres de Produits de <strong>Lmda-bijoux<\/strong> sont valables tant qu\u2019ils sont visibles sur le Site, dans la limite des stocks disponibles. De fa\u00e7on g\u00e9n\u00e9rale, dans l&rsquo;\u00e9ventualit\u00e9 d&rsquo;une indisponibilit\u00e9 exceptionnelle de Produit apr\u00e8s passation de la commande de l\u2019Acheteur,<strong>Lmda-bijoux <\/strong>en informera l\u2019Acheteur \u00e0 l\u2019aide de l\u2019outil de messagerie mis \u00e0 disposition dans le cadre du Service et la commande sera automatiquement annul\u00e9e et l&rsquo;Acheteur est assur\u00e9 que son compte bancaire ne sera pas d\u00e9bit\u00e9. De m\u00eame, dans le cas particulier o\u00f9 un m\u00eame Produit fait l&rsquo;objet d&rsquo;une commande par plusieurs Acheteurs \u00e0 la fois, et en fonction de la disponibilit\u00e9 de ce Produit (produit p\u00e9nurique, unique), celui-ci ne sera vendu qu&rsquo;au premier Acheteur qui enregistre sa commande. Les autres Acheteurs seront alors inform\u00e9s de l\u2019annulation de leur commande. Toutefois, seul le contrat portant sur la vente du (des) Produit(s) non disponible(s) est vis\u00e9 par cette annulation.<br>7. Une fois la commande confirm\u00e9e par&nbsp; <strong>Lmda-bijoux<\/strong>, un email est adress\u00e9 \u00e0 l&rsquo;Acheteur pour confirmer et r\u00e9capituler sa commande et le Vendeur prend de fait l&rsquo;engagement ferme de livrer les Produits dans le d\u00e9lai vis\u00e9 et le compte bancaire de l&rsquo;Acheteur est d\u00e9bit\u00e9 du montant de la commande<\/p>\n\n\n\n<p><strong>2. Prix et paiement<\/strong><\/p>\n\n\n\n<p>Le prix d&rsquo;achat du Produit est fix\u00e9 par <strong>Lmda-bijoux<\/strong>. Il est mentionn\u00e9 en euros TTC sur la fiche descriptive, mais hors frais de livraison, ces derniers \u00e9tant ajout\u00e9s avant la validation de la commande suivant le bar\u00e8me indiqu\u00e9 par <strong>Lmda-bijoux <\/strong>sur la fiche descriptive.<\/p>\n\n\n\n<p>Pour rappel, le fait pour l\u2019Acheteur de valider sa commande implique l\u2019obligation \u00e0 sa charge de payer le prix indiqu\u00e9.<\/p>\n\n\n\n<p>Le r\u00e8glement des achats r\u00e9alis\u00e9s sur&nbsp; <strong>Lmda-bijoux<\/strong> peuvent s&rsquo;effectuer seulement par paypal.<br><\/p>\n\n\n\n<p><strong>3. Modes et frais d&rsquo;exp\u00e9dition<\/strong><\/p>\n\n\n\n<p>L\u2019Acheteur choisit lors de son achat parmi les modalit\u00e9s de livraison qui sont propos\u00e9es par <strong>Lmda-bijoux<\/strong>, et selon les tarifs indiqu\u00e9s.<\/p>\n\n\n\n<p><strong>Lmda-bijoux<\/strong> s&rsquo;engage \u00e0 adresser \u00e0 l&rsquo;Acheteur le ou les Produits command\u00e9(s) dans un d\u00e9lai de 5&nbsp; jours ouvr\u00e9s suivant la date de confirmation de commande; <strong>Lmda-bijoux<\/strong> prenant de fait l&rsquo;engagement ferme d&rsquo;exp\u00e9dier les Produits dans le d\u00e9lai vis\u00e9.<\/p>\n\n\n\n<p>Les Produits sont livr\u00e9s \u00e0 l&rsquo;adresse indiqu\u00e9e par l&rsquo;Acheteur dans sa fiche client, et achemin\u00e9e dans les conditions qu&rsquo;il a choisies lors de sa commande.<\/p>\n\n\n\n<p>Les Produits voyagent aux frais et aux risques <strong>Lmda-bijoux<\/strong>. D\u00e8s le moment o\u00f9 l\u2019Acheteur prend possession physiquement des produits command\u00e9s, les risques de perte ou d\u2019endommagement des produits lui sont transf\u00e9r\u00e9s.<\/p>\n\n\n\n<p>R\u00e9serves : Lors de la r\u00e9ception du ou des Produits command\u00e9s, l\u2019Acheteur doit notifier au transporteur, \u00e0 <strong>Lmda-bijoux<\/strong> \u00e0 l\u2019aide de l\u2019outil de messagerie (contact@lmda-bijoux.com) et par tout autre moyen toutes r\u00e9serves sur le Produit livr\u00e9 (par exemple : colis endommag\u00e9, d\u00e9j\u00e0 ouvert&#8230;).<\/p>\n\n\n\n<p><strong>4. Droit de r\u00e9tractation<\/strong><\/p>\n\n\n\n<p>Conform\u00e9ment aux dispositions l\u00e9gales en vigueur, l&rsquo;Acheteur dispose d&rsquo;un d\u00e9lai de 14 jours \u00e0 compter de la r\u00e9ception du (des) Produit(s) command\u00e9s pour exercer, aupr\u00e8s de <strong>Lmda-bijoux<\/strong>, son droit de r\u00e9tractation, sans avoir \u00e0 justifier de motifs ni \u00e0 payer de p\u00e9nalit\u00e9.<\/p>\n\n\n\n<p>En cas d&rsquo;exercice du droit de r\u00e9tractation dans le d\u00e9lai susvis\u00e9, seul le prix du ou des Produits achet\u00e9(s) et les frais d&rsquo;envoi seront rembours\u00e9s les frais de retour restant \u00e0 la charge de l&rsquo;Acheteur.<\/p>\n\n\n\n<p>Les retours sont \u00e0 effectuer dans leur \u00e9tat d&rsquo;origine et complets (emballage, accessoires, notice&#8230;) dans un conditionnement identique \u00e0 celui utilis\u00e9 lors de l&rsquo;exp\u00e9dition permettant leur recommercialisation.<\/p>\n\n\n\n<p>Les retours doivent \u00e9galement \u00eatre accompagn\u00e9s d\u2019un justificatif d\u2019achat d\u2019une copie de la facture ou du bon de livraison d&rsquo;achat pour une gestion optimis\u00e9e.<\/p>\n\n\n\n<p>Conform\u00e9ment \u00e0 la r\u00e9glementation en vigueur (article L121-21-8 code consommation), le droit de r\u00e9tractation ne peut \u00eatre exerc\u00e9 notamment pour :<\/p>\n\n\n\n<ul class=\"wp-block-list\">\n<li>la fourniture de biens qui ont \u00e9t\u00e9 descell\u00e9s par le consommateur apr\u00e8s la livraison et qui ne peuvent \u00eatre renvoy\u00e9s pour des raisons d&rsquo;hygi\u00e8ne ou de protection de la sant\u00e9&nbsp;<\/li>\n<\/ul>\n\n\n\n<p>Lorsqu\u2019il est applicable, l&rsquo;Acheteur exerce son droit de r\u00e9tractation directement aupr\u00e8s de <strong>Lmda-bijoux <\/strong>c \u00e0 l&rsquo;aide :<\/p>\n\n\n\n<ul class=\"wp-block-list\">\n<li>de l&#8217;email de contact : contact@lmda-bijoux.com<\/li>\n\n\n\n<li>ou par tout moyen et notamment par mail exprimant la volont\u00e9 de l\u2019Acheteur de se r\u00e9tracter sans aucune ambigu\u00eft\u00e9, et mentionnant la commande concern\u00e9e par cette r\u00e9tractation \u00e0 l\u2019aide de l&rsquo;outil de messagerie mis \u00e0 sa disposition dans le cadre du Service.<\/li>\n<\/ul>\n\n\n\n<p>Une fois le formulaire ou la d\u00e9claration de r\u00e9tractation envoy\u00e9e \u00e0 <strong>Lmda-bijoux<\/strong>, l\u2019Acheteur doit renvoyer le ou les Produits concern\u00e9s \u00e0 <strong>Lmda-bijoux <\/strong>dans un d\u00e9lai raisonnable et, au plus tard, dans les 14 jours suivant la communication au Vendeur de la d\u00e9cision de l\u2019Acheteur de se r\u00e9tracter.<\/p>\n\n\n\n<p>Le remboursement des Produits retourn\u00e9s est effectu\u00e9 par <strong>Lmda-bijoux<\/strong> dans les conditions suivantes : <strong>Lmda-bijoux<\/strong> proc\u00e9dera au remboursement des sommes vers\u00e9es (except\u00e9 les frais de livraison ; au plus tard dans les 14 jours \u00e0 compter de la date \u00e0 laquelle le droit a \u00e9t\u00e9 exerc\u00e9 aupr\u00e8s de <strong>Lmda-bijoux <\/strong>d\u00e8s qu&rsquo;elle en aura \u00e9t\u00e9 inform\u00e9 ; selon le m\u00eame moyen de paiement que celui utilis\u00e9 pour la commande. Cette date de remboursement pouvant \u00eatre diff\u00e9r\u00e9e jusqu\u2019\u00e0 r\u00e9cup\u00e9ration du Produit ou jusqu\u2019\u00e0 ce que l\u2019Acheteur ait fourni simultan\u00e9ment \u00e0 <strong>Lmda-bijoux<\/strong> une preuve de l\u2019exp\u00e9dition du Produit, la date retenue \u00e9tant celle du premier de ces faits.<\/p>\n\n\n\n<p><strong>5. Litiges &#8211; Contestations<\/strong><\/p>\n\n\n\n<p>A tout moment, l\u2019Acheteur a la possibilit\u00e9 de contacter <strong>Lmda-bijoux,<\/strong> d\u2019adresser toute demande, r\u00e9clamation relative aux Produits command\u00e9s en utilisant l\u2019outil de messagerie mis \u00e0 disposition dans le cadre du Service notamment pour faire valoir ses garanties quand elles sont en cours.<\/p>\n\n\n\n<p>L&rsquo;Acheteur et <strong>Lmda-bijoux<\/strong> feront leurs meilleurs efforts pour parvenir \u00e0 la r\u00e9solution amiable du litige.<\/p>\n\n\n\n<p>Selon les cas, le litige d\u00e9clar\u00e9 donnera lieu soit au renvoi du Produit command\u00e9 soit au remboursement.<\/p>\n\n\n\n<p><strong>6. Garanties<\/strong><\/p>\n\n\n\n<p>Conform\u00e9ment aux dispositions l\u00e9gales en vigueur relatives \u00e0 la conformit\u00e9 du bien au contrat ou aux vices cach\u00e9s (vis\u00e9es dans l&rsquo;encadr\u00e9 ci-dessous et dont les textes sont rappel\u00e9s en Annexe des pr\u00e9sentes CGV) les Produits d\u00e9fectueux (sans que cela ne soit du fait de l\u2019Acheteur) ou ne correspondant pas \u00e0 la commande seront rembours\u00e9s ou \u00e9chang\u00e9s au choix de l\u2019Acheteur.<\/p>\n\n\n\n<p>Les Produits doivent \u00eatre retourn\u00e9s \u00e0 <strong>Lmda-bijoux<\/strong> dans l&rsquo;\u00e9tat dans lequel ils ont \u00e9t\u00e9 re\u00e7us avec l&rsquo;ensemble des \u00e9l\u00e9ments (accessoires, emballage, notice&#8230;).<\/p>\n\n\n\n<p>Les frais d&rsquo;envoi ne seront pas rembours\u00e9s \u00e0 l\u2019Acheteur et seul les frais d&rsquo;envoi d&rsquo;un produit de remplacement seront pris en charge par <strong>Lmda-bijoux.<\/strong><\/p>\n\n\n\n<p><strong>7. Donn\u00e9es personnelles<br><\/strong>L&rsquo;Acheteur est inform\u00e9 que l&rsquo;ensemble des donn\u00e9es collect\u00e9es dans le cadre du Service lors de la passation des commandes sont trait\u00e9es par <strong>Lmda-bijoux <\/strong>aux fins de traitement desdites commandes. Elles ne peuvent en aucun cas \u00eatre utilis\u00e9es \u00e0 d&rsquo;autres fins.<\/p>\n\n\n\n<p><strong>Lmda-bijoux<\/strong> s&rsquo;engage \u00e0 assurer la s\u00e9curit\u00e9 des donn\u00e9es \u00e0 caract\u00e8re personnel qu&rsquo;il conserve pour les besoins de la r\u00e9alisation et du suivi des commandes.<br><\/p>\n\n\n\n<p><strong>9. Nullit\u00e9 partielle<\/strong><\/p>\n\n\n\n<p>Si une ou plusieurs stipulations des pr\u00e9sentes CGV sont tenues pour non valides ou d\u00e9clar\u00e9es comme tel en application d&rsquo;une loi, d&rsquo;un r\u00e8glement ou d&rsquo;une d\u00e9cision d\u00e9finitive d&rsquo;une juridiction comp\u00e9tente, les autres stipulations garderont toute leur force et toute leur port\u00e9e.<br><\/p>\n\n\n\n<p><strong>10. Loi applicable<\/strong><\/p>\n\n\n\n<p>Les pr\u00e9sentes conditions g\u00e9n\u00e9rales sont soumises au droit fran\u00e7ais. Tout litige relatif \u00e0 leur interpr\u00e9tation et\/ou \u00e0 leur ex\u00e9cution rel\u00e8ve des juridictions fran\u00e7aises.<\/p>\n","protected":false},"excerpt":{"rendered":"<p>Pr\u00e9ambule Les pr\u00e9sentes Conditions G\u00e9n\u00e9rales de Vente (ci-apr\u00e8s les \u00ab\u00a0CGV\u00a0\u00bb) s&rsquo;appliquent \u00e0 toutes les ventes de Produits r\u00e9alis\u00e9es par l&rsquo;interm\u00e9diaire du Service entre le Lmda-bijoux et l&rsquo;Acheteur. Elles ont vocation [&hellip;]<\/p>\n","protected":false},"author":2,"featured_media":0,"parent":0,"menu_order":0,"comment_status":"closed","ping_status":"closed","template":"","meta":{"footnotes":""},"class_list":["post-471","page","type-page","status-publish","hentry"],"yoast_head":"<!-- This site is optimized with the Yoast SEO Premium plugin v26.4 (Yoast SEO v27.4) - https:\/\/yoast.com\/product\/yoast-seo-premium-wordpress\/ -->\n<title>Conditions g\u00e9n\u00e9rales de vente -<\/title>\n<meta name=\"robots\" content=\"index, follow, max-snippet:-1, max-image-preview:large, max-video-preview:-1\" \/>\n<link rel=\"canonical\" href=\"https:\/\/lesmeditationsdalisea.com\/index.php\/conditions-generales-de-vente\/\" \/>\n<meta property=\"og:locale\" content=\"fr_FR\" \/>\n<meta property=\"og:type\" content=\"article\" \/>\n<meta property=\"og:title\" content=\"Conditions g\u00e9n\u00e9rales de vente\" \/>\n<meta property=\"og:description\" content=\"Pr\u00e9ambule Les pr\u00e9sentes Conditions G\u00e9n\u00e9rales de Vente (ci-apr\u00e8s les \u00ab\u00a0CGV\u00a0\u00bb) s&rsquo;appliquent \u00e0 toutes les ventes de Produits r\u00e9alis\u00e9es par l&rsquo;interm\u00e9diaire du Service entre le Lmda-bijoux et l&rsquo;Acheteur. Elles ont vocation [&hellip;]\" \/>\n<meta property=\"og:url\" content=\"https:\/\/lesmeditationsdalisea.com\/index.php\/conditions-generales-de-vente\/\" \/>\n<meta property=\"article:publisher\" content=\"https:\/\/www.facebook.com\/lesmeditationsdalisea\/\" \/>\n<meta property=\"article:modified_time\" content=\"2023-11-20T11:25:08+00:00\" \/>\n<meta name=\"twitter:card\" content=\"summary_large_image\" \/>\n<meta name=\"twitter:label1\" content=\"Dur\u00e9e de lecture estim\u00e9e\" \/>\n\t<meta name=\"twitter:data1\" content=\"7 minutes\" \/>\n<script type=\"application\/ld+json\" class=\"yoast-schema-graph\">{\"@context\":\"https:\\\/\\\/schema.org\",\"@graph\":[{\"@type\":\"WebPage\",\"@id\":\"https:\\\/\\\/lesmeditationsdalisea.com\\\/index.php\\\/conditions-generales-de-vente\\\/\",\"url\":\"https:\\\/\\\/lesmeditationsdalisea.com\\\/index.php\\\/conditions-generales-de-vente\\\/\",\"name\":\"Conditions g\u00e9n\u00e9rales de vente -\",\"isPartOf\":{\"@id\":\"https:\\\/\\\/lesmeditationsdalisea.com\\\/#website\"},\"datePublished\":\"2023-11-20T11:25:07+00:00\",\"dateModified\":\"2023-11-20T11:25:08+00:00\",\"breadcrumb\":{\"@id\":\"https:\\\/\\\/lesmeditationsdalisea.com\\\/index.php\\\/conditions-generales-de-vente\\\/#breadcrumb\"},\"inLanguage\":\"fr-FR\",\"potentialAction\":[{\"@type\":\"ReadAction\",\"target\":[\"https:\\\/\\\/lesmeditationsdalisea.com\\\/index.php\\\/conditions-generales-de-vente\\\/\"]}]},{\"@type\":\"BreadcrumbList\",\"@id\":\"https:\\\/\\\/lesmeditationsdalisea.com\\\/index.php\\\/conditions-generales-de-vente\\\/#breadcrumb\",\"itemListElement\":[{\"@type\":\"ListItem\",\"position\":1,\"name\":\"Accueil\",\"item\":\"https:\\\/\\\/lesmeditationsdalisea.com\\\/\"},{\"@type\":\"ListItem\",\"position\":2,\"name\":\"Conditions g\u00e9n\u00e9rales de vente\"}]},{\"@type\":\"WebSite\",\"@id\":\"https:\\\/\\\/lesmeditationsdalisea.com\\\/#website\",\"url\":\"https:\\\/\\\/lesmeditationsdalisea.com\\\/\",\"name\":\"Les M\u00e9ditations d'Alis\u00e9a\",\"description\":\"\",\"publisher\":{\"@id\":\"https:\\\/\\\/lesmeditationsdalisea.com\\\/#organization\"},\"potentialAction\":[{\"@type\":\"SearchAction\",\"target\":{\"@type\":\"EntryPoint\",\"urlTemplate\":\"https:\\\/\\\/lesmeditationsdalisea.com\\\/?s={search_term_string}\"},\"query-input\":{\"@type\":\"PropertyValueSpecification\",\"valueRequired\":true,\"valueName\":\"search_term_string\"}}],\"inLanguage\":\"fr-FR\"},{\"@type\":\"Organization\",\"@id\":\"https:\\\/\\\/lesmeditationsdalisea.com\\\/#organization\",\"name\":\"Les M\u00e9ditations d'Alis\u00e9a\",\"alternateName\":\"La Lithoth\u00e9rapie \u00e0 prix juste!\",\"url\":\"https:\\\/\\\/lesmeditationsdalisea.com\\\/\",\"logo\":{\"@type\":\"ImageObject\",\"inLanguage\":\"fr-FR\",\"@id\":\"https:\\\/\\\/lesmeditationsdalisea.com\\\/#\\\/schema\\\/logo\\\/image\\\/\",\"url\":\"https:\\\/\\\/lesmeditationsdalisea.com\\\/wp-content\\\/uploads\\\/2023\\\/10\\\/LogoFondTransparent.png\",\"contentUrl\":\"https:\\\/\\\/lesmeditationsdalisea.com\\\/wp-content\\\/uploads\\\/2023\\\/10\\\/LogoFondTransparent.png\",\"width\":500,\"height\":353,\"caption\":\"Les M\u00e9ditations d'Alis\u00e9a\"},\"image\":{\"@id\":\"https:\\\/\\\/lesmeditationsdalisea.com\\\/#\\\/schema\\\/logo\\\/image\\\/\"},\"sameAs\":[\"https:\\\/\\\/www.facebook.com\\\/lesmeditationsdalisea\\\/\",\"https:\\\/\\\/www.instagram.com\\\/lesmeditationsdalisea\\\/\",\"https:\\\/\\\/www.tiktok.com\\\/@lesmeditationsdalisea\"]}]}<\/script>\n<!-- \/ Yoast SEO Premium plugin. -->","yoast_head_json":{"title":"Conditions g\u00e9n\u00e9rales de vente -","robots":{"index":"index","follow":"follow","max-snippet":"max-snippet:-1","max-image-preview":"max-image-preview:large","max-video-preview":"max-video-preview:-1"},"canonical":"https:\/\/lesmeditationsdalisea.com\/index.php\/conditions-generales-de-vente\/","og_locale":"fr_FR","og_type":"article","og_title":"Conditions g\u00e9n\u00e9rales de vente","og_description":"Pr\u00e9ambule Les pr\u00e9sentes Conditions G\u00e9n\u00e9rales de Vente (ci-apr\u00e8s les \u00ab\u00a0CGV\u00a0\u00bb) s&rsquo;appliquent \u00e0 toutes les ventes de Produits r\u00e9alis\u00e9es par l&rsquo;interm\u00e9diaire du Service entre le Lmda-bijoux et l&rsquo;Acheteur. Elles ont vocation [&hellip;]","og_url":"https:\/\/lesmeditationsdalisea.com\/index.php\/conditions-generales-de-vente\/","article_publisher":"https:\/\/www.facebook.com\/lesmeditationsdalisea\/","article_modified_time":"2023-11-20T11:25:08+00:00","twitter_card":"summary_large_image","twitter_misc":{"Dur\u00e9e de lecture estim\u00e9e":"7 minutes"},"schema":{"@context":"https:\/\/schema.org","@graph":[{"@type":"WebPage","@id":"https:\/\/lesmeditationsdalisea.com\/index.php\/conditions-generales-de-vente\/","url":"https:\/\/lesmeditationsdalisea.com\/index.php\/conditions-generales-de-vente\/","name":"Conditions g\u00e9n\u00e9rales de vente -","isPartOf":{"@id":"https:\/\/lesmeditationsdalisea.com\/#website"},"datePublished":"2023-11-20T11:25:07+00:00","dateModified":"2023-11-20T11:25:08+00:00","breadcrumb":{"@id":"https:\/\/lesmeditationsdalisea.com\/index.php\/conditions-generales-de-vente\/#breadcrumb"},"inLanguage":"fr-FR","potentialAction":[{"@type":"ReadAction","target":["https:\/\/lesmeditationsdalisea.com\/index.php\/conditions-generales-de-vente\/"]}]},{"@type":"BreadcrumbList","@id":"https:\/\/lesmeditationsdalisea.com\/index.php\/conditions-generales-de-vente\/#breadcrumb","itemListElement":[{"@type":"ListItem","position":1,"name":"Accueil","item":"https:\/\/lesmeditationsdalisea.com\/"},{"@type":"ListItem","position":2,"name":"Conditions g\u00e9n\u00e9rales de vente"}]},{"@type":"WebSite","@id":"https:\/\/lesmeditationsdalisea.com\/#website","url":"https:\/\/lesmeditationsdalisea.com\/","name":"Les M\u00e9ditations d'Alis\u00e9a","description":"","publisher":{"@id":"https:\/\/lesmeditationsdalisea.com\/#organization"},"potentialAction":[{"@type":"SearchAction","target":{"@type":"EntryPoint","urlTemplate":"https:\/\/lesmeditationsdalisea.com\/?s={search_term_string}"},"query-input":{"@type":"PropertyValueSpecification","valueRequired":true,"valueName":"search_term_string"}}],"inLanguage":"fr-FR"},{"@type":"Organization","@id":"https:\/\/lesmeditationsdalisea.com\/#organization","name":"Les M\u00e9ditations d'Alis\u00e9a","alternateName":"La Lithoth\u00e9rapie \u00e0 prix juste!","url":"https:\/\/lesmeditationsdalisea.com\/","logo":{"@type":"ImageObject","inLanguage":"fr-FR","@id":"https:\/\/lesmeditationsdalisea.com\/#\/schema\/logo\/image\/","url":"https:\/\/lesmeditationsdalisea.com\/wp-content\/uploads\/2023\/10\/LogoFondTransparent.png","contentUrl":"https:\/\/lesmeditationsdalisea.com\/wp-content\/uploads\/2023\/10\/LogoFondTransparent.png","width":500,"height":353,"caption":"Les M\u00e9ditations d'Alis\u00e9a"},"image":{"@id":"https:\/\/lesmeditationsdalisea.com\/#\/schema\/logo\/image\/"},"sameAs":["https:\/\/www.facebook.com\/lesmeditationsdalisea\/","https:\/\/www.instagram.com\/lesmeditationsdalisea\/","https:\/\/www.tiktok.com\/@lesmeditationsdalisea"]}]}},"_links":{"self":[{"href":"https:\/\/lesmeditationsdalisea.com\/index.php\/wp-json\/wp\/v2\/pages\/471","targetHints":{"allow":["GET"]}}],"collection":[{"href":"https:\/\/lesmeditationsdalisea.com\/index.php\/wp-json\/wp\/v2\/pages"}],"about":[{"href":"https:\/\/lesmeditationsdalisea.com\/index.php\/wp-json\/wp\/v2\/types\/page"}],"author":[{"embeddable":true,"href":"https:\/\/lesmeditationsdalisea.com\/index.php\/wp-json\/wp\/v2\/users\/2"}],"replies":[{"embeddable":true,"href":"https:\/\/lesmeditationsdalisea.com\/index.php\/wp-json\/wp\/v2\/comments?post=471"}],"version-history":[{"count":1,"href":"https:\/\/lesmeditationsdalisea.com\/index.php\/wp-json\/wp\/v2\/pages\/471\/revisions"}],"predecessor-version":[{"id":472,"href":"https:\/\/lesmeditationsdalisea.com\/index.php\/wp-json\/wp\/v2\/pages\/471\/revisions\/472"}],"wp:attachment":[{"href":"https:\/\/lesmeditationsdalisea.com\/index.php\/wp-json\/wp\/v2\/media?parent=471"}],"curies":[{"name":"wp","href":"https:\/\/api.w.org\/{rel}","templated":true}]}}