{"id":5255,"date":"2025-08-19T12:27:05","date_gmt":"2025-08-19T10:27:05","guid":{"rendered":"https:\/\/lesmeditationsdalisea.com\/?page_id=5255"},"modified":"2026-02-21T09:01:29","modified_gmt":"2026-02-21T08:01:29","slug":"sejours-bien-etre-tourisme-vert-retraite-bien-etre","status":"publish","type":"page","link":"https:\/\/lesmeditationsdalisea.com\/index.php\/sejours-bien-etre-tourisme-vert-retraite-bien-etre\/","title":{"rendered":"S\u00e9jours Bien-\u00eatre"},"content":{"rendered":"\n<div class=\"wp-block-columns is-layout-flex wp-container-core-columns-is-layout-28f84493 wp-block-columns-is-layout-flex\">\n<div class=\"wp-block-column is-layout-flow wp-block-column-is-layout-flow\">\n<figure class=\"wp-block-gallery has-nested-images columns-default is-cropped wp-block-gallery-1 is-layout-flex wp-block-gallery-is-layout-flex\">\n<figure class=\"wp-block-image size-large\"><img loading=\"lazy\" decoding=\"async\" width=\"819\" height=\"1024\" data-id=\"5999\" src=\"https:\/\/lesmeditationsdalisea.com\/wp-content\/uploads\/2026\/02\/OEUF-DE-LUMIERE-1-819x1024.jpg\" alt=\"\" class=\"wp-image-5999\" srcset=\"https:\/\/lesmeditationsdalisea.com\/wp-content\/uploads\/2026\/02\/OEUF-DE-LUMIERE-1-819x1024.jpg 819w, https:\/\/lesmeditationsdalisea.com\/wp-content\/uploads\/2026\/02\/OEUF-DE-LUMIERE-1-240x300.jpg 240w, https:\/\/lesmeditationsdalisea.com\/wp-content\/uploads\/2026\/02\/OEUF-DE-LUMIERE-1-768x960.jpg 768w, https:\/\/lesmeditationsdalisea.com\/wp-content\/uploads\/2026\/02\/OEUF-DE-LUMIERE-1-920x1150.jpg 920w, https:\/\/lesmeditationsdalisea.com\/wp-content\/uploads\/2026\/02\/OEUF-DE-LUMIERE-1-575x719.jpg 575w, https:\/\/lesmeditationsdalisea.com\/wp-content\/uploads\/2026\/02\/OEUF-DE-LUMIERE-1-380x475.jpg 380w, https:\/\/lesmeditationsdalisea.com\/wp-content\/uploads\/2026\/02\/OEUF-DE-LUMIERE-1-800x1000.jpg 800w, https:\/\/lesmeditationsdalisea.com\/wp-content\/uploads\/2026\/02\/OEUF-DE-LUMIERE-1.jpg 1080w\" sizes=\"auto, (max-width: 819px) 100vw, 819px\" \/><\/figure>\n<\/figure>\n<\/div>\n\n\n\n<div class=\"wp-block-column is-layout-flow wp-block-column-is-layout-flow\">\n<figure class=\"wp-block-image size-large\"><img loading=\"lazy\" decoding=\"async\" width=\"819\" height=\"1024\" src=\"https:\/\/lesmeditationsdalisea.com\/wp-content\/uploads\/2026\/02\/OEUF-DE-LUMIERE-819x1024.jpg\" alt=\"\" class=\"wp-image-5998\" srcset=\"https:\/\/lesmeditationsdalisea.com\/wp-content\/uploads\/2026\/02\/OEUF-DE-LUMIERE-819x1024.jpg 819w, https:\/\/lesmeditationsdalisea.com\/wp-content\/uploads\/2026\/02\/OEUF-DE-LUMIERE-240x300.jpg 240w, https:\/\/lesmeditationsdalisea.com\/wp-content\/uploads\/2026\/02\/OEUF-DE-LUMIERE-768x960.jpg 768w, https:\/\/lesmeditationsdalisea.com\/wp-content\/uploads\/2026\/02\/OEUF-DE-LUMIERE-920x1150.jpg 920w, https:\/\/lesmeditationsdalisea.com\/wp-content\/uploads\/2026\/02\/OEUF-DE-LUMIERE-575x719.jpg 575w, https:\/\/lesmeditationsdalisea.com\/wp-content\/uploads\/2026\/02\/OEUF-DE-LUMIERE-380x475.jpg 380w, https:\/\/lesmeditationsdalisea.com\/wp-content\/uploads\/2026\/02\/OEUF-DE-LUMIERE-800x1000.jpg 800w, https:\/\/lesmeditationsdalisea.com\/wp-content\/uploads\/2026\/02\/OEUF-DE-LUMIERE.jpg 1080w\" sizes=\"auto, (max-width: 819px) 100vw, 819px\" \/><\/figure>\n<\/div>\n<\/div>\n\n\n\n<div class=\"wp-block-columns is-layout-flex wp-container-core-columns-is-layout-28f84493 wp-block-columns-is-layout-flex\">\n<div class=\"wp-block-column is-layout-flow wp-block-column-is-layout-flow\">\n<figure class=\"wp-block-gallery has-nested-images columns-default is-cropped wp-block-gallery-2 is-layout-flex wp-block-gallery-is-layout-flex\"><\/figure>\n<\/div>\n\n\n\n<div class=\"wp-block-column is-layout-flow wp-block-column-is-layout-flow\">\n<figure class=\"wp-block-gallery has-nested-images columns-default is-cropped wp-block-gallery-3 is-layout-flex wp-block-gallery-is-layout-flex\"><\/figure>\n<\/div>\n<\/div>\n\n\n\n<div class=\"wp-block-columns is-layout-flex wp-container-core-columns-is-layout-28f84493 wp-block-columns-is-layout-flex\">\n<div class=\"wp-block-column is-layout-flow wp-block-column-is-layout-flow\">\n<figure class=\"wp-block-gallery has-nested-images columns-default is-cropped wp-block-gallery-4 is-layout-flex wp-block-gallery-is-layout-flex\"><\/figure>\n<\/div>\n\n\n\n<div class=\"wp-block-column is-layout-flow wp-block-column-is-layout-flow\">\n<figure class=\"wp-block-gallery has-nested-images columns-default is-cropped wp-block-gallery-5 is-layout-flex wp-block-gallery-is-layout-flex\"><\/figure>\n<\/div>\n<\/div>\n\n\n\n<div class=\"wp-block-columns is-layout-flex wp-container-core-columns-is-layout-28f84493 wp-block-columns-is-layout-flex\">\n<div class=\"wp-block-column is-layout-flow wp-block-column-is-layout-flow\">\n<figure class=\"wp-block-gallery has-nested-images columns-default is-cropped wp-block-gallery-6 is-layout-flex wp-block-gallery-is-layout-flex\"><\/figure>\n<\/div>\n\n\n\n<div class=\"wp-block-column is-layout-flow wp-block-column-is-layout-flow\">\n<figure class=\"wp-block-gallery has-nested-images columns-default is-cropped wp-block-gallery-7 is-layout-flex wp-block-gallery-is-layout-flex\"><\/figure>\n<\/div>\n<\/div>\n","protected":false},"excerpt":{"rendered":"","protected":false},"author":1,"featured_media":0,"parent":0,"menu_order":0,"comment_status":"closed","ping_status":"closed","template":"","meta":{"footnotes":""},"class_list":["post-5255","page","type-page","status-publish","hentry"],"yoast_head":"<!-- This site is optimized with the Yoast SEO Premium plugin v26.4 (Yoast SEO v27.3) - https:\/\/yoast.com\/product\/yoast-seo-premium-wordpress\/ -->\n<title>S\u00e9jours Bien-\u00eatre -<\/title>\n<meta name=\"description\" content=\"D\u00e9couvrez ici tous les s\u00e9jours que je propose, sous forme de retraite spirituelle. H\u00e9bergement, traiteurs, soins, tout est 100 % ardennais!\" \/>\n<meta name=\"robots\" content=\"index, follow, max-snippet:-1, max-image-preview:large, max-video-preview:-1\" \/>\n<link rel=\"canonical\" href=\"https:\/\/lesmeditationsdalisea.com\/index.php\/sejours-bien-etre-tourisme-vert-retraite-bien-etre\/\" \/>\n<meta property=\"og:locale\" content=\"fr_FR\" \/>\n<meta property=\"og:type\" content=\"article\" \/>\n<meta property=\"og:title\" content=\"S\u00e9jours Bien-\u00eatre\" \/>\n<meta property=\"og:description\" content=\"D\u00e9couvrez ici tous les s\u00e9jours que je propose, sous forme de retraite spirituelle. H\u00e9bergement, traiteurs, soins, tout est 100 % ardennais!\" \/>\n<meta property=\"og:url\" content=\"https:\/\/lesmeditationsdalisea.com\/index.php\/sejours-bien-etre-tourisme-vert-retraite-bien-etre\/\" \/>\n<meta property=\"article:publisher\" content=\"https:\/\/www.facebook.com\/lesmeditationsdalisea\/\" \/>\n<meta property=\"article:modified_time\" content=\"2026-02-21T08:01:29+00:00\" \/>\n<meta property=\"og:image\" content=\"https:\/\/lesmeditationsdalisea.com\/wp-content\/uploads\/2026\/02\/OEUF-DE-LUMIERE-1.jpg\" \/>\n\t<meta property=\"og:image:width\" content=\"1080\" \/>\n\t<meta property=\"og:image:height\" content=\"1350\" \/>\n\t<meta property=\"og:image:type\" content=\"image\/jpeg\" \/>\n<meta name=\"twitter:card\" content=\"summary_large_image\" \/>\n<meta name=\"twitter:label1\" content=\"Dur\u00e9e de lecture estim\u00e9e\" \/>\n\t<meta name=\"twitter:data1\" content=\"1 minute\" \/>\n<script type=\"application\/ld+json\" class=\"yoast-schema-graph\">{\"@context\":\"https:\\\/\\\/schema.org\",\"@graph\":[{\"@type\":\"WebPage\",\"@id\":\"https:\\\/\\\/lesmeditationsdalisea.com\\\/index.php\\\/sejours-bien-etre-tourisme-vert-retraite-bien-etre\\\/\",\"url\":\"https:\\\/\\\/lesmeditationsdalisea.com\\\/index.php\\\/sejours-bien-etre-tourisme-vert-retraite-bien-etre\\\/\",\"name\":\"S\u00e9jours Bien-\u00eatre -\",\"isPartOf\":{\"@id\":\"https:\\\/\\\/lesmeditationsdalisea.com\\\/#website\"},\"primaryImageOfPage\":{\"@id\":\"https:\\\/\\\/lesmeditationsdalisea.com\\\/index.php\\\/sejours-bien-etre-tourisme-vert-retraite-bien-etre\\\/#primaryimage\"},\"image\":{\"@id\":\"https:\\\/\\\/lesmeditationsdalisea.com\\\/index.php\\\/sejours-bien-etre-tourisme-vert-retraite-bien-etre\\\/#primaryimage\"},\"thumbnailUrl\":\"https:\\\/\\\/lesmeditationsdalisea.com\\\/wp-content\\\/uploads\\\/2026\\\/02\\\/OEUF-DE-LUMIERE-1-819x1024.jpg\",\"datePublished\":\"2025-08-19T10:27:05+00:00\",\"dateModified\":\"2026-02-21T08:01:29+00:00\",\"description\":\"D\u00e9couvrez ici tous les s\u00e9jours que je propose, sous forme de retraite spirituelle. H\u00e9bergement, traiteurs, soins, tout est 100 % ardennais!\",\"breadcrumb\":{\"@id\":\"https:\\\/\\\/lesmeditationsdalisea.com\\\/index.php\\\/sejours-bien-etre-tourisme-vert-retraite-bien-etre\\\/#breadcrumb\"},\"inLanguage\":\"fr-FR\",\"potentialAction\":[{\"@type\":\"ReadAction\",\"target\":[\"https:\\\/\\\/lesmeditationsdalisea.com\\\/index.php\\\/sejours-bien-etre-tourisme-vert-retraite-bien-etre\\\/\"]}]},{\"@type\":\"ImageObject\",\"inLanguage\":\"fr-FR\",\"@id\":\"https:\\\/\\\/lesmeditationsdalisea.com\\\/index.php\\\/sejours-bien-etre-tourisme-vert-retraite-bien-etre\\\/#primaryimage\",\"url\":\"https:\\\/\\\/lesmeditationsdalisea.com\\\/wp-content\\\/uploads\\\/2026\\\/02\\\/OEUF-DE-LUMIERE-1.jpg\",\"contentUrl\":\"https:\\\/\\\/lesmeditationsdalisea.com\\\/wp-content\\\/uploads\\\/2026\\\/02\\\/OEUF-DE-LUMIERE-1.jpg\",\"width\":1080,\"height\":1350},{\"@type\":\"BreadcrumbList\",\"@id\":\"https:\\\/\\\/lesmeditationsdalisea.com\\\/index.php\\\/sejours-bien-etre-tourisme-vert-retraite-bien-etre\\\/#breadcrumb\",\"itemListElement\":[{\"@type\":\"ListItem\",\"position\":1,\"name\":\"Accueil\",\"item\":\"https:\\\/\\\/lesmeditationsdalisea.com\\\/\"},{\"@type\":\"ListItem\",\"position\":2,\"name\":\"S\u00e9jours Bien-\u00eatre\"}]},{\"@type\":\"WebSite\",\"@id\":\"https:\\\/\\\/lesmeditationsdalisea.com\\\/#website\",\"url\":\"https:\\\/\\\/lesmeditationsdalisea.com\\\/\",\"name\":\"Les M\u00e9ditations d'Alis\u00e9a\",\"description\":\"\",\"publisher\":{\"@id\":\"https:\\\/\\\/lesmeditationsdalisea.com\\\/#organization\"},\"potentialAction\":[{\"@type\":\"SearchAction\",\"target\":{\"@type\":\"EntryPoint\",\"urlTemplate\":\"https:\\\/\\\/lesmeditationsdalisea.com\\\/?s={search_term_string}\"},\"query-input\":{\"@type\":\"PropertyValueSpecification\",\"valueRequired\":true,\"valueName\":\"search_term_string\"}}],\"inLanguage\":\"fr-FR\"},{\"@type\":\"Organization\",\"@id\":\"https:\\\/\\\/lesmeditationsdalisea.com\\\/#organization\",\"name\":\"Les M\u00e9ditations d'Alis\u00e9a\",\"alternateName\":\"La Lithoth\u00e9rapie \u00e0 prix juste!\",\"url\":\"https:\\\/\\\/lesmeditationsdalisea.com\\\/\",\"logo\":{\"@type\":\"ImageObject\",\"inLanguage\":\"fr-FR\",\"@id\":\"https:\\\/\\\/lesmeditationsdalisea.com\\\/#\\\/schema\\\/logo\\\/image\\\/\",\"url\":\"https:\\\/\\\/lesmeditationsdalisea.com\\\/wp-content\\\/uploads\\\/2023\\\/10\\\/LogoFondTransparent.png\",\"contentUrl\":\"https:\\\/\\\/lesmeditationsdalisea.com\\\/wp-content\\\/uploads\\\/2023\\\/10\\\/LogoFondTransparent.png\",\"width\":500,\"height\":353,\"caption\":\"Les M\u00e9ditations d'Alis\u00e9a\"},\"image\":{\"@id\":\"https:\\\/\\\/lesmeditationsdalisea.com\\\/#\\\/schema\\\/logo\\\/image\\\/\"},\"sameAs\":[\"https:\\\/\\\/www.facebook.com\\\/lesmeditationsdalisea\\\/\",\"https:\\\/\\\/www.instagram.com\\\/lesmeditationsdalisea\\\/\",\"https:\\\/\\\/www.tiktok.com\\\/@lesmeditationsdalisea\"]}]}<\/script>\n<!-- \/ Yoast SEO Premium plugin. -->","yoast_head_json":{"title":"S\u00e9jours Bien-\u00eatre -","description":"D\u00e9couvrez ici tous les s\u00e9jours que je propose, sous forme de retraite spirituelle. H\u00e9bergement, traiteurs, soins, tout est 100 % ardennais!","robots":{"index":"index","follow":"follow","max-snippet":"max-snippet:-1","max-image-preview":"max-image-preview:large","max-video-preview":"max-video-preview:-1"},"canonical":"https:\/\/lesmeditationsdalisea.com\/index.php\/sejours-bien-etre-tourisme-vert-retraite-bien-etre\/","og_locale":"fr_FR","og_type":"article","og_title":"S\u00e9jours Bien-\u00eatre","og_description":"D\u00e9couvrez ici tous les s\u00e9jours que je propose, sous forme de retraite spirituelle. H\u00e9bergement, traiteurs, soins, tout est 100 % ardennais!","og_url":"https:\/\/lesmeditationsdalisea.com\/index.php\/sejours-bien-etre-tourisme-vert-retraite-bien-etre\/","article_publisher":"https:\/\/www.facebook.com\/lesmeditationsdalisea\/","article_modified_time":"2026-02-21T08:01:29+00:00","og_image":[{"width":1080,"height":1350,"url":"https:\/\/lesmeditationsdalisea.com\/wp-content\/uploads\/2026\/02\/OEUF-DE-LUMIERE-1.jpg","type":"image\/jpeg"}],"twitter_card":"summary_large_image","twitter_misc":{"Dur\u00e9e de lecture estim\u00e9e":"1 minute"},"schema":{"@context":"https:\/\/schema.org","@graph":[{"@type":"WebPage","@id":"https:\/\/lesmeditationsdalisea.com\/index.php\/sejours-bien-etre-tourisme-vert-retraite-bien-etre\/","url":"https:\/\/lesmeditationsdalisea.com\/index.php\/sejours-bien-etre-tourisme-vert-retraite-bien-etre\/","name":"S\u00e9jours Bien-\u00eatre -","isPartOf":{"@id":"https:\/\/lesmeditationsdalisea.com\/#website"},"primaryImageOfPage":{"@id":"https:\/\/lesmeditationsdalisea.com\/index.php\/sejours-bien-etre-tourisme-vert-retraite-bien-etre\/#primaryimage"},"image":{"@id":"https:\/\/lesmeditationsdalisea.com\/index.php\/sejours-bien-etre-tourisme-vert-retraite-bien-etre\/#primaryimage"},"thumbnailUrl":"https:\/\/lesmeditationsdalisea.com\/wp-content\/uploads\/2026\/02\/OEUF-DE-LUMIERE-1-819x1024.jpg","datePublished":"2025-08-19T10:27:05+00:00","dateModified":"2026-02-21T08:01:29+00:00","description":"D\u00e9couvrez ici tous les s\u00e9jours que je propose, sous forme de retraite spirituelle. H\u00e9bergement, traiteurs, soins, tout est 100 % ardennais!","breadcrumb":{"@id":"https:\/\/lesmeditationsdalisea.com\/index.php\/sejours-bien-etre-tourisme-vert-retraite-bien-etre\/#breadcrumb"},"inLanguage":"fr-FR","potentialAction":[{"@type":"ReadAction","target":["https:\/\/lesmeditationsdalisea.com\/index.php\/sejours-bien-etre-tourisme-vert-retraite-bien-etre\/"]}]},{"@type":"ImageObject","inLanguage":"fr-FR","@id":"https:\/\/lesmeditationsdalisea.com\/index.php\/sejours-bien-etre-tourisme-vert-retraite-bien-etre\/#primaryimage","url":"https:\/\/lesmeditationsdalisea.com\/wp-content\/uploads\/2026\/02\/OEUF-DE-LUMIERE-1.jpg","contentUrl":"https:\/\/lesmeditationsdalisea.com\/wp-content\/uploads\/2026\/02\/OEUF-DE-LUMIERE-1.jpg","width":1080,"height":1350},{"@type":"BreadcrumbList","@id":"https:\/\/lesmeditationsdalisea.com\/index.php\/sejours-bien-etre-tourisme-vert-retraite-bien-etre\/#breadcrumb","itemListElement":[{"@type":"ListItem","position":1,"name":"Accueil","item":"https:\/\/lesmeditationsdalisea.com\/"},{"@type":"ListItem","position":2,"name":"S\u00e9jours Bien-\u00eatre"}]},{"@type":"WebSite","@id":"https:\/\/lesmeditationsdalisea.com\/#website","url":"https:\/\/lesmeditationsdalisea.com\/","name":"Les M\u00e9ditations d'Alis\u00e9a","description":"","publisher":{"@id":"https:\/\/lesmeditationsdalisea.com\/#organization"},"potentialAction":[{"@type":"SearchAction","target":{"@type":"EntryPoint","urlTemplate":"https:\/\/lesmeditationsdalisea.com\/?s={search_term_string}"},"query-input":{"@type":"PropertyValueSpecification","valueRequired":true,"valueName":"search_term_string"}}],"inLanguage":"fr-FR"},{"@type":"Organization","@id":"https:\/\/lesmeditationsdalisea.com\/#organization","name":"Les M\u00e9ditations d'Alis\u00e9a","alternateName":"La Lithoth\u00e9rapie \u00e0 prix juste!","url":"https:\/\/lesmeditationsdalisea.com\/","logo":{"@type":"ImageObject","inLanguage":"fr-FR","@id":"https:\/\/lesmeditationsdalisea.com\/#\/schema\/logo\/image\/","url":"https:\/\/lesmeditationsdalisea.com\/wp-content\/uploads\/2023\/10\/LogoFondTransparent.png","contentUrl":"https:\/\/lesmeditationsdalisea.com\/wp-content\/uploads\/2023\/10\/LogoFondTransparent.png","width":500,"height":353,"caption":"Les M\u00e9ditations d'Alis\u00e9a"},"image":{"@id":"https:\/\/lesmeditationsdalisea.com\/#\/schema\/logo\/image\/"},"sameAs":["https:\/\/www.facebook.com\/lesmeditationsdalisea\/","https:\/\/www.instagram.com\/lesmeditationsdalisea\/","https:\/\/www.tiktok.com\/@lesmeditationsdalisea"]}]}},"_links":{"self":[{"href":"https:\/\/lesmeditationsdalisea.com\/index.php\/wp-json\/wp\/v2\/pages\/5255","targetHints":{"allow":["GET"]}}],"collection":[{"href":"https:\/\/lesmeditationsdalisea.com\/index.php\/wp-json\/wp\/v2\/pages"}],"about":[{"href":"https:\/\/lesmeditationsdalisea.com\/index.php\/wp-json\/wp\/v2\/types\/page"}],"author":[{"embeddable":true,"href":"https:\/\/lesmeditationsdalisea.com\/index.php\/wp-json\/wp\/v2\/users\/1"}],"replies":[{"embeddable":true,"href":"https:\/\/lesmeditationsdalisea.com\/index.php\/wp-json\/wp\/v2\/comments?post=5255"}],"version-history":[{"count":6,"href":"https:\/\/lesmeditationsdalisea.com\/index.php\/wp-json\/wp\/v2\/pages\/5255\/revisions"}],"predecessor-version":[{"id":6000,"href":"https:\/\/lesmeditationsdalisea.com\/index.php\/wp-json\/wp\/v2\/pages\/5255\/revisions\/6000"}],"wp:attachment":[{"href":"https:\/\/lesmeditationsdalisea.com\/index.php\/wp-json\/wp\/v2\/media?parent=5255"}],"curies":[{"name":"wp","href":"https:\/\/api.w.org\/{rel}","templated":true}]}}