{"id":5262,"date":"2025-08-19T12:27:32","date_gmt":"2025-08-19T10:27:32","guid":{"rendered":"https:\/\/lesmeditationsdalisea.com\/?page_id=5262"},"modified":"2026-02-05T10:58:00","modified_gmt":"2026-02-05T09:58:00","slug":"formation-initiation-a-la-lithotherapie-a-la-sonotherapie","status":"publish","type":"page","link":"https:\/\/lesmeditationsdalisea.com\/index.php\/formation-initiation-a-la-lithotherapie-a-la-sonotherapie\/","title":{"rendered":"Formation"},"content":{"rendered":"\n<div class=\"wp-block-columns is-layout-flex wp-container-core-columns-is-layout-28f84493 wp-block-columns-is-layout-flex\">\n<div class=\"wp-block-column is-layout-flow wp-block-column-is-layout-flow\">\n<figure class=\"wp-block-gallery has-nested-images columns-default is-cropped wp-block-gallery-1 is-layout-flex wp-block-gallery-is-layout-flex\">\n<figure class=\"wp-block-image size-large\"><img loading=\"lazy\" decoding=\"async\" width=\"683\" height=\"1024\" data-id=\"5962\" src=\"https:\/\/lesmeditationsdalisea.com\/wp-content\/uploads\/2026\/02\/1000085983-683x1024.jpg\" alt=\"\" class=\"wp-image-5962\" srcset=\"https:\/\/lesmeditationsdalisea.com\/wp-content\/uploads\/2026\/02\/1000085983-683x1024.jpg 683w, https:\/\/lesmeditationsdalisea.com\/wp-content\/uploads\/2026\/02\/1000085983-200x300.jpg 200w, https:\/\/lesmeditationsdalisea.com\/wp-content\/uploads\/2026\/02\/1000085983-768x1152.jpg 768w, https:\/\/lesmeditationsdalisea.com\/wp-content\/uploads\/2026\/02\/1000085983-920x1380.jpg 920w, https:\/\/lesmeditationsdalisea.com\/wp-content\/uploads\/2026\/02\/1000085983-575x863.jpg 575w, https:\/\/lesmeditationsdalisea.com\/wp-content\/uploads\/2026\/02\/1000085983-380x570.jpg 380w, https:\/\/lesmeditationsdalisea.com\/wp-content\/uploads\/2026\/02\/1000085983-800x1200.jpg 800w, https:\/\/lesmeditationsdalisea.com\/wp-content\/uploads\/2026\/02\/1000085983.jpg 1024w\" sizes=\"auto, (max-width: 683px) 100vw, 683px\" \/><\/figure>\n<\/figure>\n<\/div>\n\n\n\n<div class=\"wp-block-column is-layout-flow wp-block-column-is-layout-flow\">\n<figure class=\"wp-block-image size-large\"><img loading=\"lazy\" decoding=\"async\" width=\"724\" height=\"1024\" src=\"https:\/\/lesmeditationsdalisea.com\/wp-content\/uploads\/2025\/08\/fiche-diap-20-724x1024.jpg\" alt=\"\" class=\"wp-image-5346\" srcset=\"https:\/\/lesmeditationsdalisea.com\/wp-content\/uploads\/2025\/08\/fiche-diap-20-724x1024.jpg 724w, https:\/\/lesmeditationsdalisea.com\/wp-content\/uploads\/2025\/08\/fiche-diap-20-212x300.jpg 212w, https:\/\/lesmeditationsdalisea.com\/wp-content\/uploads\/2025\/08\/fiche-diap-20-768x1086.jpg 768w, https:\/\/lesmeditationsdalisea.com\/wp-content\/uploads\/2025\/08\/fiche-diap-20-1086x1536.jpg 1086w, https:\/\/lesmeditationsdalisea.com\/wp-content\/uploads\/2025\/08\/fiche-diap-20-1140x1612.jpg 1140w, https:\/\/lesmeditationsdalisea.com\/wp-content\/uploads\/2025\/08\/fiche-diap-20-920x1301.jpg 920w, https:\/\/lesmeditationsdalisea.com\/wp-content\/uploads\/2025\/08\/fiche-diap-20-575x813.jpg 575w, https:\/\/lesmeditationsdalisea.com\/wp-content\/uploads\/2025\/08\/fiche-diap-20-380x537.jpg 380w, https:\/\/lesmeditationsdalisea.com\/wp-content\/uploads\/2025\/08\/fiche-diap-20-800x1132.jpg 800w, https:\/\/lesmeditationsdalisea.com\/wp-content\/uploads\/2025\/08\/fiche-diap-20.jpg 1414w\" sizes=\"auto, (max-width: 724px) 100vw, 724px\" \/><\/figure>\n<\/div>\n<\/div>\n\n\n\n<div class=\"wp-block-buttons is-layout-flex wp-block-buttons-is-layout-flex\">\n<div class=\"wp-block-button has-custom-width wp-block-button__width-100\"><a class=\"wp-block-button__link wp-element-button\" href=\"https:\/\/calendly.com\/lesmeditationsdalisea\/atelier-lithotherapie-niveau-1\">je reserve ma place <\/a><\/div>\n<\/div>\n\n\n\n<div class=\"wp-block-columns is-layout-flex wp-container-core-columns-is-layout-28f84493 wp-block-columns-is-layout-flex\">\n<div class=\"wp-block-column is-layout-flow wp-block-column-is-layout-flow\">\n<figure class=\"wp-block-gallery has-nested-images columns-default is-cropped wp-block-gallery-2 is-layout-flex wp-block-gallery-is-layout-flex\">\n<figure class=\"wp-block-image size-large\"><a href=\"https:\/\/calendly.com\/lesmeditationsdalisea\/initiation-a-la-sonotherapie-niveau-1-clone\"><img loading=\"lazy\" decoding=\"async\" width=\"724\" height=\"1024\" data-id=\"5964\" src=\"https:\/\/lesmeditationsdalisea.com\/wp-content\/uploads\/2026\/02\/initiation-a-la-sonotherapie-1-2-724x1024.jpg\" alt=\"\" class=\"wp-image-5964\" srcset=\"https:\/\/lesmeditationsdalisea.com\/wp-content\/uploads\/2026\/02\/initiation-a-la-sonotherapie-1-2-724x1024.jpg 724w, https:\/\/lesmeditationsdalisea.com\/wp-content\/uploads\/2026\/02\/initiation-a-la-sonotherapie-1-2-212x300.jpg 212w, https:\/\/lesmeditationsdalisea.com\/wp-content\/uploads\/2026\/02\/initiation-a-la-sonotherapie-1-2-768x1086.jpg 768w, https:\/\/lesmeditationsdalisea.com\/wp-content\/uploads\/2026\/02\/initiation-a-la-sonotherapie-1-2-1086x1536.jpg 1086w, https:\/\/lesmeditationsdalisea.com\/wp-content\/uploads\/2026\/02\/initiation-a-la-sonotherapie-1-2-1140x1612.jpg 1140w, https:\/\/lesmeditationsdalisea.com\/wp-content\/uploads\/2026\/02\/initiation-a-la-sonotherapie-1-2-920x1301.jpg 920w, https:\/\/lesmeditationsdalisea.com\/wp-content\/uploads\/2026\/02\/initiation-a-la-sonotherapie-1-2-575x813.jpg 575w, https:\/\/lesmeditationsdalisea.com\/wp-content\/uploads\/2026\/02\/initiation-a-la-sonotherapie-1-2-380x537.jpg 380w, https:\/\/lesmeditationsdalisea.com\/wp-content\/uploads\/2026\/02\/initiation-a-la-sonotherapie-1-2-800x1132.jpg 800w, https:\/\/lesmeditationsdalisea.com\/wp-content\/uploads\/2026\/02\/initiation-a-la-sonotherapie-1-2.jpg 1414w\" sizes=\"auto, (max-width: 724px) 100vw, 724px\" \/><\/a><\/figure>\n<\/figure>\n<\/div>\n\n\n\n<div class=\"wp-block-column is-layout-flow wp-block-column-is-layout-flow\">\n<figure class=\"wp-block-gallery has-nested-images columns-default is-cropped wp-block-gallery-3 is-layout-flex wp-block-gallery-is-layout-flex\">\n<figure class=\"wp-block-image size-large\"><img loading=\"lazy\" decoding=\"async\" width=\"724\" height=\"1024\" data-id=\"5340\" src=\"https:\/\/lesmeditationsdalisea.com\/wp-content\/uploads\/2025\/08\/fiche-diap-17-724x1024.jpg\" alt=\"\" class=\"wp-image-5340\" srcset=\"https:\/\/lesmeditationsdalisea.com\/wp-content\/uploads\/2025\/08\/fiche-diap-17-724x1024.jpg 724w, https:\/\/lesmeditationsdalisea.com\/wp-content\/uploads\/2025\/08\/fiche-diap-17-212x300.jpg 212w, https:\/\/lesmeditationsdalisea.com\/wp-content\/uploads\/2025\/08\/fiche-diap-17-768x1086.jpg 768w, https:\/\/lesmeditationsdalisea.com\/wp-content\/uploads\/2025\/08\/fiche-diap-17-1086x1536.jpg 1086w, https:\/\/lesmeditationsdalisea.com\/wp-content\/uploads\/2025\/08\/fiche-diap-17-1140x1612.jpg 1140w, https:\/\/lesmeditationsdalisea.com\/wp-content\/uploads\/2025\/08\/fiche-diap-17-920x1301.jpg 920w, https:\/\/lesmeditationsdalisea.com\/wp-content\/uploads\/2025\/08\/fiche-diap-17-575x813.jpg 575w, https:\/\/lesmeditationsdalisea.com\/wp-content\/uploads\/2025\/08\/fiche-diap-17-380x537.jpg 380w, https:\/\/lesmeditationsdalisea.com\/wp-content\/uploads\/2025\/08\/fiche-diap-17-800x1132.jpg 800w, https:\/\/lesmeditationsdalisea.com\/wp-content\/uploads\/2025\/08\/fiche-diap-17.jpg 1414w\" sizes=\"auto, (max-width: 724px) 100vw, 724px\" \/><\/figure>\n<\/figure>\n<\/div>\n<\/div>\n\n\n\n<div class=\"wp-block-buttons is-layout-flex wp-block-buttons-is-layout-flex\">\n<div class=\"wp-block-button has-custom-width wp-block-button__width-100\"><a class=\"wp-block-button__link wp-element-button\" href=\"https:\/\/calendly.com\/lesmeditationsdalisea\/initiation-a-la-sonotherapie-niveau-1-clone?back=1\">je reserve ma place<\/a><\/div>\n<\/div>\n\n\n\n<div class=\"wp-block-columns is-layout-flex wp-container-core-columns-is-layout-28f84493 wp-block-columns-is-layout-flex\">\n<div class=\"wp-block-column is-layout-flow wp-block-column-is-layout-flow\">\n<figure class=\"wp-block-gallery has-nested-images columns-default is-cropped wp-block-gallery-4 is-layout-flex wp-block-gallery-is-layout-flex\">\n<figure class=\"wp-block-image size-large\"><a href=\"https:\/\/calendly.com\/lesmeditationsdalisea\/initiation-a-la-sonotherapie-niveau-2\"><img loading=\"lazy\" decoding=\"async\" width=\"724\" height=\"1024\" data-id=\"5965\" src=\"https:\/\/lesmeditationsdalisea.com\/wp-content\/uploads\/2026\/02\/initiation-sono-2-3-724x1024.jpg\" alt=\"\" class=\"wp-image-5965\" srcset=\"https:\/\/lesmeditationsdalisea.com\/wp-content\/uploads\/2026\/02\/initiation-sono-2-3-724x1024.jpg 724w, https:\/\/lesmeditationsdalisea.com\/wp-content\/uploads\/2026\/02\/initiation-sono-2-3-212x300.jpg 212w, https:\/\/lesmeditationsdalisea.com\/wp-content\/uploads\/2026\/02\/initiation-sono-2-3-768x1086.jpg 768w, https:\/\/lesmeditationsdalisea.com\/wp-content\/uploads\/2026\/02\/initiation-sono-2-3-1086x1536.jpg 1086w, https:\/\/lesmeditationsdalisea.com\/wp-content\/uploads\/2026\/02\/initiation-sono-2-3-1140x1612.jpg 1140w, https:\/\/lesmeditationsdalisea.com\/wp-content\/uploads\/2026\/02\/initiation-sono-2-3-920x1301.jpg 920w, https:\/\/lesmeditationsdalisea.com\/wp-content\/uploads\/2026\/02\/initiation-sono-2-3-575x813.jpg 575w, https:\/\/lesmeditationsdalisea.com\/wp-content\/uploads\/2026\/02\/initiation-sono-2-3-380x537.jpg 380w, https:\/\/lesmeditationsdalisea.com\/wp-content\/uploads\/2026\/02\/initiation-sono-2-3-800x1132.jpg 800w, https:\/\/lesmeditationsdalisea.com\/wp-content\/uploads\/2026\/02\/initiation-sono-2-3.jpg 1414w\" sizes=\"auto, (max-width: 724px) 100vw, 724px\" \/><\/a><\/figure>\n<\/figure>\n<\/div>\n\n\n\n<div class=\"wp-block-column is-layout-flow wp-block-column-is-layout-flow\">\n<figure class=\"wp-block-gallery has-nested-images columns-default is-cropped wp-block-gallery-5 is-layout-flex wp-block-gallery-is-layout-flex\">\n<figure class=\"wp-block-image size-large\"><img loading=\"lazy\" decoding=\"async\" width=\"724\" height=\"1024\" data-id=\"5342\" src=\"https:\/\/lesmeditationsdalisea.com\/wp-content\/uploads\/2025\/08\/fiche-diap-18-724x1024.jpg\" alt=\"\" class=\"wp-image-5342\" srcset=\"https:\/\/lesmeditationsdalisea.com\/wp-content\/uploads\/2025\/08\/fiche-diap-18-724x1024.jpg 724w, https:\/\/lesmeditationsdalisea.com\/wp-content\/uploads\/2025\/08\/fiche-diap-18-212x300.jpg 212w, https:\/\/lesmeditationsdalisea.com\/wp-content\/uploads\/2025\/08\/fiche-diap-18-768x1086.jpg 768w, https:\/\/lesmeditationsdalisea.com\/wp-content\/uploads\/2025\/08\/fiche-diap-18-1086x1536.jpg 1086w, https:\/\/lesmeditationsdalisea.com\/wp-content\/uploads\/2025\/08\/fiche-diap-18-1140x1612.jpg 1140w, https:\/\/lesmeditationsdalisea.com\/wp-content\/uploads\/2025\/08\/fiche-diap-18-920x1301.jpg 920w, https:\/\/lesmeditationsdalisea.com\/wp-content\/uploads\/2025\/08\/fiche-diap-18-575x813.jpg 575w, https:\/\/lesmeditationsdalisea.com\/wp-content\/uploads\/2025\/08\/fiche-diap-18-380x537.jpg 380w, https:\/\/lesmeditationsdalisea.com\/wp-content\/uploads\/2025\/08\/fiche-diap-18-800x1132.jpg 800w, https:\/\/lesmeditationsdalisea.com\/wp-content\/uploads\/2025\/08\/fiche-diap-18.jpg 1414w\" sizes=\"auto, (max-width: 724px) 100vw, 724px\" \/><\/figure>\n<\/figure>\n<\/div>\n<\/div>\n\n\n\n<div class=\"wp-block-buttons is-layout-flex wp-block-buttons-is-layout-flex\">\n<div class=\"wp-block-button has-custom-width wp-block-button__width-100\"><a class=\"wp-block-button__link wp-element-button\" href=\"https:\/\/calendly.com\/lesmeditationsdalisea\/initiation-a-la-sonotherapie-niveau-2\">je reserve ma place<\/a><\/div>\n<\/div>\n\n\n\n<div class=\"wp-block-columns is-layout-flex wp-container-core-columns-is-layout-28f84493 wp-block-columns-is-layout-flex\">\n<div class=\"wp-block-column is-layout-flow wp-block-column-is-layout-flow\">\n<figure class=\"wp-block-gallery has-nested-images columns-default is-cropped wp-block-gallery-6 is-layout-flex wp-block-gallery-is-layout-flex\">\n<figure class=\"wp-block-image size-large\"><a href=\"https:\/\/calendly.com\/lesmeditationsdalisea\/initiation-a-la-sonotherapie-diapasons\"><img loading=\"lazy\" decoding=\"async\" width=\"724\" height=\"1024\" data-id=\"5967\" src=\"https:\/\/lesmeditationsdalisea.com\/wp-content\/uploads\/2026\/02\/Initiation-sonotherapie-3-1-724x1024.jpg\" alt=\"\" class=\"wp-image-5967\" srcset=\"https:\/\/lesmeditationsdalisea.com\/wp-content\/uploads\/2026\/02\/Initiation-sonotherapie-3-1-724x1024.jpg 724w, https:\/\/lesmeditationsdalisea.com\/wp-content\/uploads\/2026\/02\/Initiation-sonotherapie-3-1-212x300.jpg 212w, https:\/\/lesmeditationsdalisea.com\/wp-content\/uploads\/2026\/02\/Initiation-sonotherapie-3-1-768x1086.jpg 768w, https:\/\/lesmeditationsdalisea.com\/wp-content\/uploads\/2026\/02\/Initiation-sonotherapie-3-1-1086x1536.jpg 1086w, https:\/\/lesmeditationsdalisea.com\/wp-content\/uploads\/2026\/02\/Initiation-sonotherapie-3-1-1140x1612.jpg 1140w, https:\/\/lesmeditationsdalisea.com\/wp-content\/uploads\/2026\/02\/Initiation-sonotherapie-3-1-920x1301.jpg 920w, https:\/\/lesmeditationsdalisea.com\/wp-content\/uploads\/2026\/02\/Initiation-sonotherapie-3-1-575x813.jpg 575w, https:\/\/lesmeditationsdalisea.com\/wp-content\/uploads\/2026\/02\/Initiation-sonotherapie-3-1-380x537.jpg 380w, https:\/\/lesmeditationsdalisea.com\/wp-content\/uploads\/2026\/02\/Initiation-sonotherapie-3-1-800x1132.jpg 800w, https:\/\/lesmeditationsdalisea.com\/wp-content\/uploads\/2026\/02\/Initiation-sonotherapie-3-1.jpg 1414w\" sizes=\"auto, (max-width: 724px) 100vw, 724px\" \/><\/a><\/figure>\n<\/figure>\n<\/div>\n\n\n\n<div class=\"wp-block-column is-layout-flow wp-block-column-is-layout-flow\">\n<figure class=\"wp-block-gallery has-nested-images columns-default is-cropped wp-block-gallery-7 is-layout-flex wp-block-gallery-is-layout-flex\">\n<figure class=\"wp-block-image size-large\"><img loading=\"lazy\" decoding=\"async\" width=\"724\" height=\"1024\" data-id=\"5345\" src=\"https:\/\/lesmeditationsdalisea.com\/wp-content\/uploads\/2025\/08\/fiche-diap-19-724x1024.jpg\" alt=\"\" class=\"wp-image-5345\" srcset=\"https:\/\/lesmeditationsdalisea.com\/wp-content\/uploads\/2025\/08\/fiche-diap-19-724x1024.jpg 724w, https:\/\/lesmeditationsdalisea.com\/wp-content\/uploads\/2025\/08\/fiche-diap-19-212x300.jpg 212w, https:\/\/lesmeditationsdalisea.com\/wp-content\/uploads\/2025\/08\/fiche-diap-19-768x1086.jpg 768w, https:\/\/lesmeditationsdalisea.com\/wp-content\/uploads\/2025\/08\/fiche-diap-19-1086x1536.jpg 1086w, https:\/\/lesmeditationsdalisea.com\/wp-content\/uploads\/2025\/08\/fiche-diap-19-1140x1612.jpg 1140w, https:\/\/lesmeditationsdalisea.com\/wp-content\/uploads\/2025\/08\/fiche-diap-19-920x1301.jpg 920w, https:\/\/lesmeditationsdalisea.com\/wp-content\/uploads\/2025\/08\/fiche-diap-19-575x813.jpg 575w, https:\/\/lesmeditationsdalisea.com\/wp-content\/uploads\/2025\/08\/fiche-diap-19-380x537.jpg 380w, https:\/\/lesmeditationsdalisea.com\/wp-content\/uploads\/2025\/08\/fiche-diap-19-800x1132.jpg 800w, https:\/\/lesmeditationsdalisea.com\/wp-content\/uploads\/2025\/08\/fiche-diap-19.jpg 1414w\" sizes=\"auto, (max-width: 724px) 100vw, 724px\" \/><\/figure>\n<\/figure>\n<\/div>\n<\/div>\n\n\n\n<div class=\"wp-block-buttons is-layout-flex wp-block-buttons-is-layout-flex\">\n<div class=\"wp-block-button has-custom-width wp-block-button__width-100\"><a class=\"wp-block-button__link wp-element-button\" href=\"https:\/\/calendly.com\/lesmeditationsdalisea\/initiation-a-la-sonotherapie-diapasons\">je reserve ma place<\/a><\/div>\n<\/div>\n","protected":false},"excerpt":{"rendered":"","protected":false},"author":1,"featured_media":0,"parent":0,"menu_order":0,"comment_status":"closed","ping_status":"closed","template":"","meta":{"footnotes":""},"class_list":["post-5262","page","type-page","status-publish","hentry"],"yoast_head":"<!-- This site is optimized with the Yoast SEO Premium plugin v26.4 (Yoast SEO v27.3) - https:\/\/yoast.com\/product\/yoast-seo-premium-wordpress\/ -->\n<title>Formation -<\/title>\n<meta name=\"description\" content=\"Dans cette section, vous retrouverez toutes les initiations que je propose afin de vous transmettre \u00e0 la fois mes connaissances en sonoth\u00e9rapie et lithoth\u00e9rapie.\" \/>\n<meta name=\"robots\" content=\"index, follow, max-snippet:-1, max-image-preview:large, max-video-preview:-1\" \/>\n<link rel=\"canonical\" href=\"https:\/\/lesmeditationsdalisea.com\/index.php\/formation-initiation-a-la-lithotherapie-a-la-sonotherapie\/\" \/>\n<meta property=\"og:locale\" content=\"fr_FR\" \/>\n<meta property=\"og:type\" content=\"article\" \/>\n<meta property=\"og:title\" content=\"Formation\" \/>\n<meta property=\"og:description\" content=\"Dans cette section, vous retrouverez toutes les initiations que je propose afin de vous transmettre \u00e0 la fois mes connaissances en sonoth\u00e9rapie et lithoth\u00e9rapie.\" \/>\n<meta property=\"og:url\" content=\"https:\/\/lesmeditationsdalisea.com\/index.php\/formation-initiation-a-la-lithotherapie-a-la-sonotherapie\/\" \/>\n<meta property=\"article:publisher\" content=\"https:\/\/www.facebook.com\/lesmeditationsdalisea\/\" \/>\n<meta property=\"article:modified_time\" content=\"2026-02-05T09:58:00+00:00\" \/>\n<meta property=\"og:image\" content=\"https:\/\/lesmeditationsdalisea.com\/wp-content\/uploads\/2026\/02\/1000085983.jpg\" \/>\n\t<meta property=\"og:image:width\" content=\"1024\" \/>\n\t<meta property=\"og:image:height\" content=\"1536\" \/>\n\t<meta property=\"og:image:type\" content=\"image\/jpeg\" \/>\n<meta name=\"twitter:card\" content=\"summary_large_image\" \/>\n<meta name=\"twitter:label1\" content=\"Dur\u00e9e de lecture estim\u00e9e\" \/>\n\t<meta name=\"twitter:data1\" content=\"2 minutes\" \/>\n<script type=\"application\/ld+json\" class=\"yoast-schema-graph\">{\"@context\":\"https:\\\/\\\/schema.org\",\"@graph\":[{\"@type\":\"WebPage\",\"@id\":\"https:\\\/\\\/lesmeditationsdalisea.com\\\/index.php\\\/formation-initiation-a-la-lithotherapie-a-la-sonotherapie\\\/\",\"url\":\"https:\\\/\\\/lesmeditationsdalisea.com\\\/index.php\\\/formation-initiation-a-la-lithotherapie-a-la-sonotherapie\\\/\",\"name\":\"Formation -\",\"isPartOf\":{\"@id\":\"https:\\\/\\\/lesmeditationsdalisea.com\\\/#website\"},\"primaryImageOfPage\":{\"@id\":\"https:\\\/\\\/lesmeditationsdalisea.com\\\/index.php\\\/formation-initiation-a-la-lithotherapie-a-la-sonotherapie\\\/#primaryimage\"},\"image\":{\"@id\":\"https:\\\/\\\/lesmeditationsdalisea.com\\\/index.php\\\/formation-initiation-a-la-lithotherapie-a-la-sonotherapie\\\/#primaryimage\"},\"thumbnailUrl\":\"https:\\\/\\\/lesmeditationsdalisea.com\\\/wp-content\\\/uploads\\\/2026\\\/02\\\/1000085983-683x1024.jpg\",\"datePublished\":\"2025-08-19T10:27:32+00:00\",\"dateModified\":\"2026-02-05T09:58:00+00:00\",\"description\":\"Dans cette section, vous retrouverez toutes les initiations que je propose afin de vous transmettre \u00e0 la fois mes connaissances en sonoth\u00e9rapie et lithoth\u00e9rapie.\",\"breadcrumb\":{\"@id\":\"https:\\\/\\\/lesmeditationsdalisea.com\\\/index.php\\\/formation-initiation-a-la-lithotherapie-a-la-sonotherapie\\\/#breadcrumb\"},\"inLanguage\":\"fr-FR\",\"potentialAction\":[{\"@type\":\"ReadAction\",\"target\":[\"https:\\\/\\\/lesmeditationsdalisea.com\\\/index.php\\\/formation-initiation-a-la-lithotherapie-a-la-sonotherapie\\\/\"]}]},{\"@type\":\"ImageObject\",\"inLanguage\":\"fr-FR\",\"@id\":\"https:\\\/\\\/lesmeditationsdalisea.com\\\/index.php\\\/formation-initiation-a-la-lithotherapie-a-la-sonotherapie\\\/#primaryimage\",\"url\":\"https:\\\/\\\/lesmeditationsdalisea.com\\\/wp-content\\\/uploads\\\/2026\\\/02\\\/1000085983.jpg\",\"contentUrl\":\"https:\\\/\\\/lesmeditationsdalisea.com\\\/wp-content\\\/uploads\\\/2026\\\/02\\\/1000085983.jpg\",\"width\":1024,\"height\":1536},{\"@type\":\"BreadcrumbList\",\"@id\":\"https:\\\/\\\/lesmeditationsdalisea.com\\\/index.php\\\/formation-initiation-a-la-lithotherapie-a-la-sonotherapie\\\/#breadcrumb\",\"itemListElement\":[{\"@type\":\"ListItem\",\"position\":1,\"name\":\"Accueil\",\"item\":\"https:\\\/\\\/lesmeditationsdalisea.com\\\/\"},{\"@type\":\"ListItem\",\"position\":2,\"name\":\"Formation\"}]},{\"@type\":\"WebSite\",\"@id\":\"https:\\\/\\\/lesmeditationsdalisea.com\\\/#website\",\"url\":\"https:\\\/\\\/lesmeditationsdalisea.com\\\/\",\"name\":\"Les M\u00e9ditations d'Alis\u00e9a\",\"description\":\"\",\"publisher\":{\"@id\":\"https:\\\/\\\/lesmeditationsdalisea.com\\\/#organization\"},\"potentialAction\":[{\"@type\":\"SearchAction\",\"target\":{\"@type\":\"EntryPoint\",\"urlTemplate\":\"https:\\\/\\\/lesmeditationsdalisea.com\\\/?s={search_term_string}\"},\"query-input\":{\"@type\":\"PropertyValueSpecification\",\"valueRequired\":true,\"valueName\":\"search_term_string\"}}],\"inLanguage\":\"fr-FR\"},{\"@type\":\"Organization\",\"@id\":\"https:\\\/\\\/lesmeditationsdalisea.com\\\/#organization\",\"name\":\"Les M\u00e9ditations d'Alis\u00e9a\",\"alternateName\":\"La Lithoth\u00e9rapie \u00e0 prix juste!\",\"url\":\"https:\\\/\\\/lesmeditationsdalisea.com\\\/\",\"logo\":{\"@type\":\"ImageObject\",\"inLanguage\":\"fr-FR\",\"@id\":\"https:\\\/\\\/lesmeditationsdalisea.com\\\/#\\\/schema\\\/logo\\\/image\\\/\",\"url\":\"https:\\\/\\\/lesmeditationsdalisea.com\\\/wp-content\\\/uploads\\\/2023\\\/10\\\/LogoFondTransparent.png\",\"contentUrl\":\"https:\\\/\\\/lesmeditationsdalisea.com\\\/wp-content\\\/uploads\\\/2023\\\/10\\\/LogoFondTransparent.png\",\"width\":500,\"height\":353,\"caption\":\"Les M\u00e9ditations d'Alis\u00e9a\"},\"image\":{\"@id\":\"https:\\\/\\\/lesmeditationsdalisea.com\\\/#\\\/schema\\\/logo\\\/image\\\/\"},\"sameAs\":[\"https:\\\/\\\/www.facebook.com\\\/lesmeditationsdalisea\\\/\",\"https:\\\/\\\/www.instagram.com\\\/lesmeditationsdalisea\\\/\",\"https:\\\/\\\/www.tiktok.com\\\/@lesmeditationsdalisea\"]}]}<\/script>\n<!-- \/ Yoast SEO Premium plugin. -->","yoast_head_json":{"title":"Formation -","description":"Dans cette section, vous retrouverez toutes les initiations que je propose afin de vous transmettre \u00e0 la fois mes connaissances en sonoth\u00e9rapie et lithoth\u00e9rapie.","robots":{"index":"index","follow":"follow","max-snippet":"max-snippet:-1","max-image-preview":"max-image-preview:large","max-video-preview":"max-video-preview:-1"},"canonical":"https:\/\/lesmeditationsdalisea.com\/index.php\/formation-initiation-a-la-lithotherapie-a-la-sonotherapie\/","og_locale":"fr_FR","og_type":"article","og_title":"Formation","og_description":"Dans cette section, vous retrouverez toutes les initiations que je propose afin de vous transmettre \u00e0 la fois mes connaissances en sonoth\u00e9rapie et lithoth\u00e9rapie.","og_url":"https:\/\/lesmeditationsdalisea.com\/index.php\/formation-initiation-a-la-lithotherapie-a-la-sonotherapie\/","article_publisher":"https:\/\/www.facebook.com\/lesmeditationsdalisea\/","article_modified_time":"2026-02-05T09:58:00+00:00","og_image":[{"width":1024,"height":1536,"url":"https:\/\/lesmeditationsdalisea.com\/wp-content\/uploads\/2026\/02\/1000085983.jpg","type":"image\/jpeg"}],"twitter_card":"summary_large_image","twitter_misc":{"Dur\u00e9e de lecture estim\u00e9e":"2 minutes"},"schema":{"@context":"https:\/\/schema.org","@graph":[{"@type":"WebPage","@id":"https:\/\/lesmeditationsdalisea.com\/index.php\/formation-initiation-a-la-lithotherapie-a-la-sonotherapie\/","url":"https:\/\/lesmeditationsdalisea.com\/index.php\/formation-initiation-a-la-lithotherapie-a-la-sonotherapie\/","name":"Formation -","isPartOf":{"@id":"https:\/\/lesmeditationsdalisea.com\/#website"},"primaryImageOfPage":{"@id":"https:\/\/lesmeditationsdalisea.com\/index.php\/formation-initiation-a-la-lithotherapie-a-la-sonotherapie\/#primaryimage"},"image":{"@id":"https:\/\/lesmeditationsdalisea.com\/index.php\/formation-initiation-a-la-lithotherapie-a-la-sonotherapie\/#primaryimage"},"thumbnailUrl":"https:\/\/lesmeditationsdalisea.com\/wp-content\/uploads\/2026\/02\/1000085983-683x1024.jpg","datePublished":"2025-08-19T10:27:32+00:00","dateModified":"2026-02-05T09:58:00+00:00","description":"Dans cette section, vous retrouverez toutes les initiations que je propose afin de vous transmettre \u00e0 la fois mes connaissances en sonoth\u00e9rapie et lithoth\u00e9rapie.","breadcrumb":{"@id":"https:\/\/lesmeditationsdalisea.com\/index.php\/formation-initiation-a-la-lithotherapie-a-la-sonotherapie\/#breadcrumb"},"inLanguage":"fr-FR","potentialAction":[{"@type":"ReadAction","target":["https:\/\/lesmeditationsdalisea.com\/index.php\/formation-initiation-a-la-lithotherapie-a-la-sonotherapie\/"]}]},{"@type":"ImageObject","inLanguage":"fr-FR","@id":"https:\/\/lesmeditationsdalisea.com\/index.php\/formation-initiation-a-la-lithotherapie-a-la-sonotherapie\/#primaryimage","url":"https:\/\/lesmeditationsdalisea.com\/wp-content\/uploads\/2026\/02\/1000085983.jpg","contentUrl":"https:\/\/lesmeditationsdalisea.com\/wp-content\/uploads\/2026\/02\/1000085983.jpg","width":1024,"height":1536},{"@type":"BreadcrumbList","@id":"https:\/\/lesmeditationsdalisea.com\/index.php\/formation-initiation-a-la-lithotherapie-a-la-sonotherapie\/#breadcrumb","itemListElement":[{"@type":"ListItem","position":1,"name":"Accueil","item":"https:\/\/lesmeditationsdalisea.com\/"},{"@type":"ListItem","position":2,"name":"Formation"}]},{"@type":"WebSite","@id":"https:\/\/lesmeditationsdalisea.com\/#website","url":"https:\/\/lesmeditationsdalisea.com\/","name":"Les M\u00e9ditations d'Alis\u00e9a","description":"","publisher":{"@id":"https:\/\/lesmeditationsdalisea.com\/#organization"},"potentialAction":[{"@type":"SearchAction","target":{"@type":"EntryPoint","urlTemplate":"https:\/\/lesmeditationsdalisea.com\/?s={search_term_string}"},"query-input":{"@type":"PropertyValueSpecification","valueRequired":true,"valueName":"search_term_string"}}],"inLanguage":"fr-FR"},{"@type":"Organization","@id":"https:\/\/lesmeditationsdalisea.com\/#organization","name":"Les M\u00e9ditations d'Alis\u00e9a","alternateName":"La Lithoth\u00e9rapie \u00e0 prix juste!","url":"https:\/\/lesmeditationsdalisea.com\/","logo":{"@type":"ImageObject","inLanguage":"fr-FR","@id":"https:\/\/lesmeditationsdalisea.com\/#\/schema\/logo\/image\/","url":"https:\/\/lesmeditationsdalisea.com\/wp-content\/uploads\/2023\/10\/LogoFondTransparent.png","contentUrl":"https:\/\/lesmeditationsdalisea.com\/wp-content\/uploads\/2023\/10\/LogoFondTransparent.png","width":500,"height":353,"caption":"Les M\u00e9ditations d'Alis\u00e9a"},"image":{"@id":"https:\/\/lesmeditationsdalisea.com\/#\/schema\/logo\/image\/"},"sameAs":["https:\/\/www.facebook.com\/lesmeditationsdalisea\/","https:\/\/www.instagram.com\/lesmeditationsdalisea\/","https:\/\/www.tiktok.com\/@lesmeditationsdalisea"]}]}},"_links":{"self":[{"href":"https:\/\/lesmeditationsdalisea.com\/index.php\/wp-json\/wp\/v2\/pages\/5262","targetHints":{"allow":["GET"]}}],"collection":[{"href":"https:\/\/lesmeditationsdalisea.com\/index.php\/wp-json\/wp\/v2\/pages"}],"about":[{"href":"https:\/\/lesmeditationsdalisea.com\/index.php\/wp-json\/wp\/v2\/types\/page"}],"author":[{"embeddable":true,"href":"https:\/\/lesmeditationsdalisea.com\/index.php\/wp-json\/wp\/v2\/users\/1"}],"replies":[{"embeddable":true,"href":"https:\/\/lesmeditationsdalisea.com\/index.php\/wp-json\/wp\/v2\/comments?post=5262"}],"version-history":[{"count":6,"href":"https:\/\/lesmeditationsdalisea.com\/index.php\/wp-json\/wp\/v2\/pages\/5262\/revisions"}],"predecessor-version":[{"id":5968,"href":"https:\/\/lesmeditationsdalisea.com\/index.php\/wp-json\/wp\/v2\/pages\/5262\/revisions\/5968"}],"wp:attachment":[{"href":"https:\/\/lesmeditationsdalisea.com\/index.php\/wp-json\/wp\/v2\/media?parent=5262"}],"curies":[{"name":"wp","href":"https:\/\/api.w.org\/{rel}","templated":true}]}}