{"id":5286,"date":"2025-08-19T13:39:17","date_gmt":"2025-08-19T11:39:17","guid":{"rendered":"https:\/\/lesmeditationsdalisea.com\/?page_id=5286"},"modified":"2025-09-16T08:59:15","modified_gmt":"2025-09-16T06:59:15","slug":"les-relaxations-cristallines","status":"publish","type":"page","link":"https:\/\/lesmeditationsdalisea.com\/index.php\/les-relaxations-cristallines\/","title":{"rendered":"Les Relaxations cristallines"},"content":{"rendered":"\n<div class=\"wp-block-columns is-layout-flex wp-container-core-columns-is-layout-28f84493 wp-block-columns-is-layout-flex\">\n<div class=\"wp-block-column is-layout-flow wp-block-column-is-layout-flow\">\n<figure class=\"wp-block-gallery has-nested-images columns-default is-cropped wp-block-gallery-1 is-layout-flex wp-block-gallery-is-layout-flex\">\n<figure class=\"wp-block-image size-large\"><img loading=\"lazy\" decoding=\"async\" width=\"724\" height=\"1024\" data-id=\"5287\" src=\"https:\/\/lesmeditationsdalisea.com\/wp-content\/uploads\/2025\/08\/Soin-Cristallin-fiche-technique-724x1024.jpg\" alt=\"\" class=\"wp-image-5287\" srcset=\"https:\/\/lesmeditationsdalisea.com\/wp-content\/uploads\/2025\/08\/Soin-Cristallin-fiche-technique-724x1024.jpg 724w, https:\/\/lesmeditationsdalisea.com\/wp-content\/uploads\/2025\/08\/Soin-Cristallin-fiche-technique-212x300.jpg 212w, https:\/\/lesmeditationsdalisea.com\/wp-content\/uploads\/2025\/08\/Soin-Cristallin-fiche-technique-768x1086.jpg 768w, https:\/\/lesmeditationsdalisea.com\/wp-content\/uploads\/2025\/08\/Soin-Cristallin-fiche-technique-1086x1536.jpg 1086w, https:\/\/lesmeditationsdalisea.com\/wp-content\/uploads\/2025\/08\/Soin-Cristallin-fiche-technique-1140x1612.jpg 1140w, https:\/\/lesmeditationsdalisea.com\/wp-content\/uploads\/2025\/08\/Soin-Cristallin-fiche-technique-920x1301.jpg 920w, https:\/\/lesmeditationsdalisea.com\/wp-content\/uploads\/2025\/08\/Soin-Cristallin-fiche-technique-575x813.jpg 575w, https:\/\/lesmeditationsdalisea.com\/wp-content\/uploads\/2025\/08\/Soin-Cristallin-fiche-technique-380x537.jpg 380w, https:\/\/lesmeditationsdalisea.com\/wp-content\/uploads\/2025\/08\/Soin-Cristallin-fiche-technique-800x1132.jpg 800w, https:\/\/lesmeditationsdalisea.com\/wp-content\/uploads\/2025\/08\/Soin-Cristallin-fiche-technique.jpg 1414w\" sizes=\"auto, (max-width: 724px) 100vw, 724px\" \/><\/figure>\n<\/figure>\n<\/div>\n\n\n\n<div class=\"wp-block-column is-layout-flow wp-block-column-is-layout-flow\">\n<figure class=\"wp-block-gallery has-nested-images columns-default is-cropped wp-block-gallery-2 is-layout-flex wp-block-gallery-is-layout-flex\">\n<figure class=\"wp-block-image size-large\"><a href=\"https:\/\/calendly.com\/lesmeditationsdalisea\/soin-cristallin\"><img loading=\"lazy\" decoding=\"async\" width=\"724\" height=\"1024\" data-id=\"5297\" src=\"https:\/\/lesmeditationsdalisea.com\/wp-content\/uploads\/2025\/08\/fiche-diap-8-724x1024.jpg\" alt=\"\" class=\"wp-image-5297\" srcset=\"https:\/\/lesmeditationsdalisea.com\/wp-content\/uploads\/2025\/08\/fiche-diap-8-724x1024.jpg 724w, https:\/\/lesmeditationsdalisea.com\/wp-content\/uploads\/2025\/08\/fiche-diap-8-212x300.jpg 212w, https:\/\/lesmeditationsdalisea.com\/wp-content\/uploads\/2025\/08\/fiche-diap-8-768x1086.jpg 768w, https:\/\/lesmeditationsdalisea.com\/wp-content\/uploads\/2025\/08\/fiche-diap-8-1086x1536.jpg 1086w, https:\/\/lesmeditationsdalisea.com\/wp-content\/uploads\/2025\/08\/fiche-diap-8-1140x1612.jpg 1140w, https:\/\/lesmeditationsdalisea.com\/wp-content\/uploads\/2025\/08\/fiche-diap-8-920x1301.jpg 920w, https:\/\/lesmeditationsdalisea.com\/wp-content\/uploads\/2025\/08\/fiche-diap-8-575x813.jpg 575w, https:\/\/lesmeditationsdalisea.com\/wp-content\/uploads\/2025\/08\/fiche-diap-8-380x537.jpg 380w, https:\/\/lesmeditationsdalisea.com\/wp-content\/uploads\/2025\/08\/fiche-diap-8-800x1132.jpg 800w, https:\/\/lesmeditationsdalisea.com\/wp-content\/uploads\/2025\/08\/fiche-diap-8.jpg 1414w\" sizes=\"auto, (max-width: 724px) 100vw, 724px\" \/><\/a><\/figure>\n<\/figure>\n<\/div>\n<\/div>\n\n\n\n<div class=\"wp-block-buttons is-layout-flex wp-block-buttons-is-layout-flex\">\n<div class=\"wp-block-button has-custom-width wp-block-button__width-100\"><a class=\"wp-block-button__link wp-element-button\" href=\"https:\/\/calendly.com\/lesmeditationsdalisea\/soin-cristallin\">je reserve ici mon soin cristallin<\/a><\/div>\n<\/div>\n\n\n\n<p><\/p>\n","protected":false},"excerpt":{"rendered":"","protected":false},"author":1,"featured_media":0,"parent":0,"menu_order":0,"comment_status":"closed","ping_status":"closed","template":"","meta":{"footnotes":""},"class_list":["post-5286","page","type-page","status-publish","hentry"],"yoast_head":"<!-- This site is optimized with the Yoast SEO Premium plugin v26.4 (Yoast SEO v27.3) - https:\/\/yoast.com\/product\/yoast-seo-premium-wordpress\/ -->\n<title>Les Relaxations cristallines -<\/title>\n<meta name=\"robots\" content=\"index, follow, max-snippet:-1, max-image-preview:large, max-video-preview:-1\" \/>\n<link rel=\"canonical\" href=\"https:\/\/lesmeditationsdalisea.com\/index.php\/les-relaxations-cristallines\/\" \/>\n<meta property=\"og:locale\" content=\"fr_FR\" \/>\n<meta property=\"og:type\" content=\"article\" \/>\n<meta property=\"og:title\" content=\"Les Relaxations cristallines\" \/>\n<meta property=\"og:url\" content=\"https:\/\/lesmeditationsdalisea.com\/index.php\/les-relaxations-cristallines\/\" \/>\n<meta property=\"article:publisher\" content=\"https:\/\/www.facebook.com\/lesmeditationsdalisea\/\" \/>\n<meta property=\"article:modified_time\" content=\"2025-09-16T06:59:15+00:00\" \/>\n<meta property=\"og:image\" content=\"https:\/\/lesmeditationsdalisea.com\/wp-content\/uploads\/2025\/08\/Soin-Cristallin-fiche-technique.jpg\" \/>\n\t<meta property=\"og:image:width\" content=\"1414\" \/>\n\t<meta property=\"og:image:height\" content=\"2000\" \/>\n\t<meta property=\"og:image:type\" content=\"image\/jpeg\" \/>\n<meta name=\"twitter:card\" content=\"summary_large_image\" \/>\n<meta name=\"twitter:label1\" content=\"Dur\u00e9e de lecture estim\u00e9e\" \/>\n\t<meta name=\"twitter:data1\" content=\"1 minute\" \/>\n<script type=\"application\/ld+json\" class=\"yoast-schema-graph\">{\"@context\":\"https:\\\/\\\/schema.org\",\"@graph\":[{\"@type\":\"WebPage\",\"@id\":\"https:\\\/\\\/lesmeditationsdalisea.com\\\/index.php\\\/les-relaxations-cristallines\\\/\",\"url\":\"https:\\\/\\\/lesmeditationsdalisea.com\\\/index.php\\\/les-relaxations-cristallines\\\/\",\"name\":\"Les Relaxations cristallines -\",\"isPartOf\":{\"@id\":\"https:\\\/\\\/lesmeditationsdalisea.com\\\/#website\"},\"primaryImageOfPage\":{\"@id\":\"https:\\\/\\\/lesmeditationsdalisea.com\\\/index.php\\\/les-relaxations-cristallines\\\/#primaryimage\"},\"image\":{\"@id\":\"https:\\\/\\\/lesmeditationsdalisea.com\\\/index.php\\\/les-relaxations-cristallines\\\/#primaryimage\"},\"thumbnailUrl\":\"https:\\\/\\\/lesmeditationsdalisea.com\\\/wp-content\\\/uploads\\\/2025\\\/08\\\/Soin-Cristallin-fiche-technique-724x1024.jpg\",\"datePublished\":\"2025-08-19T11:39:17+00:00\",\"dateModified\":\"2025-09-16T06:59:15+00:00\",\"breadcrumb\":{\"@id\":\"https:\\\/\\\/lesmeditationsdalisea.com\\\/index.php\\\/les-relaxations-cristallines\\\/#breadcrumb\"},\"inLanguage\":\"fr-FR\",\"potentialAction\":[{\"@type\":\"ReadAction\",\"target\":[\"https:\\\/\\\/lesmeditationsdalisea.com\\\/index.php\\\/les-relaxations-cristallines\\\/\"]}]},{\"@type\":\"ImageObject\",\"inLanguage\":\"fr-FR\",\"@id\":\"https:\\\/\\\/lesmeditationsdalisea.com\\\/index.php\\\/les-relaxations-cristallines\\\/#primaryimage\",\"url\":\"https:\\\/\\\/lesmeditationsdalisea.com\\\/wp-content\\\/uploads\\\/2025\\\/08\\\/Soin-Cristallin-fiche-technique.jpg\",\"contentUrl\":\"https:\\\/\\\/lesmeditationsdalisea.com\\\/wp-content\\\/uploads\\\/2025\\\/08\\\/Soin-Cristallin-fiche-technique.jpg\",\"width\":1414,\"height\":2000},{\"@type\":\"BreadcrumbList\",\"@id\":\"https:\\\/\\\/lesmeditationsdalisea.com\\\/index.php\\\/les-relaxations-cristallines\\\/#breadcrumb\",\"itemListElement\":[{\"@type\":\"ListItem\",\"position\":1,\"name\":\"Accueil\",\"item\":\"https:\\\/\\\/lesmeditationsdalisea.com\\\/\"},{\"@type\":\"ListItem\",\"position\":2,\"name\":\"Les Relaxations cristallines\"}]},{\"@type\":\"WebSite\",\"@id\":\"https:\\\/\\\/lesmeditationsdalisea.com\\\/#website\",\"url\":\"https:\\\/\\\/lesmeditationsdalisea.com\\\/\",\"name\":\"Les M\u00e9ditations d'Alis\u00e9a\",\"description\":\"\",\"publisher\":{\"@id\":\"https:\\\/\\\/lesmeditationsdalisea.com\\\/#organization\"},\"potentialAction\":[{\"@type\":\"SearchAction\",\"target\":{\"@type\":\"EntryPoint\",\"urlTemplate\":\"https:\\\/\\\/lesmeditationsdalisea.com\\\/?s={search_term_string}\"},\"query-input\":{\"@type\":\"PropertyValueSpecification\",\"valueRequired\":true,\"valueName\":\"search_term_string\"}}],\"inLanguage\":\"fr-FR\"},{\"@type\":\"Organization\",\"@id\":\"https:\\\/\\\/lesmeditationsdalisea.com\\\/#organization\",\"name\":\"Les M\u00e9ditations d'Alis\u00e9a\",\"alternateName\":\"La Lithoth\u00e9rapie \u00e0 prix juste!\",\"url\":\"https:\\\/\\\/lesmeditationsdalisea.com\\\/\",\"logo\":{\"@type\":\"ImageObject\",\"inLanguage\":\"fr-FR\",\"@id\":\"https:\\\/\\\/lesmeditationsdalisea.com\\\/#\\\/schema\\\/logo\\\/image\\\/\",\"url\":\"https:\\\/\\\/lesmeditationsdalisea.com\\\/wp-content\\\/uploads\\\/2023\\\/10\\\/LogoFondTransparent.png\",\"contentUrl\":\"https:\\\/\\\/lesmeditationsdalisea.com\\\/wp-content\\\/uploads\\\/2023\\\/10\\\/LogoFondTransparent.png\",\"width\":500,\"height\":353,\"caption\":\"Les M\u00e9ditations d'Alis\u00e9a\"},\"image\":{\"@id\":\"https:\\\/\\\/lesmeditationsdalisea.com\\\/#\\\/schema\\\/logo\\\/image\\\/\"},\"sameAs\":[\"https:\\\/\\\/www.facebook.com\\\/lesmeditationsdalisea\\\/\",\"https:\\\/\\\/www.instagram.com\\\/lesmeditationsdalisea\\\/\",\"https:\\\/\\\/www.tiktok.com\\\/@lesmeditationsdalisea\"]}]}<\/script>\n<!-- \/ Yoast SEO Premium plugin. -->","yoast_head_json":{"title":"Les Relaxations cristallines -","robots":{"index":"index","follow":"follow","max-snippet":"max-snippet:-1","max-image-preview":"max-image-preview:large","max-video-preview":"max-video-preview:-1"},"canonical":"https:\/\/lesmeditationsdalisea.com\/index.php\/les-relaxations-cristallines\/","og_locale":"fr_FR","og_type":"article","og_title":"Les Relaxations cristallines","og_url":"https:\/\/lesmeditationsdalisea.com\/index.php\/les-relaxations-cristallines\/","article_publisher":"https:\/\/www.facebook.com\/lesmeditationsdalisea\/","article_modified_time":"2025-09-16T06:59:15+00:00","og_image":[{"width":1414,"height":2000,"url":"https:\/\/lesmeditationsdalisea.com\/wp-content\/uploads\/2025\/08\/Soin-Cristallin-fiche-technique.jpg","type":"image\/jpeg"}],"twitter_card":"summary_large_image","twitter_misc":{"Dur\u00e9e de lecture estim\u00e9e":"1 minute"},"schema":{"@context":"https:\/\/schema.org","@graph":[{"@type":"WebPage","@id":"https:\/\/lesmeditationsdalisea.com\/index.php\/les-relaxations-cristallines\/","url":"https:\/\/lesmeditationsdalisea.com\/index.php\/les-relaxations-cristallines\/","name":"Les Relaxations cristallines -","isPartOf":{"@id":"https:\/\/lesmeditationsdalisea.com\/#website"},"primaryImageOfPage":{"@id":"https:\/\/lesmeditationsdalisea.com\/index.php\/les-relaxations-cristallines\/#primaryimage"},"image":{"@id":"https:\/\/lesmeditationsdalisea.com\/index.php\/les-relaxations-cristallines\/#primaryimage"},"thumbnailUrl":"https:\/\/lesmeditationsdalisea.com\/wp-content\/uploads\/2025\/08\/Soin-Cristallin-fiche-technique-724x1024.jpg","datePublished":"2025-08-19T11:39:17+00:00","dateModified":"2025-09-16T06:59:15+00:00","breadcrumb":{"@id":"https:\/\/lesmeditationsdalisea.com\/index.php\/les-relaxations-cristallines\/#breadcrumb"},"inLanguage":"fr-FR","potentialAction":[{"@type":"ReadAction","target":["https:\/\/lesmeditationsdalisea.com\/index.php\/les-relaxations-cristallines\/"]}]},{"@type":"ImageObject","inLanguage":"fr-FR","@id":"https:\/\/lesmeditationsdalisea.com\/index.php\/les-relaxations-cristallines\/#primaryimage","url":"https:\/\/lesmeditationsdalisea.com\/wp-content\/uploads\/2025\/08\/Soin-Cristallin-fiche-technique.jpg","contentUrl":"https:\/\/lesmeditationsdalisea.com\/wp-content\/uploads\/2025\/08\/Soin-Cristallin-fiche-technique.jpg","width":1414,"height":2000},{"@type":"BreadcrumbList","@id":"https:\/\/lesmeditationsdalisea.com\/index.php\/les-relaxations-cristallines\/#breadcrumb","itemListElement":[{"@type":"ListItem","position":1,"name":"Accueil","item":"https:\/\/lesmeditationsdalisea.com\/"},{"@type":"ListItem","position":2,"name":"Les Relaxations cristallines"}]},{"@type":"WebSite","@id":"https:\/\/lesmeditationsdalisea.com\/#website","url":"https:\/\/lesmeditationsdalisea.com\/","name":"Les M\u00e9ditations d'Alis\u00e9a","description":"","publisher":{"@id":"https:\/\/lesmeditationsdalisea.com\/#organization"},"potentialAction":[{"@type":"SearchAction","target":{"@type":"EntryPoint","urlTemplate":"https:\/\/lesmeditationsdalisea.com\/?s={search_term_string}"},"query-input":{"@type":"PropertyValueSpecification","valueRequired":true,"valueName":"search_term_string"}}],"inLanguage":"fr-FR"},{"@type":"Organization","@id":"https:\/\/lesmeditationsdalisea.com\/#organization","name":"Les M\u00e9ditations d'Alis\u00e9a","alternateName":"La Lithoth\u00e9rapie \u00e0 prix juste!","url":"https:\/\/lesmeditationsdalisea.com\/","logo":{"@type":"ImageObject","inLanguage":"fr-FR","@id":"https:\/\/lesmeditationsdalisea.com\/#\/schema\/logo\/image\/","url":"https:\/\/lesmeditationsdalisea.com\/wp-content\/uploads\/2023\/10\/LogoFondTransparent.png","contentUrl":"https:\/\/lesmeditationsdalisea.com\/wp-content\/uploads\/2023\/10\/LogoFondTransparent.png","width":500,"height":353,"caption":"Les M\u00e9ditations d'Alis\u00e9a"},"image":{"@id":"https:\/\/lesmeditationsdalisea.com\/#\/schema\/logo\/image\/"},"sameAs":["https:\/\/www.facebook.com\/lesmeditationsdalisea\/","https:\/\/www.instagram.com\/lesmeditationsdalisea\/","https:\/\/www.tiktok.com\/@lesmeditationsdalisea"]}]}},"_links":{"self":[{"href":"https:\/\/lesmeditationsdalisea.com\/index.php\/wp-json\/wp\/v2\/pages\/5286","targetHints":{"allow":["GET"]}}],"collection":[{"href":"https:\/\/lesmeditationsdalisea.com\/index.php\/wp-json\/wp\/v2\/pages"}],"about":[{"href":"https:\/\/lesmeditationsdalisea.com\/index.php\/wp-json\/wp\/v2\/types\/page"}],"author":[{"embeddable":true,"href":"https:\/\/lesmeditationsdalisea.com\/index.php\/wp-json\/wp\/v2\/users\/1"}],"replies":[{"embeddable":true,"href":"https:\/\/lesmeditationsdalisea.com\/index.php\/wp-json\/wp\/v2\/comments?post=5286"}],"version-history":[{"count":2,"href":"https:\/\/lesmeditationsdalisea.com\/index.php\/wp-json\/wp\/v2\/pages\/5286\/revisions"}],"predecessor-version":[{"id":5421,"href":"https:\/\/lesmeditationsdalisea.com\/index.php\/wp-json\/wp\/v2\/pages\/5286\/revisions\/5421"}],"wp:attachment":[{"href":"https:\/\/lesmeditationsdalisea.com\/index.php\/wp-json\/wp\/v2\/media?parent=5286"}],"curies":[{"name":"wp","href":"https:\/\/api.w.org\/{rel}","templated":true}]}}