{"id":71,"date":"2023-10-29T17:56:05","date_gmt":"2023-10-29T16:56:05","guid":{"rendered":"https:\/\/lesmeditationsdalisea.com\/?page_id=71"},"modified":"2025-08-19T12:31:43","modified_gmt":"2025-08-19T10:31:43","slug":"accueil","status":"publish","type":"page","link":"https:\/\/lesmeditationsdalisea.com\/","title":{"rendered":"Les M\u00e9ditations d&rsquo;Alisea  Sonoth\u00e9rapie &#8211; Lithoth\u00e9rapie &amp; Massages"},"content":{"rendered":"\n<p class=\"has-text-align-center has-color-1-background-color has-text-color has-background has-link-color wp-elements-ce630c03165b2b5d5f22c7443c91a751\" style=\"color:#ffffff\"><strong>FRAIS DE PORT OFFERTS DANS LA BOUTIQUE A PARTIR DE 80\u20ac D&rsquo;ACHATS.<\/strong><\/p>\n\n\n<div class=\"wp-block-image\">\n<figure class=\"aligncenter size-large\"><img loading=\"lazy\" decoding=\"async\" width=\"1024\" height=\"683\" src=\"https:\/\/lesmeditationsdalisea.com\/wp-content\/uploads\/2025\/08\/IMG_0541-1024x683.jpg\" alt=\"\" class=\"wp-image-5190\" srcset=\"https:\/\/lesmeditationsdalisea.com\/wp-content\/uploads\/2025\/08\/IMG_0541-1024x683.jpg 1024w, https:\/\/lesmeditationsdalisea.com\/wp-content\/uploads\/2025\/08\/IMG_0541-300x200.jpg 300w, https:\/\/lesmeditationsdalisea.com\/wp-content\/uploads\/2025\/08\/IMG_0541-768x512.jpg 768w, https:\/\/lesmeditationsdalisea.com\/wp-content\/uploads\/2025\/08\/IMG_0541-1536x1024.jpg 1536w, https:\/\/lesmeditationsdalisea.com\/wp-content\/uploads\/2025\/08\/IMG_0541-2048x1365.jpg 2048w, https:\/\/lesmeditationsdalisea.com\/wp-content\/uploads\/2025\/08\/IMG_0541-1140x760.jpg 1140w, https:\/\/lesmeditationsdalisea.com\/wp-content\/uploads\/2025\/08\/IMG_0541-920x613.jpg 920w, https:\/\/lesmeditationsdalisea.com\/wp-content\/uploads\/2025\/08\/IMG_0541-575x383.jpg 575w, https:\/\/lesmeditationsdalisea.com\/wp-content\/uploads\/2025\/08\/IMG_0541-380x253.jpg 380w, https:\/\/lesmeditationsdalisea.com\/wp-content\/uploads\/2025\/08\/IMG_0541-800x533.jpg 800w\" sizes=\"auto, (max-width: 1024px) 100vw, 1024px\" \/><\/figure><\/div>\n\n\n<div class=\"wp-block-columns are-vertically-aligned-center is-layout-flex wp-container-core-columns-is-layout-28f84493 wp-block-columns-is-layout-flex\">\n<div class=\"wp-block-column is-vertically-aligned-center is-layout-flow wp-block-column-is-layout-flow\">\n<h2 class=\"wp-block-heading has-text-align-center\" id=\"h-qui-suis-je\">Qui suis-je ?<\/h2>\n\n\n\n<p class=\"has-text-align-center\">Bienvenue \u00e0 toi ! Je m&rsquo;appelle Barbara, je suis sonoth\u00e9rapeute dans le Sud Ardennes (08). Tu as peut-\u00eatre trouv\u00e9 ma page LMDA Bien-\u00eatre sur facebook, c&rsquo;est mon acronyme pour \u00ab\u00a0Les M\u00e9ditations d&rsquo;Alisea\u00a0\u00bb. Sur mon site internet, tu trouveras toutes les prestations que je propose \u00e0 la fois aux particuliers, mais aussi aux associations, entreprises et CSE. Tu y trouveras \u00e9galement une partie lithoth\u00e9rapie pour compl\u00e9ter les soins, ainsi que quelques cr\u00e9ations min\u00e9rales de ma composition car j&rsquo;occupe mon temps, entre les soins, la musique, la cr\u00e9ation et l&rsquo;organisation d&rsquo;ateliers et s\u00e9jours bien-\u00eatre. Et oui, tout cela fait de moi la personne que je suis aujourd&rsquo;hui, parfaitement align\u00e9e avec mes d\u00e9sirs profonds mais aussi totalement \u00e9panouie dans une activit\u00e9 diverse et vari\u00e9e autour du bien-\u00eatre de l&rsquo;humain. Si tu recherches un moyen de t&rsquo;apaiser et de revenir \u00e0 toi, si tu es en qu\u00eate de paix int\u00e9rieure, tu devrais trouver de quoi prendre soin de toi ici! Bonne ballade \u00e0 toi au fil des pages!<\/p>\n\n\n\n<div class=\"wp-block-buttons is-content-justification-center is-layout-flex wp-container-core-buttons-is-layout-a89b3969 wp-block-buttons-is-layout-flex\">\n<div class=\"wp-block-button\"><a class=\"wp-block-button__link has-text-align-center wp-element-button\" href=\"\/index.php\/shop\">Boutique  en ligne<\/a><\/div>\n\n\n\n<div class=\"wp-block-button\"><a class=\"wp-block-button__link wp-element-button\" href=\"https:\/\/calendly.com\/lesmeditationsdalisea\/massage-metamorphique-complet-clone-1\" target=\"_blank\" rel=\"noreferrer noopener\">reservation &#8211; agenda en ligne<\/a><\/div>\n<\/div>\n<\/div>\n<\/div>\n\n\n\n<div class=\"wp-block-buttons is-content-justification-center is-layout-flex wp-container-core-buttons-is-layout-a89b3969 wp-block-buttons-is-layout-flex\"><\/div>\n\n\n<div class=\"wp-block-image\">\n<figure class=\"aligncenter size-large\"><img loading=\"lazy\" decoding=\"async\" width=\"1024\" height=\"683\" src=\"https:\/\/lesmeditationsdalisea.com\/wp-content\/uploads\/2025\/08\/IMG_0476-1024x683.jpg\" alt=\"\" class=\"wp-image-5191\" srcset=\"https:\/\/lesmeditationsdalisea.com\/wp-content\/uploads\/2025\/08\/IMG_0476-1024x683.jpg 1024w, https:\/\/lesmeditationsdalisea.com\/wp-content\/uploads\/2025\/08\/IMG_0476-300x200.jpg 300w, https:\/\/lesmeditationsdalisea.com\/wp-content\/uploads\/2025\/08\/IMG_0476-768x512.jpg 768w, https:\/\/lesmeditationsdalisea.com\/wp-content\/uploads\/2025\/08\/IMG_0476-1536x1024.jpg 1536w, https:\/\/lesmeditationsdalisea.com\/wp-content\/uploads\/2025\/08\/IMG_0476-2048x1365.jpg 2048w, https:\/\/lesmeditationsdalisea.com\/wp-content\/uploads\/2025\/08\/IMG_0476-1140x760.jpg 1140w, https:\/\/lesmeditationsdalisea.com\/wp-content\/uploads\/2025\/08\/IMG_0476-920x613.jpg 920w, https:\/\/lesmeditationsdalisea.com\/wp-content\/uploads\/2025\/08\/IMG_0476-575x383.jpg 575w, https:\/\/lesmeditationsdalisea.com\/wp-content\/uploads\/2025\/08\/IMG_0476-380x253.jpg 380w, https:\/\/lesmeditationsdalisea.com\/wp-content\/uploads\/2025\/08\/IMG_0476-800x533.jpg 800w\" sizes=\"auto, (max-width: 1024px) 100vw, 1024px\" \/><\/figure><\/div>\n\n\n<div class=\"wp-block-buttons is-content-justification-center is-layout-flex wp-container-core-buttons-is-layout-a89b3969 wp-block-buttons-is-layout-flex\">\n<div class=\"wp-block-button has-custom-width wp-block-button__width-100\"><a class=\"wp-block-button__link wp-element-button\" href=\"https:\/\/lesmeditationsdalisea.com\/index.php\/5221-2\/\"><strong>SONOTHERAPIE<\/strong><\/a><\/div>\n<\/div>\n\n\n\n<figure class=\"wp-block-image size-large\"><a href=\"https:\/\/lesmeditationsdalisea.com\/index.php\/services-et-carte-des-soins\/\"><img loading=\"lazy\" decoding=\"async\" width=\"2560\" height=\"2560\" src=\"https:\/\/lesmeditationsdalisea.com\/wp-content\/uploads\/2023\/11\/IMG_0948-edited-scaled.jpg\" alt=\"\" class=\"wp-image-180\" srcset=\"https:\/\/lesmeditationsdalisea.com\/wp-content\/uploads\/2023\/11\/IMG_0948-edited-scaled.jpg 2560w, https:\/\/lesmeditationsdalisea.com\/wp-content\/uploads\/2023\/11\/IMG_0948-edited-300x300.jpg 300w, https:\/\/lesmeditationsdalisea.com\/wp-content\/uploads\/2023\/11\/IMG_0948-edited-1024x1024.jpg 1024w, https:\/\/lesmeditationsdalisea.com\/wp-content\/uploads\/2023\/11\/IMG_0948-edited-150x150.jpg 150w, https:\/\/lesmeditationsdalisea.com\/wp-content\/uploads\/2023\/11\/IMG_0948-edited-768x768.jpg 768w, https:\/\/lesmeditationsdalisea.com\/wp-content\/uploads\/2023\/11\/IMG_0948-edited-1536x1536.jpg 1536w, https:\/\/lesmeditationsdalisea.com\/wp-content\/uploads\/2023\/11\/IMG_0948-edited-2048x2048.jpg 2048w, https:\/\/lesmeditationsdalisea.com\/wp-content\/uploads\/2023\/11\/IMG_0948-edited-1140x1141.jpg 1140w, https:\/\/lesmeditationsdalisea.com\/wp-content\/uploads\/2023\/11\/IMG_0948-edited-920x920.jpg 920w, https:\/\/lesmeditationsdalisea.com\/wp-content\/uploads\/2023\/11\/IMG_0948-edited-575x575.jpg 575w, https:\/\/lesmeditationsdalisea.com\/wp-content\/uploads\/2023\/11\/IMG_0948-edited-380x380.jpg 380w, https:\/\/lesmeditationsdalisea.com\/wp-content\/uploads\/2023\/11\/IMG_0948-edited-420x420.jpg 420w, https:\/\/lesmeditationsdalisea.com\/wp-content\/uploads\/2023\/11\/IMG_0948-edited-800x800.jpg 800w, https:\/\/lesmeditationsdalisea.com\/wp-content\/uploads\/2023\/11\/IMG_0948-edited-100x100.jpg 100w\" sizes=\"auto, (max-width: 2560px) 100vw, 2560px\" \/><\/a><\/figure>\n\n\n\n<div class=\"wp-block-buttons is-content-justification-center is-layout-flex wp-container-core-buttons-is-layout-a89b3969 wp-block-buttons-is-layout-flex\">\n<div class=\"wp-block-button has-custom-width wp-block-button__width-100\"><a class=\"wp-block-button__link wp-element-button\" href=\"https:\/\/lesmeditationsdalisea.com\/index.php\/massages\/\"><strong>MASSAGES<\/strong><\/a><\/div>\n<\/div>\n\n\n<div class=\"wp-block-image\">\n<figure class=\"aligncenter size-full\"><a href=\"https:\/\/lesmeditationsdalisea.com\/index.php\/ateliers-et-sejours\/\"><img loading=\"lazy\" decoding=\"async\" width=\"800\" height=\"800\" src=\"https:\/\/lesmeditationsdalisea.com\/wp-content\/uploads\/2025\/08\/ATELIERS.jpg\" alt=\"\" class=\"wp-image-5192\" srcset=\"https:\/\/lesmeditationsdalisea.com\/wp-content\/uploads\/2025\/08\/ATELIERS.jpg 800w, https:\/\/lesmeditationsdalisea.com\/wp-content\/uploads\/2025\/08\/ATELIERS-300x300.jpg 300w, https:\/\/lesmeditationsdalisea.com\/wp-content\/uploads\/2025\/08\/ATELIERS-150x150.jpg 150w, https:\/\/lesmeditationsdalisea.com\/wp-content\/uploads\/2025\/08\/ATELIERS-768x768.jpg 768w, https:\/\/lesmeditationsdalisea.com\/wp-content\/uploads\/2025\/08\/ATELIERS-575x575.jpg 575w, https:\/\/lesmeditationsdalisea.com\/wp-content\/uploads\/2025\/08\/ATELIERS-380x380.jpg 380w, https:\/\/lesmeditationsdalisea.com\/wp-content\/uploads\/2025\/08\/ATELIERS-420x420.jpg 420w, https:\/\/lesmeditationsdalisea.com\/wp-content\/uploads\/2025\/08\/ATELIERS-100x100.jpg 100w\" sizes=\"auto, (max-width: 800px) 100vw, 800px\" \/><\/a><\/figure><\/div>\n\n\n<div class=\"wp-block-buttons is-content-justification-center is-layout-flex wp-container-core-buttons-is-layout-a89b3969 wp-block-buttons-is-layout-flex\">\n<div class=\"wp-block-button has-custom-width wp-block-button__width-50\"><a class=\"wp-block-button__link wp-element-button\" href=\"https:\/\/lesmeditationsdalisea.com\/index.php\/ateliers-et-sejours\/\"><strong>ATELIERS<\/strong><\/a><\/div>\n<\/div>\n\n\n<div class=\"wp-block-image\">\n<figure class=\"aligncenter size-full\"><img loading=\"lazy\" decoding=\"async\" width=\"800\" height=\"800\" src=\"https:\/\/lesmeditationsdalisea.com\/wp-content\/uploads\/2025\/08\/SEJOUR-BIEN-ETRE.jpg\" alt=\"\" class=\"wp-image-5193\" srcset=\"https:\/\/lesmeditationsdalisea.com\/wp-content\/uploads\/2025\/08\/SEJOUR-BIEN-ETRE.jpg 800w, https:\/\/lesmeditationsdalisea.com\/wp-content\/uploads\/2025\/08\/SEJOUR-BIEN-ETRE-300x300.jpg 300w, https:\/\/lesmeditationsdalisea.com\/wp-content\/uploads\/2025\/08\/SEJOUR-BIEN-ETRE-150x150.jpg 150w, https:\/\/lesmeditationsdalisea.com\/wp-content\/uploads\/2025\/08\/SEJOUR-BIEN-ETRE-768x768.jpg 768w, https:\/\/lesmeditationsdalisea.com\/wp-content\/uploads\/2025\/08\/SEJOUR-BIEN-ETRE-575x575.jpg 575w, https:\/\/lesmeditationsdalisea.com\/wp-content\/uploads\/2025\/08\/SEJOUR-BIEN-ETRE-380x380.jpg 380w, https:\/\/lesmeditationsdalisea.com\/wp-content\/uploads\/2025\/08\/SEJOUR-BIEN-ETRE-420x420.jpg 420w, https:\/\/lesmeditationsdalisea.com\/wp-content\/uploads\/2025\/08\/SEJOUR-BIEN-ETRE-100x100.jpg 100w\" sizes=\"auto, (max-width: 800px) 100vw, 800px\" \/><\/figure><\/div>\n\n\n<div class=\"wp-block-buttons is-content-justification-center is-layout-flex wp-container-core-buttons-is-layout-a89b3969 wp-block-buttons-is-layout-flex\">\n<div class=\"wp-block-button has-custom-width wp-block-button__width-50\"><a class=\"wp-block-button__link wp-element-button\" href=\"https:\/\/lesmeditationsdalisea.com\/index.php\/sejours-bien-etre\/\"><strong>SEJOURS BIEN ETRE<\/strong><\/a><\/div>\n<\/div>\n\n\n<div class=\"wp-block-image\">\n<figure class=\"aligncenter size-full\"><img loading=\"lazy\" decoding=\"async\" width=\"800\" height=\"800\" src=\"https:\/\/lesmeditationsdalisea.com\/wp-content\/uploads\/2025\/08\/FORMATIONS.jpg\" alt=\"\" class=\"wp-image-5194\" srcset=\"https:\/\/lesmeditationsdalisea.com\/wp-content\/uploads\/2025\/08\/FORMATIONS.jpg 800w, https:\/\/lesmeditationsdalisea.com\/wp-content\/uploads\/2025\/08\/FORMATIONS-300x300.jpg 300w, https:\/\/lesmeditationsdalisea.com\/wp-content\/uploads\/2025\/08\/FORMATIONS-150x150.jpg 150w, https:\/\/lesmeditationsdalisea.com\/wp-content\/uploads\/2025\/08\/FORMATIONS-768x768.jpg 768w, https:\/\/lesmeditationsdalisea.com\/wp-content\/uploads\/2025\/08\/FORMATIONS-575x575.jpg 575w, https:\/\/lesmeditationsdalisea.com\/wp-content\/uploads\/2025\/08\/FORMATIONS-380x380.jpg 380w, https:\/\/lesmeditationsdalisea.com\/wp-content\/uploads\/2025\/08\/FORMATIONS-420x420.jpg 420w, https:\/\/lesmeditationsdalisea.com\/wp-content\/uploads\/2025\/08\/FORMATIONS-100x100.jpg 100w\" sizes=\"auto, (max-width: 800px) 100vw, 800px\" \/><\/figure><\/div>\n\n\n<div class=\"wp-block-buttons is-content-justification-center is-layout-flex wp-container-core-buttons-is-layout-a89b3969 wp-block-buttons-is-layout-flex\">\n<div class=\"wp-block-button\"><a class=\"wp-block-button__link wp-element-button\" href=\"https:\/\/lesmeditationsdalisea.com\/index.php\/formation\/\"><strong>FORMATIONS<\/strong><\/a><\/div>\n<\/div>\n\n\n\n<p><\/p>\n","protected":false},"excerpt":{"rendered":"<p>FRAIS DE PORT OFFERTS DANS LA BOUTIQUE A PARTIR DE 80\u20ac D&rsquo;ACHATS. Qui suis-je ? Bienvenue \u00e0 toi ! Je m&rsquo;appelle Barbara, je suis sonoth\u00e9rapeute dans le Sud Ardennes (08). [&hellip;]<\/p>\n","protected":false},"author":1,"featured_media":0,"parent":0,"menu_order":0,"comment_status":"closed","ping_status":"closed","template":"","meta":{"footnotes":""},"class_list":["post-71","page","type-page","status-publish","hentry"],"yoast_head":"<!-- This site is optimized with the Yoast SEO Premium plugin v26.4 (Yoast SEO v27.4) - https:\/\/yoast.com\/product\/yoast-seo-premium-wordpress\/ -->\n<title>Les M\u00e9ditations d&#039;Alisea Sonoth\u00e9rapie - Lithoth\u00e9rapie &amp; Massages -<\/title>\n<meta name=\"description\" content=\"Bienvenue sur la boutique en ligne de min\u00e9raux, bijoux et tisanes Yogi Tea, mais \u00e9galement les infos sur mes soins, ateliers et s\u00e9jours.\" \/>\n<meta name=\"robots\" content=\"index, follow, max-snippet:-1, max-image-preview:large, max-video-preview:-1\" \/>\n<link rel=\"canonical\" href=\"https:\/\/lesmeditationsdalisea.com\/\" \/>\n<meta property=\"og:locale\" content=\"fr_FR\" \/>\n<meta property=\"og:type\" content=\"article\" \/>\n<meta property=\"og:title\" content=\"Les M\u00e9ditations d&#039;Alisea Sonoth\u00e9rapie - Lithoth\u00e9rapie &amp; Massages\" \/>\n<meta property=\"og:description\" content=\"Bienvenue sur la boutique en ligne de min\u00e9raux, bijoux et tisanes Yogi Tea, mais \u00e9galement les infos sur mes soins, ateliers et s\u00e9jours.\" \/>\n<meta property=\"og:url\" content=\"https:\/\/lesmeditationsdalisea.com\/\" \/>\n<meta property=\"article:publisher\" content=\"https:\/\/www.facebook.com\/lesmeditationsdalisea\/\" \/>\n<meta property=\"article:modified_time\" content=\"2025-08-19T10:31:43+00:00\" \/>\n<meta property=\"og:image\" content=\"https:\/\/lesmeditationsdalisea.com\/wp-content\/uploads\/2025\/08\/IMG_0541-scaled.jpg\" \/>\n\t<meta property=\"og:image:width\" content=\"2560\" \/>\n\t<meta property=\"og:image:height\" content=\"1707\" \/>\n\t<meta property=\"og:image:type\" content=\"image\/jpeg\" \/>\n<meta name=\"twitter:card\" content=\"summary_large_image\" \/>\n<meta name=\"twitter:label1\" content=\"Dur\u00e9e de lecture estim\u00e9e\" \/>\n\t<meta name=\"twitter:data1\" content=\"3 minutes\" \/>\n<script type=\"application\/ld+json\" class=\"yoast-schema-graph\">{\"@context\":\"https:\\\/\\\/schema.org\",\"@graph\":[{\"@type\":\"WebPage\",\"@id\":\"https:\\\/\\\/lesmeditationsdalisea.com\\\/\",\"url\":\"https:\\\/\\\/lesmeditationsdalisea.com\\\/\",\"name\":\"Les M\u00e9ditations d'Alisea Sonoth\u00e9rapie - Lithoth\u00e9rapie &amp; Massages -\",\"isPartOf\":{\"@id\":\"https:\\\/\\\/lesmeditationsdalisea.com\\\/#website\"},\"primaryImageOfPage\":{\"@id\":\"https:\\\/\\\/lesmeditationsdalisea.com\\\/#primaryimage\"},\"image\":{\"@id\":\"https:\\\/\\\/lesmeditationsdalisea.com\\\/#primaryimage\"},\"thumbnailUrl\":\"https:\\\/\\\/lesmeditationsdalisea.com\\\/wp-content\\\/uploads\\\/2025\\\/08\\\/IMG_0541-1024x683.jpg\",\"datePublished\":\"2023-10-29T16:56:05+00:00\",\"dateModified\":\"2025-08-19T10:31:43+00:00\",\"description\":\"Bienvenue sur la boutique en ligne de min\u00e9raux, bijoux et tisanes Yogi Tea, mais \u00e9galement les infos sur mes soins, ateliers et s\u00e9jours.\",\"breadcrumb\":{\"@id\":\"https:\\\/\\\/lesmeditationsdalisea.com\\\/#breadcrumb\"},\"inLanguage\":\"fr-FR\",\"potentialAction\":[{\"@type\":\"ReadAction\",\"target\":[\"https:\\\/\\\/lesmeditationsdalisea.com\\\/\"]}]},{\"@type\":\"ImageObject\",\"inLanguage\":\"fr-FR\",\"@id\":\"https:\\\/\\\/lesmeditationsdalisea.com\\\/#primaryimage\",\"url\":\"https:\\\/\\\/lesmeditationsdalisea.com\\\/wp-content\\\/uploads\\\/2025\\\/08\\\/IMG_0541-scaled.jpg\",\"contentUrl\":\"https:\\\/\\\/lesmeditationsdalisea.com\\\/wp-content\\\/uploads\\\/2025\\\/08\\\/IMG_0541-scaled.jpg\",\"width\":2560,\"height\":1707},{\"@type\":\"BreadcrumbList\",\"@id\":\"https:\\\/\\\/lesmeditationsdalisea.com\\\/#breadcrumb\",\"itemListElement\":[{\"@type\":\"ListItem\",\"position\":1,\"name\":\"Accueil\",\"item\":\"https:\\\/\\\/lesmeditationsdalisea.com\\\/\"},{\"@type\":\"ListItem\",\"position\":2,\"name\":\"Les M\u00e9ditations d&rsquo;Alisea Sonoth\u00e9rapie &#8211; Lithoth\u00e9rapie &amp; Massages\"}]},{\"@type\":\"WebSite\",\"@id\":\"https:\\\/\\\/lesmeditationsdalisea.com\\\/#website\",\"url\":\"https:\\\/\\\/lesmeditationsdalisea.com\\\/\",\"name\":\"Les M\u00e9ditations d'Alis\u00e9a\",\"description\":\"\",\"publisher\":{\"@id\":\"https:\\\/\\\/lesmeditationsdalisea.com\\\/#organization\"},\"potentialAction\":[{\"@type\":\"SearchAction\",\"target\":{\"@type\":\"EntryPoint\",\"urlTemplate\":\"https:\\\/\\\/lesmeditationsdalisea.com\\\/?s={search_term_string}\"},\"query-input\":{\"@type\":\"PropertyValueSpecification\",\"valueRequired\":true,\"valueName\":\"search_term_string\"}}],\"inLanguage\":\"fr-FR\"},{\"@type\":\"Organization\",\"@id\":\"https:\\\/\\\/lesmeditationsdalisea.com\\\/#organization\",\"name\":\"Les M\u00e9ditations d'Alis\u00e9a\",\"alternateName\":\"La Lithoth\u00e9rapie \u00e0 prix juste!\",\"url\":\"https:\\\/\\\/lesmeditationsdalisea.com\\\/\",\"logo\":{\"@type\":\"ImageObject\",\"inLanguage\":\"fr-FR\",\"@id\":\"https:\\\/\\\/lesmeditationsdalisea.com\\\/#\\\/schema\\\/logo\\\/image\\\/\",\"url\":\"https:\\\/\\\/lesmeditationsdalisea.com\\\/wp-content\\\/uploads\\\/2023\\\/10\\\/LogoFondTransparent.png\",\"contentUrl\":\"https:\\\/\\\/lesmeditationsdalisea.com\\\/wp-content\\\/uploads\\\/2023\\\/10\\\/LogoFondTransparent.png\",\"width\":500,\"height\":353,\"caption\":\"Les M\u00e9ditations d'Alis\u00e9a\"},\"image\":{\"@id\":\"https:\\\/\\\/lesmeditationsdalisea.com\\\/#\\\/schema\\\/logo\\\/image\\\/\"},\"sameAs\":[\"https:\\\/\\\/www.facebook.com\\\/lesmeditationsdalisea\\\/\",\"https:\\\/\\\/www.instagram.com\\\/lesmeditationsdalisea\\\/\",\"https:\\\/\\\/www.tiktok.com\\\/@lesmeditationsdalisea\"]}]}<\/script>\n<!-- \/ Yoast SEO Premium plugin. -->","yoast_head_json":{"title":"Les M\u00e9ditations d'Alisea Sonoth\u00e9rapie - Lithoth\u00e9rapie &amp; Massages -","description":"Bienvenue sur la boutique en ligne de min\u00e9raux, bijoux et tisanes Yogi Tea, mais \u00e9galement les infos sur mes soins, ateliers et s\u00e9jours.","robots":{"index":"index","follow":"follow","max-snippet":"max-snippet:-1","max-image-preview":"max-image-preview:large","max-video-preview":"max-video-preview:-1"},"canonical":"https:\/\/lesmeditationsdalisea.com\/","og_locale":"fr_FR","og_type":"article","og_title":"Les M\u00e9ditations d'Alisea Sonoth\u00e9rapie - Lithoth\u00e9rapie &amp; Massages","og_description":"Bienvenue sur la boutique en ligne de min\u00e9raux, bijoux et tisanes Yogi Tea, mais \u00e9galement les infos sur mes soins, ateliers et s\u00e9jours.","og_url":"https:\/\/lesmeditationsdalisea.com\/","article_publisher":"https:\/\/www.facebook.com\/lesmeditationsdalisea\/","article_modified_time":"2025-08-19T10:31:43+00:00","og_image":[{"width":2560,"height":1707,"url":"https:\/\/lesmeditationsdalisea.com\/wp-content\/uploads\/2025\/08\/IMG_0541-scaled.jpg","type":"image\/jpeg"}],"twitter_card":"summary_large_image","twitter_misc":{"Dur\u00e9e de lecture estim\u00e9e":"3 minutes"},"schema":{"@context":"https:\/\/schema.org","@graph":[{"@type":"WebPage","@id":"https:\/\/lesmeditationsdalisea.com\/","url":"https:\/\/lesmeditationsdalisea.com\/","name":"Les M\u00e9ditations d'Alisea Sonoth\u00e9rapie - Lithoth\u00e9rapie &amp; Massages -","isPartOf":{"@id":"https:\/\/lesmeditationsdalisea.com\/#website"},"primaryImageOfPage":{"@id":"https:\/\/lesmeditationsdalisea.com\/#primaryimage"},"image":{"@id":"https:\/\/lesmeditationsdalisea.com\/#primaryimage"},"thumbnailUrl":"https:\/\/lesmeditationsdalisea.com\/wp-content\/uploads\/2025\/08\/IMG_0541-1024x683.jpg","datePublished":"2023-10-29T16:56:05+00:00","dateModified":"2025-08-19T10:31:43+00:00","description":"Bienvenue sur la boutique en ligne de min\u00e9raux, bijoux et tisanes Yogi Tea, mais \u00e9galement les infos sur mes soins, ateliers et s\u00e9jours.","breadcrumb":{"@id":"https:\/\/lesmeditationsdalisea.com\/#breadcrumb"},"inLanguage":"fr-FR","potentialAction":[{"@type":"ReadAction","target":["https:\/\/lesmeditationsdalisea.com\/"]}]},{"@type":"ImageObject","inLanguage":"fr-FR","@id":"https:\/\/lesmeditationsdalisea.com\/#primaryimage","url":"https:\/\/lesmeditationsdalisea.com\/wp-content\/uploads\/2025\/08\/IMG_0541-scaled.jpg","contentUrl":"https:\/\/lesmeditationsdalisea.com\/wp-content\/uploads\/2025\/08\/IMG_0541-scaled.jpg","width":2560,"height":1707},{"@type":"BreadcrumbList","@id":"https:\/\/lesmeditationsdalisea.com\/#breadcrumb","itemListElement":[{"@type":"ListItem","position":1,"name":"Accueil","item":"https:\/\/lesmeditationsdalisea.com\/"},{"@type":"ListItem","position":2,"name":"Les M\u00e9ditations d&rsquo;Alisea Sonoth\u00e9rapie &#8211; Lithoth\u00e9rapie &amp; Massages"}]},{"@type":"WebSite","@id":"https:\/\/lesmeditationsdalisea.com\/#website","url":"https:\/\/lesmeditationsdalisea.com\/","name":"Les M\u00e9ditations d'Alis\u00e9a","description":"","publisher":{"@id":"https:\/\/lesmeditationsdalisea.com\/#organization"},"potentialAction":[{"@type":"SearchAction","target":{"@type":"EntryPoint","urlTemplate":"https:\/\/lesmeditationsdalisea.com\/?s={search_term_string}"},"query-input":{"@type":"PropertyValueSpecification","valueRequired":true,"valueName":"search_term_string"}}],"inLanguage":"fr-FR"},{"@type":"Organization","@id":"https:\/\/lesmeditationsdalisea.com\/#organization","name":"Les M\u00e9ditations d'Alis\u00e9a","alternateName":"La Lithoth\u00e9rapie \u00e0 prix juste!","url":"https:\/\/lesmeditationsdalisea.com\/","logo":{"@type":"ImageObject","inLanguage":"fr-FR","@id":"https:\/\/lesmeditationsdalisea.com\/#\/schema\/logo\/image\/","url":"https:\/\/lesmeditationsdalisea.com\/wp-content\/uploads\/2023\/10\/LogoFondTransparent.png","contentUrl":"https:\/\/lesmeditationsdalisea.com\/wp-content\/uploads\/2023\/10\/LogoFondTransparent.png","width":500,"height":353,"caption":"Les M\u00e9ditations d'Alis\u00e9a"},"image":{"@id":"https:\/\/lesmeditationsdalisea.com\/#\/schema\/logo\/image\/"},"sameAs":["https:\/\/www.facebook.com\/lesmeditationsdalisea\/","https:\/\/www.instagram.com\/lesmeditationsdalisea\/","https:\/\/www.tiktok.com\/@lesmeditationsdalisea"]}]}},"_links":{"self":[{"href":"https:\/\/lesmeditationsdalisea.com\/index.php\/wp-json\/wp\/v2\/pages\/71","targetHints":{"allow":["GET"]}}],"collection":[{"href":"https:\/\/lesmeditationsdalisea.com\/index.php\/wp-json\/wp\/v2\/pages"}],"about":[{"href":"https:\/\/lesmeditationsdalisea.com\/index.php\/wp-json\/wp\/v2\/types\/page"}],"author":[{"embeddable":true,"href":"https:\/\/lesmeditationsdalisea.com\/index.php\/wp-json\/wp\/v2\/users\/1"}],"replies":[{"embeddable":true,"href":"https:\/\/lesmeditationsdalisea.com\/index.php\/wp-json\/wp\/v2\/comments?post=71"}],"version-history":[{"count":37,"href":"https:\/\/lesmeditationsdalisea.com\/index.php\/wp-json\/wp\/v2\/pages\/71\/revisions"}],"predecessor-version":[{"id":5268,"href":"https:\/\/lesmeditationsdalisea.com\/index.php\/wp-json\/wp\/v2\/pages\/71\/revisions\/5268"}],"wp:attachment":[{"href":"https:\/\/lesmeditationsdalisea.com\/index.php\/wp-json\/wp\/v2\/media?parent=71"}],"curies":[{"name":"wp","href":"https:\/\/api.w.org\/{rel}","templated":true}]}}