{"id":2457,"date":"2024-03-01T10:09:08","date_gmt":"2024-03-01T09:09:08","guid":{"rendered":"https:\/\/lesmeditationsdalisea.com\/?post_type=product&#038;p=2457"},"modified":"2024-11-22T08:53:48","modified_gmt":"2024-11-22T07:53:48","slug":"sphere-en-jaspe-polychrome","status":"publish","type":"product","link":"https:\/\/lesmeditationsdalisea.com\/index.php\/product\/sphere-en-jaspe-polychrome\/","title":{"rendered":"Sph\u00e8re en Jaspe Polychrome"},"content":{"rendered":"<p>Jolie sph\u00e8re en Jaspe polychrome de 6.7cm<\/p>\n<p>L&rsquo;\u00e9nergie de cette pierre nous aide \u00e0 r\u00e9v\u00e9ler notre force\u00a0 cr\u00e9atrice.<br \/>\nElle vivifie et procure la volont\u00e9 de r\u00e9aliser ses objectifs.<\/p>\n<p>Elle est id\u00e9ale pour lever les obstacles et suivre ses propres id\u00e9es.<\/p>\n<p>Elle permet de rester bien ancr\u00e9 dans le moment pr\u00e9sent et apporte sentiment de s\u00e9curit\u00e9 int\u00e9rieure.<\/p>\n<p>&nbsp;<\/p>\n","protected":false},"excerpt":{"rendered":"<p>Origine : Madagascar<\/p>\n","protected":false},"featured_media":2381,"comment_status":"open","ping_status":"closed","template":"","meta":[],"product_brand":[],"product_cat":[67],"product_tag":[],"class_list":{"0":"post-2457","1":"product","2":"type-product","3":"status-publish","4":"has-post-thumbnail","6":"product_cat-vente-live-instagram","8":"first","9":"outofstock","10":"shipping-taxable","11":"purchasable","12":"product-type-simple"},"yoast_head":"<!-- This site is optimized with the Yoast SEO Premium plugin v26.4 (Yoast SEO v27.3) - https:\/\/yoast.com\/product\/yoast-seo-premium-wordpress\/ -->\n<title>Sph\u00e8re en Jaspe Polychrome -<\/title>\n<meta name=\"robots\" content=\"index, follow, max-snippet:-1, max-image-preview:large, max-video-preview:-1\" \/>\n<link rel=\"canonical\" href=\"https:\/\/lesmeditationsdalisea.com\/index.php\/product\/sphere-en-jaspe-polychrome\/\" \/>\n<meta property=\"og:locale\" content=\"fr_FR\" \/>\n<meta property=\"og:type\" content=\"article\" \/>\n<meta property=\"og:title\" content=\"Sph\u00e8re en Jaspe Polychrome\" \/>\n<meta property=\"og:description\" content=\"Origine : Madagascar\" \/>\n<meta property=\"og:url\" content=\"https:\/\/lesmeditationsdalisea.com\/index.php\/product\/sphere-en-jaspe-polychrome\/\" \/>\n<meta property=\"article:publisher\" content=\"https:\/\/www.facebook.com\/lesmeditationsdalisea\/\" \/>\n<meta property=\"article:modified_time\" content=\"2024-11-22T07:53:48+00:00\" \/>\n<meta property=\"og:image\" content=\"https:\/\/lesmeditationsdalisea.com\/wp-content\/uploads\/2024\/02\/20240222_154304-scaled.jpg\" \/>\n\t<meta property=\"og:image:width\" content=\"1920\" \/>\n\t<meta property=\"og:image:height\" content=\"2560\" \/>\n\t<meta property=\"og:image:type\" content=\"image\/jpeg\" \/>\n<meta name=\"twitter:card\" content=\"summary_large_image\" \/>\n<meta name=\"twitter:label1\" content=\"Dur\u00e9e de lecture estim\u00e9e\" \/>\n\t<meta name=\"twitter:data1\" content=\"1 minute\" \/>\n<script type=\"application\/ld+json\" class=\"yoast-schema-graph\">{\"@context\":\"https:\\\/\\\/schema.org\",\"@graph\":[{\"@type\":\"WebPage\",\"@id\":\"https:\\\/\\\/lesmeditationsdalisea.com\\\/index.php\\\/product\\\/sphere-en-jaspe-polychrome\\\/\",\"url\":\"https:\\\/\\\/lesmeditationsdalisea.com\\\/index.php\\\/product\\\/sphere-en-jaspe-polychrome\\\/\",\"name\":\"Sph\u00e8re en Jaspe Polychrome -\",\"isPartOf\":{\"@id\":\"https:\\\/\\\/lesmeditationsdalisea.com\\\/#website\"},\"primaryImageOfPage\":{\"@id\":\"https:\\\/\\\/lesmeditationsdalisea.com\\\/index.php\\\/product\\\/sphere-en-jaspe-polychrome\\\/#primaryimage\"},\"image\":{\"@id\":\"https:\\\/\\\/lesmeditationsdalisea.com\\\/index.php\\\/product\\\/sphere-en-jaspe-polychrome\\\/#primaryimage\"},\"thumbnailUrl\":\"https:\\\/\\\/lesmeditationsdalisea.com\\\/wp-content\\\/uploads\\\/2024\\\/02\\\/20240222_154304-scaled.jpg\",\"datePublished\":\"2024-03-01T09:09:08+00:00\",\"dateModified\":\"2024-11-22T07:53:48+00:00\",\"breadcrumb\":{\"@id\":\"https:\\\/\\\/lesmeditationsdalisea.com\\\/index.php\\\/product\\\/sphere-en-jaspe-polychrome\\\/#breadcrumb\"},\"inLanguage\":\"fr-FR\",\"potentialAction\":[{\"@type\":\"ReadAction\",\"target\":[\"https:\\\/\\\/lesmeditationsdalisea.com\\\/index.php\\\/product\\\/sphere-en-jaspe-polychrome\\\/\"]}]},{\"@type\":\"ImageObject\",\"inLanguage\":\"fr-FR\",\"@id\":\"https:\\\/\\\/lesmeditationsdalisea.com\\\/index.php\\\/product\\\/sphere-en-jaspe-polychrome\\\/#primaryimage\",\"url\":\"https:\\\/\\\/lesmeditationsdalisea.com\\\/wp-content\\\/uploads\\\/2024\\\/02\\\/20240222_154304-scaled.jpg\",\"contentUrl\":\"https:\\\/\\\/lesmeditationsdalisea.com\\\/wp-content\\\/uploads\\\/2024\\\/02\\\/20240222_154304-scaled.jpg\",\"width\":1920,\"height\":2560},{\"@type\":\"BreadcrumbList\",\"@id\":\"https:\\\/\\\/lesmeditationsdalisea.com\\\/index.php\\\/product\\\/sphere-en-jaspe-polychrome\\\/#breadcrumb\",\"itemListElement\":[{\"@type\":\"ListItem\",\"position\":1,\"name\":\"Accueil\",\"item\":\"https:\\\/\\\/lesmeditationsdalisea.com\\\/\"},{\"@type\":\"ListItem\",\"position\":2,\"name\":\"Produits\",\"item\":\"https:\\\/\\\/lesmeditationsdalisea.com\\\/index.php\\\/shop\\\/\"},{\"@type\":\"ListItem\",\"position\":3,\"name\":\"Sph\u00e8re en Jaspe Polychrome\"}]},{\"@type\":\"WebSite\",\"@id\":\"https:\\\/\\\/lesmeditationsdalisea.com\\\/#website\",\"url\":\"https:\\\/\\\/lesmeditationsdalisea.com\\\/\",\"name\":\"Les M\u00e9ditations d'Alis\u00e9a\",\"description\":\"\",\"publisher\":{\"@id\":\"https:\\\/\\\/lesmeditationsdalisea.com\\\/#organization\"},\"potentialAction\":[{\"@type\":\"SearchAction\",\"target\":{\"@type\":\"EntryPoint\",\"urlTemplate\":\"https:\\\/\\\/lesmeditationsdalisea.com\\\/?s={search_term_string}\"},\"query-input\":{\"@type\":\"PropertyValueSpecification\",\"valueRequired\":true,\"valueName\":\"search_term_string\"}}],\"inLanguage\":\"fr-FR\"},{\"@type\":\"Organization\",\"@id\":\"https:\\\/\\\/lesmeditationsdalisea.com\\\/#organization\",\"name\":\"Les M\u00e9ditations d'Alis\u00e9a\",\"alternateName\":\"La Lithoth\u00e9rapie \u00e0 prix juste!\",\"url\":\"https:\\\/\\\/lesmeditationsdalisea.com\\\/\",\"logo\":{\"@type\":\"ImageObject\",\"inLanguage\":\"fr-FR\",\"@id\":\"https:\\\/\\\/lesmeditationsdalisea.com\\\/#\\\/schema\\\/logo\\\/image\\\/\",\"url\":\"https:\\\/\\\/lesmeditationsdalisea.com\\\/wp-content\\\/uploads\\\/2023\\\/10\\\/LogoFondTransparent.png\",\"contentUrl\":\"https:\\\/\\\/lesmeditationsdalisea.com\\\/wp-content\\\/uploads\\\/2023\\\/10\\\/LogoFondTransparent.png\",\"width\":500,\"height\":353,\"caption\":\"Les M\u00e9ditations d'Alis\u00e9a\"},\"image\":{\"@id\":\"https:\\\/\\\/lesmeditationsdalisea.com\\\/#\\\/schema\\\/logo\\\/image\\\/\"},\"sameAs\":[\"https:\\\/\\\/www.facebook.com\\\/lesmeditationsdalisea\\\/\",\"https:\\\/\\\/www.instagram.com\\\/lesmeditationsdalisea\\\/\",\"https:\\\/\\\/www.tiktok.com\\\/@lesmeditationsdalisea\"]}]}<\/script>\n<!-- \/ Yoast SEO Premium plugin. -->","yoast_head_json":{"title":"Sph\u00e8re en Jaspe Polychrome -","robots":{"index":"index","follow":"follow","max-snippet":"max-snippet:-1","max-image-preview":"max-image-preview:large","max-video-preview":"max-video-preview:-1"},"canonical":"https:\/\/lesmeditationsdalisea.com\/index.php\/product\/sphere-en-jaspe-polychrome\/","og_locale":"fr_FR","og_type":"article","og_title":"Sph\u00e8re en Jaspe Polychrome","og_description":"Origine : Madagascar","og_url":"https:\/\/lesmeditationsdalisea.com\/index.php\/product\/sphere-en-jaspe-polychrome\/","article_publisher":"https:\/\/www.facebook.com\/lesmeditationsdalisea\/","article_modified_time":"2024-11-22T07:53:48+00:00","og_image":[{"width":1920,"height":2560,"url":"https:\/\/lesmeditationsdalisea.com\/wp-content\/uploads\/2024\/02\/20240222_154304-scaled.jpg","type":"image\/jpeg"}],"twitter_card":"summary_large_image","twitter_misc":{"Dur\u00e9e de lecture estim\u00e9e":"1 minute"},"schema":{"@context":"https:\/\/schema.org","@graph":[{"@type":"WebPage","@id":"https:\/\/lesmeditationsdalisea.com\/index.php\/product\/sphere-en-jaspe-polychrome\/","url":"https:\/\/lesmeditationsdalisea.com\/index.php\/product\/sphere-en-jaspe-polychrome\/","name":"Sph\u00e8re en Jaspe Polychrome -","isPartOf":{"@id":"https:\/\/lesmeditationsdalisea.com\/#website"},"primaryImageOfPage":{"@id":"https:\/\/lesmeditationsdalisea.com\/index.php\/product\/sphere-en-jaspe-polychrome\/#primaryimage"},"image":{"@id":"https:\/\/lesmeditationsdalisea.com\/index.php\/product\/sphere-en-jaspe-polychrome\/#primaryimage"},"thumbnailUrl":"https:\/\/lesmeditationsdalisea.com\/wp-content\/uploads\/2024\/02\/20240222_154304-scaled.jpg","datePublished":"2024-03-01T09:09:08+00:00","dateModified":"2024-11-22T07:53:48+00:00","breadcrumb":{"@id":"https:\/\/lesmeditationsdalisea.com\/index.php\/product\/sphere-en-jaspe-polychrome\/#breadcrumb"},"inLanguage":"fr-FR","potentialAction":[{"@type":"ReadAction","target":["https:\/\/lesmeditationsdalisea.com\/index.php\/product\/sphere-en-jaspe-polychrome\/"]}]},{"@type":"ImageObject","inLanguage":"fr-FR","@id":"https:\/\/lesmeditationsdalisea.com\/index.php\/product\/sphere-en-jaspe-polychrome\/#primaryimage","url":"https:\/\/lesmeditationsdalisea.com\/wp-content\/uploads\/2024\/02\/20240222_154304-scaled.jpg","contentUrl":"https:\/\/lesmeditationsdalisea.com\/wp-content\/uploads\/2024\/02\/20240222_154304-scaled.jpg","width":1920,"height":2560},{"@type":"BreadcrumbList","@id":"https:\/\/lesmeditationsdalisea.com\/index.php\/product\/sphere-en-jaspe-polychrome\/#breadcrumb","itemListElement":[{"@type":"ListItem","position":1,"name":"Accueil","item":"https:\/\/lesmeditationsdalisea.com\/"},{"@type":"ListItem","position":2,"name":"Produits","item":"https:\/\/lesmeditationsdalisea.com\/index.php\/shop\/"},{"@type":"ListItem","position":3,"name":"Sph\u00e8re en Jaspe Polychrome"}]},{"@type":"WebSite","@id":"https:\/\/lesmeditationsdalisea.com\/#website","url":"https:\/\/lesmeditationsdalisea.com\/","name":"Les M\u00e9ditations d'Alis\u00e9a","description":"","publisher":{"@id":"https:\/\/lesmeditationsdalisea.com\/#organization"},"potentialAction":[{"@type":"SearchAction","target":{"@type":"EntryPoint","urlTemplate":"https:\/\/lesmeditationsdalisea.com\/?s={search_term_string}"},"query-input":{"@type":"PropertyValueSpecification","valueRequired":true,"valueName":"search_term_string"}}],"inLanguage":"fr-FR"},{"@type":"Organization","@id":"https:\/\/lesmeditationsdalisea.com\/#organization","name":"Les M\u00e9ditations d'Alis\u00e9a","alternateName":"La Lithoth\u00e9rapie \u00e0 prix juste!","url":"https:\/\/lesmeditationsdalisea.com\/","logo":{"@type":"ImageObject","inLanguage":"fr-FR","@id":"https:\/\/lesmeditationsdalisea.com\/#\/schema\/logo\/image\/","url":"https:\/\/lesmeditationsdalisea.com\/wp-content\/uploads\/2023\/10\/LogoFondTransparent.png","contentUrl":"https:\/\/lesmeditationsdalisea.com\/wp-content\/uploads\/2023\/10\/LogoFondTransparent.png","width":500,"height":353,"caption":"Les M\u00e9ditations d'Alis\u00e9a"},"image":{"@id":"https:\/\/lesmeditationsdalisea.com\/#\/schema\/logo\/image\/"},"sameAs":["https:\/\/www.facebook.com\/lesmeditationsdalisea\/","https:\/\/www.instagram.com\/lesmeditationsdalisea\/","https:\/\/www.tiktok.com\/@lesmeditationsdalisea"]}]}},"_links":{"self":[{"href":"https:\/\/lesmeditationsdalisea.com\/index.php\/wp-json\/wp\/v2\/product\/2457","targetHints":{"allow":["GET"]}}],"collection":[{"href":"https:\/\/lesmeditationsdalisea.com\/index.php\/wp-json\/wp\/v2\/product"}],"about":[{"href":"https:\/\/lesmeditationsdalisea.com\/index.php\/wp-json\/wp\/v2\/types\/product"}],"replies":[{"embeddable":true,"href":"https:\/\/lesmeditationsdalisea.com\/index.php\/wp-json\/wp\/v2\/comments?post=2457"}],"wp:featuredmedia":[{"embeddable":true,"href":"https:\/\/lesmeditationsdalisea.com\/index.php\/wp-json\/wp\/v2\/media\/2381"}],"wp:attachment":[{"href":"https:\/\/lesmeditationsdalisea.com\/index.php\/wp-json\/wp\/v2\/media?parent=2457"}],"wp:term":[{"taxonomy":"product_brand","embeddable":true,"href":"https:\/\/lesmeditationsdalisea.com\/index.php\/wp-json\/wp\/v2\/product_brand?post=2457"},{"taxonomy":"product_cat","embeddable":true,"href":"https:\/\/lesmeditationsdalisea.com\/index.php\/wp-json\/wp\/v2\/product_cat?post=2457"},{"taxonomy":"product_tag","embeddable":true,"href":"https:\/\/lesmeditationsdalisea.com\/index.php\/wp-json\/wp\/v2\/product_tag?post=2457"}],"curies":[{"name":"wp","href":"https:\/\/api.w.org\/{rel}","templated":true}]}}