{"id":2808,"date":"2024-03-30T18:01:22","date_gmt":"2024-03-30T17:01:22","guid":{"rendered":"https:\/\/lesmeditationsdalisea.com\/?post_type=product&#038;p=2808"},"modified":"2025-08-11T13:47:07","modified_gmt":"2025-08-11T11:47:07","slug":"gua-sha-massage-cristal-de-roche","status":"publish","type":"product","link":"https:\/\/lesmeditationsdalisea.com\/index.php\/product\/gua-sha-massage-cristal-de-roche\/","title":{"rendered":"Gua Sha massage Cristal de roche"},"content":{"rendered":"<p>Gua sha en cristal de roche pour des massages du visage ou du corps en lissage ou effet palp\u00e9 roul\u00e9.<\/p>\n<p>Dimensions: 8.8 cm x 6.5cm<\/p>\n<p>En lithoth\u00e9rapie, l&rsquo;\u00e9nergie du cristal de roche nous aide \u00e0 :<br \/>\n* la m\u00e9ditation et \u00e0 la clairvoyance<br \/>\n* lib\u00e9rer les blocages \u00e9motionnels<br \/>\n* \u00e9lever le taux vibratoire<br \/>\n* faire preuve de tol\u00e9rance et de compr\u00e9hension<br \/>\nPhoto non contractuelle.<\/p>\n","protected":false},"excerpt":{"rendered":"<p>Provenance : Br\u00e9sil<\/p>\n","protected":false},"featured_media":2801,"comment_status":"open","ping_status":"closed","template":"","meta":[],"product_brand":[],"product_cat":[69],"product_tag":[],"class_list":{"0":"post-2808","1":"product","2":"type-product","3":"status-publish","4":"has-post-thumbnail","6":"product_cat-massage-esoterisme","8":"first","9":"instock","10":"shipping-taxable","11":"purchasable","12":"product-type-simple"},"yoast_head":"<!-- This site is optimized with the Yoast SEO Premium plugin v26.4 (Yoast SEO v27.3) - https:\/\/yoast.com\/product\/yoast-seo-premium-wordpress\/ -->\n<title>Gua Sha massage Cristal de roche -<\/title>\n<meta name=\"robots\" content=\"index, follow, max-snippet:-1, max-image-preview:large, max-video-preview:-1\" \/>\n<link rel=\"canonical\" href=\"https:\/\/lesmeditationsdalisea.com\/index.php\/product\/gua-sha-massage-cristal-de-roche\/\" \/>\n<meta property=\"og:locale\" content=\"fr_FR\" \/>\n<meta property=\"og:type\" content=\"article\" \/>\n<meta property=\"og:title\" content=\"Gua Sha massage Cristal de roche\" \/>\n<meta property=\"og:description\" content=\"Provenance : Br\u00e9sil\" \/>\n<meta property=\"og:url\" content=\"https:\/\/lesmeditationsdalisea.com\/index.php\/product\/gua-sha-massage-cristal-de-roche\/\" \/>\n<meta property=\"article:publisher\" content=\"https:\/\/www.facebook.com\/lesmeditationsdalisea\/\" \/>\n<meta property=\"article:modified_time\" content=\"2025-08-11T11:47:07+00:00\" \/>\n<meta property=\"og:image\" content=\"https:\/\/lesmeditationsdalisea.com\/wp-content\/uploads\/2024\/03\/20240327_125158-scaled.jpg\" \/>\n\t<meta property=\"og:image:width\" content=\"1920\" \/>\n\t<meta property=\"og:image:height\" content=\"2560\" \/>\n\t<meta property=\"og:image:type\" content=\"image\/jpeg\" \/>\n<meta name=\"twitter:card\" content=\"summary_large_image\" \/>\n<meta name=\"twitter:label1\" content=\"Dur\u00e9e de lecture estim\u00e9e\" \/>\n\t<meta name=\"twitter:data1\" content=\"1 minute\" \/>\n<script type=\"application\/ld+json\" class=\"yoast-schema-graph\">{\"@context\":\"https:\\\/\\\/schema.org\",\"@graph\":[{\"@type\":\"WebPage\",\"@id\":\"https:\\\/\\\/lesmeditationsdalisea.com\\\/index.php\\\/product\\\/gua-sha-massage-cristal-de-roche\\\/\",\"url\":\"https:\\\/\\\/lesmeditationsdalisea.com\\\/index.php\\\/product\\\/gua-sha-massage-cristal-de-roche\\\/\",\"name\":\"Gua Sha massage Cristal de roche -\",\"isPartOf\":{\"@id\":\"https:\\\/\\\/lesmeditationsdalisea.com\\\/#website\"},\"primaryImageOfPage\":{\"@id\":\"https:\\\/\\\/lesmeditationsdalisea.com\\\/index.php\\\/product\\\/gua-sha-massage-cristal-de-roche\\\/#primaryimage\"},\"image\":{\"@id\":\"https:\\\/\\\/lesmeditationsdalisea.com\\\/index.php\\\/product\\\/gua-sha-massage-cristal-de-roche\\\/#primaryimage\"},\"thumbnailUrl\":\"https:\\\/\\\/lesmeditationsdalisea.com\\\/wp-content\\\/uploads\\\/2024\\\/03\\\/20240327_125158-scaled.jpg\",\"datePublished\":\"2024-03-30T17:01:22+00:00\",\"dateModified\":\"2025-08-11T11:47:07+00:00\",\"breadcrumb\":{\"@id\":\"https:\\\/\\\/lesmeditationsdalisea.com\\\/index.php\\\/product\\\/gua-sha-massage-cristal-de-roche\\\/#breadcrumb\"},\"inLanguage\":\"fr-FR\",\"potentialAction\":[{\"@type\":\"ReadAction\",\"target\":[\"https:\\\/\\\/lesmeditationsdalisea.com\\\/index.php\\\/product\\\/gua-sha-massage-cristal-de-roche\\\/\"]}]},{\"@type\":\"ImageObject\",\"inLanguage\":\"fr-FR\",\"@id\":\"https:\\\/\\\/lesmeditationsdalisea.com\\\/index.php\\\/product\\\/gua-sha-massage-cristal-de-roche\\\/#primaryimage\",\"url\":\"https:\\\/\\\/lesmeditationsdalisea.com\\\/wp-content\\\/uploads\\\/2024\\\/03\\\/20240327_125158-scaled.jpg\",\"contentUrl\":\"https:\\\/\\\/lesmeditationsdalisea.com\\\/wp-content\\\/uploads\\\/2024\\\/03\\\/20240327_125158-scaled.jpg\",\"width\":1920,\"height\":2560},{\"@type\":\"BreadcrumbList\",\"@id\":\"https:\\\/\\\/lesmeditationsdalisea.com\\\/index.php\\\/product\\\/gua-sha-massage-cristal-de-roche\\\/#breadcrumb\",\"itemListElement\":[{\"@type\":\"ListItem\",\"position\":1,\"name\":\"Accueil\",\"item\":\"https:\\\/\\\/lesmeditationsdalisea.com\\\/\"},{\"@type\":\"ListItem\",\"position\":2,\"name\":\"Produits\",\"item\":\"https:\\\/\\\/lesmeditationsdalisea.com\\\/index.php\\\/shop\\\/\"},{\"@type\":\"ListItem\",\"position\":3,\"name\":\"Gua Sha massage Cristal de roche\"}]},{\"@type\":\"WebSite\",\"@id\":\"https:\\\/\\\/lesmeditationsdalisea.com\\\/#website\",\"url\":\"https:\\\/\\\/lesmeditationsdalisea.com\\\/\",\"name\":\"Les M\u00e9ditations d'Alis\u00e9a\",\"description\":\"\",\"publisher\":{\"@id\":\"https:\\\/\\\/lesmeditationsdalisea.com\\\/#organization\"},\"potentialAction\":[{\"@type\":\"SearchAction\",\"target\":{\"@type\":\"EntryPoint\",\"urlTemplate\":\"https:\\\/\\\/lesmeditationsdalisea.com\\\/?s={search_term_string}\"},\"query-input\":{\"@type\":\"PropertyValueSpecification\",\"valueRequired\":true,\"valueName\":\"search_term_string\"}}],\"inLanguage\":\"fr-FR\"},{\"@type\":\"Organization\",\"@id\":\"https:\\\/\\\/lesmeditationsdalisea.com\\\/#organization\",\"name\":\"Les M\u00e9ditations d'Alis\u00e9a\",\"alternateName\":\"La Lithoth\u00e9rapie \u00e0 prix juste!\",\"url\":\"https:\\\/\\\/lesmeditationsdalisea.com\\\/\",\"logo\":{\"@type\":\"ImageObject\",\"inLanguage\":\"fr-FR\",\"@id\":\"https:\\\/\\\/lesmeditationsdalisea.com\\\/#\\\/schema\\\/logo\\\/image\\\/\",\"url\":\"https:\\\/\\\/lesmeditationsdalisea.com\\\/wp-content\\\/uploads\\\/2023\\\/10\\\/LogoFondTransparent.png\",\"contentUrl\":\"https:\\\/\\\/lesmeditationsdalisea.com\\\/wp-content\\\/uploads\\\/2023\\\/10\\\/LogoFondTransparent.png\",\"width\":500,\"height\":353,\"caption\":\"Les M\u00e9ditations d'Alis\u00e9a\"},\"image\":{\"@id\":\"https:\\\/\\\/lesmeditationsdalisea.com\\\/#\\\/schema\\\/logo\\\/image\\\/\"},\"sameAs\":[\"https:\\\/\\\/www.facebook.com\\\/lesmeditationsdalisea\\\/\",\"https:\\\/\\\/www.instagram.com\\\/lesmeditationsdalisea\\\/\",\"https:\\\/\\\/www.tiktok.com\\\/@lesmeditationsdalisea\"]}]}<\/script>\n<!-- \/ Yoast SEO Premium plugin. -->","yoast_head_json":{"title":"Gua Sha massage Cristal de roche -","robots":{"index":"index","follow":"follow","max-snippet":"max-snippet:-1","max-image-preview":"max-image-preview:large","max-video-preview":"max-video-preview:-1"},"canonical":"https:\/\/lesmeditationsdalisea.com\/index.php\/product\/gua-sha-massage-cristal-de-roche\/","og_locale":"fr_FR","og_type":"article","og_title":"Gua Sha massage Cristal de roche","og_description":"Provenance : Br\u00e9sil","og_url":"https:\/\/lesmeditationsdalisea.com\/index.php\/product\/gua-sha-massage-cristal-de-roche\/","article_publisher":"https:\/\/www.facebook.com\/lesmeditationsdalisea\/","article_modified_time":"2025-08-11T11:47:07+00:00","og_image":[{"width":1920,"height":2560,"url":"https:\/\/lesmeditationsdalisea.com\/wp-content\/uploads\/2024\/03\/20240327_125158-scaled.jpg","type":"image\/jpeg"}],"twitter_card":"summary_large_image","twitter_misc":{"Dur\u00e9e de lecture estim\u00e9e":"1 minute"},"schema":{"@context":"https:\/\/schema.org","@graph":[{"@type":"WebPage","@id":"https:\/\/lesmeditationsdalisea.com\/index.php\/product\/gua-sha-massage-cristal-de-roche\/","url":"https:\/\/lesmeditationsdalisea.com\/index.php\/product\/gua-sha-massage-cristal-de-roche\/","name":"Gua Sha massage Cristal de roche -","isPartOf":{"@id":"https:\/\/lesmeditationsdalisea.com\/#website"},"primaryImageOfPage":{"@id":"https:\/\/lesmeditationsdalisea.com\/index.php\/product\/gua-sha-massage-cristal-de-roche\/#primaryimage"},"image":{"@id":"https:\/\/lesmeditationsdalisea.com\/index.php\/product\/gua-sha-massage-cristal-de-roche\/#primaryimage"},"thumbnailUrl":"https:\/\/lesmeditationsdalisea.com\/wp-content\/uploads\/2024\/03\/20240327_125158-scaled.jpg","datePublished":"2024-03-30T17:01:22+00:00","dateModified":"2025-08-11T11:47:07+00:00","breadcrumb":{"@id":"https:\/\/lesmeditationsdalisea.com\/index.php\/product\/gua-sha-massage-cristal-de-roche\/#breadcrumb"},"inLanguage":"fr-FR","potentialAction":[{"@type":"ReadAction","target":["https:\/\/lesmeditationsdalisea.com\/index.php\/product\/gua-sha-massage-cristal-de-roche\/"]}]},{"@type":"ImageObject","inLanguage":"fr-FR","@id":"https:\/\/lesmeditationsdalisea.com\/index.php\/product\/gua-sha-massage-cristal-de-roche\/#primaryimage","url":"https:\/\/lesmeditationsdalisea.com\/wp-content\/uploads\/2024\/03\/20240327_125158-scaled.jpg","contentUrl":"https:\/\/lesmeditationsdalisea.com\/wp-content\/uploads\/2024\/03\/20240327_125158-scaled.jpg","width":1920,"height":2560},{"@type":"BreadcrumbList","@id":"https:\/\/lesmeditationsdalisea.com\/index.php\/product\/gua-sha-massage-cristal-de-roche\/#breadcrumb","itemListElement":[{"@type":"ListItem","position":1,"name":"Accueil","item":"https:\/\/lesmeditationsdalisea.com\/"},{"@type":"ListItem","position":2,"name":"Produits","item":"https:\/\/lesmeditationsdalisea.com\/index.php\/shop\/"},{"@type":"ListItem","position":3,"name":"Gua Sha massage Cristal de roche"}]},{"@type":"WebSite","@id":"https:\/\/lesmeditationsdalisea.com\/#website","url":"https:\/\/lesmeditationsdalisea.com\/","name":"Les M\u00e9ditations d'Alis\u00e9a","description":"","publisher":{"@id":"https:\/\/lesmeditationsdalisea.com\/#organization"},"potentialAction":[{"@type":"SearchAction","target":{"@type":"EntryPoint","urlTemplate":"https:\/\/lesmeditationsdalisea.com\/?s={search_term_string}"},"query-input":{"@type":"PropertyValueSpecification","valueRequired":true,"valueName":"search_term_string"}}],"inLanguage":"fr-FR"},{"@type":"Organization","@id":"https:\/\/lesmeditationsdalisea.com\/#organization","name":"Les M\u00e9ditations d'Alis\u00e9a","alternateName":"La Lithoth\u00e9rapie \u00e0 prix juste!","url":"https:\/\/lesmeditationsdalisea.com\/","logo":{"@type":"ImageObject","inLanguage":"fr-FR","@id":"https:\/\/lesmeditationsdalisea.com\/#\/schema\/logo\/image\/","url":"https:\/\/lesmeditationsdalisea.com\/wp-content\/uploads\/2023\/10\/LogoFondTransparent.png","contentUrl":"https:\/\/lesmeditationsdalisea.com\/wp-content\/uploads\/2023\/10\/LogoFondTransparent.png","width":500,"height":353,"caption":"Les M\u00e9ditations d'Alis\u00e9a"},"image":{"@id":"https:\/\/lesmeditationsdalisea.com\/#\/schema\/logo\/image\/"},"sameAs":["https:\/\/www.facebook.com\/lesmeditationsdalisea\/","https:\/\/www.instagram.com\/lesmeditationsdalisea\/","https:\/\/www.tiktok.com\/@lesmeditationsdalisea"]}]}},"_links":{"self":[{"href":"https:\/\/lesmeditationsdalisea.com\/index.php\/wp-json\/wp\/v2\/product\/2808","targetHints":{"allow":["GET"]}}],"collection":[{"href":"https:\/\/lesmeditationsdalisea.com\/index.php\/wp-json\/wp\/v2\/product"}],"about":[{"href":"https:\/\/lesmeditationsdalisea.com\/index.php\/wp-json\/wp\/v2\/types\/product"}],"replies":[{"embeddable":true,"href":"https:\/\/lesmeditationsdalisea.com\/index.php\/wp-json\/wp\/v2\/comments?post=2808"}],"wp:featuredmedia":[{"embeddable":true,"href":"https:\/\/lesmeditationsdalisea.com\/index.php\/wp-json\/wp\/v2\/media\/2801"}],"wp:attachment":[{"href":"https:\/\/lesmeditationsdalisea.com\/index.php\/wp-json\/wp\/v2\/media?parent=2808"}],"wp:term":[{"taxonomy":"product_brand","embeddable":true,"href":"https:\/\/lesmeditationsdalisea.com\/index.php\/wp-json\/wp\/v2\/product_brand?post=2808"},{"taxonomy":"product_cat","embeddable":true,"href":"https:\/\/lesmeditationsdalisea.com\/index.php\/wp-json\/wp\/v2\/product_cat?post=2808"},{"taxonomy":"product_tag","embeddable":true,"href":"https:\/\/lesmeditationsdalisea.com\/index.php\/wp-json\/wp\/v2\/product_tag?post=2808"}],"curies":[{"name":"wp","href":"https:\/\/api.w.org\/{rel}","templated":true}]}}