{"id":3595,"date":"2024-08-13T08:26:17","date_gmt":"2024-08-13T06:26:17","guid":{"rendered":"https:\/\/lesmeditationsdalisea.com\/?post_type=product&#038;p=3595"},"modified":"2024-08-13T08:32:07","modified_gmt":"2024-08-13T06:32:07","slug":"collier-yogi-avec-donut-ovale-en-amazonite","status":"publish","type":"product","link":"https:\/\/lesmeditationsdalisea.com\/index.php\/product\/collier-yogi-avec-donut-ovale-en-amazonite\/","title":{"rendered":"Collier YOGI avec Donut ovale en Amazonite"},"content":{"rendered":"<p>Joli collier sur chaine de 25cm avec donut de 5cm en AMAZONITE, avec petit yogi.<\/p>\n<p>Possibilit\u00e9 de choisir la couleur de chaine en menu d\u00e9roulant.<\/p>\n<p>Mati\u00e8re : plaquage or sur acier.<\/p>\n<p>En lithoth\u00e9rapie, on utilise l&rsquo;amazonite pour retrouver une unit\u00e9 dans son expression, dans l&rsquo;expression des valeurs qui nous sont propres et dans l&rsquo;affirmation de soi.<\/p>\n<p>Cr\u00e9ation artisanale, faite dans les Ardennes (08), dans nos ateliers.<\/p>\n","protected":false},"excerpt":{"rendered":"<p><img loading=\"lazy\" decoding=\"async\" class=\"alignnone size-medium wp-image-3536\" src=\"https:\/\/lesmeditationsdalisea.com\/wp-content\/uploads\/2024\/08\/20240801_144508-225x300.jpg\" alt=\"\" width=\"225\" height=\"300\" srcset=\"https:\/\/lesmeditationsdalisea.com\/wp-content\/uploads\/2024\/08\/20240801_144508-225x300.jpg 225w, https:\/\/lesmeditationsdalisea.com\/wp-content\/uploads\/2024\/08\/20240801_144508-768x1024.jpg 768w, https:\/\/lesmeditationsdalisea.com\/wp-content\/uploads\/2024\/08\/20240801_144508-1152x1536.jpg 1152w, https:\/\/lesmeditationsdalisea.com\/wp-content\/uploads\/2024\/08\/20240801_144508-1536x2048.jpg 1536w, https:\/\/lesmeditationsdalisea.com\/wp-content\/uploads\/2024\/08\/20240801_144508-1140x1520.jpg 1140w, https:\/\/lesmeditationsdalisea.com\/wp-content\/uploads\/2024\/08\/20240801_144508-920x1227.jpg 920w, https:\/\/lesmeditationsdalisea.com\/wp-content\/uploads\/2024\/08\/20240801_144508-575x767.jpg 575w, https:\/\/lesmeditationsdalisea.com\/wp-content\/uploads\/2024\/08\/20240801_144508-380x507.jpg 380w, https:\/\/lesmeditationsdalisea.com\/wp-content\/uploads\/2024\/08\/20240801_144508-800x1067.jpg 800w, https:\/\/lesmeditationsdalisea.com\/wp-content\/uploads\/2024\/08\/20240801_144508-scaled.jpg 1920w\" sizes=\"auto, (max-width: 225px) 100vw, 225px\" \/>Cr\u00e9ation unique et originale!<\/p>\n","protected":false},"featured_media":3536,"comment_status":"open","ping_status":"closed","template":"","meta":[],"product_brand":[],"product_cat":[39],"product_tag":[],"class_list":{"0":"post-3595","1":"product","2":"type-product","3":"status-publish","4":"has-post-thumbnail","6":"product_cat-colliers","8":"first","9":"instock","10":"sale","11":"shipping-taxable","12":"purchasable","13":"product-type-simple"},"yoast_head":"<!-- This site is optimized with the Yoast SEO Premium plugin v26.4 (Yoast SEO v27.3) - https:\/\/yoast.com\/product\/yoast-seo-premium-wordpress\/ -->\n<title>Collier YOGI avec Donut ovale en Amazonite -<\/title>\n<meta name=\"description\" content=\"amazonite, collier amazonite, bijou amazonite, collier donut, id\u00e9e cadeau femme, collier femme, bijoux de cr\u00e9ateur, bijou donut\" \/>\n<meta name=\"robots\" content=\"index, follow, max-snippet:-1, max-image-preview:large, max-video-preview:-1\" \/>\n<link rel=\"canonical\" href=\"https:\/\/lesmeditationsdalisea.com\/index.php\/product\/collier-yogi-avec-donut-ovale-en-amazonite\/\" \/>\n<meta property=\"og:locale\" content=\"fr_FR\" \/>\n<meta property=\"og:type\" content=\"article\" \/>\n<meta property=\"og:title\" content=\"Collier YOGI avec Donut ovale en Amazonite\" \/>\n<meta property=\"og:description\" content=\"amazonite, collier amazonite, bijou amazonite, collier donut, id\u00e9e cadeau femme, collier femme, bijoux de cr\u00e9ateur, bijou donut\" \/>\n<meta property=\"og:url\" content=\"https:\/\/lesmeditationsdalisea.com\/index.php\/product\/collier-yogi-avec-donut-ovale-en-amazonite\/\" \/>\n<meta property=\"article:publisher\" content=\"https:\/\/www.facebook.com\/lesmeditationsdalisea\/\" \/>\n<meta property=\"article:modified_time\" content=\"2024-08-13T06:32:07+00:00\" \/>\n<meta property=\"og:image\" content=\"https:\/\/lesmeditationsdalisea.com\/wp-content\/uploads\/2024\/08\/20240801_144508-scaled.jpg\" \/>\n\t<meta property=\"og:image:width\" content=\"1920\" \/>\n\t<meta property=\"og:image:height\" content=\"2560\" \/>\n\t<meta property=\"og:image:type\" content=\"image\/jpeg\" \/>\n<meta name=\"twitter:card\" content=\"summary_large_image\" \/>\n<meta name=\"twitter:label1\" content=\"Dur\u00e9e de lecture estim\u00e9e\" \/>\n\t<meta name=\"twitter:data1\" content=\"1 minute\" \/>\n<script type=\"application\/ld+json\" class=\"yoast-schema-graph\">{\"@context\":\"https:\\\/\\\/schema.org\",\"@graph\":[{\"@type\":\"WebPage\",\"@id\":\"https:\\\/\\\/lesmeditationsdalisea.com\\\/index.php\\\/product\\\/collier-yogi-avec-donut-ovale-en-amazonite\\\/\",\"url\":\"https:\\\/\\\/lesmeditationsdalisea.com\\\/index.php\\\/product\\\/collier-yogi-avec-donut-ovale-en-amazonite\\\/\",\"name\":\"Collier YOGI avec Donut ovale en Amazonite -\",\"isPartOf\":{\"@id\":\"https:\\\/\\\/lesmeditationsdalisea.com\\\/#website\"},\"primaryImageOfPage\":{\"@id\":\"https:\\\/\\\/lesmeditationsdalisea.com\\\/index.php\\\/product\\\/collier-yogi-avec-donut-ovale-en-amazonite\\\/#primaryimage\"},\"image\":{\"@id\":\"https:\\\/\\\/lesmeditationsdalisea.com\\\/index.php\\\/product\\\/collier-yogi-avec-donut-ovale-en-amazonite\\\/#primaryimage\"},\"thumbnailUrl\":\"https:\\\/\\\/lesmeditationsdalisea.com\\\/wp-content\\\/uploads\\\/2024\\\/08\\\/20240801_144508-scaled.jpg\",\"datePublished\":\"2024-08-13T06:26:17+00:00\",\"dateModified\":\"2024-08-13T06:32:07+00:00\",\"description\":\"amazonite, collier amazonite, bijou amazonite, collier donut, id\u00e9e cadeau femme, collier femme, bijoux de cr\u00e9ateur, bijou donut\",\"breadcrumb\":{\"@id\":\"https:\\\/\\\/lesmeditationsdalisea.com\\\/index.php\\\/product\\\/collier-yogi-avec-donut-ovale-en-amazonite\\\/#breadcrumb\"},\"inLanguage\":\"fr-FR\",\"potentialAction\":[{\"@type\":\"ReadAction\",\"target\":[\"https:\\\/\\\/lesmeditationsdalisea.com\\\/index.php\\\/product\\\/collier-yogi-avec-donut-ovale-en-amazonite\\\/\"]}]},{\"@type\":\"ImageObject\",\"inLanguage\":\"fr-FR\",\"@id\":\"https:\\\/\\\/lesmeditationsdalisea.com\\\/index.php\\\/product\\\/collier-yogi-avec-donut-ovale-en-amazonite\\\/#primaryimage\",\"url\":\"https:\\\/\\\/lesmeditationsdalisea.com\\\/wp-content\\\/uploads\\\/2024\\\/08\\\/20240801_144508-scaled.jpg\",\"contentUrl\":\"https:\\\/\\\/lesmeditationsdalisea.com\\\/wp-content\\\/uploads\\\/2024\\\/08\\\/20240801_144508-scaled.jpg\",\"width\":1920,\"height\":2560},{\"@type\":\"BreadcrumbList\",\"@id\":\"https:\\\/\\\/lesmeditationsdalisea.com\\\/index.php\\\/product\\\/collier-yogi-avec-donut-ovale-en-amazonite\\\/#breadcrumb\",\"itemListElement\":[{\"@type\":\"ListItem\",\"position\":1,\"name\":\"Accueil\",\"item\":\"https:\\\/\\\/lesmeditationsdalisea.com\\\/\"},{\"@type\":\"ListItem\",\"position\":2,\"name\":\"Produits\",\"item\":\"https:\\\/\\\/lesmeditationsdalisea.com\\\/index.php\\\/shop\\\/\"},{\"@type\":\"ListItem\",\"position\":3,\"name\":\"Collier YOGI avec Donut ovale en Amazonite\"}]},{\"@type\":\"WebSite\",\"@id\":\"https:\\\/\\\/lesmeditationsdalisea.com\\\/#website\",\"url\":\"https:\\\/\\\/lesmeditationsdalisea.com\\\/\",\"name\":\"Les M\u00e9ditations d'Alis\u00e9a\",\"description\":\"\",\"publisher\":{\"@id\":\"https:\\\/\\\/lesmeditationsdalisea.com\\\/#organization\"},\"potentialAction\":[{\"@type\":\"SearchAction\",\"target\":{\"@type\":\"EntryPoint\",\"urlTemplate\":\"https:\\\/\\\/lesmeditationsdalisea.com\\\/?s={search_term_string}\"},\"query-input\":{\"@type\":\"PropertyValueSpecification\",\"valueRequired\":true,\"valueName\":\"search_term_string\"}}],\"inLanguage\":\"fr-FR\"},{\"@type\":\"Organization\",\"@id\":\"https:\\\/\\\/lesmeditationsdalisea.com\\\/#organization\",\"name\":\"Les M\u00e9ditations d'Alis\u00e9a\",\"alternateName\":\"La Lithoth\u00e9rapie \u00e0 prix juste!\",\"url\":\"https:\\\/\\\/lesmeditationsdalisea.com\\\/\",\"logo\":{\"@type\":\"ImageObject\",\"inLanguage\":\"fr-FR\",\"@id\":\"https:\\\/\\\/lesmeditationsdalisea.com\\\/#\\\/schema\\\/logo\\\/image\\\/\",\"url\":\"https:\\\/\\\/lesmeditationsdalisea.com\\\/wp-content\\\/uploads\\\/2023\\\/10\\\/LogoFondTransparent.png\",\"contentUrl\":\"https:\\\/\\\/lesmeditationsdalisea.com\\\/wp-content\\\/uploads\\\/2023\\\/10\\\/LogoFondTransparent.png\",\"width\":500,\"height\":353,\"caption\":\"Les M\u00e9ditations d'Alis\u00e9a\"},\"image\":{\"@id\":\"https:\\\/\\\/lesmeditationsdalisea.com\\\/#\\\/schema\\\/logo\\\/image\\\/\"},\"sameAs\":[\"https:\\\/\\\/www.facebook.com\\\/lesmeditationsdalisea\\\/\",\"https:\\\/\\\/www.instagram.com\\\/lesmeditationsdalisea\\\/\",\"https:\\\/\\\/www.tiktok.com\\\/@lesmeditationsdalisea\"]}]}<\/script>\n<!-- \/ Yoast SEO Premium plugin. -->","yoast_head_json":{"title":"Collier YOGI avec Donut ovale en Amazonite -","description":"amazonite, collier amazonite, bijou amazonite, collier donut, id\u00e9e cadeau femme, collier femme, bijoux de cr\u00e9ateur, bijou donut","robots":{"index":"index","follow":"follow","max-snippet":"max-snippet:-1","max-image-preview":"max-image-preview:large","max-video-preview":"max-video-preview:-1"},"canonical":"https:\/\/lesmeditationsdalisea.com\/index.php\/product\/collier-yogi-avec-donut-ovale-en-amazonite\/","og_locale":"fr_FR","og_type":"article","og_title":"Collier YOGI avec Donut ovale en Amazonite","og_description":"amazonite, collier amazonite, bijou amazonite, collier donut, id\u00e9e cadeau femme, collier femme, bijoux de cr\u00e9ateur, bijou donut","og_url":"https:\/\/lesmeditationsdalisea.com\/index.php\/product\/collier-yogi-avec-donut-ovale-en-amazonite\/","article_publisher":"https:\/\/www.facebook.com\/lesmeditationsdalisea\/","article_modified_time":"2024-08-13T06:32:07+00:00","og_image":[{"width":1920,"height":2560,"url":"https:\/\/lesmeditationsdalisea.com\/wp-content\/uploads\/2024\/08\/20240801_144508-scaled.jpg","type":"image\/jpeg"}],"twitter_card":"summary_large_image","twitter_misc":{"Dur\u00e9e de lecture estim\u00e9e":"1 minute"},"schema":{"@context":"https:\/\/schema.org","@graph":[{"@type":"WebPage","@id":"https:\/\/lesmeditationsdalisea.com\/index.php\/product\/collier-yogi-avec-donut-ovale-en-amazonite\/","url":"https:\/\/lesmeditationsdalisea.com\/index.php\/product\/collier-yogi-avec-donut-ovale-en-amazonite\/","name":"Collier YOGI avec Donut ovale en Amazonite -","isPartOf":{"@id":"https:\/\/lesmeditationsdalisea.com\/#website"},"primaryImageOfPage":{"@id":"https:\/\/lesmeditationsdalisea.com\/index.php\/product\/collier-yogi-avec-donut-ovale-en-amazonite\/#primaryimage"},"image":{"@id":"https:\/\/lesmeditationsdalisea.com\/index.php\/product\/collier-yogi-avec-donut-ovale-en-amazonite\/#primaryimage"},"thumbnailUrl":"https:\/\/lesmeditationsdalisea.com\/wp-content\/uploads\/2024\/08\/20240801_144508-scaled.jpg","datePublished":"2024-08-13T06:26:17+00:00","dateModified":"2024-08-13T06:32:07+00:00","description":"amazonite, collier amazonite, bijou amazonite, collier donut, id\u00e9e cadeau femme, collier femme, bijoux de cr\u00e9ateur, bijou donut","breadcrumb":{"@id":"https:\/\/lesmeditationsdalisea.com\/index.php\/product\/collier-yogi-avec-donut-ovale-en-amazonite\/#breadcrumb"},"inLanguage":"fr-FR","potentialAction":[{"@type":"ReadAction","target":["https:\/\/lesmeditationsdalisea.com\/index.php\/product\/collier-yogi-avec-donut-ovale-en-amazonite\/"]}]},{"@type":"ImageObject","inLanguage":"fr-FR","@id":"https:\/\/lesmeditationsdalisea.com\/index.php\/product\/collier-yogi-avec-donut-ovale-en-amazonite\/#primaryimage","url":"https:\/\/lesmeditationsdalisea.com\/wp-content\/uploads\/2024\/08\/20240801_144508-scaled.jpg","contentUrl":"https:\/\/lesmeditationsdalisea.com\/wp-content\/uploads\/2024\/08\/20240801_144508-scaled.jpg","width":1920,"height":2560},{"@type":"BreadcrumbList","@id":"https:\/\/lesmeditationsdalisea.com\/index.php\/product\/collier-yogi-avec-donut-ovale-en-amazonite\/#breadcrumb","itemListElement":[{"@type":"ListItem","position":1,"name":"Accueil","item":"https:\/\/lesmeditationsdalisea.com\/"},{"@type":"ListItem","position":2,"name":"Produits","item":"https:\/\/lesmeditationsdalisea.com\/index.php\/shop\/"},{"@type":"ListItem","position":3,"name":"Collier YOGI avec Donut ovale en Amazonite"}]},{"@type":"WebSite","@id":"https:\/\/lesmeditationsdalisea.com\/#website","url":"https:\/\/lesmeditationsdalisea.com\/","name":"Les M\u00e9ditations d'Alis\u00e9a","description":"","publisher":{"@id":"https:\/\/lesmeditationsdalisea.com\/#organization"},"potentialAction":[{"@type":"SearchAction","target":{"@type":"EntryPoint","urlTemplate":"https:\/\/lesmeditationsdalisea.com\/?s={search_term_string}"},"query-input":{"@type":"PropertyValueSpecification","valueRequired":true,"valueName":"search_term_string"}}],"inLanguage":"fr-FR"},{"@type":"Organization","@id":"https:\/\/lesmeditationsdalisea.com\/#organization","name":"Les M\u00e9ditations d'Alis\u00e9a","alternateName":"La Lithoth\u00e9rapie \u00e0 prix juste!","url":"https:\/\/lesmeditationsdalisea.com\/","logo":{"@type":"ImageObject","inLanguage":"fr-FR","@id":"https:\/\/lesmeditationsdalisea.com\/#\/schema\/logo\/image\/","url":"https:\/\/lesmeditationsdalisea.com\/wp-content\/uploads\/2023\/10\/LogoFondTransparent.png","contentUrl":"https:\/\/lesmeditationsdalisea.com\/wp-content\/uploads\/2023\/10\/LogoFondTransparent.png","width":500,"height":353,"caption":"Les M\u00e9ditations d'Alis\u00e9a"},"image":{"@id":"https:\/\/lesmeditationsdalisea.com\/#\/schema\/logo\/image\/"},"sameAs":["https:\/\/www.facebook.com\/lesmeditationsdalisea\/","https:\/\/www.instagram.com\/lesmeditationsdalisea\/","https:\/\/www.tiktok.com\/@lesmeditationsdalisea"]}]}},"_links":{"self":[{"href":"https:\/\/lesmeditationsdalisea.com\/index.php\/wp-json\/wp\/v2\/product\/3595","targetHints":{"allow":["GET"]}}],"collection":[{"href":"https:\/\/lesmeditationsdalisea.com\/index.php\/wp-json\/wp\/v2\/product"}],"about":[{"href":"https:\/\/lesmeditationsdalisea.com\/index.php\/wp-json\/wp\/v2\/types\/product"}],"replies":[{"embeddable":true,"href":"https:\/\/lesmeditationsdalisea.com\/index.php\/wp-json\/wp\/v2\/comments?post=3595"}],"wp:featuredmedia":[{"embeddable":true,"href":"https:\/\/lesmeditationsdalisea.com\/index.php\/wp-json\/wp\/v2\/media\/3536"}],"wp:attachment":[{"href":"https:\/\/lesmeditationsdalisea.com\/index.php\/wp-json\/wp\/v2\/media?parent=3595"}],"wp:term":[{"taxonomy":"product_brand","embeddable":true,"href":"https:\/\/lesmeditationsdalisea.com\/index.php\/wp-json\/wp\/v2\/product_brand?post=3595"},{"taxonomy":"product_cat","embeddable":true,"href":"https:\/\/lesmeditationsdalisea.com\/index.php\/wp-json\/wp\/v2\/product_cat?post=3595"},{"taxonomy":"product_tag","embeddable":true,"href":"https:\/\/lesmeditationsdalisea.com\/index.php\/wp-json\/wp\/v2\/product_tag?post=3595"}],"curies":[{"name":"wp","href":"https:\/\/api.w.org\/{rel}","templated":true}]}}