{"id":3598,"date":"2024-08-13T08:37:39","date_gmt":"2024-08-13T06:37:39","guid":{"rendered":"https:\/\/lesmeditationsdalisea.com\/?post_type=product&#038;p=3598"},"modified":"2025-09-01T11:37:31","modified_gmt":"2025-09-01T09:37:31","slug":"collier-triskel-cristalderoche","status":"publish","type":"product","link":"https:\/\/lesmeditationsdalisea.com\/index.php\/product\/collier-triskel-cristalderoche\/","title":{"rendered":"Collier TRISKEL avec Donut ovale en Cristal de Roche"},"content":{"rendered":"<p>Joli collier sur chaine de 25cm avec donut de 5cm en CRISTAL DE ROCHE, avec symbole celtique.<\/p>\n<p>Mati\u00e8re : acier inoxydable gris<\/p>\n<p>En lithoth\u00e9rapie, on utilise le cristal de roche pour \u00e9veiller la conscience et d\u00e9velopper ses capacit\u00e9s subtiles. Gr\u00e2ce \u00e0 cette pierre, on se connecte \u00e0 son intuition et il est plus facile de recevoir des messages de son \u00e2me. Elle aide \u00e9galement les personnes trop \u00e9troites d&rsquo;esprit \u00e0 s&rsquo;ouvrir \u00e0 d&rsquo;autres id\u00e9es et \u00e0 \u00eatre plus ouvert d&rsquo;esprit.<\/p>\n<p>Cr\u00e9ation artisanale, faite dans les Ardennes (08), dans nos ateliers.<\/p>\n","protected":false},"excerpt":{"rendered":"<p>Cr\u00e9ation unique et originale!<\/p>\n","protected":false},"featured_media":3538,"comment_status":"open","ping_status":"closed","template":"","meta":[],"product_brand":[],"product_cat":[39],"product_tag":[],"class_list":{"0":"post-3598","1":"product","2":"type-product","3":"status-publish","4":"has-post-thumbnail","6":"product_cat-colliers","8":"first","9":"instock","10":"shipping-taxable","11":"purchasable","12":"product-type-simple"},"yoast_head":"<!-- This site is optimized with the Yoast SEO Premium plugin v26.4 (Yoast SEO v27.3) - https:\/\/yoast.com\/product\/yoast-seo-premium-wordpress\/ -->\n<title>Collier TRISKEL avec Donut ovale en Cristal de Roche -<\/title>\n<meta name=\"description\" content=\"cristal de roche, collier cristal de roche, bijou cristal de roche, collier donut, id\u00e9e cadeau femme, collier femme, bijoux de cr\u00e9ateur, triskel\" \/>\n<meta name=\"robots\" content=\"index, follow, max-snippet:-1, max-image-preview:large, max-video-preview:-1\" \/>\n<link rel=\"canonical\" href=\"https:\/\/lesmeditationsdalisea.com\/index.php\/product\/collier-triskel-cristalderoche\/\" \/>\n<meta property=\"og:locale\" content=\"fr_FR\" \/>\n<meta property=\"og:type\" content=\"article\" \/>\n<meta property=\"og:title\" content=\"Collier TRISKEL avec Donut ovale en Cristal de Roche\" \/>\n<meta property=\"og:description\" content=\"cristal de roche, collier cristal de roche, bijou cristal de roche, collier donut, id\u00e9e cadeau femme, collier femme, bijoux de cr\u00e9ateur, triskel\" \/>\n<meta property=\"og:url\" content=\"https:\/\/lesmeditationsdalisea.com\/index.php\/product\/collier-triskel-cristalderoche\/\" \/>\n<meta property=\"article:publisher\" content=\"https:\/\/www.facebook.com\/lesmeditationsdalisea\/\" \/>\n<meta property=\"article:modified_time\" content=\"2025-09-01T09:37:31+00:00\" \/>\n<meta property=\"og:image\" content=\"https:\/\/lesmeditationsdalisea.com\/wp-content\/uploads\/2024\/08\/20240801_144529-scaled.jpg\" \/>\n\t<meta property=\"og:image:width\" content=\"1920\" \/>\n\t<meta property=\"og:image:height\" content=\"2560\" \/>\n\t<meta property=\"og:image:type\" content=\"image\/jpeg\" \/>\n<meta name=\"twitter:card\" content=\"summary_large_image\" \/>\n<meta name=\"twitter:label1\" content=\"Dur\u00e9e de lecture estim\u00e9e\" \/>\n\t<meta name=\"twitter:data1\" content=\"1 minute\" \/>\n<script type=\"application\/ld+json\" class=\"yoast-schema-graph\">{\"@context\":\"https:\\\/\\\/schema.org\",\"@graph\":[{\"@type\":\"WebPage\",\"@id\":\"https:\\\/\\\/lesmeditationsdalisea.com\\\/index.php\\\/product\\\/collier-triskel-cristalderoche\\\/\",\"url\":\"https:\\\/\\\/lesmeditationsdalisea.com\\\/index.php\\\/product\\\/collier-triskel-cristalderoche\\\/\",\"name\":\"Collier TRISKEL avec Donut ovale en Cristal de Roche -\",\"isPartOf\":{\"@id\":\"https:\\\/\\\/lesmeditationsdalisea.com\\\/#website\"},\"primaryImageOfPage\":{\"@id\":\"https:\\\/\\\/lesmeditationsdalisea.com\\\/index.php\\\/product\\\/collier-triskel-cristalderoche\\\/#primaryimage\"},\"image\":{\"@id\":\"https:\\\/\\\/lesmeditationsdalisea.com\\\/index.php\\\/product\\\/collier-triskel-cristalderoche\\\/#primaryimage\"},\"thumbnailUrl\":\"https:\\\/\\\/lesmeditationsdalisea.com\\\/wp-content\\\/uploads\\\/2024\\\/08\\\/20240801_144529-scaled.jpg\",\"datePublished\":\"2024-08-13T06:37:39+00:00\",\"dateModified\":\"2025-09-01T09:37:31+00:00\",\"description\":\"cristal de roche, collier cristal de roche, bijou cristal de roche, collier donut, id\u00e9e cadeau femme, collier femme, bijoux de cr\u00e9ateur, triskel\",\"breadcrumb\":{\"@id\":\"https:\\\/\\\/lesmeditationsdalisea.com\\\/index.php\\\/product\\\/collier-triskel-cristalderoche\\\/#breadcrumb\"},\"inLanguage\":\"fr-FR\",\"potentialAction\":[{\"@type\":\"ReadAction\",\"target\":[\"https:\\\/\\\/lesmeditationsdalisea.com\\\/index.php\\\/product\\\/collier-triskel-cristalderoche\\\/\"]}]},{\"@type\":\"ImageObject\",\"inLanguage\":\"fr-FR\",\"@id\":\"https:\\\/\\\/lesmeditationsdalisea.com\\\/index.php\\\/product\\\/collier-triskel-cristalderoche\\\/#primaryimage\",\"url\":\"https:\\\/\\\/lesmeditationsdalisea.com\\\/wp-content\\\/uploads\\\/2024\\\/08\\\/20240801_144529-scaled.jpg\",\"contentUrl\":\"https:\\\/\\\/lesmeditationsdalisea.com\\\/wp-content\\\/uploads\\\/2024\\\/08\\\/20240801_144529-scaled.jpg\",\"width\":1920,\"height\":2560},{\"@type\":\"BreadcrumbList\",\"@id\":\"https:\\\/\\\/lesmeditationsdalisea.com\\\/index.php\\\/product\\\/collier-triskel-cristalderoche\\\/#breadcrumb\",\"itemListElement\":[{\"@type\":\"ListItem\",\"position\":1,\"name\":\"Accueil\",\"item\":\"https:\\\/\\\/lesmeditationsdalisea.com\\\/\"},{\"@type\":\"ListItem\",\"position\":2,\"name\":\"Produits\",\"item\":\"https:\\\/\\\/lesmeditationsdalisea.com\\\/index.php\\\/shop\\\/\"},{\"@type\":\"ListItem\",\"position\":3,\"name\":\"Collier TRISKEL avec Donut ovale en Cristal de Roche\"}]},{\"@type\":\"WebSite\",\"@id\":\"https:\\\/\\\/lesmeditationsdalisea.com\\\/#website\",\"url\":\"https:\\\/\\\/lesmeditationsdalisea.com\\\/\",\"name\":\"Les M\u00e9ditations d'Alis\u00e9a\",\"description\":\"\",\"publisher\":{\"@id\":\"https:\\\/\\\/lesmeditationsdalisea.com\\\/#organization\"},\"potentialAction\":[{\"@type\":\"SearchAction\",\"target\":{\"@type\":\"EntryPoint\",\"urlTemplate\":\"https:\\\/\\\/lesmeditationsdalisea.com\\\/?s={search_term_string}\"},\"query-input\":{\"@type\":\"PropertyValueSpecification\",\"valueRequired\":true,\"valueName\":\"search_term_string\"}}],\"inLanguage\":\"fr-FR\"},{\"@type\":\"Organization\",\"@id\":\"https:\\\/\\\/lesmeditationsdalisea.com\\\/#organization\",\"name\":\"Les M\u00e9ditations d'Alis\u00e9a\",\"alternateName\":\"La Lithoth\u00e9rapie \u00e0 prix juste!\",\"url\":\"https:\\\/\\\/lesmeditationsdalisea.com\\\/\",\"logo\":{\"@type\":\"ImageObject\",\"inLanguage\":\"fr-FR\",\"@id\":\"https:\\\/\\\/lesmeditationsdalisea.com\\\/#\\\/schema\\\/logo\\\/image\\\/\",\"url\":\"https:\\\/\\\/lesmeditationsdalisea.com\\\/wp-content\\\/uploads\\\/2023\\\/10\\\/LogoFondTransparent.png\",\"contentUrl\":\"https:\\\/\\\/lesmeditationsdalisea.com\\\/wp-content\\\/uploads\\\/2023\\\/10\\\/LogoFondTransparent.png\",\"width\":500,\"height\":353,\"caption\":\"Les M\u00e9ditations d'Alis\u00e9a\"},\"image\":{\"@id\":\"https:\\\/\\\/lesmeditationsdalisea.com\\\/#\\\/schema\\\/logo\\\/image\\\/\"},\"sameAs\":[\"https:\\\/\\\/www.facebook.com\\\/lesmeditationsdalisea\\\/\",\"https:\\\/\\\/www.instagram.com\\\/lesmeditationsdalisea\\\/\",\"https:\\\/\\\/www.tiktok.com\\\/@lesmeditationsdalisea\"]}]}<\/script>\n<!-- \/ Yoast SEO Premium plugin. -->","yoast_head_json":{"title":"Collier TRISKEL avec Donut ovale en Cristal de Roche -","description":"cristal de roche, collier cristal de roche, bijou cristal de roche, collier donut, id\u00e9e cadeau femme, collier femme, bijoux de cr\u00e9ateur, triskel","robots":{"index":"index","follow":"follow","max-snippet":"max-snippet:-1","max-image-preview":"max-image-preview:large","max-video-preview":"max-video-preview:-1"},"canonical":"https:\/\/lesmeditationsdalisea.com\/index.php\/product\/collier-triskel-cristalderoche\/","og_locale":"fr_FR","og_type":"article","og_title":"Collier TRISKEL avec Donut ovale en Cristal de Roche","og_description":"cristal de roche, collier cristal de roche, bijou cristal de roche, collier donut, id\u00e9e cadeau femme, collier femme, bijoux de cr\u00e9ateur, triskel","og_url":"https:\/\/lesmeditationsdalisea.com\/index.php\/product\/collier-triskel-cristalderoche\/","article_publisher":"https:\/\/www.facebook.com\/lesmeditationsdalisea\/","article_modified_time":"2025-09-01T09:37:31+00:00","og_image":[{"width":1920,"height":2560,"url":"https:\/\/lesmeditationsdalisea.com\/wp-content\/uploads\/2024\/08\/20240801_144529-scaled.jpg","type":"image\/jpeg"}],"twitter_card":"summary_large_image","twitter_misc":{"Dur\u00e9e de lecture estim\u00e9e":"1 minute"},"schema":{"@context":"https:\/\/schema.org","@graph":[{"@type":"WebPage","@id":"https:\/\/lesmeditationsdalisea.com\/index.php\/product\/collier-triskel-cristalderoche\/","url":"https:\/\/lesmeditationsdalisea.com\/index.php\/product\/collier-triskel-cristalderoche\/","name":"Collier TRISKEL avec Donut ovale en Cristal de Roche -","isPartOf":{"@id":"https:\/\/lesmeditationsdalisea.com\/#website"},"primaryImageOfPage":{"@id":"https:\/\/lesmeditationsdalisea.com\/index.php\/product\/collier-triskel-cristalderoche\/#primaryimage"},"image":{"@id":"https:\/\/lesmeditationsdalisea.com\/index.php\/product\/collier-triskel-cristalderoche\/#primaryimage"},"thumbnailUrl":"https:\/\/lesmeditationsdalisea.com\/wp-content\/uploads\/2024\/08\/20240801_144529-scaled.jpg","datePublished":"2024-08-13T06:37:39+00:00","dateModified":"2025-09-01T09:37:31+00:00","description":"cristal de roche, collier cristal de roche, bijou cristal de roche, collier donut, id\u00e9e cadeau femme, collier femme, bijoux de cr\u00e9ateur, triskel","breadcrumb":{"@id":"https:\/\/lesmeditationsdalisea.com\/index.php\/product\/collier-triskel-cristalderoche\/#breadcrumb"},"inLanguage":"fr-FR","potentialAction":[{"@type":"ReadAction","target":["https:\/\/lesmeditationsdalisea.com\/index.php\/product\/collier-triskel-cristalderoche\/"]}]},{"@type":"ImageObject","inLanguage":"fr-FR","@id":"https:\/\/lesmeditationsdalisea.com\/index.php\/product\/collier-triskel-cristalderoche\/#primaryimage","url":"https:\/\/lesmeditationsdalisea.com\/wp-content\/uploads\/2024\/08\/20240801_144529-scaled.jpg","contentUrl":"https:\/\/lesmeditationsdalisea.com\/wp-content\/uploads\/2024\/08\/20240801_144529-scaled.jpg","width":1920,"height":2560},{"@type":"BreadcrumbList","@id":"https:\/\/lesmeditationsdalisea.com\/index.php\/product\/collier-triskel-cristalderoche\/#breadcrumb","itemListElement":[{"@type":"ListItem","position":1,"name":"Accueil","item":"https:\/\/lesmeditationsdalisea.com\/"},{"@type":"ListItem","position":2,"name":"Produits","item":"https:\/\/lesmeditationsdalisea.com\/index.php\/shop\/"},{"@type":"ListItem","position":3,"name":"Collier TRISKEL avec Donut ovale en Cristal de Roche"}]},{"@type":"WebSite","@id":"https:\/\/lesmeditationsdalisea.com\/#website","url":"https:\/\/lesmeditationsdalisea.com\/","name":"Les M\u00e9ditations d'Alis\u00e9a","description":"","publisher":{"@id":"https:\/\/lesmeditationsdalisea.com\/#organization"},"potentialAction":[{"@type":"SearchAction","target":{"@type":"EntryPoint","urlTemplate":"https:\/\/lesmeditationsdalisea.com\/?s={search_term_string}"},"query-input":{"@type":"PropertyValueSpecification","valueRequired":true,"valueName":"search_term_string"}}],"inLanguage":"fr-FR"},{"@type":"Organization","@id":"https:\/\/lesmeditationsdalisea.com\/#organization","name":"Les M\u00e9ditations d'Alis\u00e9a","alternateName":"La Lithoth\u00e9rapie \u00e0 prix juste!","url":"https:\/\/lesmeditationsdalisea.com\/","logo":{"@type":"ImageObject","inLanguage":"fr-FR","@id":"https:\/\/lesmeditationsdalisea.com\/#\/schema\/logo\/image\/","url":"https:\/\/lesmeditationsdalisea.com\/wp-content\/uploads\/2023\/10\/LogoFondTransparent.png","contentUrl":"https:\/\/lesmeditationsdalisea.com\/wp-content\/uploads\/2023\/10\/LogoFondTransparent.png","width":500,"height":353,"caption":"Les M\u00e9ditations d'Alis\u00e9a"},"image":{"@id":"https:\/\/lesmeditationsdalisea.com\/#\/schema\/logo\/image\/"},"sameAs":["https:\/\/www.facebook.com\/lesmeditationsdalisea\/","https:\/\/www.instagram.com\/lesmeditationsdalisea\/","https:\/\/www.tiktok.com\/@lesmeditationsdalisea"]}]}},"_links":{"self":[{"href":"https:\/\/lesmeditationsdalisea.com\/index.php\/wp-json\/wp\/v2\/product\/3598","targetHints":{"allow":["GET"]}}],"collection":[{"href":"https:\/\/lesmeditationsdalisea.com\/index.php\/wp-json\/wp\/v2\/product"}],"about":[{"href":"https:\/\/lesmeditationsdalisea.com\/index.php\/wp-json\/wp\/v2\/types\/product"}],"replies":[{"embeddable":true,"href":"https:\/\/lesmeditationsdalisea.com\/index.php\/wp-json\/wp\/v2\/comments?post=3598"}],"wp:featuredmedia":[{"embeddable":true,"href":"https:\/\/lesmeditationsdalisea.com\/index.php\/wp-json\/wp\/v2\/media\/3538"}],"wp:attachment":[{"href":"https:\/\/lesmeditationsdalisea.com\/index.php\/wp-json\/wp\/v2\/media?parent=3598"}],"wp:term":[{"taxonomy":"product_brand","embeddable":true,"href":"https:\/\/lesmeditationsdalisea.com\/index.php\/wp-json\/wp\/v2\/product_brand?post=3598"},{"taxonomy":"product_cat","embeddable":true,"href":"https:\/\/lesmeditationsdalisea.com\/index.php\/wp-json\/wp\/v2\/product_cat?post=3598"},{"taxonomy":"product_tag","embeddable":true,"href":"https:\/\/lesmeditationsdalisea.com\/index.php\/wp-json\/wp\/v2\/product_tag?post=3598"}],"curies":[{"name":"wp","href":"https:\/\/api.w.org\/{rel}","templated":true}]}}