{"id":3781,"date":"2024-09-27T12:35:23","date_gmt":"2024-09-27T10:35:23","guid":{"rendered":"https:\/\/lesmeditationsdalisea.com\/?post_type=product&#038;p=3781"},"modified":"2025-11-14T06:11:12","modified_gmt":"2025-11-14T05:11:12","slug":"boucles-doreilles-en-rhodonite-colombe-octobre-rose","status":"publish","type":"product","link":"https:\/\/lesmeditationsdalisea.com\/index.php\/product\/boucles-doreilles-en-rhodonite-colombe-octobre-rose\/","title":{"rendered":"Boucles d&rsquo;Oreilles en rhodonite Colombe"},"content":{"rendered":"<p>Cette paire est en pierre de rhodonite (perles de 6 et 8mm) et associ\u00e9 au joli symbole de la colombe qui am\u00e8ne son rameau d&rsquo;olivier, signe de paix.<\/p>\n<p>Appr\u00eats en acier inoxydable dor\u00e9, plaquage PVD.<\/p>\n<p>Longueur 4cm<\/p>\n<p>En lithoth\u00e9rapie, la rhodonite est une pierre qui aide \u00e0 se d\u00e9faire de ses blessures \u00e9motionnelles, li\u00e9es \u00e0 des chocs ou des traumas. Cela peut-\u00eatre des deuils, des s\u00e9parations, trahison, ou toute autre blessure qui se porte sur le coeur.<\/p>\n<p>Cr\u00e9ation faite dans les ardennes (08)<\/p>\n","protected":false},"excerpt":{"rendered":"<p>Pi\u00e8ces uniques!<\/p>\n","protected":false},"featured_media":3784,"comment_status":"open","ping_status":"closed","template":"","meta":[],"product_brand":[],"product_cat":[34],"product_tag":[],"class_list":{"0":"post-3781","1":"product","2":"type-product","3":"status-publish","4":"has-post-thumbnail","6":"product_cat-boucles-doreilles","8":"first","9":"instock","10":"shipping-taxable","11":"purchasable","12":"product-type-simple"},"yoast_head":"<!-- This site is optimized with the Yoast SEO Premium plugin v26.4 (Yoast SEO v27.3) - https:\/\/yoast.com\/product\/yoast-seo-premium-wordpress\/ -->\n<title>Boucles d&#039;Oreilles en rhodonite Colombe -<\/title>\n<meta name=\"robots\" content=\"index, follow, max-snippet:-1, max-image-preview:large, max-video-preview:-1\" \/>\n<link rel=\"canonical\" href=\"https:\/\/lesmeditationsdalisea.com\/index.php\/product\/boucles-doreilles-en-rhodonite-colombe-octobre-rose\/\" \/>\n<meta property=\"og:locale\" content=\"fr_FR\" \/>\n<meta property=\"og:type\" content=\"article\" \/>\n<meta property=\"og:title\" content=\"Boucles d&#039;Oreilles en rhodonite Colombe\" \/>\n<meta property=\"og:description\" content=\"Pi\u00e8ces uniques!\" \/>\n<meta property=\"og:url\" content=\"https:\/\/lesmeditationsdalisea.com\/index.php\/product\/boucles-doreilles-en-rhodonite-colombe-octobre-rose\/\" \/>\n<meta property=\"article:publisher\" content=\"https:\/\/www.facebook.com\/lesmeditationsdalisea\/\" \/>\n<meta property=\"article:modified_time\" content=\"2025-11-14T05:11:12+00:00\" \/>\n<meta property=\"og:image\" content=\"https:\/\/lesmeditationsdalisea.com\/wp-content\/uploads\/2024\/09\/20240927_090604-scaled.jpg\" \/>\n\t<meta property=\"og:image:width\" content=\"1920\" \/>\n\t<meta property=\"og:image:height\" content=\"2560\" \/>\n\t<meta property=\"og:image:type\" content=\"image\/jpeg\" \/>\n<meta name=\"twitter:card\" content=\"summary_large_image\" \/>\n<meta name=\"twitter:label1\" content=\"Dur\u00e9e de lecture estim\u00e9e\" \/>\n\t<meta name=\"twitter:data1\" content=\"1 minute\" \/>\n<script type=\"application\/ld+json\" class=\"yoast-schema-graph\">{\"@context\":\"https:\\\/\\\/schema.org\",\"@graph\":[{\"@type\":\"WebPage\",\"@id\":\"https:\\\/\\\/lesmeditationsdalisea.com\\\/index.php\\\/product\\\/boucles-doreilles-en-rhodonite-colombe-octobre-rose\\\/\",\"url\":\"https:\\\/\\\/lesmeditationsdalisea.com\\\/index.php\\\/product\\\/boucles-doreilles-en-rhodonite-colombe-octobre-rose\\\/\",\"name\":\"Boucles d'Oreilles en rhodonite Colombe -\",\"isPartOf\":{\"@id\":\"https:\\\/\\\/lesmeditationsdalisea.com\\\/#website\"},\"primaryImageOfPage\":{\"@id\":\"https:\\\/\\\/lesmeditationsdalisea.com\\\/index.php\\\/product\\\/boucles-doreilles-en-rhodonite-colombe-octobre-rose\\\/#primaryimage\"},\"image\":{\"@id\":\"https:\\\/\\\/lesmeditationsdalisea.com\\\/index.php\\\/product\\\/boucles-doreilles-en-rhodonite-colombe-octobre-rose\\\/#primaryimage\"},\"thumbnailUrl\":\"https:\\\/\\\/lesmeditationsdalisea.com\\\/wp-content\\\/uploads\\\/2024\\\/09\\\/20240927_090604-scaled.jpg\",\"datePublished\":\"2024-09-27T10:35:23+00:00\",\"dateModified\":\"2025-11-14T05:11:12+00:00\",\"breadcrumb\":{\"@id\":\"https:\\\/\\\/lesmeditationsdalisea.com\\\/index.php\\\/product\\\/boucles-doreilles-en-rhodonite-colombe-octobre-rose\\\/#breadcrumb\"},\"inLanguage\":\"fr-FR\",\"potentialAction\":[{\"@type\":\"ReadAction\",\"target\":[\"https:\\\/\\\/lesmeditationsdalisea.com\\\/index.php\\\/product\\\/boucles-doreilles-en-rhodonite-colombe-octobre-rose\\\/\"]}]},{\"@type\":\"ImageObject\",\"inLanguage\":\"fr-FR\",\"@id\":\"https:\\\/\\\/lesmeditationsdalisea.com\\\/index.php\\\/product\\\/boucles-doreilles-en-rhodonite-colombe-octobre-rose\\\/#primaryimage\",\"url\":\"https:\\\/\\\/lesmeditationsdalisea.com\\\/wp-content\\\/uploads\\\/2024\\\/09\\\/20240927_090604-scaled.jpg\",\"contentUrl\":\"https:\\\/\\\/lesmeditationsdalisea.com\\\/wp-content\\\/uploads\\\/2024\\\/09\\\/20240927_090604-scaled.jpg\",\"width\":1920,\"height\":2560},{\"@type\":\"BreadcrumbList\",\"@id\":\"https:\\\/\\\/lesmeditationsdalisea.com\\\/index.php\\\/product\\\/boucles-doreilles-en-rhodonite-colombe-octobre-rose\\\/#breadcrumb\",\"itemListElement\":[{\"@type\":\"ListItem\",\"position\":1,\"name\":\"Accueil\",\"item\":\"https:\\\/\\\/lesmeditationsdalisea.com\\\/\"},{\"@type\":\"ListItem\",\"position\":2,\"name\":\"Produits\",\"item\":\"https:\\\/\\\/lesmeditationsdalisea.com\\\/index.php\\\/shop\\\/\"},{\"@type\":\"ListItem\",\"position\":3,\"name\":\"Boucles d&rsquo;Oreilles en rhodonite Colombe\"}]},{\"@type\":\"WebSite\",\"@id\":\"https:\\\/\\\/lesmeditationsdalisea.com\\\/#website\",\"url\":\"https:\\\/\\\/lesmeditationsdalisea.com\\\/\",\"name\":\"Les M\u00e9ditations d'Alis\u00e9a\",\"description\":\"\",\"publisher\":{\"@id\":\"https:\\\/\\\/lesmeditationsdalisea.com\\\/#organization\"},\"potentialAction\":[{\"@type\":\"SearchAction\",\"target\":{\"@type\":\"EntryPoint\",\"urlTemplate\":\"https:\\\/\\\/lesmeditationsdalisea.com\\\/?s={search_term_string}\"},\"query-input\":{\"@type\":\"PropertyValueSpecification\",\"valueRequired\":true,\"valueName\":\"search_term_string\"}}],\"inLanguage\":\"fr-FR\"},{\"@type\":\"Organization\",\"@id\":\"https:\\\/\\\/lesmeditationsdalisea.com\\\/#organization\",\"name\":\"Les M\u00e9ditations d'Alis\u00e9a\",\"alternateName\":\"La Lithoth\u00e9rapie \u00e0 prix juste!\",\"url\":\"https:\\\/\\\/lesmeditationsdalisea.com\\\/\",\"logo\":{\"@type\":\"ImageObject\",\"inLanguage\":\"fr-FR\",\"@id\":\"https:\\\/\\\/lesmeditationsdalisea.com\\\/#\\\/schema\\\/logo\\\/image\\\/\",\"url\":\"https:\\\/\\\/lesmeditationsdalisea.com\\\/wp-content\\\/uploads\\\/2023\\\/10\\\/LogoFondTransparent.png\",\"contentUrl\":\"https:\\\/\\\/lesmeditationsdalisea.com\\\/wp-content\\\/uploads\\\/2023\\\/10\\\/LogoFondTransparent.png\",\"width\":500,\"height\":353,\"caption\":\"Les M\u00e9ditations d'Alis\u00e9a\"},\"image\":{\"@id\":\"https:\\\/\\\/lesmeditationsdalisea.com\\\/#\\\/schema\\\/logo\\\/image\\\/\"},\"sameAs\":[\"https:\\\/\\\/www.facebook.com\\\/lesmeditationsdalisea\\\/\",\"https:\\\/\\\/www.instagram.com\\\/lesmeditationsdalisea\\\/\",\"https:\\\/\\\/www.tiktok.com\\\/@lesmeditationsdalisea\"]}]}<\/script>\n<!-- \/ Yoast SEO Premium plugin. -->","yoast_head_json":{"title":"Boucles d'Oreilles en rhodonite Colombe -","robots":{"index":"index","follow":"follow","max-snippet":"max-snippet:-1","max-image-preview":"max-image-preview:large","max-video-preview":"max-video-preview:-1"},"canonical":"https:\/\/lesmeditationsdalisea.com\/index.php\/product\/boucles-doreilles-en-rhodonite-colombe-octobre-rose\/","og_locale":"fr_FR","og_type":"article","og_title":"Boucles d'Oreilles en rhodonite Colombe","og_description":"Pi\u00e8ces uniques!","og_url":"https:\/\/lesmeditationsdalisea.com\/index.php\/product\/boucles-doreilles-en-rhodonite-colombe-octobre-rose\/","article_publisher":"https:\/\/www.facebook.com\/lesmeditationsdalisea\/","article_modified_time":"2025-11-14T05:11:12+00:00","og_image":[{"width":1920,"height":2560,"url":"https:\/\/lesmeditationsdalisea.com\/wp-content\/uploads\/2024\/09\/20240927_090604-scaled.jpg","type":"image\/jpeg"}],"twitter_card":"summary_large_image","twitter_misc":{"Dur\u00e9e de lecture estim\u00e9e":"1 minute"},"schema":{"@context":"https:\/\/schema.org","@graph":[{"@type":"WebPage","@id":"https:\/\/lesmeditationsdalisea.com\/index.php\/product\/boucles-doreilles-en-rhodonite-colombe-octobre-rose\/","url":"https:\/\/lesmeditationsdalisea.com\/index.php\/product\/boucles-doreilles-en-rhodonite-colombe-octobre-rose\/","name":"Boucles d'Oreilles en rhodonite Colombe -","isPartOf":{"@id":"https:\/\/lesmeditationsdalisea.com\/#website"},"primaryImageOfPage":{"@id":"https:\/\/lesmeditationsdalisea.com\/index.php\/product\/boucles-doreilles-en-rhodonite-colombe-octobre-rose\/#primaryimage"},"image":{"@id":"https:\/\/lesmeditationsdalisea.com\/index.php\/product\/boucles-doreilles-en-rhodonite-colombe-octobre-rose\/#primaryimage"},"thumbnailUrl":"https:\/\/lesmeditationsdalisea.com\/wp-content\/uploads\/2024\/09\/20240927_090604-scaled.jpg","datePublished":"2024-09-27T10:35:23+00:00","dateModified":"2025-11-14T05:11:12+00:00","breadcrumb":{"@id":"https:\/\/lesmeditationsdalisea.com\/index.php\/product\/boucles-doreilles-en-rhodonite-colombe-octobre-rose\/#breadcrumb"},"inLanguage":"fr-FR","potentialAction":[{"@type":"ReadAction","target":["https:\/\/lesmeditationsdalisea.com\/index.php\/product\/boucles-doreilles-en-rhodonite-colombe-octobre-rose\/"]}]},{"@type":"ImageObject","inLanguage":"fr-FR","@id":"https:\/\/lesmeditationsdalisea.com\/index.php\/product\/boucles-doreilles-en-rhodonite-colombe-octobre-rose\/#primaryimage","url":"https:\/\/lesmeditationsdalisea.com\/wp-content\/uploads\/2024\/09\/20240927_090604-scaled.jpg","contentUrl":"https:\/\/lesmeditationsdalisea.com\/wp-content\/uploads\/2024\/09\/20240927_090604-scaled.jpg","width":1920,"height":2560},{"@type":"BreadcrumbList","@id":"https:\/\/lesmeditationsdalisea.com\/index.php\/product\/boucles-doreilles-en-rhodonite-colombe-octobre-rose\/#breadcrumb","itemListElement":[{"@type":"ListItem","position":1,"name":"Accueil","item":"https:\/\/lesmeditationsdalisea.com\/"},{"@type":"ListItem","position":2,"name":"Produits","item":"https:\/\/lesmeditationsdalisea.com\/index.php\/shop\/"},{"@type":"ListItem","position":3,"name":"Boucles d&rsquo;Oreilles en rhodonite Colombe"}]},{"@type":"WebSite","@id":"https:\/\/lesmeditationsdalisea.com\/#website","url":"https:\/\/lesmeditationsdalisea.com\/","name":"Les M\u00e9ditations d'Alis\u00e9a","description":"","publisher":{"@id":"https:\/\/lesmeditationsdalisea.com\/#organization"},"potentialAction":[{"@type":"SearchAction","target":{"@type":"EntryPoint","urlTemplate":"https:\/\/lesmeditationsdalisea.com\/?s={search_term_string}"},"query-input":{"@type":"PropertyValueSpecification","valueRequired":true,"valueName":"search_term_string"}}],"inLanguage":"fr-FR"},{"@type":"Organization","@id":"https:\/\/lesmeditationsdalisea.com\/#organization","name":"Les M\u00e9ditations d'Alis\u00e9a","alternateName":"La Lithoth\u00e9rapie \u00e0 prix juste!","url":"https:\/\/lesmeditationsdalisea.com\/","logo":{"@type":"ImageObject","inLanguage":"fr-FR","@id":"https:\/\/lesmeditationsdalisea.com\/#\/schema\/logo\/image\/","url":"https:\/\/lesmeditationsdalisea.com\/wp-content\/uploads\/2023\/10\/LogoFondTransparent.png","contentUrl":"https:\/\/lesmeditationsdalisea.com\/wp-content\/uploads\/2023\/10\/LogoFondTransparent.png","width":500,"height":353,"caption":"Les M\u00e9ditations d'Alis\u00e9a"},"image":{"@id":"https:\/\/lesmeditationsdalisea.com\/#\/schema\/logo\/image\/"},"sameAs":["https:\/\/www.facebook.com\/lesmeditationsdalisea\/","https:\/\/www.instagram.com\/lesmeditationsdalisea\/","https:\/\/www.tiktok.com\/@lesmeditationsdalisea"]}]}},"_links":{"self":[{"href":"https:\/\/lesmeditationsdalisea.com\/index.php\/wp-json\/wp\/v2\/product\/3781","targetHints":{"allow":["GET"]}}],"collection":[{"href":"https:\/\/lesmeditationsdalisea.com\/index.php\/wp-json\/wp\/v2\/product"}],"about":[{"href":"https:\/\/lesmeditationsdalisea.com\/index.php\/wp-json\/wp\/v2\/types\/product"}],"replies":[{"embeddable":true,"href":"https:\/\/lesmeditationsdalisea.com\/index.php\/wp-json\/wp\/v2\/comments?post=3781"}],"wp:featuredmedia":[{"embeddable":true,"href":"https:\/\/lesmeditationsdalisea.com\/index.php\/wp-json\/wp\/v2\/media\/3784"}],"wp:attachment":[{"href":"https:\/\/lesmeditationsdalisea.com\/index.php\/wp-json\/wp\/v2\/media?parent=3781"}],"wp:term":[{"taxonomy":"product_brand","embeddable":true,"href":"https:\/\/lesmeditationsdalisea.com\/index.php\/wp-json\/wp\/v2\/product_brand?post=3781"},{"taxonomy":"product_cat","embeddable":true,"href":"https:\/\/lesmeditationsdalisea.com\/index.php\/wp-json\/wp\/v2\/product_cat?post=3781"},{"taxonomy":"product_tag","embeddable":true,"href":"https:\/\/lesmeditationsdalisea.com\/index.php\/wp-json\/wp\/v2\/product_tag?post=3781"}],"curies":[{"name":"wp","href":"https:\/\/api.w.org\/{rel}","templated":true}]}}