{"id":4171,"date":"2024-12-11T17:25:03","date_gmt":"2024-12-11T16:25:03","guid":{"rendered":"https:\/\/lesmeditationsdalisea.com\/?post_type=product&#038;p=4171"},"modified":"2026-02-20T18:02:54","modified_gmt":"2026-02-20T17:02:54","slug":"tisane-yogi-tea-defenses-naturelles-boite-de-17-sachets","status":"publish","type":"product","link":"https:\/\/lesmeditationsdalisea.com\/index.php\/product\/tisane-yogi-tea-defenses-naturelles-boite-de-17-sachets\/","title":{"rendered":"Tisane Yogi Tea &#8211; D\u00e9fenses Naturelles  Boite de 17 sachets"},"content":{"rendered":"<p>Boite de 17 sachets d&rsquo;infusions de la marque YOGI TEA.<\/p>\n<p>La tisane \u00ab\u00a0DEFENSES NATURELLES\u00a0\u00bb est un m\u00e9lange de plantes et d&rsquo;\u00e9pices ayurv\u00e9diques.<\/p>\n<p>Composition :<\/p>\n<p>Echinac\u00e9e, cynorrhodon, jus d&rsquo;ac\u00e9rola s\u00e9ch\u00e9, basilic, cannelle, gingembre, cardamone, baies de sureau, poivre noir, feuilles de moringa, hibiscus, \u00e9corces de cacao, r\u00e9glisse, fenouil.<\/p>\n<p>*ingr\u00e9dients certifi\u00e9s biologiques<\/p>\n<p>Savourez ce d\u00e9licieux m\u00e9lange en le laissant infuser 5 \u00e0 6 min dans 250 ml d&rsquo;eau \u00e0 100\u00b0.<\/p>\n<p>Enfin, retrouvez ci joint en photo, la posture yoga associ\u00e9e et conseill\u00e9e avec cette tisane.<\/p>\n<p>Retrouvez \u00e9galement sur la languette une jolie m\u00e9ditation qui tombe toujours juste!<\/p>\n<p>&nbsp;<\/p>\n","protected":false},"excerpt":{"rendered":"<p>Retrouvez les produits sains 100% biologiques et fabriqu\u00e9s en Italie de la marque YOGI TEA. Des infusions respectueuses de notre bien-\u00eatre constitu\u00e9es d&rsquo;\u00e9pices et de plantes biologiques.<\/p>\n","protected":false},"featured_media":4175,"comment_status":"open","ping_status":"closed","template":"","meta":[],"product_brand":[],"product_cat":[81],"product_tag":[],"class_list":{"0":"post-4171","1":"product","2":"type-product","3":"status-publish","4":"has-post-thumbnail","6":"product_cat-infusion-yogi-tea","8":"first","9":"outofstock","10":"shipping-taxable","11":"purchasable","12":"product-type-simple"},"yoast_head":"<!-- This site is optimized with the Yoast SEO Premium plugin v26.4 (Yoast SEO v27.3) - https:\/\/yoast.com\/product\/yoast-seo-premium-wordpress\/ -->\n<title>Tisane Yogi Tea - D\u00e9fenses Naturelles Boite de 17 sachets -<\/title>\n<meta name=\"description\" content=\"Tisane Yogi Tea - D\u00e9fenses Naturelles Boite de 17 sachets - 3,80\u20ac\" \/>\n<meta name=\"robots\" content=\"index, follow, max-snippet:-1, max-image-preview:large, max-video-preview:-1\" \/>\n<link rel=\"canonical\" href=\"https:\/\/lesmeditationsdalisea.com\/index.php\/product\/tisane-yogi-tea-defenses-naturelles-boite-de-17-sachets\/\" \/>\n<meta property=\"og:locale\" content=\"fr_FR\" \/>\n<meta property=\"og:type\" content=\"article\" \/>\n<meta property=\"og:title\" content=\"Tisane Yogi Tea - D\u00e9fenses Naturelles Boite de 17 sachets\" \/>\n<meta property=\"og:description\" content=\"Tisane Yogi Tea - D\u00e9fenses Naturelles Boite de 17 sachets - 3,80\u20ac\" \/>\n<meta property=\"og:url\" content=\"https:\/\/lesmeditationsdalisea.com\/index.php\/product\/tisane-yogi-tea-defenses-naturelles-boite-de-17-sachets\/\" \/>\n<meta property=\"article:publisher\" content=\"https:\/\/www.facebook.com\/lesmeditationsdalisea\/\" \/>\n<meta property=\"article:modified_time\" content=\"2026-02-20T17:02:54+00:00\" \/>\n<meta property=\"og:image\" content=\"https:\/\/lesmeditationsdalisea.com\/wp-content\/uploads\/2024\/12\/20241201_095439-scaled.jpg\" \/>\n\t<meta property=\"og:image:width\" content=\"1920\" \/>\n\t<meta property=\"og:image:height\" content=\"2560\" \/>\n\t<meta property=\"og:image:type\" content=\"image\/jpeg\" \/>\n<meta name=\"twitter:card\" content=\"summary_large_image\" \/>\n<meta name=\"twitter:label1\" content=\"Dur\u00e9e de lecture estim\u00e9e\" \/>\n\t<meta name=\"twitter:data1\" content=\"1 minute\" \/>\n<script type=\"application\/ld+json\" class=\"yoast-schema-graph\">{\"@context\":\"https:\\\/\\\/schema.org\",\"@graph\":[{\"@type\":\"WebPage\",\"@id\":\"https:\\\/\\\/lesmeditationsdalisea.com\\\/index.php\\\/product\\\/tisane-yogi-tea-defenses-naturelles-boite-de-17-sachets\\\/\",\"url\":\"https:\\\/\\\/lesmeditationsdalisea.com\\\/index.php\\\/product\\\/tisane-yogi-tea-defenses-naturelles-boite-de-17-sachets\\\/\",\"name\":\"Tisane Yogi Tea - D\u00e9fenses Naturelles Boite de 17 sachets -\",\"isPartOf\":{\"@id\":\"https:\\\/\\\/lesmeditationsdalisea.com\\\/#website\"},\"primaryImageOfPage\":{\"@id\":\"https:\\\/\\\/lesmeditationsdalisea.com\\\/index.php\\\/product\\\/tisane-yogi-tea-defenses-naturelles-boite-de-17-sachets\\\/#primaryimage\"},\"image\":{\"@id\":\"https:\\\/\\\/lesmeditationsdalisea.com\\\/index.php\\\/product\\\/tisane-yogi-tea-defenses-naturelles-boite-de-17-sachets\\\/#primaryimage\"},\"thumbnailUrl\":\"https:\\\/\\\/lesmeditationsdalisea.com\\\/wp-content\\\/uploads\\\/2024\\\/12\\\/20241201_095439-scaled.jpg\",\"datePublished\":\"2024-12-11T16:25:03+00:00\",\"dateModified\":\"2026-02-20T17:02:54+00:00\",\"description\":\"Tisane Yogi Tea - D\u00e9fenses Naturelles Boite de 17 sachets - 3,80\u20ac\",\"breadcrumb\":{\"@id\":\"https:\\\/\\\/lesmeditationsdalisea.com\\\/index.php\\\/product\\\/tisane-yogi-tea-defenses-naturelles-boite-de-17-sachets\\\/#breadcrumb\"},\"inLanguage\":\"fr-FR\",\"potentialAction\":[{\"@type\":\"ReadAction\",\"target\":[\"https:\\\/\\\/lesmeditationsdalisea.com\\\/index.php\\\/product\\\/tisane-yogi-tea-defenses-naturelles-boite-de-17-sachets\\\/\"]}]},{\"@type\":\"ImageObject\",\"inLanguage\":\"fr-FR\",\"@id\":\"https:\\\/\\\/lesmeditationsdalisea.com\\\/index.php\\\/product\\\/tisane-yogi-tea-defenses-naturelles-boite-de-17-sachets\\\/#primaryimage\",\"url\":\"https:\\\/\\\/lesmeditationsdalisea.com\\\/wp-content\\\/uploads\\\/2024\\\/12\\\/20241201_095439-scaled.jpg\",\"contentUrl\":\"https:\\\/\\\/lesmeditationsdalisea.com\\\/wp-content\\\/uploads\\\/2024\\\/12\\\/20241201_095439-scaled.jpg\",\"width\":1920,\"height\":2560},{\"@type\":\"BreadcrumbList\",\"@id\":\"https:\\\/\\\/lesmeditationsdalisea.com\\\/index.php\\\/product\\\/tisane-yogi-tea-defenses-naturelles-boite-de-17-sachets\\\/#breadcrumb\",\"itemListElement\":[{\"@type\":\"ListItem\",\"position\":1,\"name\":\"Accueil\",\"item\":\"https:\\\/\\\/lesmeditationsdalisea.com\\\/\"},{\"@type\":\"ListItem\",\"position\":2,\"name\":\"Produits\",\"item\":\"https:\\\/\\\/lesmeditationsdalisea.com\\\/index.php\\\/shop\\\/\"},{\"@type\":\"ListItem\",\"position\":3,\"name\":\"Tisane Yogi Tea &#8211; D\u00e9fenses Naturelles Boite de 17 sachets\"}]},{\"@type\":\"WebSite\",\"@id\":\"https:\\\/\\\/lesmeditationsdalisea.com\\\/#website\",\"url\":\"https:\\\/\\\/lesmeditationsdalisea.com\\\/\",\"name\":\"Les M\u00e9ditations d'Alis\u00e9a\",\"description\":\"\",\"publisher\":{\"@id\":\"https:\\\/\\\/lesmeditationsdalisea.com\\\/#organization\"},\"potentialAction\":[{\"@type\":\"SearchAction\",\"target\":{\"@type\":\"EntryPoint\",\"urlTemplate\":\"https:\\\/\\\/lesmeditationsdalisea.com\\\/?s={search_term_string}\"},\"query-input\":{\"@type\":\"PropertyValueSpecification\",\"valueRequired\":true,\"valueName\":\"search_term_string\"}}],\"inLanguage\":\"fr-FR\"},{\"@type\":\"Organization\",\"@id\":\"https:\\\/\\\/lesmeditationsdalisea.com\\\/#organization\",\"name\":\"Les M\u00e9ditations d'Alis\u00e9a\",\"alternateName\":\"La Lithoth\u00e9rapie \u00e0 prix juste!\",\"url\":\"https:\\\/\\\/lesmeditationsdalisea.com\\\/\",\"logo\":{\"@type\":\"ImageObject\",\"inLanguage\":\"fr-FR\",\"@id\":\"https:\\\/\\\/lesmeditationsdalisea.com\\\/#\\\/schema\\\/logo\\\/image\\\/\",\"url\":\"https:\\\/\\\/lesmeditationsdalisea.com\\\/wp-content\\\/uploads\\\/2023\\\/10\\\/LogoFondTransparent.png\",\"contentUrl\":\"https:\\\/\\\/lesmeditationsdalisea.com\\\/wp-content\\\/uploads\\\/2023\\\/10\\\/LogoFondTransparent.png\",\"width\":500,\"height\":353,\"caption\":\"Les M\u00e9ditations d'Alis\u00e9a\"},\"image\":{\"@id\":\"https:\\\/\\\/lesmeditationsdalisea.com\\\/#\\\/schema\\\/logo\\\/image\\\/\"},\"sameAs\":[\"https:\\\/\\\/www.facebook.com\\\/lesmeditationsdalisea\\\/\",\"https:\\\/\\\/www.instagram.com\\\/lesmeditationsdalisea\\\/\",\"https:\\\/\\\/www.tiktok.com\\\/@lesmeditationsdalisea\"]}]}<\/script>\n<!-- \/ Yoast SEO Premium plugin. -->","yoast_head_json":{"title":"Tisane Yogi Tea - D\u00e9fenses Naturelles Boite de 17 sachets -","description":"Tisane Yogi Tea - D\u00e9fenses Naturelles Boite de 17 sachets - 3,80\u20ac","robots":{"index":"index","follow":"follow","max-snippet":"max-snippet:-1","max-image-preview":"max-image-preview:large","max-video-preview":"max-video-preview:-1"},"canonical":"https:\/\/lesmeditationsdalisea.com\/index.php\/product\/tisane-yogi-tea-defenses-naturelles-boite-de-17-sachets\/","og_locale":"fr_FR","og_type":"article","og_title":"Tisane Yogi Tea - D\u00e9fenses Naturelles Boite de 17 sachets","og_description":"Tisane Yogi Tea - D\u00e9fenses Naturelles Boite de 17 sachets - 3,80\u20ac","og_url":"https:\/\/lesmeditationsdalisea.com\/index.php\/product\/tisane-yogi-tea-defenses-naturelles-boite-de-17-sachets\/","article_publisher":"https:\/\/www.facebook.com\/lesmeditationsdalisea\/","article_modified_time":"2026-02-20T17:02:54+00:00","og_image":[{"width":1920,"height":2560,"url":"https:\/\/lesmeditationsdalisea.com\/wp-content\/uploads\/2024\/12\/20241201_095439-scaled.jpg","type":"image\/jpeg"}],"twitter_card":"summary_large_image","twitter_misc":{"Dur\u00e9e de lecture estim\u00e9e":"1 minute"},"schema":{"@context":"https:\/\/schema.org","@graph":[{"@type":"WebPage","@id":"https:\/\/lesmeditationsdalisea.com\/index.php\/product\/tisane-yogi-tea-defenses-naturelles-boite-de-17-sachets\/","url":"https:\/\/lesmeditationsdalisea.com\/index.php\/product\/tisane-yogi-tea-defenses-naturelles-boite-de-17-sachets\/","name":"Tisane Yogi Tea - D\u00e9fenses Naturelles Boite de 17 sachets -","isPartOf":{"@id":"https:\/\/lesmeditationsdalisea.com\/#website"},"primaryImageOfPage":{"@id":"https:\/\/lesmeditationsdalisea.com\/index.php\/product\/tisane-yogi-tea-defenses-naturelles-boite-de-17-sachets\/#primaryimage"},"image":{"@id":"https:\/\/lesmeditationsdalisea.com\/index.php\/product\/tisane-yogi-tea-defenses-naturelles-boite-de-17-sachets\/#primaryimage"},"thumbnailUrl":"https:\/\/lesmeditationsdalisea.com\/wp-content\/uploads\/2024\/12\/20241201_095439-scaled.jpg","datePublished":"2024-12-11T16:25:03+00:00","dateModified":"2026-02-20T17:02:54+00:00","description":"Tisane Yogi Tea - D\u00e9fenses Naturelles Boite de 17 sachets - 3,80\u20ac","breadcrumb":{"@id":"https:\/\/lesmeditationsdalisea.com\/index.php\/product\/tisane-yogi-tea-defenses-naturelles-boite-de-17-sachets\/#breadcrumb"},"inLanguage":"fr-FR","potentialAction":[{"@type":"ReadAction","target":["https:\/\/lesmeditationsdalisea.com\/index.php\/product\/tisane-yogi-tea-defenses-naturelles-boite-de-17-sachets\/"]}]},{"@type":"ImageObject","inLanguage":"fr-FR","@id":"https:\/\/lesmeditationsdalisea.com\/index.php\/product\/tisane-yogi-tea-defenses-naturelles-boite-de-17-sachets\/#primaryimage","url":"https:\/\/lesmeditationsdalisea.com\/wp-content\/uploads\/2024\/12\/20241201_095439-scaled.jpg","contentUrl":"https:\/\/lesmeditationsdalisea.com\/wp-content\/uploads\/2024\/12\/20241201_095439-scaled.jpg","width":1920,"height":2560},{"@type":"BreadcrumbList","@id":"https:\/\/lesmeditationsdalisea.com\/index.php\/product\/tisane-yogi-tea-defenses-naturelles-boite-de-17-sachets\/#breadcrumb","itemListElement":[{"@type":"ListItem","position":1,"name":"Accueil","item":"https:\/\/lesmeditationsdalisea.com\/"},{"@type":"ListItem","position":2,"name":"Produits","item":"https:\/\/lesmeditationsdalisea.com\/index.php\/shop\/"},{"@type":"ListItem","position":3,"name":"Tisane Yogi Tea &#8211; D\u00e9fenses Naturelles Boite de 17 sachets"}]},{"@type":"WebSite","@id":"https:\/\/lesmeditationsdalisea.com\/#website","url":"https:\/\/lesmeditationsdalisea.com\/","name":"Les M\u00e9ditations d'Alis\u00e9a","description":"","publisher":{"@id":"https:\/\/lesmeditationsdalisea.com\/#organization"},"potentialAction":[{"@type":"SearchAction","target":{"@type":"EntryPoint","urlTemplate":"https:\/\/lesmeditationsdalisea.com\/?s={search_term_string}"},"query-input":{"@type":"PropertyValueSpecification","valueRequired":true,"valueName":"search_term_string"}}],"inLanguage":"fr-FR"},{"@type":"Organization","@id":"https:\/\/lesmeditationsdalisea.com\/#organization","name":"Les M\u00e9ditations d'Alis\u00e9a","alternateName":"La Lithoth\u00e9rapie \u00e0 prix juste!","url":"https:\/\/lesmeditationsdalisea.com\/","logo":{"@type":"ImageObject","inLanguage":"fr-FR","@id":"https:\/\/lesmeditationsdalisea.com\/#\/schema\/logo\/image\/","url":"https:\/\/lesmeditationsdalisea.com\/wp-content\/uploads\/2023\/10\/LogoFondTransparent.png","contentUrl":"https:\/\/lesmeditationsdalisea.com\/wp-content\/uploads\/2023\/10\/LogoFondTransparent.png","width":500,"height":353,"caption":"Les M\u00e9ditations d'Alis\u00e9a"},"image":{"@id":"https:\/\/lesmeditationsdalisea.com\/#\/schema\/logo\/image\/"},"sameAs":["https:\/\/www.facebook.com\/lesmeditationsdalisea\/","https:\/\/www.instagram.com\/lesmeditationsdalisea\/","https:\/\/www.tiktok.com\/@lesmeditationsdalisea"]}]}},"_links":{"self":[{"href":"https:\/\/lesmeditationsdalisea.com\/index.php\/wp-json\/wp\/v2\/product\/4171","targetHints":{"allow":["GET"]}}],"collection":[{"href":"https:\/\/lesmeditationsdalisea.com\/index.php\/wp-json\/wp\/v2\/product"}],"about":[{"href":"https:\/\/lesmeditationsdalisea.com\/index.php\/wp-json\/wp\/v2\/types\/product"}],"replies":[{"embeddable":true,"href":"https:\/\/lesmeditationsdalisea.com\/index.php\/wp-json\/wp\/v2\/comments?post=4171"}],"wp:featuredmedia":[{"embeddable":true,"href":"https:\/\/lesmeditationsdalisea.com\/index.php\/wp-json\/wp\/v2\/media\/4175"}],"wp:attachment":[{"href":"https:\/\/lesmeditationsdalisea.com\/index.php\/wp-json\/wp\/v2\/media?parent=4171"}],"wp:term":[{"taxonomy":"product_brand","embeddable":true,"href":"https:\/\/lesmeditationsdalisea.com\/index.php\/wp-json\/wp\/v2\/product_brand?post=4171"},{"taxonomy":"product_cat","embeddable":true,"href":"https:\/\/lesmeditationsdalisea.com\/index.php\/wp-json\/wp\/v2\/product_cat?post=4171"},{"taxonomy":"product_tag","embeddable":true,"href":"https:\/\/lesmeditationsdalisea.com\/index.php\/wp-json\/wp\/v2\/product_tag?post=4171"}],"curies":[{"name":"wp","href":"https:\/\/api.w.org\/{rel}","templated":true}]}}