{"id":4172,"date":"2024-12-11T17:25:11","date_gmt":"2024-12-11T16:25:11","guid":{"rendered":"https:\/\/lesmeditationsdalisea.com\/?post_type=product&#038;p=4172"},"modified":"2026-03-27T07:40:48","modified_gmt":"2026-03-27T06:40:48","slug":"tisane-yogi-tea-pour-les-sens-bonheur-absolu-boite-de-17-sachets","status":"publish","type":"product","link":"https:\/\/lesmeditationsdalisea.com\/index.php\/product\/tisane-yogi-tea-pour-les-sens-bonheur-absolu-boite-de-17-sachets\/","title":{"rendered":"Tisane Yogi Tea vrac &#8211; Curcuma-  Boite de 90g"},"content":{"rendered":"<p><strong>Turmeric Cha\u00ef Bio<\/strong>\u00a0du laboratoire<strong>\u00a0Yogi Tea<\/strong>\u00a0est l\u2019infusion pour ceux pour ceux qui sont en qu\u00eate d&rsquo;enchantement.<\/p>\n<p>Caract\u00e9ris\u00e9e par un jaune dor\u00e9 intense, la\u00a0<strong>racine de curcuma<\/strong>\u00a0\u00e9tait d\u00e9j\u00e0 consid\u00e9r\u00e9e comme sacr\u00e9e en Inde il y a 5000 ans.<\/p>\n<p>Combin\u00e9e \u00e0 de\u00a0<strong>d\u00e9licieuses \u00e9pices cha\u00ef<\/strong>, comme la\u00a0<strong>cannelle moelleuse<\/strong>\u00a0et la\u00a0<strong>cardamome<\/strong>, elle s&rsquo;\u00e9panouit de toute sa splendeur dans cette infusion.<\/p>\n<p>La savourer conf\u00e8re une\u00a0<strong>chaleur exotique<\/strong>\u00a0et offre de\u00a0<strong>merveilleux moments.<\/strong><\/p>\n<h3>Ingr\u00e9dients<\/h3>\n<p>Curcuma*, cannelle*, r\u00e9glisse*, gingembre*, cardamome*, poivre noir*, pomme*, fenouil*, macis*, \u00e9corces de cacao*, clous de girofle*.<\/p>\n<p>* agriculture biologique<\/p>\n<p>Savourez ce d\u00e9licieux m\u00e9lange en le laissant infuser 5 \u00e0 6 min dans 250 ml d&rsquo;eau \u00e0 100\u00b0.<\/p>\n<p>Enfin, retrouvez ci joint en photo, la posture yoga associ\u00e9e et conseill\u00e9e avec cette tisane.<\/p>\n<p>Retrouvez \u00e9galement sur la languette une jolie m\u00e9ditation qui tombe toujours juste!<\/p>\n<p>&nbsp;<\/p>\n","protected":false},"excerpt":{"rendered":"<p>Retrouvez les produits sains 100% biologiques et fabriqu\u00e9s en Italie de la marque YOGI TEA. Des infusions respectueuses de notre bien-\u00eatre constitu\u00e9es d&rsquo;\u00e9pices et de plantes biologiques.<\/p>\n","protected":false},"featured_media":5992,"comment_status":"open","ping_status":"closed","template":"","meta":[],"product_brand":[],"product_cat":[64,81],"product_tag":[],"class_list":{"0":"post-4172","1":"product","2":"type-product","3":"status-publish","4":"has-post-thumbnail","6":"product_cat-destockage","7":"product_cat-infusion-yogi-tea","9":"first","10":"instock","11":"sale","12":"shipping-taxable","13":"purchasable","14":"product-type-simple"},"yoast_head":"<!-- This site is optimized with the Yoast SEO Premium plugin v26.4 (Yoast SEO v27.3) - https:\/\/yoast.com\/product\/yoast-seo-premium-wordpress\/ -->\n<title>Tisane Yogi Tea vrac - Curcuma- Boite de 90g -<\/title>\n<meta name=\"description\" content=\"Tisane Yogi Tea vrac - Curcuma- Boite de 90g - 3,80\u20ac\" \/>\n<meta name=\"robots\" content=\"index, follow, max-snippet:-1, max-image-preview:large, max-video-preview:-1\" \/>\n<link rel=\"canonical\" href=\"https:\/\/lesmeditationsdalisea.com\/index.php\/product\/tisane-yogi-tea-pour-les-sens-bonheur-absolu-boite-de-17-sachets\/\" \/>\n<meta property=\"og:locale\" content=\"fr_FR\" \/>\n<meta property=\"og:type\" content=\"article\" \/>\n<meta property=\"og:title\" content=\"Tisane Yogi Tea vrac - Curcuma- Boite de 90g\" \/>\n<meta property=\"og:description\" content=\"Tisane Yogi Tea vrac - Curcuma- Boite de 90g - 3,80\u20ac\" \/>\n<meta property=\"og:url\" content=\"https:\/\/lesmeditationsdalisea.com\/index.php\/product\/tisane-yogi-tea-pour-les-sens-bonheur-absolu-boite-de-17-sachets\/\" \/>\n<meta property=\"article:publisher\" content=\"https:\/\/www.facebook.com\/lesmeditationsdalisea\/\" \/>\n<meta property=\"article:modified_time\" content=\"2026-03-27T06:40:48+00:00\" \/>\n<meta property=\"og:image\" content=\"https:\/\/lesmeditationsdalisea.com\/wp-content\/uploads\/2024\/12\/curcuma-vrac.jpg\" \/>\n\t<meta property=\"og:image:width\" content=\"309\" \/>\n\t<meta property=\"og:image:height\" content=\"571\" \/>\n\t<meta property=\"og:image:type\" content=\"image\/jpeg\" \/>\n<meta name=\"twitter:card\" content=\"summary_large_image\" \/>\n<meta name=\"twitter:label1\" content=\"Dur\u00e9e de lecture estim\u00e9e\" \/>\n\t<meta name=\"twitter:data1\" content=\"1 minute\" \/>\n<script type=\"application\/ld+json\" class=\"yoast-schema-graph\">{\"@context\":\"https:\\\/\\\/schema.org\",\"@graph\":[{\"@type\":\"WebPage\",\"@id\":\"https:\\\/\\\/lesmeditationsdalisea.com\\\/index.php\\\/product\\\/tisane-yogi-tea-pour-les-sens-bonheur-absolu-boite-de-17-sachets\\\/\",\"url\":\"https:\\\/\\\/lesmeditationsdalisea.com\\\/index.php\\\/product\\\/tisane-yogi-tea-pour-les-sens-bonheur-absolu-boite-de-17-sachets\\\/\",\"name\":\"Tisane Yogi Tea vrac - Curcuma- Boite de 90g -\",\"isPartOf\":{\"@id\":\"https:\\\/\\\/lesmeditationsdalisea.com\\\/#website\"},\"primaryImageOfPage\":{\"@id\":\"https:\\\/\\\/lesmeditationsdalisea.com\\\/index.php\\\/product\\\/tisane-yogi-tea-pour-les-sens-bonheur-absolu-boite-de-17-sachets\\\/#primaryimage\"},\"image\":{\"@id\":\"https:\\\/\\\/lesmeditationsdalisea.com\\\/index.php\\\/product\\\/tisane-yogi-tea-pour-les-sens-bonheur-absolu-boite-de-17-sachets\\\/#primaryimage\"},\"thumbnailUrl\":\"https:\\\/\\\/lesmeditationsdalisea.com\\\/wp-content\\\/uploads\\\/2024\\\/12\\\/curcuma-vrac.jpg\",\"datePublished\":\"2024-12-11T16:25:11+00:00\",\"dateModified\":\"2026-03-27T06:40:48+00:00\",\"description\":\"Tisane Yogi Tea vrac - Curcuma- Boite de 90g - 3,80\u20ac\",\"breadcrumb\":{\"@id\":\"https:\\\/\\\/lesmeditationsdalisea.com\\\/index.php\\\/product\\\/tisane-yogi-tea-pour-les-sens-bonheur-absolu-boite-de-17-sachets\\\/#breadcrumb\"},\"inLanguage\":\"fr-FR\",\"potentialAction\":[{\"@type\":\"ReadAction\",\"target\":[\"https:\\\/\\\/lesmeditationsdalisea.com\\\/index.php\\\/product\\\/tisane-yogi-tea-pour-les-sens-bonheur-absolu-boite-de-17-sachets\\\/\"]}]},{\"@type\":\"ImageObject\",\"inLanguage\":\"fr-FR\",\"@id\":\"https:\\\/\\\/lesmeditationsdalisea.com\\\/index.php\\\/product\\\/tisane-yogi-tea-pour-les-sens-bonheur-absolu-boite-de-17-sachets\\\/#primaryimage\",\"url\":\"https:\\\/\\\/lesmeditationsdalisea.com\\\/wp-content\\\/uploads\\\/2024\\\/12\\\/curcuma-vrac.jpg\",\"contentUrl\":\"https:\\\/\\\/lesmeditationsdalisea.com\\\/wp-content\\\/uploads\\\/2024\\\/12\\\/curcuma-vrac.jpg\",\"width\":309,\"height\":571},{\"@type\":\"BreadcrumbList\",\"@id\":\"https:\\\/\\\/lesmeditationsdalisea.com\\\/index.php\\\/product\\\/tisane-yogi-tea-pour-les-sens-bonheur-absolu-boite-de-17-sachets\\\/#breadcrumb\",\"itemListElement\":[{\"@type\":\"ListItem\",\"position\":1,\"name\":\"Accueil\",\"item\":\"https:\\\/\\\/lesmeditationsdalisea.com\\\/\"},{\"@type\":\"ListItem\",\"position\":2,\"name\":\"Produits\",\"item\":\"https:\\\/\\\/lesmeditationsdalisea.com\\\/index.php\\\/shop\\\/\"},{\"@type\":\"ListItem\",\"position\":3,\"name\":\"Tisane Yogi Tea vrac &#8211; Curcuma- Boite de 90g\"}]},{\"@type\":\"WebSite\",\"@id\":\"https:\\\/\\\/lesmeditationsdalisea.com\\\/#website\",\"url\":\"https:\\\/\\\/lesmeditationsdalisea.com\\\/\",\"name\":\"Les M\u00e9ditations d'Alis\u00e9a\",\"description\":\"\",\"publisher\":{\"@id\":\"https:\\\/\\\/lesmeditationsdalisea.com\\\/#organization\"},\"potentialAction\":[{\"@type\":\"SearchAction\",\"target\":{\"@type\":\"EntryPoint\",\"urlTemplate\":\"https:\\\/\\\/lesmeditationsdalisea.com\\\/?s={search_term_string}\"},\"query-input\":{\"@type\":\"PropertyValueSpecification\",\"valueRequired\":true,\"valueName\":\"search_term_string\"}}],\"inLanguage\":\"fr-FR\"},{\"@type\":\"Organization\",\"@id\":\"https:\\\/\\\/lesmeditationsdalisea.com\\\/#organization\",\"name\":\"Les M\u00e9ditations d'Alis\u00e9a\",\"alternateName\":\"La Lithoth\u00e9rapie \u00e0 prix juste!\",\"url\":\"https:\\\/\\\/lesmeditationsdalisea.com\\\/\",\"logo\":{\"@type\":\"ImageObject\",\"inLanguage\":\"fr-FR\",\"@id\":\"https:\\\/\\\/lesmeditationsdalisea.com\\\/#\\\/schema\\\/logo\\\/image\\\/\",\"url\":\"https:\\\/\\\/lesmeditationsdalisea.com\\\/wp-content\\\/uploads\\\/2023\\\/10\\\/LogoFondTransparent.png\",\"contentUrl\":\"https:\\\/\\\/lesmeditationsdalisea.com\\\/wp-content\\\/uploads\\\/2023\\\/10\\\/LogoFondTransparent.png\",\"width\":500,\"height\":353,\"caption\":\"Les M\u00e9ditations d'Alis\u00e9a\"},\"image\":{\"@id\":\"https:\\\/\\\/lesmeditationsdalisea.com\\\/#\\\/schema\\\/logo\\\/image\\\/\"},\"sameAs\":[\"https:\\\/\\\/www.facebook.com\\\/lesmeditationsdalisea\\\/\",\"https:\\\/\\\/www.instagram.com\\\/lesmeditationsdalisea\\\/\",\"https:\\\/\\\/www.tiktok.com\\\/@lesmeditationsdalisea\"]}]}<\/script>\n<!-- \/ Yoast SEO Premium plugin. -->","yoast_head_json":{"title":"Tisane Yogi Tea vrac - Curcuma- Boite de 90g -","description":"Tisane Yogi Tea vrac - Curcuma- Boite de 90g - 3,80\u20ac","robots":{"index":"index","follow":"follow","max-snippet":"max-snippet:-1","max-image-preview":"max-image-preview:large","max-video-preview":"max-video-preview:-1"},"canonical":"https:\/\/lesmeditationsdalisea.com\/index.php\/product\/tisane-yogi-tea-pour-les-sens-bonheur-absolu-boite-de-17-sachets\/","og_locale":"fr_FR","og_type":"article","og_title":"Tisane Yogi Tea vrac - Curcuma- Boite de 90g","og_description":"Tisane Yogi Tea vrac - Curcuma- Boite de 90g - 3,80\u20ac","og_url":"https:\/\/lesmeditationsdalisea.com\/index.php\/product\/tisane-yogi-tea-pour-les-sens-bonheur-absolu-boite-de-17-sachets\/","article_publisher":"https:\/\/www.facebook.com\/lesmeditationsdalisea\/","article_modified_time":"2026-03-27T06:40:48+00:00","og_image":[{"width":309,"height":571,"url":"https:\/\/lesmeditationsdalisea.com\/wp-content\/uploads\/2024\/12\/curcuma-vrac.jpg","type":"image\/jpeg"}],"twitter_card":"summary_large_image","twitter_misc":{"Dur\u00e9e de lecture estim\u00e9e":"1 minute"},"schema":{"@context":"https:\/\/schema.org","@graph":[{"@type":"WebPage","@id":"https:\/\/lesmeditationsdalisea.com\/index.php\/product\/tisane-yogi-tea-pour-les-sens-bonheur-absolu-boite-de-17-sachets\/","url":"https:\/\/lesmeditationsdalisea.com\/index.php\/product\/tisane-yogi-tea-pour-les-sens-bonheur-absolu-boite-de-17-sachets\/","name":"Tisane Yogi Tea vrac - Curcuma- Boite de 90g -","isPartOf":{"@id":"https:\/\/lesmeditationsdalisea.com\/#website"},"primaryImageOfPage":{"@id":"https:\/\/lesmeditationsdalisea.com\/index.php\/product\/tisane-yogi-tea-pour-les-sens-bonheur-absolu-boite-de-17-sachets\/#primaryimage"},"image":{"@id":"https:\/\/lesmeditationsdalisea.com\/index.php\/product\/tisane-yogi-tea-pour-les-sens-bonheur-absolu-boite-de-17-sachets\/#primaryimage"},"thumbnailUrl":"https:\/\/lesmeditationsdalisea.com\/wp-content\/uploads\/2024\/12\/curcuma-vrac.jpg","datePublished":"2024-12-11T16:25:11+00:00","dateModified":"2026-03-27T06:40:48+00:00","description":"Tisane Yogi Tea vrac - Curcuma- Boite de 90g - 3,80\u20ac","breadcrumb":{"@id":"https:\/\/lesmeditationsdalisea.com\/index.php\/product\/tisane-yogi-tea-pour-les-sens-bonheur-absolu-boite-de-17-sachets\/#breadcrumb"},"inLanguage":"fr-FR","potentialAction":[{"@type":"ReadAction","target":["https:\/\/lesmeditationsdalisea.com\/index.php\/product\/tisane-yogi-tea-pour-les-sens-bonheur-absolu-boite-de-17-sachets\/"]}]},{"@type":"ImageObject","inLanguage":"fr-FR","@id":"https:\/\/lesmeditationsdalisea.com\/index.php\/product\/tisane-yogi-tea-pour-les-sens-bonheur-absolu-boite-de-17-sachets\/#primaryimage","url":"https:\/\/lesmeditationsdalisea.com\/wp-content\/uploads\/2024\/12\/curcuma-vrac.jpg","contentUrl":"https:\/\/lesmeditationsdalisea.com\/wp-content\/uploads\/2024\/12\/curcuma-vrac.jpg","width":309,"height":571},{"@type":"BreadcrumbList","@id":"https:\/\/lesmeditationsdalisea.com\/index.php\/product\/tisane-yogi-tea-pour-les-sens-bonheur-absolu-boite-de-17-sachets\/#breadcrumb","itemListElement":[{"@type":"ListItem","position":1,"name":"Accueil","item":"https:\/\/lesmeditationsdalisea.com\/"},{"@type":"ListItem","position":2,"name":"Produits","item":"https:\/\/lesmeditationsdalisea.com\/index.php\/shop\/"},{"@type":"ListItem","position":3,"name":"Tisane Yogi Tea vrac &#8211; Curcuma- Boite de 90g"}]},{"@type":"WebSite","@id":"https:\/\/lesmeditationsdalisea.com\/#website","url":"https:\/\/lesmeditationsdalisea.com\/","name":"Les M\u00e9ditations d'Alis\u00e9a","description":"","publisher":{"@id":"https:\/\/lesmeditationsdalisea.com\/#organization"},"potentialAction":[{"@type":"SearchAction","target":{"@type":"EntryPoint","urlTemplate":"https:\/\/lesmeditationsdalisea.com\/?s={search_term_string}"},"query-input":{"@type":"PropertyValueSpecification","valueRequired":true,"valueName":"search_term_string"}}],"inLanguage":"fr-FR"},{"@type":"Organization","@id":"https:\/\/lesmeditationsdalisea.com\/#organization","name":"Les M\u00e9ditations d'Alis\u00e9a","alternateName":"La Lithoth\u00e9rapie \u00e0 prix juste!","url":"https:\/\/lesmeditationsdalisea.com\/","logo":{"@type":"ImageObject","inLanguage":"fr-FR","@id":"https:\/\/lesmeditationsdalisea.com\/#\/schema\/logo\/image\/","url":"https:\/\/lesmeditationsdalisea.com\/wp-content\/uploads\/2023\/10\/LogoFondTransparent.png","contentUrl":"https:\/\/lesmeditationsdalisea.com\/wp-content\/uploads\/2023\/10\/LogoFondTransparent.png","width":500,"height":353,"caption":"Les M\u00e9ditations d'Alis\u00e9a"},"image":{"@id":"https:\/\/lesmeditationsdalisea.com\/#\/schema\/logo\/image\/"},"sameAs":["https:\/\/www.facebook.com\/lesmeditationsdalisea\/","https:\/\/www.instagram.com\/lesmeditationsdalisea\/","https:\/\/www.tiktok.com\/@lesmeditationsdalisea"]}]}},"_links":{"self":[{"href":"https:\/\/lesmeditationsdalisea.com\/index.php\/wp-json\/wp\/v2\/product\/4172","targetHints":{"allow":["GET"]}}],"collection":[{"href":"https:\/\/lesmeditationsdalisea.com\/index.php\/wp-json\/wp\/v2\/product"}],"about":[{"href":"https:\/\/lesmeditationsdalisea.com\/index.php\/wp-json\/wp\/v2\/types\/product"}],"replies":[{"embeddable":true,"href":"https:\/\/lesmeditationsdalisea.com\/index.php\/wp-json\/wp\/v2\/comments?post=4172"}],"wp:featuredmedia":[{"embeddable":true,"href":"https:\/\/lesmeditationsdalisea.com\/index.php\/wp-json\/wp\/v2\/media\/5992"}],"wp:attachment":[{"href":"https:\/\/lesmeditationsdalisea.com\/index.php\/wp-json\/wp\/v2\/media?parent=4172"}],"wp:term":[{"taxonomy":"product_brand","embeddable":true,"href":"https:\/\/lesmeditationsdalisea.com\/index.php\/wp-json\/wp\/v2\/product_brand?post=4172"},{"taxonomy":"product_cat","embeddable":true,"href":"https:\/\/lesmeditationsdalisea.com\/index.php\/wp-json\/wp\/v2\/product_cat?post=4172"},{"taxonomy":"product_tag","embeddable":true,"href":"https:\/\/lesmeditationsdalisea.com\/index.php\/wp-json\/wp\/v2\/product_tag?post=4172"}],"curies":[{"name":"wp","href":"https:\/\/api.w.org\/{rel}","templated":true}]}}