{"id":4792,"date":"2025-04-02T12:57:55","date_gmt":"2025-04-02T10:57:55","guid":{"rendered":"https:\/\/lesmeditationsdalisea.com\/?post_type=product&#038;p=4792"},"modified":"2026-02-20T17:36:56","modified_gmt":"2026-02-20T16:36:56","slug":"tisane-yogi-tea-profonde-respiration-boite-de-17-sachets","status":"publish","type":"product","link":"https:\/\/lesmeditationsdalisea.com\/index.php\/product\/tisane-yogi-tea-profonde-respiration-boite-de-17-sachets\/","title":{"rendered":"Tisane Yogi Tea Profonde Respiration &#8211; Boite de 17 sachets"},"content":{"rendered":"<p>Boite de 17 sachets d&rsquo;infusions de la marque YOGI TEA.<\/p>\n<p>\u00ab\u00a0Menthe Citron Vert\u00a0\u00bb est un m\u00e9lange de tisanes et d&rsquo;\u00e9pices ayurv\u00e9diques, rafraichissante, relaxante, purifiante.<\/p>\n<p>Composition :<\/p>\n<p>Eucalyptus*, r\u00e9glisse*, gingembre*, basilic*, cardamome*, cannelle*, mol\u00e8ne bouillon-blanc*, luzerne*, fenouil*, thym*, inule*, extrait de vanille*, clous de girofle*, poivre noir*, gousse de vanille*Contient de la r\u00e9glisse \u2013 les personnes souffrant d\u2019hypertension doivent \u00e9viter toute consommation excessive.<\/p>\n<p>*certifi\u00e9\u00a0biologique<\/p>\n<div class=\"product__info__description\">\n<div class=\"product__info__description__text\">\n<div class=\"product__info__description\">\n<div class=\"product__info__description__text\">\n<div class=\"product__info__description\">\n<div class=\"product__info__description__text\">\n<p>En tant que yogi, on apprend tr\u00e8s t\u00f4t \u00e0 appr\u00e9cier la respiration consciente. Cette infusion nous le rappelle. En m\u00e9decine alternative, l&rsquo;eucalyptus et le thym sont souvent utilis\u00e9s comme ingr\u00e9dients pour soutenir les voies respiratoires. Le r\u00e9sultat est une infusion merveilleusement rafra\u00eechissante et apaisante. \u00c0 chaque gorg\u00e9e, nous pouvons respirer \u00e0 nouveau et nous sentir libres !<\/p>\n<p><strong>L&rsquo;infusion pour ceux qui veulent reprendre leur souffle.<\/strong><\/p>\n<\/div>\n<\/div>\n<\/div>\n<\/div>\n<\/div>\n<\/div>\n<p>Savourez ce d\u00e9licieux m\u00e9lange en le laissant infuser 5 min dans 250 ml d&rsquo;eau \u00e0 100\u00b0.<\/p>\n<p>Enfin, retrouvez ci joint en photo, la posture yoga associ\u00e9e et conseill\u00e9e avec cette tisane.<\/p>\n<p>Retrouvez \u00e9galement toujours sur la languette, la m\u00e9ditation \u00e0 lire, qui tombe toujours juste!<\/p>\n","protected":false},"excerpt":{"rendered":"<p>Retrouvez les produits sains 100% biologiques et fabriqu\u00e9s en Italie, de la marque YOGI TEA. Des infusions respectueuses de notre bien-\u00eatre constitu\u00e9es d&rsquo;\u00e9pices et de plantes biologiques.<\/p>\n","protected":false},"featured_media":4780,"comment_status":"open","ping_status":"closed","template":"","meta":[],"product_brand":[],"product_cat":[81],"product_tag":[],"class_list":{"0":"post-4792","1":"product","2":"type-product","3":"status-publish","4":"has-post-thumbnail","6":"product_cat-infusion-yogi-tea","8":"first","9":"outofstock","10":"shipping-taxable","11":"purchasable","12":"product-type-simple"},"yoast_head":"<!-- This site is optimized with the Yoast SEO Premium plugin v26.4 (Yoast SEO v27.5) - https:\/\/yoast.com\/product\/yoast-seo-premium-wordpress\/ -->\n<title>Tisane Yogi Tea Profonde Respiration - Boite de 17 sachets -<\/title>\n<meta name=\"robots\" content=\"index, follow, max-snippet:-1, max-image-preview:large, max-video-preview:-1\" \/>\n<link rel=\"canonical\" href=\"https:\/\/lesmeditationsdalisea.com\/index.php\/product\/tisane-yogi-tea-profonde-respiration-boite-de-17-sachets\/\" \/>\n<meta property=\"og:locale\" content=\"fr_FR\" \/>\n<meta property=\"og:type\" content=\"article\" \/>\n<meta property=\"og:title\" content=\"Tisane Yogi Tea Profonde Respiration - Boite de 17 sachets\" \/>\n<meta property=\"og:description\" content=\"Retrouvez les produits sains 100% biologiques et fabriqu\u00e9s en Italie, de la marque YOGI TEA. Des infusions respectueuses de notre bien-\u00eatre constitu\u00e9es d&#039;\u00e9pices et de plantes biologiques.\" \/>\n<meta property=\"og:url\" content=\"https:\/\/lesmeditationsdalisea.com\/index.php\/product\/tisane-yogi-tea-profonde-respiration-boite-de-17-sachets\/\" \/>\n<meta property=\"article:publisher\" content=\"https:\/\/www.facebook.com\/lesmeditationsdalisea\/\" \/>\n<meta property=\"article:modified_time\" content=\"2026-02-20T16:36:56+00:00\" \/>\n<meta property=\"og:image\" content=\"https:\/\/lesmeditationsdalisea.com\/wp-content\/uploads\/2025\/04\/20250402_114617-scaled.jpg\" \/>\n\t<meta property=\"og:image:width\" content=\"1920\" \/>\n\t<meta property=\"og:image:height\" content=\"2560\" \/>\n\t<meta property=\"og:image:type\" content=\"image\/jpeg\" \/>\n<meta name=\"twitter:card\" content=\"summary_large_image\" \/>\n<meta name=\"twitter:label1\" content=\"Dur\u00e9e de lecture estim\u00e9e\" \/>\n\t<meta name=\"twitter:data1\" content=\"2 minutes\" \/>\n<script type=\"application\/ld+json\" class=\"yoast-schema-graph\">{\"@context\":\"https:\\\/\\\/schema.org\",\"@graph\":[{\"@type\":\"WebPage\",\"@id\":\"https:\\\/\\\/lesmeditationsdalisea.com\\\/index.php\\\/product\\\/tisane-yogi-tea-profonde-respiration-boite-de-17-sachets\\\/\",\"url\":\"https:\\\/\\\/lesmeditationsdalisea.com\\\/index.php\\\/product\\\/tisane-yogi-tea-profonde-respiration-boite-de-17-sachets\\\/\",\"name\":\"Tisane Yogi Tea Profonde Respiration - Boite de 17 sachets -\",\"isPartOf\":{\"@id\":\"https:\\\/\\\/lesmeditationsdalisea.com\\\/#website\"},\"primaryImageOfPage\":{\"@id\":\"https:\\\/\\\/lesmeditationsdalisea.com\\\/index.php\\\/product\\\/tisane-yogi-tea-profonde-respiration-boite-de-17-sachets\\\/#primaryimage\"},\"image\":{\"@id\":\"https:\\\/\\\/lesmeditationsdalisea.com\\\/index.php\\\/product\\\/tisane-yogi-tea-profonde-respiration-boite-de-17-sachets\\\/#primaryimage\"},\"thumbnailUrl\":\"https:\\\/\\\/lesmeditationsdalisea.com\\\/wp-content\\\/uploads\\\/2025\\\/04\\\/20250402_114617-scaled.jpg\",\"datePublished\":\"2025-04-02T10:57:55+00:00\",\"dateModified\":\"2026-02-20T16:36:56+00:00\",\"breadcrumb\":{\"@id\":\"https:\\\/\\\/lesmeditationsdalisea.com\\\/index.php\\\/product\\\/tisane-yogi-tea-profonde-respiration-boite-de-17-sachets\\\/#breadcrumb\"},\"inLanguage\":\"fr-FR\",\"potentialAction\":[{\"@type\":\"ReadAction\",\"target\":[\"https:\\\/\\\/lesmeditationsdalisea.com\\\/index.php\\\/product\\\/tisane-yogi-tea-profonde-respiration-boite-de-17-sachets\\\/\"]}]},{\"@type\":\"ImageObject\",\"inLanguage\":\"fr-FR\",\"@id\":\"https:\\\/\\\/lesmeditationsdalisea.com\\\/index.php\\\/product\\\/tisane-yogi-tea-profonde-respiration-boite-de-17-sachets\\\/#primaryimage\",\"url\":\"https:\\\/\\\/lesmeditationsdalisea.com\\\/wp-content\\\/uploads\\\/2025\\\/04\\\/20250402_114617-scaled.jpg\",\"contentUrl\":\"https:\\\/\\\/lesmeditationsdalisea.com\\\/wp-content\\\/uploads\\\/2025\\\/04\\\/20250402_114617-scaled.jpg\",\"width\":1920,\"height\":2560},{\"@type\":\"BreadcrumbList\",\"@id\":\"https:\\\/\\\/lesmeditationsdalisea.com\\\/index.php\\\/product\\\/tisane-yogi-tea-profonde-respiration-boite-de-17-sachets\\\/#breadcrumb\",\"itemListElement\":[{\"@type\":\"ListItem\",\"position\":1,\"name\":\"Accueil\",\"item\":\"https:\\\/\\\/lesmeditationsdalisea.com\\\/\"},{\"@type\":\"ListItem\",\"position\":2,\"name\":\"Produits\",\"item\":\"https:\\\/\\\/lesmeditationsdalisea.com\\\/index.php\\\/shop\\\/\"},{\"@type\":\"ListItem\",\"position\":3,\"name\":\"Tisane Yogi Tea Profonde Respiration &#8211; Boite de 17 sachets\"}]},{\"@type\":\"WebSite\",\"@id\":\"https:\\\/\\\/lesmeditationsdalisea.com\\\/#website\",\"url\":\"https:\\\/\\\/lesmeditationsdalisea.com\\\/\",\"name\":\"Les M\u00e9ditations d'Alis\u00e9a\",\"description\":\"\",\"publisher\":{\"@id\":\"https:\\\/\\\/lesmeditationsdalisea.com\\\/#organization\"},\"potentialAction\":[{\"@type\":\"SearchAction\",\"target\":{\"@type\":\"EntryPoint\",\"urlTemplate\":\"https:\\\/\\\/lesmeditationsdalisea.com\\\/?s={search_term_string}\"},\"query-input\":{\"@type\":\"PropertyValueSpecification\",\"valueRequired\":true,\"valueName\":\"search_term_string\"}}],\"inLanguage\":\"fr-FR\"},{\"@type\":\"Organization\",\"@id\":\"https:\\\/\\\/lesmeditationsdalisea.com\\\/#organization\",\"name\":\"Les M\u00e9ditations d'Alis\u00e9a\",\"alternateName\":\"La Lithoth\u00e9rapie \u00e0 prix juste!\",\"url\":\"https:\\\/\\\/lesmeditationsdalisea.com\\\/\",\"logo\":{\"@type\":\"ImageObject\",\"inLanguage\":\"fr-FR\",\"@id\":\"https:\\\/\\\/lesmeditationsdalisea.com\\\/#\\\/schema\\\/logo\\\/image\\\/\",\"url\":\"https:\\\/\\\/lesmeditationsdalisea.com\\\/wp-content\\\/uploads\\\/2023\\\/10\\\/LogoFondTransparent.png\",\"contentUrl\":\"https:\\\/\\\/lesmeditationsdalisea.com\\\/wp-content\\\/uploads\\\/2023\\\/10\\\/LogoFondTransparent.png\",\"width\":500,\"height\":353,\"caption\":\"Les M\u00e9ditations d'Alis\u00e9a\"},\"image\":{\"@id\":\"https:\\\/\\\/lesmeditationsdalisea.com\\\/#\\\/schema\\\/logo\\\/image\\\/\"},\"sameAs\":[\"https:\\\/\\\/www.facebook.com\\\/lesmeditationsdalisea\\\/\",\"https:\\\/\\\/www.instagram.com\\\/lesmeditationsdalisea\\\/\",\"https:\\\/\\\/www.tiktok.com\\\/@lesmeditationsdalisea\"]}]}<\/script>\n<!-- \/ Yoast SEO Premium plugin. -->","yoast_head_json":{"title":"Tisane Yogi Tea Profonde Respiration - Boite de 17 sachets -","robots":{"index":"index","follow":"follow","max-snippet":"max-snippet:-1","max-image-preview":"max-image-preview:large","max-video-preview":"max-video-preview:-1"},"canonical":"https:\/\/lesmeditationsdalisea.com\/index.php\/product\/tisane-yogi-tea-profonde-respiration-boite-de-17-sachets\/","og_locale":"fr_FR","og_type":"article","og_title":"Tisane Yogi Tea Profonde Respiration - Boite de 17 sachets","og_description":"Retrouvez les produits sains 100% biologiques et fabriqu\u00e9s en Italie, de la marque YOGI TEA. Des infusions respectueuses de notre bien-\u00eatre constitu\u00e9es d'\u00e9pices et de plantes biologiques.","og_url":"https:\/\/lesmeditationsdalisea.com\/index.php\/product\/tisane-yogi-tea-profonde-respiration-boite-de-17-sachets\/","article_publisher":"https:\/\/www.facebook.com\/lesmeditationsdalisea\/","article_modified_time":"2026-02-20T16:36:56+00:00","og_image":[{"width":1920,"height":2560,"url":"https:\/\/lesmeditationsdalisea.com\/wp-content\/uploads\/2025\/04\/20250402_114617-scaled.jpg","type":"image\/jpeg"}],"twitter_card":"summary_large_image","twitter_misc":{"Dur\u00e9e de lecture estim\u00e9e":"2 minutes"},"schema":{"@context":"https:\/\/schema.org","@graph":[{"@type":"WebPage","@id":"https:\/\/lesmeditationsdalisea.com\/index.php\/product\/tisane-yogi-tea-profonde-respiration-boite-de-17-sachets\/","url":"https:\/\/lesmeditationsdalisea.com\/index.php\/product\/tisane-yogi-tea-profonde-respiration-boite-de-17-sachets\/","name":"Tisane Yogi Tea Profonde Respiration - Boite de 17 sachets -","isPartOf":{"@id":"https:\/\/lesmeditationsdalisea.com\/#website"},"primaryImageOfPage":{"@id":"https:\/\/lesmeditationsdalisea.com\/index.php\/product\/tisane-yogi-tea-profonde-respiration-boite-de-17-sachets\/#primaryimage"},"image":{"@id":"https:\/\/lesmeditationsdalisea.com\/index.php\/product\/tisane-yogi-tea-profonde-respiration-boite-de-17-sachets\/#primaryimage"},"thumbnailUrl":"https:\/\/lesmeditationsdalisea.com\/wp-content\/uploads\/2025\/04\/20250402_114617-scaled.jpg","datePublished":"2025-04-02T10:57:55+00:00","dateModified":"2026-02-20T16:36:56+00:00","breadcrumb":{"@id":"https:\/\/lesmeditationsdalisea.com\/index.php\/product\/tisane-yogi-tea-profonde-respiration-boite-de-17-sachets\/#breadcrumb"},"inLanguage":"fr-FR","potentialAction":[{"@type":"ReadAction","target":["https:\/\/lesmeditationsdalisea.com\/index.php\/product\/tisane-yogi-tea-profonde-respiration-boite-de-17-sachets\/"]}]},{"@type":"ImageObject","inLanguage":"fr-FR","@id":"https:\/\/lesmeditationsdalisea.com\/index.php\/product\/tisane-yogi-tea-profonde-respiration-boite-de-17-sachets\/#primaryimage","url":"https:\/\/lesmeditationsdalisea.com\/wp-content\/uploads\/2025\/04\/20250402_114617-scaled.jpg","contentUrl":"https:\/\/lesmeditationsdalisea.com\/wp-content\/uploads\/2025\/04\/20250402_114617-scaled.jpg","width":1920,"height":2560},{"@type":"BreadcrumbList","@id":"https:\/\/lesmeditationsdalisea.com\/index.php\/product\/tisane-yogi-tea-profonde-respiration-boite-de-17-sachets\/#breadcrumb","itemListElement":[{"@type":"ListItem","position":1,"name":"Accueil","item":"https:\/\/lesmeditationsdalisea.com\/"},{"@type":"ListItem","position":2,"name":"Produits","item":"https:\/\/lesmeditationsdalisea.com\/index.php\/shop\/"},{"@type":"ListItem","position":3,"name":"Tisane Yogi Tea Profonde Respiration &#8211; Boite de 17 sachets"}]},{"@type":"WebSite","@id":"https:\/\/lesmeditationsdalisea.com\/#website","url":"https:\/\/lesmeditationsdalisea.com\/","name":"Les M\u00e9ditations d'Alis\u00e9a","description":"","publisher":{"@id":"https:\/\/lesmeditationsdalisea.com\/#organization"},"potentialAction":[{"@type":"SearchAction","target":{"@type":"EntryPoint","urlTemplate":"https:\/\/lesmeditationsdalisea.com\/?s={search_term_string}"},"query-input":{"@type":"PropertyValueSpecification","valueRequired":true,"valueName":"search_term_string"}}],"inLanguage":"fr-FR"},{"@type":"Organization","@id":"https:\/\/lesmeditationsdalisea.com\/#organization","name":"Les M\u00e9ditations d'Alis\u00e9a","alternateName":"La Lithoth\u00e9rapie \u00e0 prix juste!","url":"https:\/\/lesmeditationsdalisea.com\/","logo":{"@type":"ImageObject","inLanguage":"fr-FR","@id":"https:\/\/lesmeditationsdalisea.com\/#\/schema\/logo\/image\/","url":"https:\/\/lesmeditationsdalisea.com\/wp-content\/uploads\/2023\/10\/LogoFondTransparent.png","contentUrl":"https:\/\/lesmeditationsdalisea.com\/wp-content\/uploads\/2023\/10\/LogoFondTransparent.png","width":500,"height":353,"caption":"Les M\u00e9ditations d'Alis\u00e9a"},"image":{"@id":"https:\/\/lesmeditationsdalisea.com\/#\/schema\/logo\/image\/"},"sameAs":["https:\/\/www.facebook.com\/lesmeditationsdalisea\/","https:\/\/www.instagram.com\/lesmeditationsdalisea\/","https:\/\/www.tiktok.com\/@lesmeditationsdalisea"]}]}},"_links":{"self":[{"href":"https:\/\/lesmeditationsdalisea.com\/index.php\/wp-json\/wp\/v2\/product\/4792","targetHints":{"allow":["GET"]}}],"collection":[{"href":"https:\/\/lesmeditationsdalisea.com\/index.php\/wp-json\/wp\/v2\/product"}],"about":[{"href":"https:\/\/lesmeditationsdalisea.com\/index.php\/wp-json\/wp\/v2\/types\/product"}],"replies":[{"embeddable":true,"href":"https:\/\/lesmeditationsdalisea.com\/index.php\/wp-json\/wp\/v2\/comments?post=4792"}],"wp:featuredmedia":[{"embeddable":true,"href":"https:\/\/lesmeditationsdalisea.com\/index.php\/wp-json\/wp\/v2\/media\/4780"}],"wp:attachment":[{"href":"https:\/\/lesmeditationsdalisea.com\/index.php\/wp-json\/wp\/v2\/media?parent=4792"}],"wp:term":[{"taxonomy":"product_brand","embeddable":true,"href":"https:\/\/lesmeditationsdalisea.com\/index.php\/wp-json\/wp\/v2\/product_brand?post=4792"},{"taxonomy":"product_cat","embeddable":true,"href":"https:\/\/lesmeditationsdalisea.com\/index.php\/wp-json\/wp\/v2\/product_cat?post=4792"},{"taxonomy":"product_tag","embeddable":true,"href":"https:\/\/lesmeditationsdalisea.com\/index.php\/wp-json\/wp\/v2\/product_tag?post=4792"}],"curies":[{"name":"wp","href":"https:\/\/api.w.org\/{rel}","templated":true}]}}