{"id":4793,"date":"2025-04-02T13:07:05","date_gmt":"2025-04-02T11:07:05","guid":{"rendered":"https:\/\/lesmeditationsdalisea.com\/?post_type=product&#038;p=4793"},"modified":"2026-02-20T17:36:48","modified_gmt":"2026-02-20T16:36:48","slug":"coffret-cadeau-yogi-tea-mug-thermos-et-boite-yogi-tea-classique","status":"publish","type":"product","link":"https:\/\/lesmeditationsdalisea.com\/index.php\/product\/coffret-cadeau-yogi-tea-mug-thermos-et-boite-yogi-tea-classique\/","title":{"rendered":"Coffret cadeau Yogi Tea Mug thermos et Boite Yogi Tea Classique"},"content":{"rendered":"<p>Coffret comprenant une mug thermos pour transporter votre tisane partout!<\/p>\n<p>Egalement dans ce coffret, la boite:<\/p>\n<p>\u00ab\u00a0Classique\u00a0\u00bb est un m\u00e9lange de tisanes et d&rsquo;\u00e9pices ayurv\u00e9diques, exotique, r\u00e9confortante, fortifiante.<\/p>\n<p>Composition :<\/p>\n<p>Cannelle*, gingembre*, cardamome*, clous de girofle*, poivre noir*, huile de cannelle*<\/p>\n<p>*certifi\u00e9 biologique<\/p>\n<div class=\"product__info__description\">\n<div class=\"product__info__description__text\">\n<div class=\"product__info__description\">\n<div class=\"product__info__description__text\">\n<div class=\"product__info__description\">\n<div class=\"product__info__description__text\">\n<div class=\"product__info__description\">\n<div class=\"product__info__description__text\">\n<p>Ce merveilleux m\u00e9lange \u00e0 base de cannelle moelleuse, de cardamome, de gingembre aromatique, de girofle et de poivre a su inspirer des g\u00e9n\u00e9rations de yogis, tout comme la maison YOGI TEA\u00ae. Elle a jet\u00e9 les bases de la diversit\u00e9 de nos m\u00e9langes d&rsquo;infusions ayurv\u00e9diques. Se d\u00e9guste \u00e9galement sucr\u00e9e et m\u00e9lang\u00e9e \u00e0 du lait ou une vari\u00e9t\u00e9 de lait v\u00e9g\u00e9tal.<\/p>\n<p><strong>L&rsquo;infusion qui a marqu\u00e9 le d\u00e9but de l&rsquo;histoire de YOGI TEA\u00ae.<\/strong><\/p>\n<\/div>\n<\/div>\n<\/div>\n<\/div>\n<\/div>\n<\/div>\n<\/div>\n<\/div>\n<p>Savourez ce d\u00e9licieux m\u00e9lange en le laissant infuser 5 min dans 250 ml d&rsquo;eau \u00e0 100\u00b0.<\/p>\n<p>Enfin, retrouvez ci joint en photo, la posture yoga associ\u00e9e et conseill\u00e9e avec cette tisane.<\/p>\n<p>Retrouvez \u00e9galement toujours sur la languette, la m\u00e9ditation \u00e0 lire, qui tombe toujours juste!<\/p>\n","protected":false},"excerpt":{"rendered":"<p>Retrouvez les produits sains 100% biologiques et fabriqu\u00e9s en Italie, de la marque YOGI TEA. Des infusions respectueuses de notre bien-\u00eatre constitu\u00e9es d&rsquo;\u00e9pices et de plantes biologiques.<\/p>\n","protected":false},"featured_media":4782,"comment_status":"open","ping_status":"closed","template":"","meta":[],"product_brand":[],"product_cat":[64,81],"product_tag":[],"class_list":{"0":"post-4793","1":"product","2":"type-product","3":"status-publish","4":"has-post-thumbnail","6":"product_cat-destockage","7":"product_cat-infusion-yogi-tea","9":"first","10":"instock","11":"sale","12":"shipping-taxable","13":"purchasable","14":"product-type-simple"},"yoast_head":"<!-- This site is optimized with the Yoast SEO Premium plugin v26.4 (Yoast SEO v27.3) - https:\/\/yoast.com\/product\/yoast-seo-premium-wordpress\/ -->\n<title>Coffret cadeau Yogi Tea Mug thermos et Boite Yogi Tea Classique -<\/title>\n<meta name=\"robots\" content=\"index, follow, max-snippet:-1, max-image-preview:large, max-video-preview:-1\" \/>\n<link rel=\"canonical\" href=\"https:\/\/lesmeditationsdalisea.com\/index.php\/product\/coffret-cadeau-yogi-tea-mug-thermos-et-boite-yogi-tea-classique\/\" \/>\n<meta property=\"og:locale\" content=\"fr_FR\" \/>\n<meta property=\"og:type\" content=\"article\" \/>\n<meta property=\"og:title\" content=\"Coffret cadeau Yogi Tea Mug thermos et Boite Yogi Tea Classique\" \/>\n<meta property=\"og:description\" content=\"Retrouvez les produits sains 100% biologiques et fabriqu\u00e9s en Italie, de la marque YOGI TEA. Des infusions respectueuses de notre bien-\u00eatre constitu\u00e9es d&#039;\u00e9pices et de plantes biologiques.\" \/>\n<meta property=\"og:url\" content=\"https:\/\/lesmeditationsdalisea.com\/index.php\/product\/coffret-cadeau-yogi-tea-mug-thermos-et-boite-yogi-tea-classique\/\" \/>\n<meta property=\"article:publisher\" content=\"https:\/\/www.facebook.com\/lesmeditationsdalisea\/\" \/>\n<meta property=\"article:modified_time\" content=\"2026-02-20T16:36:48+00:00\" \/>\n<meta property=\"og:image\" content=\"https:\/\/lesmeditationsdalisea.com\/wp-content\/uploads\/2025\/04\/20250402_114632-scaled.jpg\" \/>\n\t<meta property=\"og:image:width\" content=\"1920\" \/>\n\t<meta property=\"og:image:height\" content=\"2560\" \/>\n\t<meta property=\"og:image:type\" content=\"image\/jpeg\" \/>\n<meta name=\"twitter:card\" content=\"summary_large_image\" \/>\n<meta name=\"twitter:label1\" content=\"Dur\u00e9e de lecture estim\u00e9e\" \/>\n\t<meta name=\"twitter:data1\" content=\"2 minutes\" \/>\n<script type=\"application\/ld+json\" class=\"yoast-schema-graph\">{\"@context\":\"https:\\\/\\\/schema.org\",\"@graph\":[{\"@type\":\"WebPage\",\"@id\":\"https:\\\/\\\/lesmeditationsdalisea.com\\\/index.php\\\/product\\\/coffret-cadeau-yogi-tea-mug-thermos-et-boite-yogi-tea-classique\\\/\",\"url\":\"https:\\\/\\\/lesmeditationsdalisea.com\\\/index.php\\\/product\\\/coffret-cadeau-yogi-tea-mug-thermos-et-boite-yogi-tea-classique\\\/\",\"name\":\"Coffret cadeau Yogi Tea Mug thermos et Boite Yogi Tea Classique -\",\"isPartOf\":{\"@id\":\"https:\\\/\\\/lesmeditationsdalisea.com\\\/#website\"},\"primaryImageOfPage\":{\"@id\":\"https:\\\/\\\/lesmeditationsdalisea.com\\\/index.php\\\/product\\\/coffret-cadeau-yogi-tea-mug-thermos-et-boite-yogi-tea-classique\\\/#primaryimage\"},\"image\":{\"@id\":\"https:\\\/\\\/lesmeditationsdalisea.com\\\/index.php\\\/product\\\/coffret-cadeau-yogi-tea-mug-thermos-et-boite-yogi-tea-classique\\\/#primaryimage\"},\"thumbnailUrl\":\"https:\\\/\\\/lesmeditationsdalisea.com\\\/wp-content\\\/uploads\\\/2025\\\/04\\\/20250402_114632-scaled.jpg\",\"datePublished\":\"2025-04-02T11:07:05+00:00\",\"dateModified\":\"2026-02-20T16:36:48+00:00\",\"breadcrumb\":{\"@id\":\"https:\\\/\\\/lesmeditationsdalisea.com\\\/index.php\\\/product\\\/coffret-cadeau-yogi-tea-mug-thermos-et-boite-yogi-tea-classique\\\/#breadcrumb\"},\"inLanguage\":\"fr-FR\",\"potentialAction\":[{\"@type\":\"ReadAction\",\"target\":[\"https:\\\/\\\/lesmeditationsdalisea.com\\\/index.php\\\/product\\\/coffret-cadeau-yogi-tea-mug-thermos-et-boite-yogi-tea-classique\\\/\"]}]},{\"@type\":\"ImageObject\",\"inLanguage\":\"fr-FR\",\"@id\":\"https:\\\/\\\/lesmeditationsdalisea.com\\\/index.php\\\/product\\\/coffret-cadeau-yogi-tea-mug-thermos-et-boite-yogi-tea-classique\\\/#primaryimage\",\"url\":\"https:\\\/\\\/lesmeditationsdalisea.com\\\/wp-content\\\/uploads\\\/2025\\\/04\\\/20250402_114632-scaled.jpg\",\"contentUrl\":\"https:\\\/\\\/lesmeditationsdalisea.com\\\/wp-content\\\/uploads\\\/2025\\\/04\\\/20250402_114632-scaled.jpg\",\"width\":1920,\"height\":2560},{\"@type\":\"BreadcrumbList\",\"@id\":\"https:\\\/\\\/lesmeditationsdalisea.com\\\/index.php\\\/product\\\/coffret-cadeau-yogi-tea-mug-thermos-et-boite-yogi-tea-classique\\\/#breadcrumb\",\"itemListElement\":[{\"@type\":\"ListItem\",\"position\":1,\"name\":\"Accueil\",\"item\":\"https:\\\/\\\/lesmeditationsdalisea.com\\\/\"},{\"@type\":\"ListItem\",\"position\":2,\"name\":\"Produits\",\"item\":\"https:\\\/\\\/lesmeditationsdalisea.com\\\/index.php\\\/shop\\\/\"},{\"@type\":\"ListItem\",\"position\":3,\"name\":\"Coffret cadeau Yogi Tea Mug thermos et Boite Yogi Tea Classique\"}]},{\"@type\":\"WebSite\",\"@id\":\"https:\\\/\\\/lesmeditationsdalisea.com\\\/#website\",\"url\":\"https:\\\/\\\/lesmeditationsdalisea.com\\\/\",\"name\":\"Les M\u00e9ditations d'Alis\u00e9a\",\"description\":\"\",\"publisher\":{\"@id\":\"https:\\\/\\\/lesmeditationsdalisea.com\\\/#organization\"},\"potentialAction\":[{\"@type\":\"SearchAction\",\"target\":{\"@type\":\"EntryPoint\",\"urlTemplate\":\"https:\\\/\\\/lesmeditationsdalisea.com\\\/?s={search_term_string}\"},\"query-input\":{\"@type\":\"PropertyValueSpecification\",\"valueRequired\":true,\"valueName\":\"search_term_string\"}}],\"inLanguage\":\"fr-FR\"},{\"@type\":\"Organization\",\"@id\":\"https:\\\/\\\/lesmeditationsdalisea.com\\\/#organization\",\"name\":\"Les M\u00e9ditations d'Alis\u00e9a\",\"alternateName\":\"La Lithoth\u00e9rapie \u00e0 prix juste!\",\"url\":\"https:\\\/\\\/lesmeditationsdalisea.com\\\/\",\"logo\":{\"@type\":\"ImageObject\",\"inLanguage\":\"fr-FR\",\"@id\":\"https:\\\/\\\/lesmeditationsdalisea.com\\\/#\\\/schema\\\/logo\\\/image\\\/\",\"url\":\"https:\\\/\\\/lesmeditationsdalisea.com\\\/wp-content\\\/uploads\\\/2023\\\/10\\\/LogoFondTransparent.png\",\"contentUrl\":\"https:\\\/\\\/lesmeditationsdalisea.com\\\/wp-content\\\/uploads\\\/2023\\\/10\\\/LogoFondTransparent.png\",\"width\":500,\"height\":353,\"caption\":\"Les M\u00e9ditations d'Alis\u00e9a\"},\"image\":{\"@id\":\"https:\\\/\\\/lesmeditationsdalisea.com\\\/#\\\/schema\\\/logo\\\/image\\\/\"},\"sameAs\":[\"https:\\\/\\\/www.facebook.com\\\/lesmeditationsdalisea\\\/\",\"https:\\\/\\\/www.instagram.com\\\/lesmeditationsdalisea\\\/\",\"https:\\\/\\\/www.tiktok.com\\\/@lesmeditationsdalisea\"]}]}<\/script>\n<!-- \/ Yoast SEO Premium plugin. -->","yoast_head_json":{"title":"Coffret cadeau Yogi Tea Mug thermos et Boite Yogi Tea Classique -","robots":{"index":"index","follow":"follow","max-snippet":"max-snippet:-1","max-image-preview":"max-image-preview:large","max-video-preview":"max-video-preview:-1"},"canonical":"https:\/\/lesmeditationsdalisea.com\/index.php\/product\/coffret-cadeau-yogi-tea-mug-thermos-et-boite-yogi-tea-classique\/","og_locale":"fr_FR","og_type":"article","og_title":"Coffret cadeau Yogi Tea Mug thermos et Boite Yogi Tea Classique","og_description":"Retrouvez les produits sains 100% biologiques et fabriqu\u00e9s en Italie, de la marque YOGI TEA. Des infusions respectueuses de notre bien-\u00eatre constitu\u00e9es d'\u00e9pices et de plantes biologiques.","og_url":"https:\/\/lesmeditationsdalisea.com\/index.php\/product\/coffret-cadeau-yogi-tea-mug-thermos-et-boite-yogi-tea-classique\/","article_publisher":"https:\/\/www.facebook.com\/lesmeditationsdalisea\/","article_modified_time":"2026-02-20T16:36:48+00:00","og_image":[{"width":1920,"height":2560,"url":"https:\/\/lesmeditationsdalisea.com\/wp-content\/uploads\/2025\/04\/20250402_114632-scaled.jpg","type":"image\/jpeg"}],"twitter_card":"summary_large_image","twitter_misc":{"Dur\u00e9e de lecture estim\u00e9e":"2 minutes"},"schema":{"@context":"https:\/\/schema.org","@graph":[{"@type":"WebPage","@id":"https:\/\/lesmeditationsdalisea.com\/index.php\/product\/coffret-cadeau-yogi-tea-mug-thermos-et-boite-yogi-tea-classique\/","url":"https:\/\/lesmeditationsdalisea.com\/index.php\/product\/coffret-cadeau-yogi-tea-mug-thermos-et-boite-yogi-tea-classique\/","name":"Coffret cadeau Yogi Tea Mug thermos et Boite Yogi Tea Classique -","isPartOf":{"@id":"https:\/\/lesmeditationsdalisea.com\/#website"},"primaryImageOfPage":{"@id":"https:\/\/lesmeditationsdalisea.com\/index.php\/product\/coffret-cadeau-yogi-tea-mug-thermos-et-boite-yogi-tea-classique\/#primaryimage"},"image":{"@id":"https:\/\/lesmeditationsdalisea.com\/index.php\/product\/coffret-cadeau-yogi-tea-mug-thermos-et-boite-yogi-tea-classique\/#primaryimage"},"thumbnailUrl":"https:\/\/lesmeditationsdalisea.com\/wp-content\/uploads\/2025\/04\/20250402_114632-scaled.jpg","datePublished":"2025-04-02T11:07:05+00:00","dateModified":"2026-02-20T16:36:48+00:00","breadcrumb":{"@id":"https:\/\/lesmeditationsdalisea.com\/index.php\/product\/coffret-cadeau-yogi-tea-mug-thermos-et-boite-yogi-tea-classique\/#breadcrumb"},"inLanguage":"fr-FR","potentialAction":[{"@type":"ReadAction","target":["https:\/\/lesmeditationsdalisea.com\/index.php\/product\/coffret-cadeau-yogi-tea-mug-thermos-et-boite-yogi-tea-classique\/"]}]},{"@type":"ImageObject","inLanguage":"fr-FR","@id":"https:\/\/lesmeditationsdalisea.com\/index.php\/product\/coffret-cadeau-yogi-tea-mug-thermos-et-boite-yogi-tea-classique\/#primaryimage","url":"https:\/\/lesmeditationsdalisea.com\/wp-content\/uploads\/2025\/04\/20250402_114632-scaled.jpg","contentUrl":"https:\/\/lesmeditationsdalisea.com\/wp-content\/uploads\/2025\/04\/20250402_114632-scaled.jpg","width":1920,"height":2560},{"@type":"BreadcrumbList","@id":"https:\/\/lesmeditationsdalisea.com\/index.php\/product\/coffret-cadeau-yogi-tea-mug-thermos-et-boite-yogi-tea-classique\/#breadcrumb","itemListElement":[{"@type":"ListItem","position":1,"name":"Accueil","item":"https:\/\/lesmeditationsdalisea.com\/"},{"@type":"ListItem","position":2,"name":"Produits","item":"https:\/\/lesmeditationsdalisea.com\/index.php\/shop\/"},{"@type":"ListItem","position":3,"name":"Coffret cadeau Yogi Tea Mug thermos et Boite Yogi Tea Classique"}]},{"@type":"WebSite","@id":"https:\/\/lesmeditationsdalisea.com\/#website","url":"https:\/\/lesmeditationsdalisea.com\/","name":"Les M\u00e9ditations d'Alis\u00e9a","description":"","publisher":{"@id":"https:\/\/lesmeditationsdalisea.com\/#organization"},"potentialAction":[{"@type":"SearchAction","target":{"@type":"EntryPoint","urlTemplate":"https:\/\/lesmeditationsdalisea.com\/?s={search_term_string}"},"query-input":{"@type":"PropertyValueSpecification","valueRequired":true,"valueName":"search_term_string"}}],"inLanguage":"fr-FR"},{"@type":"Organization","@id":"https:\/\/lesmeditationsdalisea.com\/#organization","name":"Les M\u00e9ditations d'Alis\u00e9a","alternateName":"La Lithoth\u00e9rapie \u00e0 prix juste!","url":"https:\/\/lesmeditationsdalisea.com\/","logo":{"@type":"ImageObject","inLanguage":"fr-FR","@id":"https:\/\/lesmeditationsdalisea.com\/#\/schema\/logo\/image\/","url":"https:\/\/lesmeditationsdalisea.com\/wp-content\/uploads\/2023\/10\/LogoFondTransparent.png","contentUrl":"https:\/\/lesmeditationsdalisea.com\/wp-content\/uploads\/2023\/10\/LogoFondTransparent.png","width":500,"height":353,"caption":"Les M\u00e9ditations d'Alis\u00e9a"},"image":{"@id":"https:\/\/lesmeditationsdalisea.com\/#\/schema\/logo\/image\/"},"sameAs":["https:\/\/www.facebook.com\/lesmeditationsdalisea\/","https:\/\/www.instagram.com\/lesmeditationsdalisea\/","https:\/\/www.tiktok.com\/@lesmeditationsdalisea"]}]}},"_links":{"self":[{"href":"https:\/\/lesmeditationsdalisea.com\/index.php\/wp-json\/wp\/v2\/product\/4793","targetHints":{"allow":["GET"]}}],"collection":[{"href":"https:\/\/lesmeditationsdalisea.com\/index.php\/wp-json\/wp\/v2\/product"}],"about":[{"href":"https:\/\/lesmeditationsdalisea.com\/index.php\/wp-json\/wp\/v2\/types\/product"}],"replies":[{"embeddable":true,"href":"https:\/\/lesmeditationsdalisea.com\/index.php\/wp-json\/wp\/v2\/comments?post=4793"}],"wp:featuredmedia":[{"embeddable":true,"href":"https:\/\/lesmeditationsdalisea.com\/index.php\/wp-json\/wp\/v2\/media\/4782"}],"wp:attachment":[{"href":"https:\/\/lesmeditationsdalisea.com\/index.php\/wp-json\/wp\/v2\/media?parent=4793"}],"wp:term":[{"taxonomy":"product_brand","embeddable":true,"href":"https:\/\/lesmeditationsdalisea.com\/index.php\/wp-json\/wp\/v2\/product_brand?post=4793"},{"taxonomy":"product_cat","embeddable":true,"href":"https:\/\/lesmeditationsdalisea.com\/index.php\/wp-json\/wp\/v2\/product_cat?post=4793"},{"taxonomy":"product_tag","embeddable":true,"href":"https:\/\/lesmeditationsdalisea.com\/index.php\/wp-json\/wp\/v2\/product_tag?post=4793"}],"curies":[{"name":"wp","href":"https:\/\/api.w.org\/{rel}","templated":true}]}}