{"id":5496,"date":"2025-11-14T06:03:19","date_gmt":"2025-11-14T05:03:19","guid":{"rendered":"https:\/\/lesmeditationsdalisea.com\/?post_type=product&#038;p=5496"},"modified":"2026-03-24T07:47:10","modified_gmt":"2026-03-24T06:47:10","slug":"savon-artisanal-dherboriste-rose-porte-bonheur","status":"publish","type":"product","link":"https:\/\/lesmeditationsdalisea.com\/index.php\/product\/savon-artisanal-dherboriste-rose-porte-bonheur\/","title":{"rendered":"Savon artisanal d&rsquo;herboriste Rose Porte Bonheur"},"content":{"rendered":"<p>Ce tr\u00e8s joli savon artisanal en forme de rose est fabriqu\u00e9 \u00e0 Charleville Mezieres, dans les Ardennes.<\/p>\n<p>Il associe les bienfaits de la savonnerie artisanale et de la lithoth\u00e9rapie, car dans chaque savon, vous aurez la surprise de d\u00e9couvrir un galet avec une suite de trois chiffre.<\/p>\n<p>Et ne dit-on pas que nous sommes guid\u00e9s au quotidien ? Alors soyez assur\u00e9s que la num\u00e9rologie vous parlera \u00e0 travers ce savon surprise!<\/p>\n<p>Vous pourrez ensuite conserver le galet pour ses propri\u00e9t\u00e9s et ses bienfaits.<\/p>\n<p>(Diff\u00e9rents galets cach\u00e9s, parmi eux : Amethyste, quartz rose, obsidienne, jaspe rouge, aventurine jaune, agate crazy lace, unakite, obsidienne noire).<\/p>\n<p>Son parfum est neutre. Son poids : 120g.<\/p>\n<p>Composition du savon: Huile d&rsquo;olive, Huile de coco, beurre de karit\u00e9, Huile de ricin, argile (produits issus de l&rsquo;agriculture biologique)<\/p>\n<p>Ingr\u00e9dients : Sodium Olivate, Sodium Cocoate, Sodium sheabutterate, aqua, glyc\u00e9rine, Olea Europaea, Fruit oil, butyrospernum paridi butter, Cocos nucifera oil, ricinus communis oil, citric acid , potassium benzoate,\u00a0 ilite.<\/p>\n<p><em>En raison de pr\u00e9sence d\u2019un galet qui peuvent pr\u00e9senter un risque d&rsquo;\u00e9touffement, ne pas utiliser chez l&rsquo;enfant de moins de 3 ans.<\/em><\/p>\n<p>Adresse du site internet du fabricant partenaire :<\/p>\n<p>www.lesjardinsdelola.com<\/p>\n","protected":false},"excerpt":{"rendered":"<p>Savon artisanal d&rsquo;herboriste, saponifi\u00e9 \u00e0 froid, parfum neutre, \u00e0 base d&rsquo;argile, qui renferme un galet de lithoth\u00e9rapie. Laissez la magie vous surprendre!<\/p>\n","protected":false},"featured_media":5497,"comment_status":"open","ping_status":"closed","template":"","meta":[],"product_brand":[],"product_cat":[67],"product_tag":[],"class_list":{"0":"post-5496","1":"product","2":"type-product","3":"status-publish","4":"has-post-thumbnail","6":"product_cat-vente-live-instagram","8":"first","9":"instock","10":"shipping-taxable","11":"purchasable","12":"product-type-simple"},"yoast_head":"<!-- This site is optimized with the Yoast SEO Premium plugin v26.4 (Yoast SEO v27.3) - https:\/\/yoast.com\/product\/yoast-seo-premium-wordpress\/ -->\n<title>Savon artisanal d&#039;herboriste Rose Porte Bonheur -<\/title>\n<meta name=\"description\" content=\"Savon artisanal d&#039;herboriste, saponifi\u00e9 \u00e0 froid, parfum neutre, \u00e0 base d&#039;argile, qui renferme un galet de lithoth\u00e9rapie. Laissez la magie vous surprendre!\" \/>\n<meta name=\"robots\" content=\"index, follow, max-snippet:-1, max-image-preview:large, max-video-preview:-1\" \/>\n<link rel=\"canonical\" href=\"https:\/\/lesmeditationsdalisea.com\/index.php\/product\/savon-artisanal-dherboriste-rose-porte-bonheur\/\" \/>\n<meta property=\"og:locale\" content=\"fr_FR\" \/>\n<meta property=\"og:type\" content=\"article\" \/>\n<meta property=\"og:title\" content=\"Savon artisanal d&#039;herboriste Rose Porte Bonheur\" \/>\n<meta property=\"og:description\" content=\"Savon artisanal d&#039;herboriste, saponifi\u00e9 \u00e0 froid, parfum neutre, \u00e0 base d&#039;argile, qui renferme un galet de lithoth\u00e9rapie. Laissez la magie vous surprendre!\" \/>\n<meta property=\"og:url\" content=\"https:\/\/lesmeditationsdalisea.com\/index.php\/product\/savon-artisanal-dherboriste-rose-porte-bonheur\/\" \/>\n<meta property=\"article:publisher\" content=\"https:\/\/www.facebook.com\/lesmeditationsdalisea\/\" \/>\n<meta property=\"article:modified_time\" content=\"2026-03-24T06:47:10+00:00\" \/>\n<meta property=\"og:image\" content=\"https:\/\/lesmeditationsdalisea.com\/wp-content\/uploads\/2025\/11\/1000077413-scaled.jpg\" \/>\n\t<meta property=\"og:image:width\" content=\"1920\" \/>\n\t<meta property=\"og:image:height\" content=\"2560\" \/>\n\t<meta property=\"og:image:type\" content=\"image\/jpeg\" \/>\n<meta name=\"twitter:card\" content=\"summary_large_image\" \/>\n<meta name=\"twitter:label1\" content=\"Dur\u00e9e de lecture estim\u00e9e\" \/>\n\t<meta name=\"twitter:data1\" content=\"2 minutes\" \/>\n<script type=\"application\/ld+json\" class=\"yoast-schema-graph\">{\"@context\":\"https:\\\/\\\/schema.org\",\"@graph\":[{\"@type\":\"WebPage\",\"@id\":\"https:\\\/\\\/lesmeditationsdalisea.com\\\/index.php\\\/product\\\/savon-artisanal-dherboriste-rose-porte-bonheur\\\/\",\"url\":\"https:\\\/\\\/lesmeditationsdalisea.com\\\/index.php\\\/product\\\/savon-artisanal-dherboriste-rose-porte-bonheur\\\/\",\"name\":\"Savon artisanal d'herboriste Rose Porte Bonheur -\",\"isPartOf\":{\"@id\":\"https:\\\/\\\/lesmeditationsdalisea.com\\\/#website\"},\"primaryImageOfPage\":{\"@id\":\"https:\\\/\\\/lesmeditationsdalisea.com\\\/index.php\\\/product\\\/savon-artisanal-dherboriste-rose-porte-bonheur\\\/#primaryimage\"},\"image\":{\"@id\":\"https:\\\/\\\/lesmeditationsdalisea.com\\\/index.php\\\/product\\\/savon-artisanal-dherboriste-rose-porte-bonheur\\\/#primaryimage\"},\"thumbnailUrl\":\"https:\\\/\\\/lesmeditationsdalisea.com\\\/wp-content\\\/uploads\\\/2025\\\/11\\\/1000077413-scaled.jpg\",\"datePublished\":\"2025-11-14T05:03:19+00:00\",\"dateModified\":\"2026-03-24T06:47:10+00:00\",\"description\":\"Savon artisanal d'herboriste, saponifi\u00e9 \u00e0 froid, parfum neutre, \u00e0 base d'argile, qui renferme un galet de lithoth\u00e9rapie. Laissez la magie vous surprendre!\",\"breadcrumb\":{\"@id\":\"https:\\\/\\\/lesmeditationsdalisea.com\\\/index.php\\\/product\\\/savon-artisanal-dherboriste-rose-porte-bonheur\\\/#breadcrumb\"},\"inLanguage\":\"fr-FR\",\"potentialAction\":[{\"@type\":\"ReadAction\",\"target\":[\"https:\\\/\\\/lesmeditationsdalisea.com\\\/index.php\\\/product\\\/savon-artisanal-dherboriste-rose-porte-bonheur\\\/\"]}]},{\"@type\":\"ImageObject\",\"inLanguage\":\"fr-FR\",\"@id\":\"https:\\\/\\\/lesmeditationsdalisea.com\\\/index.php\\\/product\\\/savon-artisanal-dherboriste-rose-porte-bonheur\\\/#primaryimage\",\"url\":\"https:\\\/\\\/lesmeditationsdalisea.com\\\/wp-content\\\/uploads\\\/2025\\\/11\\\/1000077413-scaled.jpg\",\"contentUrl\":\"https:\\\/\\\/lesmeditationsdalisea.com\\\/wp-content\\\/uploads\\\/2025\\\/11\\\/1000077413-scaled.jpg\",\"width\":1920,\"height\":2560},{\"@type\":\"BreadcrumbList\",\"@id\":\"https:\\\/\\\/lesmeditationsdalisea.com\\\/index.php\\\/product\\\/savon-artisanal-dherboriste-rose-porte-bonheur\\\/#breadcrumb\",\"itemListElement\":[{\"@type\":\"ListItem\",\"position\":1,\"name\":\"Accueil\",\"item\":\"https:\\\/\\\/lesmeditationsdalisea.com\\\/\"},{\"@type\":\"ListItem\",\"position\":2,\"name\":\"Produits\",\"item\":\"https:\\\/\\\/lesmeditationsdalisea.com\\\/index.php\\\/shop\\\/\"},{\"@type\":\"ListItem\",\"position\":3,\"name\":\"Savon artisanal d&rsquo;herboriste Rose Porte Bonheur\"}]},{\"@type\":\"WebSite\",\"@id\":\"https:\\\/\\\/lesmeditationsdalisea.com\\\/#website\",\"url\":\"https:\\\/\\\/lesmeditationsdalisea.com\\\/\",\"name\":\"Les M\u00e9ditations d'Alis\u00e9a\",\"description\":\"\",\"publisher\":{\"@id\":\"https:\\\/\\\/lesmeditationsdalisea.com\\\/#organization\"},\"potentialAction\":[{\"@type\":\"SearchAction\",\"target\":{\"@type\":\"EntryPoint\",\"urlTemplate\":\"https:\\\/\\\/lesmeditationsdalisea.com\\\/?s={search_term_string}\"},\"query-input\":{\"@type\":\"PropertyValueSpecification\",\"valueRequired\":true,\"valueName\":\"search_term_string\"}}],\"inLanguage\":\"fr-FR\"},{\"@type\":\"Organization\",\"@id\":\"https:\\\/\\\/lesmeditationsdalisea.com\\\/#organization\",\"name\":\"Les M\u00e9ditations d'Alis\u00e9a\",\"alternateName\":\"La Lithoth\u00e9rapie \u00e0 prix juste!\",\"url\":\"https:\\\/\\\/lesmeditationsdalisea.com\\\/\",\"logo\":{\"@type\":\"ImageObject\",\"inLanguage\":\"fr-FR\",\"@id\":\"https:\\\/\\\/lesmeditationsdalisea.com\\\/#\\\/schema\\\/logo\\\/image\\\/\",\"url\":\"https:\\\/\\\/lesmeditationsdalisea.com\\\/wp-content\\\/uploads\\\/2023\\\/10\\\/LogoFondTransparent.png\",\"contentUrl\":\"https:\\\/\\\/lesmeditationsdalisea.com\\\/wp-content\\\/uploads\\\/2023\\\/10\\\/LogoFondTransparent.png\",\"width\":500,\"height\":353,\"caption\":\"Les M\u00e9ditations d'Alis\u00e9a\"},\"image\":{\"@id\":\"https:\\\/\\\/lesmeditationsdalisea.com\\\/#\\\/schema\\\/logo\\\/image\\\/\"},\"sameAs\":[\"https:\\\/\\\/www.facebook.com\\\/lesmeditationsdalisea\\\/\",\"https:\\\/\\\/www.instagram.com\\\/lesmeditationsdalisea\\\/\",\"https:\\\/\\\/www.tiktok.com\\\/@lesmeditationsdalisea\"]}]}<\/script>\n<!-- \/ Yoast SEO Premium plugin. -->","yoast_head_json":{"title":"Savon artisanal d'herboriste Rose Porte Bonheur -","description":"Savon artisanal d'herboriste, saponifi\u00e9 \u00e0 froid, parfum neutre, \u00e0 base d'argile, qui renferme un galet de lithoth\u00e9rapie. Laissez la magie vous surprendre!","robots":{"index":"index","follow":"follow","max-snippet":"max-snippet:-1","max-image-preview":"max-image-preview:large","max-video-preview":"max-video-preview:-1"},"canonical":"https:\/\/lesmeditationsdalisea.com\/index.php\/product\/savon-artisanal-dherboriste-rose-porte-bonheur\/","og_locale":"fr_FR","og_type":"article","og_title":"Savon artisanal d'herboriste Rose Porte Bonheur","og_description":"Savon artisanal d'herboriste, saponifi\u00e9 \u00e0 froid, parfum neutre, \u00e0 base d'argile, qui renferme un galet de lithoth\u00e9rapie. Laissez la magie vous surprendre!","og_url":"https:\/\/lesmeditationsdalisea.com\/index.php\/product\/savon-artisanal-dherboriste-rose-porte-bonheur\/","article_publisher":"https:\/\/www.facebook.com\/lesmeditationsdalisea\/","article_modified_time":"2026-03-24T06:47:10+00:00","og_image":[{"width":1920,"height":2560,"url":"https:\/\/lesmeditationsdalisea.com\/wp-content\/uploads\/2025\/11\/1000077413-scaled.jpg","type":"image\/jpeg"}],"twitter_card":"summary_large_image","twitter_misc":{"Dur\u00e9e de lecture estim\u00e9e":"2 minutes"},"schema":{"@context":"https:\/\/schema.org","@graph":[{"@type":"WebPage","@id":"https:\/\/lesmeditationsdalisea.com\/index.php\/product\/savon-artisanal-dherboriste-rose-porte-bonheur\/","url":"https:\/\/lesmeditationsdalisea.com\/index.php\/product\/savon-artisanal-dherboriste-rose-porte-bonheur\/","name":"Savon artisanal d'herboriste Rose Porte Bonheur -","isPartOf":{"@id":"https:\/\/lesmeditationsdalisea.com\/#website"},"primaryImageOfPage":{"@id":"https:\/\/lesmeditationsdalisea.com\/index.php\/product\/savon-artisanal-dherboriste-rose-porte-bonheur\/#primaryimage"},"image":{"@id":"https:\/\/lesmeditationsdalisea.com\/index.php\/product\/savon-artisanal-dherboriste-rose-porte-bonheur\/#primaryimage"},"thumbnailUrl":"https:\/\/lesmeditationsdalisea.com\/wp-content\/uploads\/2025\/11\/1000077413-scaled.jpg","datePublished":"2025-11-14T05:03:19+00:00","dateModified":"2026-03-24T06:47:10+00:00","description":"Savon artisanal d'herboriste, saponifi\u00e9 \u00e0 froid, parfum neutre, \u00e0 base d'argile, qui renferme un galet de lithoth\u00e9rapie. Laissez la magie vous surprendre!","breadcrumb":{"@id":"https:\/\/lesmeditationsdalisea.com\/index.php\/product\/savon-artisanal-dherboriste-rose-porte-bonheur\/#breadcrumb"},"inLanguage":"fr-FR","potentialAction":[{"@type":"ReadAction","target":["https:\/\/lesmeditationsdalisea.com\/index.php\/product\/savon-artisanal-dherboriste-rose-porte-bonheur\/"]}]},{"@type":"ImageObject","inLanguage":"fr-FR","@id":"https:\/\/lesmeditationsdalisea.com\/index.php\/product\/savon-artisanal-dherboriste-rose-porte-bonheur\/#primaryimage","url":"https:\/\/lesmeditationsdalisea.com\/wp-content\/uploads\/2025\/11\/1000077413-scaled.jpg","contentUrl":"https:\/\/lesmeditationsdalisea.com\/wp-content\/uploads\/2025\/11\/1000077413-scaled.jpg","width":1920,"height":2560},{"@type":"BreadcrumbList","@id":"https:\/\/lesmeditationsdalisea.com\/index.php\/product\/savon-artisanal-dherboriste-rose-porte-bonheur\/#breadcrumb","itemListElement":[{"@type":"ListItem","position":1,"name":"Accueil","item":"https:\/\/lesmeditationsdalisea.com\/"},{"@type":"ListItem","position":2,"name":"Produits","item":"https:\/\/lesmeditationsdalisea.com\/index.php\/shop\/"},{"@type":"ListItem","position":3,"name":"Savon artisanal d&rsquo;herboriste Rose Porte Bonheur"}]},{"@type":"WebSite","@id":"https:\/\/lesmeditationsdalisea.com\/#website","url":"https:\/\/lesmeditationsdalisea.com\/","name":"Les M\u00e9ditations d'Alis\u00e9a","description":"","publisher":{"@id":"https:\/\/lesmeditationsdalisea.com\/#organization"},"potentialAction":[{"@type":"SearchAction","target":{"@type":"EntryPoint","urlTemplate":"https:\/\/lesmeditationsdalisea.com\/?s={search_term_string}"},"query-input":{"@type":"PropertyValueSpecification","valueRequired":true,"valueName":"search_term_string"}}],"inLanguage":"fr-FR"},{"@type":"Organization","@id":"https:\/\/lesmeditationsdalisea.com\/#organization","name":"Les M\u00e9ditations d'Alis\u00e9a","alternateName":"La Lithoth\u00e9rapie \u00e0 prix juste!","url":"https:\/\/lesmeditationsdalisea.com\/","logo":{"@type":"ImageObject","inLanguage":"fr-FR","@id":"https:\/\/lesmeditationsdalisea.com\/#\/schema\/logo\/image\/","url":"https:\/\/lesmeditationsdalisea.com\/wp-content\/uploads\/2023\/10\/LogoFondTransparent.png","contentUrl":"https:\/\/lesmeditationsdalisea.com\/wp-content\/uploads\/2023\/10\/LogoFondTransparent.png","width":500,"height":353,"caption":"Les M\u00e9ditations d'Alis\u00e9a"},"image":{"@id":"https:\/\/lesmeditationsdalisea.com\/#\/schema\/logo\/image\/"},"sameAs":["https:\/\/www.facebook.com\/lesmeditationsdalisea\/","https:\/\/www.instagram.com\/lesmeditationsdalisea\/","https:\/\/www.tiktok.com\/@lesmeditationsdalisea"]}]}},"_links":{"self":[{"href":"https:\/\/lesmeditationsdalisea.com\/index.php\/wp-json\/wp\/v2\/product\/5496","targetHints":{"allow":["GET"]}}],"collection":[{"href":"https:\/\/lesmeditationsdalisea.com\/index.php\/wp-json\/wp\/v2\/product"}],"about":[{"href":"https:\/\/lesmeditationsdalisea.com\/index.php\/wp-json\/wp\/v2\/types\/product"}],"replies":[{"embeddable":true,"href":"https:\/\/lesmeditationsdalisea.com\/index.php\/wp-json\/wp\/v2\/comments?post=5496"}],"wp:featuredmedia":[{"embeddable":true,"href":"https:\/\/lesmeditationsdalisea.com\/index.php\/wp-json\/wp\/v2\/media\/5497"}],"wp:attachment":[{"href":"https:\/\/lesmeditationsdalisea.com\/index.php\/wp-json\/wp\/v2\/media?parent=5496"}],"wp:term":[{"taxonomy":"product_brand","embeddable":true,"href":"https:\/\/lesmeditationsdalisea.com\/index.php\/wp-json\/wp\/v2\/product_brand?post=5496"},{"taxonomy":"product_cat","embeddable":true,"href":"https:\/\/lesmeditationsdalisea.com\/index.php\/wp-json\/wp\/v2\/product_cat?post=5496"},{"taxonomy":"product_tag","embeddable":true,"href":"https:\/\/lesmeditationsdalisea.com\/index.php\/wp-json\/wp\/v2\/product_tag?post=5496"}],"curies":[{"name":"wp","href":"https:\/\/api.w.org\/{rel}","templated":true}]}}