{"id":568,"date":"2023-11-23T19:04:03","date_gmt":"2023-11-23T18:04:03","guid":{"rendered":"https:\/\/lesmeditationsdalisea.com\/?post_type=product&#038;p=568"},"modified":"2025-11-20T15:13:11","modified_gmt":"2025-11-20T14:13:11","slug":"plaque-de-selenite-fleur-de-vie-ronde","status":"publish","type":"product","link":"https:\/\/lesmeditationsdalisea.com\/index.php\/product\/plaque-de-selenite-fleur-de-vie-ronde\/","title":{"rendered":"Plaque de S\u00e9l\u00e9nite Fleur de vie ronde"},"content":{"rendered":"<div class=\"vHyeZ aSlFH css-1c375l0\">\n<section id=\"0f1f4661-b542-46f8-bd35-27d0a6002b3f\" class=\"l7Lyt\">\n<div class=\"HvmIt cxCBc\">\n<div class=\"GQrml\">\n<div class=\"_6OU6x\" data-testid=\"static-text-element\">\n<div class=\"A8RBL\">\n<div class=\"\">\n<p>Cette fleur de vie peut \u00eatre utilis\u00e9e pour \u00e9nergiser les min\u00e9raux et l&rsquo;eau.<br \/>\nEn lithoth\u00e9rapie\u00a0 la s\u00e9l\u00e9nite est une pierre dont l\u2019Energie permet de stabiliser le corps et les \u00e9motions.<\/p>\n<p>Calmante et apaisante, elle permet d&rsquo;instaurer la paix en soi.<\/p>\n<p>Elle peut aider en cas de troubles du sommeil.<\/p>\n<p>C\u2019est une pierre qui peut aussi faire resurgir les probl\u00e8mes inconscients, elle fera donc appel a votre courage pour<\/p>\n<p>s&rsquo;\u00e9lever au-dessus des difficult\u00e9s et pour reprendre confiance. Elle favorise \u00e9galement l&rsquo;introspection.<\/p>\n<p>Durant la grossesse, l\u2019Energie de la s\u00e9l\u00e9nite peut aider a ressentir positivement les changements du corps, tisser du lien avec bebe et a s&rsquo;apaiser. Apres la naissance, la s\u00e9l\u00e9nite peut aider les b\u00e9b\u00e9s qui pleurent de mani\u00e8re inexpliqu\u00e9e.<\/p>\n<\/div>\n<\/div>\n<\/div>\n<\/div>\n<\/div>\n<\/section>\n<\/div>\n<div class=\"vHyeZ aSlFH\">\n<div id=\"b8fdfba3-59de-4487-9208-3f782a95f31b\" class=\"l7Lyt css-9s1hn _4RNf7 css-9s1hn\">\n<div class=\"HvmIt\">\n<footer class=\"E2mpU\">\n<div class=\"Wps-h\">\n<div class=\"+dttK\">\n<div>\n<div class=\"hIG3J\">\n<div class=\"HNCFr\">Diam\u00e8tre 9cm<\/div>\n<\/div>\n<\/div>\n<\/div>\n<\/div>\n<\/footer>\n<\/div>\n<\/div>\n<\/div>\n","protected":false},"excerpt":{"rendered":"<p>Cette fleur de vie peut \u00eatre utilis\u00e9e pour \u00e9nergiser les min\u00e9raux et l&rsquo;eau. En lithoth\u00e9rapie\u00a0 la s\u00e9l\u00e9nite est une pierre dont l\u2019Energie permet de stabiliser le corps et les \u00e9motions. [&hellip;]<\/p>\n","protected":false},"featured_media":562,"comment_status":"open","ping_status":"closed","template":"","meta":[],"product_brand":[],"product_cat":[67],"product_tag":[],"class_list":{"0":"post-568","1":"product","2":"type-product","3":"status-publish","4":"has-post-thumbnail","6":"product_cat-vente-live-instagram","8":"first","9":"outofstock","10":"shipping-taxable","11":"purchasable","12":"product-type-simple"},"yoast_head":"<!-- This site is optimized with the Yoast SEO Premium plugin v26.4 (Yoast SEO v27.3) - https:\/\/yoast.com\/product\/yoast-seo-premium-wordpress\/ -->\n<title>Plaque de S\u00e9l\u00e9nite Fleur de vie ronde -<\/title>\n<meta name=\"robots\" content=\"index, follow, max-snippet:-1, max-image-preview:large, max-video-preview:-1\" \/>\n<link rel=\"canonical\" href=\"https:\/\/lesmeditationsdalisea.com\/index.php\/product\/plaque-de-selenite-fleur-de-vie-ronde\/\" \/>\n<meta property=\"og:locale\" content=\"fr_FR\" \/>\n<meta property=\"og:type\" content=\"article\" \/>\n<meta property=\"og:title\" content=\"Plaque de S\u00e9l\u00e9nite Fleur de vie ronde\" \/>\n<meta property=\"og:description\" content=\"Cette fleur de vie peut \u00eatre utilis\u00e9e pour \u00e9nergiser les min\u00e9raux et l&rsquo;eau. En lithoth\u00e9rapie\u00a0 la s\u00e9l\u00e9nite est une pierre dont l\u2019Energie permet de stabiliser le corps et les \u00e9motions. [&hellip;]\" \/>\n<meta property=\"og:url\" content=\"https:\/\/lesmeditationsdalisea.com\/index.php\/product\/plaque-de-selenite-fleur-de-vie-ronde\/\" \/>\n<meta property=\"article:publisher\" content=\"https:\/\/www.facebook.com\/lesmeditationsdalisea\/\" \/>\n<meta property=\"article:modified_time\" content=\"2025-11-20T14:13:11+00:00\" \/>\n<meta property=\"og:image\" content=\"https:\/\/lesmeditationsdalisea.com\/wp-content\/uploads\/2023\/11\/20221214_071911-scaled.jpg\" \/>\n\t<meta property=\"og:image:width\" content=\"1244\" \/>\n\t<meta property=\"og:image:height\" content=\"2560\" \/>\n\t<meta property=\"og:image:type\" content=\"image\/jpeg\" \/>\n<meta name=\"twitter:card\" content=\"summary_large_image\" \/>\n<meta name=\"twitter:label1\" content=\"Dur\u00e9e de lecture estim\u00e9e\" \/>\n\t<meta name=\"twitter:data1\" content=\"1 minute\" \/>\n<script type=\"application\/ld+json\" class=\"yoast-schema-graph\">{\"@context\":\"https:\\\/\\\/schema.org\",\"@graph\":[{\"@type\":\"WebPage\",\"@id\":\"https:\\\/\\\/lesmeditationsdalisea.com\\\/index.php\\\/product\\\/plaque-de-selenite-fleur-de-vie-ronde\\\/\",\"url\":\"https:\\\/\\\/lesmeditationsdalisea.com\\\/index.php\\\/product\\\/plaque-de-selenite-fleur-de-vie-ronde\\\/\",\"name\":\"Plaque de S\u00e9l\u00e9nite Fleur de vie ronde -\",\"isPartOf\":{\"@id\":\"https:\\\/\\\/lesmeditationsdalisea.com\\\/#website\"},\"primaryImageOfPage\":{\"@id\":\"https:\\\/\\\/lesmeditationsdalisea.com\\\/index.php\\\/product\\\/plaque-de-selenite-fleur-de-vie-ronde\\\/#primaryimage\"},\"image\":{\"@id\":\"https:\\\/\\\/lesmeditationsdalisea.com\\\/index.php\\\/product\\\/plaque-de-selenite-fleur-de-vie-ronde\\\/#primaryimage\"},\"thumbnailUrl\":\"https:\\\/\\\/lesmeditationsdalisea.com\\\/wp-content\\\/uploads\\\/2023\\\/11\\\/20221214_071911-scaled.jpg\",\"datePublished\":\"2023-11-23T18:04:03+00:00\",\"dateModified\":\"2025-11-20T14:13:11+00:00\",\"breadcrumb\":{\"@id\":\"https:\\\/\\\/lesmeditationsdalisea.com\\\/index.php\\\/product\\\/plaque-de-selenite-fleur-de-vie-ronde\\\/#breadcrumb\"},\"inLanguage\":\"fr-FR\",\"potentialAction\":[{\"@type\":\"ReadAction\",\"target\":[\"https:\\\/\\\/lesmeditationsdalisea.com\\\/index.php\\\/product\\\/plaque-de-selenite-fleur-de-vie-ronde\\\/\"]}]},{\"@type\":\"ImageObject\",\"inLanguage\":\"fr-FR\",\"@id\":\"https:\\\/\\\/lesmeditationsdalisea.com\\\/index.php\\\/product\\\/plaque-de-selenite-fleur-de-vie-ronde\\\/#primaryimage\",\"url\":\"https:\\\/\\\/lesmeditationsdalisea.com\\\/wp-content\\\/uploads\\\/2023\\\/11\\\/20221214_071911-scaled.jpg\",\"contentUrl\":\"https:\\\/\\\/lesmeditationsdalisea.com\\\/wp-content\\\/uploads\\\/2023\\\/11\\\/20221214_071911-scaled.jpg\",\"width\":1244,\"height\":2560},{\"@type\":\"BreadcrumbList\",\"@id\":\"https:\\\/\\\/lesmeditationsdalisea.com\\\/index.php\\\/product\\\/plaque-de-selenite-fleur-de-vie-ronde\\\/#breadcrumb\",\"itemListElement\":[{\"@type\":\"ListItem\",\"position\":1,\"name\":\"Accueil\",\"item\":\"https:\\\/\\\/lesmeditationsdalisea.com\\\/\"},{\"@type\":\"ListItem\",\"position\":2,\"name\":\"Produits\",\"item\":\"https:\\\/\\\/lesmeditationsdalisea.com\\\/index.php\\\/shop\\\/\"},{\"@type\":\"ListItem\",\"position\":3,\"name\":\"Plaque de S\u00e9l\u00e9nite Fleur de vie ronde\"}]},{\"@type\":\"WebSite\",\"@id\":\"https:\\\/\\\/lesmeditationsdalisea.com\\\/#website\",\"url\":\"https:\\\/\\\/lesmeditationsdalisea.com\\\/\",\"name\":\"Les M\u00e9ditations d'Alis\u00e9a\",\"description\":\"\",\"publisher\":{\"@id\":\"https:\\\/\\\/lesmeditationsdalisea.com\\\/#organization\"},\"potentialAction\":[{\"@type\":\"SearchAction\",\"target\":{\"@type\":\"EntryPoint\",\"urlTemplate\":\"https:\\\/\\\/lesmeditationsdalisea.com\\\/?s={search_term_string}\"},\"query-input\":{\"@type\":\"PropertyValueSpecification\",\"valueRequired\":true,\"valueName\":\"search_term_string\"}}],\"inLanguage\":\"fr-FR\"},{\"@type\":\"Organization\",\"@id\":\"https:\\\/\\\/lesmeditationsdalisea.com\\\/#organization\",\"name\":\"Les M\u00e9ditations d'Alis\u00e9a\",\"alternateName\":\"La Lithoth\u00e9rapie \u00e0 prix juste!\",\"url\":\"https:\\\/\\\/lesmeditationsdalisea.com\\\/\",\"logo\":{\"@type\":\"ImageObject\",\"inLanguage\":\"fr-FR\",\"@id\":\"https:\\\/\\\/lesmeditationsdalisea.com\\\/#\\\/schema\\\/logo\\\/image\\\/\",\"url\":\"https:\\\/\\\/lesmeditationsdalisea.com\\\/wp-content\\\/uploads\\\/2023\\\/10\\\/LogoFondTransparent.png\",\"contentUrl\":\"https:\\\/\\\/lesmeditationsdalisea.com\\\/wp-content\\\/uploads\\\/2023\\\/10\\\/LogoFondTransparent.png\",\"width\":500,\"height\":353,\"caption\":\"Les M\u00e9ditations d'Alis\u00e9a\"},\"image\":{\"@id\":\"https:\\\/\\\/lesmeditationsdalisea.com\\\/#\\\/schema\\\/logo\\\/image\\\/\"},\"sameAs\":[\"https:\\\/\\\/www.facebook.com\\\/lesmeditationsdalisea\\\/\",\"https:\\\/\\\/www.instagram.com\\\/lesmeditationsdalisea\\\/\",\"https:\\\/\\\/www.tiktok.com\\\/@lesmeditationsdalisea\"]}]}<\/script>\n<!-- \/ Yoast SEO Premium plugin. -->","yoast_head_json":{"title":"Plaque de S\u00e9l\u00e9nite Fleur de vie ronde -","robots":{"index":"index","follow":"follow","max-snippet":"max-snippet:-1","max-image-preview":"max-image-preview:large","max-video-preview":"max-video-preview:-1"},"canonical":"https:\/\/lesmeditationsdalisea.com\/index.php\/product\/plaque-de-selenite-fleur-de-vie-ronde\/","og_locale":"fr_FR","og_type":"article","og_title":"Plaque de S\u00e9l\u00e9nite Fleur de vie ronde","og_description":"Cette fleur de vie peut \u00eatre utilis\u00e9e pour \u00e9nergiser les min\u00e9raux et l&rsquo;eau. En lithoth\u00e9rapie\u00a0 la s\u00e9l\u00e9nite est une pierre dont l\u2019Energie permet de stabiliser le corps et les \u00e9motions. [&hellip;]","og_url":"https:\/\/lesmeditationsdalisea.com\/index.php\/product\/plaque-de-selenite-fleur-de-vie-ronde\/","article_publisher":"https:\/\/www.facebook.com\/lesmeditationsdalisea\/","article_modified_time":"2025-11-20T14:13:11+00:00","og_image":[{"width":1244,"height":2560,"url":"https:\/\/lesmeditationsdalisea.com\/wp-content\/uploads\/2023\/11\/20221214_071911-scaled.jpg","type":"image\/jpeg"}],"twitter_card":"summary_large_image","twitter_misc":{"Dur\u00e9e de lecture estim\u00e9e":"1 minute"},"schema":{"@context":"https:\/\/schema.org","@graph":[{"@type":"WebPage","@id":"https:\/\/lesmeditationsdalisea.com\/index.php\/product\/plaque-de-selenite-fleur-de-vie-ronde\/","url":"https:\/\/lesmeditationsdalisea.com\/index.php\/product\/plaque-de-selenite-fleur-de-vie-ronde\/","name":"Plaque de S\u00e9l\u00e9nite Fleur de vie ronde -","isPartOf":{"@id":"https:\/\/lesmeditationsdalisea.com\/#website"},"primaryImageOfPage":{"@id":"https:\/\/lesmeditationsdalisea.com\/index.php\/product\/plaque-de-selenite-fleur-de-vie-ronde\/#primaryimage"},"image":{"@id":"https:\/\/lesmeditationsdalisea.com\/index.php\/product\/plaque-de-selenite-fleur-de-vie-ronde\/#primaryimage"},"thumbnailUrl":"https:\/\/lesmeditationsdalisea.com\/wp-content\/uploads\/2023\/11\/20221214_071911-scaled.jpg","datePublished":"2023-11-23T18:04:03+00:00","dateModified":"2025-11-20T14:13:11+00:00","breadcrumb":{"@id":"https:\/\/lesmeditationsdalisea.com\/index.php\/product\/plaque-de-selenite-fleur-de-vie-ronde\/#breadcrumb"},"inLanguage":"fr-FR","potentialAction":[{"@type":"ReadAction","target":["https:\/\/lesmeditationsdalisea.com\/index.php\/product\/plaque-de-selenite-fleur-de-vie-ronde\/"]}]},{"@type":"ImageObject","inLanguage":"fr-FR","@id":"https:\/\/lesmeditationsdalisea.com\/index.php\/product\/plaque-de-selenite-fleur-de-vie-ronde\/#primaryimage","url":"https:\/\/lesmeditationsdalisea.com\/wp-content\/uploads\/2023\/11\/20221214_071911-scaled.jpg","contentUrl":"https:\/\/lesmeditationsdalisea.com\/wp-content\/uploads\/2023\/11\/20221214_071911-scaled.jpg","width":1244,"height":2560},{"@type":"BreadcrumbList","@id":"https:\/\/lesmeditationsdalisea.com\/index.php\/product\/plaque-de-selenite-fleur-de-vie-ronde\/#breadcrumb","itemListElement":[{"@type":"ListItem","position":1,"name":"Accueil","item":"https:\/\/lesmeditationsdalisea.com\/"},{"@type":"ListItem","position":2,"name":"Produits","item":"https:\/\/lesmeditationsdalisea.com\/index.php\/shop\/"},{"@type":"ListItem","position":3,"name":"Plaque de S\u00e9l\u00e9nite Fleur de vie ronde"}]},{"@type":"WebSite","@id":"https:\/\/lesmeditationsdalisea.com\/#website","url":"https:\/\/lesmeditationsdalisea.com\/","name":"Les M\u00e9ditations d'Alis\u00e9a","description":"","publisher":{"@id":"https:\/\/lesmeditationsdalisea.com\/#organization"},"potentialAction":[{"@type":"SearchAction","target":{"@type":"EntryPoint","urlTemplate":"https:\/\/lesmeditationsdalisea.com\/?s={search_term_string}"},"query-input":{"@type":"PropertyValueSpecification","valueRequired":true,"valueName":"search_term_string"}}],"inLanguage":"fr-FR"},{"@type":"Organization","@id":"https:\/\/lesmeditationsdalisea.com\/#organization","name":"Les M\u00e9ditations d'Alis\u00e9a","alternateName":"La Lithoth\u00e9rapie \u00e0 prix juste!","url":"https:\/\/lesmeditationsdalisea.com\/","logo":{"@type":"ImageObject","inLanguage":"fr-FR","@id":"https:\/\/lesmeditationsdalisea.com\/#\/schema\/logo\/image\/","url":"https:\/\/lesmeditationsdalisea.com\/wp-content\/uploads\/2023\/10\/LogoFondTransparent.png","contentUrl":"https:\/\/lesmeditationsdalisea.com\/wp-content\/uploads\/2023\/10\/LogoFondTransparent.png","width":500,"height":353,"caption":"Les M\u00e9ditations d'Alis\u00e9a"},"image":{"@id":"https:\/\/lesmeditationsdalisea.com\/#\/schema\/logo\/image\/"},"sameAs":["https:\/\/www.facebook.com\/lesmeditationsdalisea\/","https:\/\/www.instagram.com\/lesmeditationsdalisea\/","https:\/\/www.tiktok.com\/@lesmeditationsdalisea"]}]}},"_links":{"self":[{"href":"https:\/\/lesmeditationsdalisea.com\/index.php\/wp-json\/wp\/v2\/product\/568","targetHints":{"allow":["GET"]}}],"collection":[{"href":"https:\/\/lesmeditationsdalisea.com\/index.php\/wp-json\/wp\/v2\/product"}],"about":[{"href":"https:\/\/lesmeditationsdalisea.com\/index.php\/wp-json\/wp\/v2\/types\/product"}],"replies":[{"embeddable":true,"href":"https:\/\/lesmeditationsdalisea.com\/index.php\/wp-json\/wp\/v2\/comments?post=568"}],"wp:featuredmedia":[{"embeddable":true,"href":"https:\/\/lesmeditationsdalisea.com\/index.php\/wp-json\/wp\/v2\/media\/562"}],"wp:attachment":[{"href":"https:\/\/lesmeditationsdalisea.com\/index.php\/wp-json\/wp\/v2\/media?parent=568"}],"wp:term":[{"taxonomy":"product_brand","embeddable":true,"href":"https:\/\/lesmeditationsdalisea.com\/index.php\/wp-json\/wp\/v2\/product_brand?post=568"},{"taxonomy":"product_cat","embeddable":true,"href":"https:\/\/lesmeditationsdalisea.com\/index.php\/wp-json\/wp\/v2\/product_cat?post=568"},{"taxonomy":"product_tag","embeddable":true,"href":"https:\/\/lesmeditationsdalisea.com\/index.php\/wp-json\/wp\/v2\/product_tag?post=568"}],"curies":[{"name":"wp","href":"https:\/\/api.w.org\/{rel}","templated":true}]}}